{"id":24321,"date":"2025-10-06T18:50:59","date_gmt":"2025-10-06T16:50:59","guid":{"rendered":"https:\/\/www1.kkl.si\/?page_id=24321"},"modified":"2025-10-06T19:03:58","modified_gmt":"2025-10-06T17:03:58","slug":"lutkovno-gledalisce-ljubljana-tajno-drustvo-pgc","status":"publish","type":"page","link":"https:\/\/www1.kkl.si\/sl\/lutkovno-gledalisce-ljubljana-tajno-drustvo-pgc\/","title":{"rendered":"Lutkovno gledali\u0161\u010de Ljubljana: Tajno dru\u0161tvo PGC"},"content":{"rendered":"<div class=\"opis\"><i class=\"fas fa-clock\"><\/i> <strong>\u010cetrtek, 9. oktober 2025, ob 10. uri<\/strong>\u00a0| Gledali\u0161ka in koncertna dvorana Lendava<img loading=\"lazy\" decoding=\"async\" class=\"wp-image-1594 alignright\" title=\"Z\u00e1rtk\u00f6r\u0171 rendezv\u00e9ny\" src=\"https:\/\/www1.kkl.si\/wp-content\/uploads\/\/2020\/07\/spored_simb_zakljucena-1.svg\" alt=\"zakljucena\" width=\"30\" height=\"30\" srcset=\"https:\/\/www1.kkl.si\/wp-content\/uploads\/\/2020\/07\/spored_simb_zakljucena-1.svg 150w, https:\/\/www1.kkl.si\/wp-content\/uploads\/\/2020\/07\/spored_simb_zakljucena-1.svg 400w, https:\/\/www1.kkl.si\/wp-content\/uploads\/\/2020\/07\/spored_simb_zakljucena-1.svg 1500w, https:\/\/www1.kkl.si\/wp-content\/uploads\/\/2020\/07\/spored_simb_zakljucena-1.svg 100w\" sizes=\"auto, (max-width: 30px) 100vw, 30px\" \/><br \/>\n<i class=\"fas fa-chevron-circle-right\"><\/i> \u00a0<strong>otro\u0161ka predstava <span class=\"starost\">8+<\/span> | ZAKLJU\u010cENA PRIREDITEV<\/strong><br \/>\nOrganizator: <a href=\"https:\/\/www.kkl.si\/\">Knji\u017enica \u2013 Kulturni center Lendava \u2013 Lendvai K\u00f6nyvt\u00e1r \u00e9s Kultur\u00e1lis K\u00f6zpont<\/a><\/div>\n<p><strong>Avtor:<\/strong> Anton Ingoli\u010d, Neboj\u0161a Pop Tasi\u0107<br \/>\n<strong>Avtor priredbe in dramaturg:<\/strong> Neboj\u0161a Pop Tasi\u0107<strong><br \/>\nRe\u017eiser:<\/strong> Marko Bulc &#8211; Mare<br \/>\n<strong>Scenograf:<\/strong> Damir Leventi\u0107<strong><br \/>\n<\/strong><strong><br \/>\nIgrajo:<\/strong> Rok Kunaver, Mia Skrbinac k. g.\/Ajda Toman, Jan Bu\u010dar, Matev\u017e M\u00fcller, Voranc Boh\/Martin Mlakar, Jernej Kuntner, Miha Arh, Nina Skrbin\u0161ek k. g., Nina Ivani\u010d\/Ur\u0161ka Hlebec<\/p>\n<p><iframe loading=\"lazy\" src=\"\/\/player.vimeo.com\/video\/200889702?title=0&amp;amp;byline=0\" width=\"1280\" height=\"720\" allowfullscreen=\"allowfullscreen\"><\/iframe><\/p>\n<p>Tajno dru\u0161tvo PGC je legendarno zimzeleno besedilo, otro\u0161ka klasika. Nastalo je leta 1958 izpod peresa slovenskega pisatelja Antona Ingoli\u010da, enega prvih avtorjev, ki je po vojni \u010drpal iz resni\u010dnega \u017eivljenja mladih in v njihovih nevsakdanjih dogodiv\u0161\u010dinah obravnaval njihove probleme. S priljubljenim in znamenitim tajnim dru\u0161tvom Pingoclavulusom oziroma kraj\u0161e PGC-jem so odra\u0161\u010dale razli\u010dne generacije otrok, prvi\u010d pa je Tajno dru\u0161tvo PGC v sodobni interpretaciji za\u017eivelo tudi na na\u0161em odru.<\/p>\n<p>Ingoli\u010d je svojo zgodbo pisal v za\u010detku socialisti\u010dne epohe, na\u0161a zgodba v priredbi Neboj\u0161e Popa Tasi\u0107a pa se dogaja ob njenem koncu, v osemdestih letih. Otro\u0161ko nedol\u017enost je Tasi\u0107 zamenjal z otro\u0161ko anga\u017eiranostjo. Ingoli\u010devi otroci so z oglasnih desk kradli in zbirali risalne \u017eeblji\u010dke, otroci v na\u0161i predstavi pa stopijo korak dlje in s temi \u017eeblji\u010dki obe\u0161ajo svoje pesmi in parole, kar izzove tudi \u00bbpoliti\u010dno\u00ab reakcijo in sankcije.<\/p>\n<p>Uprizoritev raziskuje prazen oder, ki spodbuja gledal\u010devo domi\u0161ljijo in nastopajo\u010dim omogo\u010da \u0161tevilne transformacije v prostoru in \u010dasu. Igralci domiselno, igrivo in dinami\u010dno prehajajo med prizori in razli\u010dnimi vragolijami tajnega dru\u0161tva. Poleg napete zgodbe, zanimivih karakterjev in svojstvenega humorja ne manjkajo niti resnej\u0161e teme. Mihova zgodba nikakor ni zgolj kratko\u010dasna in dinami\u010dna zgodba o detektivskem zbiranju risalnih \u017eeblji\u010dkov, ampak predvsem zgodba o sr\u010dnosti, pogumu in prijateljstvu.<\/p>\n<p style=\"padding-left: 40px;\"><em>Mare Bulc je nagrajevani gledali\u0161ki re\u017eiser, ki pogosto ustvarja predstave za otroke in mlade. V Lutkovnem gledali\u0161\u010du Ljubljana je med drugim re\u017eiral uspe\u0161nici Tajno dru\u0161tvo PGC in Skrivno dru\u0161tvo KRVZ.<\/em><\/p>\n<p>&nbsp;<\/p>\n\n\t\t<style type=\"text\/css\">\n\t\t\t#gallery-1 {\n\t\t\t\tmargin: auto;\n\t\t\t}\n\t\t\t#gallery-1 .gallery-item {\n\t\t\t\tfloat: left;\n\t\t\t\tmargin-top: 10px;\n\t\t\t\ttext-align: center;\n\t\t\t\twidth: 33%;\n\t\t\t}\n\t\t\t#gallery-1 img {\n\t\t\t\tborder: 2px solid #cfcfcf;\n\t\t\t}\n\t\t\t#gallery-1 .gallery-caption {\n\t\t\t\tmargin-left: 0;\n\t\t\t}\n\t\t\t\/* see gallery_shortcode() in wp-includes\/media.php *\/\n\t\t<\/style>\n\t\t<div id='gallery-1' class='gallery galleryid-24321 gallery-columns-3 gallery-size-medium'><dl class='gallery-item'>\n\t\t\t<dt class='gallery-icon landscape'>\n\t\t\t\t<a href='https:\/\/www1.kkl.si\/wp-content\/uploads\/2025\/10\/tajno-drustvo-pgc_urska-boljkovac-2.jpg'><img loading=\"lazy\" decoding=\"async\" width=\"400\" height=\"273\" src=\"https:\/\/www1.kkl.si\/wp-content\/uploads\/2025\/10\/tajno-drustvo-pgc_urska-boljkovac-2-400x273.jpg\" class=\"attachment-medium size-medium\" alt=\"\" srcset=\"https:\/\/www1.kkl.si\/wp-content\/uploads\/2025\/10\/tajno-drustvo-pgc_urska-boljkovac-2-400x273.jpg 400w, https:\/\/www1.kkl.si\/wp-content\/uploads\/2025\/10\/tajno-drustvo-pgc_urska-boljkovac-2-1500x1024.jpg 1500w\" sizes=\"auto, (max-width: 400px) 100vw, 400px\" \/><\/a>\n\t\t\t<\/dt><\/dl><dl class='gallery-item'>\n\t\t\t<dt class='gallery-icon landscape'>\n\t\t\t\t<a href='https:\/\/www1.kkl.si\/wp-content\/uploads\/2025\/10\/tajno-drustvo-pgc_urska-boljkovac-57.jpg'><img loading=\"lazy\" decoding=\"async\" width=\"400\" height=\"272\" src=\"https:\/\/www1.kkl.si\/wp-content\/uploads\/2025\/10\/tajno-drustvo-pgc_urska-boljkovac-57-400x272.jpg\" class=\"attachment-medium size-medium\" alt=\"\" srcset=\"https:\/\/www1.kkl.si\/wp-content\/uploads\/2025\/10\/tajno-drustvo-pgc_urska-boljkovac-57-400x272.jpg 400w, https:\/\/www1.kkl.si\/wp-content\/uploads\/2025\/10\/tajno-drustvo-pgc_urska-boljkovac-57-1500x1019.jpg 1500w\" sizes=\"auto, (max-width: 400px) 100vw, 400px\" \/><\/a>\n\t\t\t<\/dt><\/dl><dl class='gallery-item'>\n\t\t\t<dt class='gallery-icon landscape'>\n\t\t\t\t<a href='https:\/\/www1.kkl.si\/wp-content\/uploads\/2025\/10\/tajno-drustvo-pgc_urska-boljkovac-85.jpg'><img loading=\"lazy\" decoding=\"async\" width=\"400\" height=\"252\" src=\"https:\/\/www1.kkl.si\/wp-content\/uploads\/2025\/10\/tajno-drustvo-pgc_urska-boljkovac-85-400x252.jpg\" class=\"attachment-medium size-medium\" alt=\"\" srcset=\"https:\/\/www1.kkl.si\/wp-content\/uploads\/2025\/10\/tajno-drustvo-pgc_urska-boljkovac-85-400x252.jpg 400w, https:\/\/www1.kkl.si\/wp-content\/uploads\/2025\/10\/tajno-drustvo-pgc_urska-boljkovac-85-1500x946.jpg 1500w\" sizes=\"auto, (max-width: 400px) 100vw, 400px\" \/><\/a>\n\t\t\t<\/dt><\/dl><br style=\"clear: both\" \/>\n\t\t<\/div>\n\n<p><span style=\"font-size: 10pt;\">Foto: Ur\u0161ka Boljkovac<\/span><\/p>\n<hr \/>\n<p>Trajanje: 80 min<\/p>\n<p>Predstavo v Gledali\u0161ki in koncertni dvorani Lendava je podprlo <a href=\"https:\/\/www.gov.si\/drzavni-organi\/ministrstva\/ministrstvo-za-kulturo\/\">Ministrstvo za kulturo Republike Slovenije<\/a>.<\/p>\n<hr \/>\n<p><i class=\"fas fa-link\"><\/i> <a href=\"https:\/\/www.lgl.si\/si\/predstave\/otroci\/560-Tajno-drustvo-PGC\">Lutkovno gledali\u0161\u010de Ljubljana<\/a><\/p>\n","protected":false},"excerpt":{"rendered":"<p>\u010cetrtek, 9. oktober 2025, ob 10. uri\u00a0| Gledali\u0161ka in koncertna dvorana Lendava \u00a0otro\u0161ka predstava 8+ | ZAKLJU\u010cENA PRIREDITEV Organizator: Knji\u017enica \u2013 Kulturni center Lendava \u2013 Lendvai K\u00f6nyvt\u00e1r \u00e9s Kultur\u00e1lis K\u00f6zpont Avtor: Anton Ingoli\u010d, Neboj\u0161a Pop Tasi\u0107 Avtor priredbe in dramaturg: Neboj\u0161a Pop Tasi\u0107 Re\u017eiser: Marko Bulc &#8211; Mare Scenograf: Damir Leventi\u0107 Igrajo: Rok Kunaver, Mia [&hellip;]<\/p>\n","protected":false},"author":2,"featured_media":24326,"parent":0,"menu_order":0,"comment_status":"closed","ping_status":"closed","template":"","meta":{"footnotes":""},"class_list":["post-24321","page","type-page","status-publish","has-post-thumbnail","hentry","post","post-with-thumbnail","post-with-thumbnail-icon"],"_links":{"self":[{"href":"https:\/\/www1.kkl.si\/sl\/wp-json\/wp\/v2\/pages\/24321","targetHints":{"allow":["GET"]}}],"collection":[{"href":"https:\/\/www1.kkl.si\/sl\/wp-json\/wp\/v2\/pages"}],"about":[{"href":"https:\/\/www1.kkl.si\/sl\/wp-json\/wp\/v2\/types\/page"}],"author":[{"embeddable":true,"href":"https:\/\/www1.kkl.si\/sl\/wp-json\/wp\/v2\/users\/2"}],"replies":[{"embeddable":true,"href":"https:\/\/www1.kkl.si\/sl\/wp-json\/wp\/v2\/comments?post=24321"}],"version-history":[{"count":9,"href":"https:\/\/www1.kkl.si\/sl\/wp-json\/wp\/v2\/pages\/24321\/revisions"}],"predecessor-version":[{"id":24339,"href":"https:\/\/www1.kkl.si\/sl\/wp-json\/wp\/v2\/pages\/24321\/revisions\/24339"}],"wp:featuredmedia":[{"embeddable":true,"href":"https:\/\/www1.kkl.si\/sl\/wp-json\/wp\/v2\/media\/24326"}],"wp:attachment":[{"href":"https:\/\/www1.kkl.si\/sl\/wp-json\/wp\/v2\/media?parent=24321"}],"curies":[{"name":"wp","href":"https:\/\/api.w.org\/{rel}","templated":true}]}}