{"id":24351,"date":"2025-10-14T11:23:44","date_gmt":"2025-10-14T09:23:44","guid":{"rendered":"https:\/\/www1.kkl.si\/?page_id=24351"},"modified":"2025-11-20T09:14:15","modified_gmt":"2025-11-20T08:14:15","slug":"spored-2025-11","status":"publish","type":"page","link":"https:\/\/www1.kkl.si\/sl\/spored-2025-11\/","title":{"rendered":"SPORED: november 2025"},"content":{"rendered":"<p><strong>Leto 2025:<\/strong> <a href=\"https:\/\/www1.kkl.si\/sl\/spored-2025-01\/\">januar<\/a> | <a href=\"https:\/\/www1.kkl.si\/sl\/spored-2025-02\/\">februar<\/a> | <a href=\"https:\/\/www1.kkl.si\/sl\/spored-2025-03\/\">marec<\/a> | <a href=\"https:\/\/www1.kkl.si\/sl\/spored-2025-04\/\">april<\/a> | <a href=\"https:\/\/www1.kkl.si\/sl\/spored-2025-05\/\">maj<\/a> | <a href=\"https:\/\/www1.kkl.si\/sl\/spored-2025-06\/\">junij<\/a> | <a href=\"https:\/\/www1.kkl.si\/sl\/spored-2025-07\/\">julij<\/a> | <a href=\"https:\/\/www1.kkl.si\/sl\/spored-2025-08\/\">avgust<\/a> | <a href=\"https:\/\/www1.kkl.si\/sl\/spored-2025-09\/\">september<\/a> | <a href=\"https:\/\/www1.kkl.si\/sl\/spored-2025-10\/\">oktober<\/a> | <a href=\"https:\/\/www1.kkl.si\/sl\/spored-2025-11\/\">november<\/a> | <a href=\"https:\/\/www1.kkl.si\/sl\/spored-2025-12\/\">december<\/a> | <a href=\"https:\/\/www1.kkl.si\/sl\/arhiv-sporeda\/\">ARHIV<\/a><\/p>\n<div style=\"overflow-x: auto;\">\n<table id=\"spored-legenda\" cellspacing=\"0\" cellpadding=\"5\">\n<tbody>\n<tr>\n<td><strong>LEGENDA<br \/>\nSIMBOLOV<\/strong><\/td>\n<td style=\"vertical-align: middle;\"><img loading=\"lazy\" decoding=\"async\" title=\"Slovenski abonma\" src=\"https:\/\/www1.kkl.si\/wp-content\/uploads\/2020\/07\/spored_simb_abonma_si-1.svg\" alt=\"abonma_si\" width=\"30\" height=\"30\" \/><\/td>\n<td>Slovenski<br \/>\nabonma<\/td>\n<td style=\"vertical-align: middle;\"><img loading=\"lazy\" decoding=\"async\" title=\"Mad\u017earski abonma\" src=\"https:\/\/www1.kkl.si\/wp-content\/uploads\/2020\/07\/spored_simb_abonma_hu-1.svg\" alt=\"abonma_hu\" width=\"30\" height=\"30\" \/><\/td>\n<td>Mad\u017earski<br \/>\nabonma<\/td>\n<td style=\"vertical-align: middle;\"><img loading=\"lazy\" decoding=\"async\" title=\"Zaklju\u010dena prireditev\" src=\"https:\/\/www1.kkl.si\/wp-content\/uploads\/2020\/07\/spored_simb_zakljucena-1.svg\" alt=\"zakljucena\" width=\"30\" height=\"30\" \/><\/td>\n<td>Zaklju\u010dena<br \/>\nprireditev<\/td>\n<td style=\"vertical-align: middle;\"><img loading=\"lazy\" decoding=\"async\" title=\"Brezpla\u010dna prireditev\" src=\"https:\/\/www1.kkl.si\/wp-content\/uploads\/2020\/07\/spored_simb_brezplacna-1.svg\" alt=\"brezplacna\" width=\"30\" height=\"30\" \/><\/td>\n<td>Brezpla\u010dna<br \/>\nprireditev<\/td>\n<td style=\"vertical-align: middle;\"><img loading=\"lazy\" decoding=\"async\" title=\"Pla\u010dljiva prireditev\" src=\"https:\/\/www1.kkl.si\/wp-content\/uploads\/2020\/07\/spored_simb_placljiva-1.svg\" alt=\"placljiva\" width=\"30\" height=\"30\" \/><\/td>\n<td>Pla\u010dljiva<br \/>\nprireditev<\/td>\n<td style=\"vertical-align: middle;\"><img loading=\"lazy\" decoding=\"async\" title=\"Novost, sprememba\" src=\"https:\/\/www1.kkl.si\/wp-content\/uploads\/2020\/07\/spored_simb_novost-1.svg\" alt=\"novost\" width=\"30\" height=\"30\" \/><\/td>\n<td>Novost,<br \/>\nsprememba<\/td>\n<\/tr>\n<\/tbody>\n<\/table>\n<\/div>\n<table id=\"sporedtabela\" style=\"width: 100%;\">\n<tbody>\n<tr>\n<td style=\"width: 14.9306%;\">\n<p style=\"text-align: center;\"><strong><span style=\"font-size: 24pt;\">3.<\/span><br \/>\n<\/strong><\/p>\n<p style=\"text-align: center;\">ponedeljek<\/p>\n<p style=\"text-align: center;\"><img loading=\"lazy\" decoding=\"async\" class=\"alignnone\" title=\"Slovenski abonma\" src=\"https:\/\/www1.kkl.si\/wp-content\/uploads\/2020\/07\/spored_simb_abonma_si-1.svg\" alt=\"abonma_si\" width=\"30\" height=\"30\" \/>\u00a0 \u00a0<img loading=\"lazy\" decoding=\"async\" title=\"Pla\u010dljiva prireditev\" src=\"https:\/\/www1.kkl.si\/wp-content\/uploads\/2020\/07\/spored_simb_placljiva-1.svg\" alt=\"placljiva\" width=\"30\" height=\"30\" \/><\/p>\n<\/td>\n<td style=\"width: 84.6065%;\">\n<p><a href=\"https:\/\/www1.kkl.si\/wp-content\/uploads\/2025\/10\/plakat_B1_SLOAB_priblizno_2025_DVOJ.png\" data-lbwps-width=\"2450\" data-lbwps-height=\"3500\" data-lbwps-srcsmall=\"https:\/\/www1.kkl.si\/wp-content\/uploads\/2025\/10\/plakat_B1_SLOAB_priblizno_2025_DVOJ.png\"><img loading=\"lazy\" decoding=\"async\" class=\"slika alignright wp-image-24369 size-thumbnail\" src=\"https:\/\/www1.kkl.si\/wp-content\/uploads\/2025\/10\/plakat_B1_SLOAB_priblizno_2025_DVOJ-scaled-150x150.png\" alt=\"\" width=\"150\" height=\"150\" \/><\/a><i class=\"fas fa-clock\"><\/i> <strong>19.00<\/strong> | Gledali\u0161ka in koncertna dvorana Lendava<br \/>\n<strong>drama<\/strong><\/p>\n<p>SNG Maribor:<\/p>\n<p><a href=\"https:\/\/www1.kkl.si\/sl\/sng-maribor-%e2%89%88-priblizno-enako-kot\/\"><strong><span style=\"font-size: 24pt;\">\u2248 [pribli\u017eno enako kot]<\/span><\/strong><\/a><\/p>\n<p><strong>Po predstavi sledi vodeni pogovor z ustvarjalci.<\/strong><\/p>\n<p><i class=\"fas fa-ticket-alt\"><\/i> Cena vstopnice: predprodaja <strong>15 \u20ac<\/strong>, na dan predstave <strong>18 \u20ac.<\/strong><br \/>\nBlagajna: <i class=\"fas fa-phone-alt\"><\/i> +386 (0)2 577 60 24.<\/p>\n<p><span style=\"font-size: 10pt;\">Organizator: <a href=\"https:\/\/www.kkl.si\/\">Knji\u017enica \u2013 Kulturni center Lendava \u2013 Lendvai K\u00f6nyvt\u00e1r \u00e9s Kultur\u00e1lis K\u00f6zpont<\/a><\/span><\/p>\n<\/td>\n<\/tr>\n<tr>\n<td style=\"width: 14.9306%;\">\n<p style=\"text-align: center;\"><span style=\"font-size: 24pt;\"><strong>10.<br \/>\n<\/strong><\/span><\/p>\n<p style=\"text-align: center;\">ponedeljek<\/p>\n<p style=\"text-align: center;\"><img loading=\"lazy\" decoding=\"async\" class=\"alignnone\" title=\"Mad\u017earski abonma\" src=\"https:\/\/www1.kkl.si\/wp-content\/uploads\/2020\/07\/spored_simb_abonma_hu-1.svg\" alt=\"abonma_hu\" width=\"30\" height=\"30\" \/> \u00a0<img loading=\"lazy\" decoding=\"async\" class=\"alignnone\" title=\"Pla\u010dljiva prireditev\" src=\"https:\/\/www1.kkl.si\/wp-content\/uploads\/2020\/07\/spored_simb_placljiva-1.svg\" alt=\"placljiva\" width=\"30\" height=\"30\" \/><\/p>\n<\/td>\n<td style=\"width: 84.6065%;\">\n<p><a href=\"https:\/\/www1.kkl.si\/wp-content\/uploads\/2025\/10\/plakat_B1_pupos_2025.png\" data-lbwps-width=\"2474\" data-lbwps-height=\"3499\" data-lbwps-srcsmall=\"https:\/\/www1.kkl.si\/wp-content\/uploads\/2025\/10\/plakat_B1_pupos_2025.png\"><img loading=\"lazy\" decoding=\"async\" class=\"alignright size-thumbnail wp-image-24354\" src=\"https:\/\/www1.kkl.si\/wp-content\/uploads\/2025\/10\/plakat_B1_pupos_2025-scaled-e1760434000101-150x150.png\" alt=\"\" width=\"150\" height=\"150\" \/><\/a><i class=\"fas fa-clock\"><\/i> <strong>19.00<\/strong> | Gledali\u0161ka in koncertna dvorana Lendava<br \/>\n<strong>muzikal<\/strong><\/p>\n<p>Magyarock Dalsz\u00ednh\u00e1z | M\u00e1sik Lehel \u2013 Vizeli Csaba:<\/p>\n<p><a href=\"https:\/\/www1.kkl.si\/sl\/magyarock-dalszinhaz-a-pupos\/\"><span style=\"font-size: 24pt;\"><strong>A p\u00fapos<\/strong><\/span><\/a><\/p>\n<p><i class=\"fas fa-ticket-alt\"><\/i> Vstopnina: <strong>22 \u20ac<\/strong>, \u0161tudentje in upokojenci <strong>18 \u20ac.<\/strong><br \/>\nVstopnice so na voljo od 3. novembra v gledali\u0161\u010du. Blagajna: <i class=\"fas fa-phone-alt\"><\/i> +386 (0)2 577 60 24.<\/p>\n<p><span style=\"font-size: 10pt;\">Organizator: <a href=\"https:\/\/www.mnmi-zkmn.si\/\">MNMI Lendva \u2013 ZKMN Lendava<\/a><\/span><\/p>\n<\/td>\n<\/tr>\n<tr>\n<td style=\"width: 14.9306%;\">\n<p style=\"text-align: center;\"><strong><span style=\"font-size: 24pt;\">12.<\/span><br \/>\n<\/strong><\/p>\n<p style=\"text-align: center;\">sreda<\/p>\n<p><img loading=\"lazy\" decoding=\"async\" class=\"aligncenter\" title=\"Brezpla\u010dna prireditev\" src=\"https:\/\/www1.kkl.si\/wp-content\/uploads\/2020\/07\/spored_simb_brezplacna-1.svg\" alt=\"brezplacna\" width=\"30\" height=\"30\" \/><\/p>\n<\/td>\n<td style=\"width: 84.6065%;\">\n<p><a href=\"https:\/\/www1.kkl.si\/wp-content\/uploads\/2025\/11\/Hettorony_fesztival_2025.jpg\" data-lbwps-width=\"1600\" data-lbwps-height=\"840\" data-lbwps-srcsmall=\"https:\/\/www1.kkl.si\/wp-content\/uploads\/2025\/11\/Hettorony_fesztival_2025-400x210.jpg\"><img loading=\"lazy\" decoding=\"async\" class=\"alignright size-thumbnail wp-image-24789\" src=\"https:\/\/www1.kkl.si\/wp-content\/uploads\/2025\/11\/Hettorony_fesztival_2025-e1762170351789-150x150.jpg\" alt=\"\" width=\"150\" height=\"150\" \/><\/a><i class=\"fas fa-clock\"><\/i> <strong>18.30<\/strong> | Gledali\u0161ka in koncertna dvorana Lendava<br \/>\n<strong>predvajanje kratkega filma in koncert<\/strong><\/p>\n<p><span style=\"font-size: 24pt;\"><strong><a href=\"https:\/\/www1.kkl.si\/hu\/hettorony-fesztival-2025\/\">H\u00e9ttorony Fesztiv\u00e1l 2025 \/ Festival Sedmih stolpov 2025<\/a><\/strong><\/span><\/p>\n<p>Program:<\/p>\n<p><strong>18.30<\/strong> &#8211; <em>Makovecz v mednarodnem prostoru<\/em>, re\u017eiserka: Lila Cohen (ZDA) \u2013 predstavitev kratkega filma<br \/>\n<strong>19.00<\/strong> &#8211; Koncert mo\u0161kega zbora <em>StEfrem<\/em><\/p>\n<p><span style=\"font-size: 10pt;\">Organizator: <a href=\"https:\/\/www.fono.hu\/hu\/\">Fon\u00f3 Budai Zeneh\u00e1z<\/a><\/span><\/p>\n<\/td>\n<\/tr>\n<tr>\n<td style=\"width: 14.9306%;\">\n<p style=\"text-align: center;\"><strong><span style=\"font-size: 24pt;\">16.<\/span><br \/>\n<\/strong><\/p>\n<p style=\"text-align: center;\">nedelja<\/p>\n<p><img loading=\"lazy\" decoding=\"async\" class=\"aligncenter\" title=\"Brezpla\u010dna prireditev\" src=\"https:\/\/www1.kkl.si\/wp-content\/uploads\/2020\/07\/spored_simb_brezplacna-1.svg\" alt=\"brezplacna\" width=\"30\" height=\"30\" \/><\/p>\n<\/td>\n<td style=\"width: 84.6065%;\">\n<p><a href=\"https:\/\/www1.kkl.si\/wp-content\/uploads\/2025\/10\/plakat_B1_praznicni_program_2025_DVOJ.jpg\" data-lbwps-width=\"2100\" data-lbwps-height=\"3000\" data-lbwps-srcsmall=\"https:\/\/www1.kkl.si\/wp-content\/uploads\/2025\/10\/plakat_B1_praznicni_program_2025_DVOJ.jpg\"><img loading=\"lazy\" decoding=\"async\" class=\"alignright size-thumbnail wp-image-24607\" src=\"https:\/\/www1.kkl.si\/wp-content\/uploads\/2025\/10\/plakat_B1_praznicni_program_2025_DVOJ-scaled-e1761767060417-150x150.jpg\" alt=\"\" width=\"150\" height=\"150\" \/><\/a><i class=\"fas fa-clock\"><\/i> <strong>19.00<\/strong> | Gledali\u0161ka in koncertna dvorana Lendava<br \/>\n<strong>glasbena komedija<\/strong><\/p>\n<p>KKCL PRAZNI\u010cNI PROGRAM 2025<br \/>\nProspot d.o.o.:<\/p>\n<p><a href=\"https:\/\/www1.kkl.si\/sl\/prospot-d-o-o-nune-v-akciji\/\"><span style=\"font-size: 24pt;\"><strong>Nune v akciji!<\/strong><\/span><\/a><\/p>\n<p><span class=\"premiera\"><i class=\"fas fa-exclamation-circle\"><\/i> OBVESTILO: Vstopnice za predstavo so po\u0161le!<\/span><\/p>\n<p><i class=\"fas fa-info-circle\"><\/i> Vstop prost. Brezpla\u010dne vstopnice se lahko prevzamejo na blagajni Gledali\u0161ke in koncertne dvorane Lendava od 3. novembra 2025 dalje. <strong>Na osebo lahko dobite najve\u010d 2 vstopnici.<\/strong><\/p>\n<p>Program in predstave je podprlo <a href=\"https:\/\/www.gov.si\/drzavni-organi\/ministrstva\/ministrstvo-za-kulturo\/\">Ministrstvo za kulturo Republike Slovenije<\/a>.<\/p>\n<p><span style=\"font-size: 10pt;\">Organizator: <a href=\"https:\/\/www.kkl.si\/\">Knji\u017enica \u2013 Kulturni center Lendava \u2013 Lendvai K\u00f6nyvt\u00e1r \u00e9s Kultur\u00e1lis K\u00f6zpont<\/a><\/span><\/p>\n<\/td>\n<\/tr>\n<tr>\n<td style=\"width: 14.9306%;\">\n<p style=\"text-align: center;\"><strong><span style=\"font-size: 24pt;\">18.<\/span><br \/>\n<\/strong><\/p>\n<p style=\"text-align: center;\">torek<\/p>\n<p><img loading=\"lazy\" decoding=\"async\" class=\"aligncenter\" title=\"Brezpla\u010dna prireditev\" src=\"https:\/\/www1.kkl.si\/wp-content\/uploads\/2020\/07\/spored_simb_brezplacna-1.svg\" alt=\"brezplacna\" width=\"30\" height=\"30\" \/><\/p>\n<\/td>\n<td style=\"width: 84.6065%;\">\n<p><a href=\"https:\/\/www1.kkl.si\/wp-content\/uploads\/2025\/11\/plakat_o_meg_o_2025_web.jpg\" data-lbwps-width=\"1455\" data-lbwps-height=\"2000\" data-lbwps-srcsmall=\"https:\/\/www1.kkl.si\/wp-content\/uploads\/2025\/11\/plakat_o_meg_o_2025_web-291x400.jpg\"><img loading=\"lazy\" decoding=\"async\" class=\"alignright size-thumbnail wp-image-24903\" src=\"https:\/\/www1.kkl.si\/wp-content\/uploads\/2025\/11\/plakat_o_meg_o_2025_web-150x150.jpg\" alt=\"\" width=\"150\" height=\"150\" \/><\/a><i class=\"fas fa-clock\"><\/i> <strong>19.00<\/strong> | Gledali\u0161ka in koncertna dvorana Lendava<br \/>\n<strong>liri\u010dna drama v mad\u017earskem jeziku<\/strong><\/p>\n<p>Agnieszka Osiecka:<\/p>\n<p><a href=\"https:\/\/www1.kkl.si\/sl\/agnieszka-osiecka-o-meg-o\/\"><span style=\"font-size: 24pt;\"><strong><b>\u0150 meg \u0151<\/b><\/strong><\/span><\/a><\/p>\n<p><i class=\"fas fa-info-circle\"><\/i>\u00a0<strong>VSTOP PROST!<\/strong> Brezpla\u010dne vstopnice bodo na voljo od 11. novembra 2025 na blagajni Gledali\u0161ke in koncertne dvorane Lendava.\u00a0 \u0160tevilo vstopnic je omejeno!<\/p>\n<p><span style=\"font-size: 10pt;\">Organizator: <a href=\"https:\/\/www.facebook.com\/KUDLavina\/\">KUD Lavina &#8211; Lavina KK<\/a><\/span><\/p>\n<\/td>\n<\/tr>\n<tr>\n<td style=\"width: 14.9306%;\">\n<p style=\"text-align: center;\"><strong><span style=\"font-size: 24pt;\">20.<\/span><br \/>\n<\/strong><\/p>\n<p style=\"text-align: center;\">\u010detrtek<\/p>\n<p><img loading=\"lazy\" decoding=\"async\" class=\"aligncenter\" title=\"Brezpla\u010dna prireditev\" src=\"https:\/\/www1.kkl.si\/wp-content\/uploads\/2020\/07\/spored_simb_brezplacna-1.svg\" alt=\"brezplacna\" width=\"30\" height=\"30\" \/><\/p>\n<\/td>\n<td style=\"width: 84.6065%;\">\n<p><a href=\"https:\/\/www1.kkl.si\/wp-content\/uploads\/2025\/11\/plakat_B1_pesem_nas_zdruzuje_2025_DVOJ.png\" data-lbwps-width=\"2100\" data-lbwps-height=\"3000\" data-lbwps-srcsmall=\"https:\/\/www1.kkl.si\/wp-content\/uploads\/2025\/11\/plakat_B1_pesem_nas_zdruzuje_2025_DVOJ.png\"><img loading=\"lazy\" decoding=\"async\" class=\"slika alignright wp-image-24874 size-thumbnail\" src=\"https:\/\/www1.kkl.si\/wp-content\/uploads\/2025\/11\/plakat_B1_pesem_nas_zdruzuje_2025_DVOJ-scaled-e1762344706404-150x150.png\" alt=\"\" width=\"150\" height=\"150\" \/><\/a><i class=\"fas fa-clock\"><\/i> <strong>18.00<\/strong> | Gledali\u0161ka in koncertna dvorana Lendava<br \/>\n<strong>koncert<\/strong><\/p>\n<p><a href=\"https:\/\/www1.kkl.si\/sl\/vabilo-pesem-nas-zdruzuje\/\"><span style=\"font-size: 24pt;\"><strong>Pesem nas zdru\u017euje<\/strong><\/span><\/a><\/p>\n<p>Nastopajo:<\/p>\n<ul>\n<li>Me\u0161ani pevski zbor KUD -a \u02ddMURA\u02dd Mursko Sredi\u0161\u0107e<\/li>\n<li>Me\u0161ani pevski zbor \u02ddNimam \u010dasa\u02dd Dru\u0161tva upokojencev Lendava<\/li>\n<li>Dominik Padari\u0107 &#8211; bariton<\/li>\n<\/ul>\n<p><span style=\"font-size: 10pt;\">Organizator: <a href=\"https:\/\/www.facebook.com\/p\/KTD-Novi-Sad-Lendava-100038549532698\/\">KTD Novi Sad Lendava<\/a>, <a href=\"https:\/\/www.kkl.si\/\">Knji\u017enica \u2013 Kulturni center Lendava \u2013 Lendvai K\u00f6nyvt\u00e1r \u00e9s Kultur\u00e1lis K\u00f6zpont<\/a><\/span><\/p>\n<\/td>\n<\/tr>\n<tr>\n<td style=\"width: 14.9306%; text-align: center;\">\n<p><strong><span style=\"font-size: 24pt;\">21.<\/span><br \/>\n<\/strong><\/p>\n<p>petek<\/p>\n<p><img loading=\"lazy\" decoding=\"async\" class=\"alignnone aligncenter\" title=\"Brezpla\u010dna prireditev\" src=\"https:\/\/www1.kkl.si\/wp-content\/uploads\/2020\/07\/spored_simb_brezplacna-1.svg\" alt=\"brezplacna\" width=\"30\" height=\"30\" \/><\/p>\n<\/td>\n<td style=\"width: 84.6065%;\">\n<p><a href=\"https:\/\/www1.kkl.si\/wp-content\/uploads\/2025\/11\/Semm_si_hu.jpg\" data-lbwps-width=\"2141\" data-lbwps-height=\"3064\" data-lbwps-srcsmall=\"https:\/\/www1.kkl.si\/wp-content\/uploads\/2025\/11\/Semm_si_hu.jpg\"><img loading=\"lazy\" decoding=\"async\" class=\"alignright size-thumbnail wp-image-24981\" src=\"https:\/\/www1.kkl.si\/wp-content\/uploads\/2025\/11\/Semm_si_hu-scaled-150x150.jpg\" alt=\"\" width=\"150\" height=\"150\" \/><\/a><i class=\"fas fa-clock\"><\/i> <strong>19.00<\/strong> | Gledali\u0161ka in koncertna dvorana Lendava<br \/>\n<strong>film, zgodovinska drama<\/strong><\/p>\n<p>Predvajanje filma ob dnevu mad\u017earske znanosti:<\/p>\n<p><a href=\"https:\/\/www1.kkl.si\/sl\/predvajanje-filma-semmelweis-v-gledaliski-in-koncertni-dvorani-lendava\/\"><span style=\"font-size: 24pt;\"><strong>Semmelweis<\/strong><\/span><\/a><\/p>\n<p><i class=\"fas fa-info-circle\"><\/i>\u00a0Film bo <strong>podnaslovljen v slovenskem jeziku. Vstop prost.<\/strong><\/p>\n<p><span style=\"font-size: 10pt;\">Organizator: <a href=\"https:\/\/www.mnmi-zkmn.si\/\">MNMI Lendva \u2013 ZKMN Lendava<\/a>, <a href=\"https:\/\/www.gov.si\/drzave\/madzarska\/predstavnistva\/\">Generalni konzulat Mad\u017earske v Lendavi<\/a>, <a href=\"https:\/\/www.kkl.si\/\">Knji\u017enica \u2013 Kulturni center Lendava \u2013 Lendvai K\u00f6nyvt\u00e1r \u00e9s Kultur\u00e1lis K\u00f6zpont<\/a><\/span><\/p>\n<\/td>\n<\/tr>\n<tr>\n<td style=\"width: 14.9306%;\">\n<p style=\"text-align: center;\"><strong><span style=\"font-size: 24pt;\">28.<\/span><br \/>\n<\/strong><\/p>\n<p style=\"text-align: center;\">petek<\/p>\n<p><img loading=\"lazy\" decoding=\"async\" class=\"alignnone aligncenter\" title=\"Brezpla\u010dna prireditev\" src=\"https:\/\/www1.kkl.si\/wp-content\/uploads\/2020\/07\/spored_simb_brezplacna-1.svg\" alt=\"brezplacna\" width=\"30\" height=\"30\" \/><\/p>\n<\/td>\n<td style=\"width: 84.6065%;\">\n<p><a href=\"https:\/\/www1.kkl.si\/wp-content\/uploads\/2025\/11\/meghivo_vabilo_MMONK_gala.jpg\" data-lbwps-width=\"1772\" data-lbwps-height=\"1253\" data-lbwps-srcsmall=\"https:\/\/www1.kkl.si\/wp-content\/uploads\/2025\/11\/meghivo_vabilo_MMONK_gala-400x283.jpg\"><img loading=\"lazy\" decoding=\"async\" class=\"alignright size-thumbnail wp-image-25123\" src=\"https:\/\/www1.kkl.si\/wp-content\/uploads\/2025\/11\/meghivo_vabilo_MMONK_gala-150x150.jpg\" alt=\"\" width=\"150\" height=\"150\" \/><\/a><i class=\"fas fa-clock\"><\/i> <strong>19.00<\/strong> | Gledali\u0161ka in koncertna dvorana Lendava<br \/>\n<strong>kulturna prireditev, gala ve\u010der<\/strong><\/p>\n<p>50 let PMSNS<\/p>\n<p><span style=\"font-size: 24pt;\"><strong>Gala ve\u010der ob 50. obletnici organiziranega delovanja pomurske mad\u017earske narodne skupnosti in 35. obletnici ustanovitve krovne organizacije pomurske mad\u017earske skupnosti*<\/strong><\/span><\/p>\n<p><i class=\"fas fa-info-circle\"><\/i>\u00a0Brezpla\u010dne vstopnice bod na voljo od 24. novembra 2025 na blagajni Gledali\u0161ke in koncertne dvorane Lendava.<\/p>\n<p><span style=\"font-size: 10pt;\">Organizator: <a href=\"https:\/\/www.muravidek.si\/\">MM\u00d6NK-PMSNS<\/a><\/span><\/p>\n<\/td>\n<\/tr>\n<tr>\n<td style=\"width: 14.9306%;\">\n<p style=\"text-align: center;\"><strong><span style=\"font-size: 24pt;\">30.<\/span><br \/>\n<\/strong><\/p>\n<p style=\"text-align: center;\">nedelja<\/p>\n<p><img loading=\"lazy\" decoding=\"async\" class=\"aligncenter\" title=\"Brezpla\u010dna prireditev\" src=\"https:\/\/www1.kkl.si\/wp-content\/uploads\/2020\/07\/spored_simb_brezplacna-1.svg\" alt=\"brezplacna\" width=\"30\" height=\"30\" \/><\/p>\n<\/td>\n<td style=\"width: 84.6065%;\">\n<p><a href=\"https:\/\/www1.kkl.si\/wp-content\/uploads\/2025\/11\/VABILO_Svet_je_moj_dom.jpg\" data-lbwps-width=\"1795\" data-lbwps-height=\"1041\" data-lbwps-srcsmall=\"https:\/\/www1.kkl.si\/wp-content\/uploads\/2025\/11\/VABILO_Svet_je_moj_dom-400x232.jpg\"><img loading=\"lazy\" decoding=\"async\" class=\"alignright size-thumbnail wp-image-24897\" src=\"https:\/\/www1.kkl.si\/wp-content\/uploads\/2025\/11\/VABILO_Svet_je_moj_dom-e1762763798446-150x150.jpg\" alt=\"\" width=\"150\" height=\"150\" \/><\/a><i class=\"fas fa-clock\"><\/i> <strong>18.00<\/strong> | Gledali\u0161ka in koncertna dvorana Lendava<br \/>\n<strong>plesna predstava<\/strong><\/p>\n<p><a href=\"https:\/\/www1.kkl.si\/sl\/vabilo-svet-je-moj-dom-u-vilaugo-hi-mro-kher\/\"><span style=\"font-size: 24pt;\"><strong>SVET JE MOJ DOM \u2013 U VILAUGO HI MRO KHER<\/strong><\/span><\/a><\/p>\n<p><em><strong>po poti Romov od Indije do \u0160panije<\/strong><\/em><\/p>\n<p><i class=\"fas fa-info-circle\"><\/i> <strong>VSTOP PROST!<\/strong> Brezpla\u010dne vstopnice bodo na voljo od 17. novembra 2025 na blagajni Gledali\u0161ke in koncertne dvorane Lendava.<\/p>\n<p><span style=\"font-size: 10pt;\">Organizator: <a href=\"https:\/\/zahir.si\/\">KUD Plesna delavnica Zahir<\/a><\/span><\/p>\n<\/td>\n<\/tr>\n<\/tbody>\n<\/table>\n<p style=\"text-align: center;\"><span style=\"font-size: 10pt;\">Organizatorji si pridr\u017eujejo pravico do spremembe programa.<\/span><\/p>\n","protected":false},"excerpt":{"rendered":"<p>Leto 2025: januar | februar | marec | april | maj | junij | julij | avgust | september | oktober | november | december | ARHIV LEGENDA SIMBOLOV Slovenski abonma Mad\u017earski abonma Zaklju\u010dena prireditev Brezpla\u010dna prireditev Pla\u010dljiva prireditev Novost, sprememba 3. ponedeljek \u00a0 \u00a0 19.00 | Gledali\u0161ka in koncertna dvorana Lendava drama SNG Maribor: [&hellip;]<\/p>\n","protected":false},"author":2,"featured_media":0,"parent":0,"menu_order":0,"comment_status":"closed","ping_status":"closed","template":"","meta":{"footnotes":""},"class_list":["post-24351","page","type-page","status-publish","hentry","post"],"_links":{"self":[{"href":"https:\/\/www1.kkl.si\/sl\/wp-json\/wp\/v2\/pages\/24351","targetHints":{"allow":["GET"]}}],"collection":[{"href":"https:\/\/www1.kkl.si\/sl\/wp-json\/wp\/v2\/pages"}],"about":[{"href":"https:\/\/www1.kkl.si\/sl\/wp-json\/wp\/v2\/types\/page"}],"author":[{"embeddable":true,"href":"https:\/\/www1.kkl.si\/sl\/wp-json\/wp\/v2\/users\/2"}],"replies":[{"embeddable":true,"href":"https:\/\/www1.kkl.si\/sl\/wp-json\/wp\/v2\/comments?post=24351"}],"version-history":[{"count":34,"href":"https:\/\/www1.kkl.si\/sl\/wp-json\/wp\/v2\/pages\/24351\/revisions"}],"predecessor-version":[{"id":25127,"href":"https:\/\/www1.kkl.si\/sl\/wp-json\/wp\/v2\/pages\/24351\/revisions\/25127"}],"wp:attachment":[{"href":"https:\/\/www1.kkl.si\/sl\/wp-json\/wp\/v2\/media?parent=24351"}],"curies":[{"name":"wp","href":"https:\/\/api.w.org\/{rel}","templated":true}]}}