{"id":24555,"date":"2025-10-17T12:56:22","date_gmt":"2025-10-17T10:56:22","guid":{"rendered":"https:\/\/www1.kkl.si\/?page_id=24555"},"modified":"2025-12-18T11:28:06","modified_gmt":"2025-12-18T10:28:06","slug":"gyongyhaju-lany-legendaja","status":"publish","type":"page","link":"https:\/\/www1.kkl.si\/sl\/gyongyhaju-lany-legendaja\/","title":{"rendered":"Gy\u00f6ngyhaj\u00fa l\u00e1ny legend\u00e1ja"},"content":{"rendered":"<div class=\"odpade\">PREDSTAVA ODPADE<\/div>\n<div class=\"odpade2\"><strong><span style=\"font-size: 18pt;\"><img loading=\"lazy\" decoding=\"async\" class=\"alignright wp-image-1489 size-thumbnail\" src=\"https:\/\/www1.kkl.si\/wp-content\/uploads\/2020\/03\/obvestilo_200px-150x150.png\" alt=\"\" width=\"150\" height=\"150\" srcset=\"https:\/\/www1.kkl.si\/wp-content\/uploads\/2020\/03\/obvestilo_200px-150x150.png 150w, https:\/\/www1.kkl.si\/wp-content\/uploads\/2020\/03\/obvestilo_200px.png 200w\" sizes=\"auto, (max-width: 150px) 100vw, 150px\" \/><\/span><\/strong><\/p>\n<p>Ravnokar je TBG Production javil, da na \u017ealost dana\u0161nji nastop v Lendavi odpade zaradi bolezni.<br \/>\nZelo nam je \u017eal, toda zdravje je na prvem mestu. O naknadnem datumu vas bomo v \u010dim kraj\u0161em mo\u017enem \u010dasu obvestili.<\/p>\n<p>Hvala za razumevanje!<\/p>\n<p>Facebook novica: <a href=\"https:\/\/www.facebook.com\/mnmibanffy\/posts\/pfbid0BjxieWBvrg1jNJ36ZXRZrJ885MojLNwCwyL5NPEDqZcgVsTHEGiUpVaUUUbc2vLtl?__cft__[0]=AZYWlY0VOlEbyT0tB7iWUgF8mqOgIMGDM2aIjiyga2ynA3F_3TsO7pk5thZ_D63RVup9lpf5k8KZ-C16I-peZRlLNEtS6SFdjF8ZK7ROHePUr-TymtQTmPQTZlGKf-JiNnK-xTinm3oahnTwzdVsoXKGKalFJ31kxaPUmpkOPd9woYFKVdwlaBsGH0G0KIPtj6U&amp;__tn__=%2CO%2CP-R\">MNMI-ZKMN<\/a><\/p>\n<blockquote>\n<p>Obve\u0161\u010damo spo\u0161tovano ob\u010dinstvo,<br \/>\nda je nov termin odpovedane predstave Gy\u00f6ngyhaj\u00fa l\u00e1ny <strong>nedelja, 18. januar 2026, ob 19. uri.<\/strong><\/p>\n<\/blockquote>\n<\/div>\n<div class=\"opis\"><i class=\"fas fa-clock\"><\/i> <strong>sobota, 13. december 2025, ob 19.00 uri<\/strong> | Gledali\u0161ka in koncertna dvorana Lendava<img loading=\"lazy\" decoding=\"async\" class=\"alignright\" title=\"Pla\u010dljiva prireditev\" src=\"https:\/\/www1.kkl.si\/wp-content\/uploads\/2020\/07\/spored_simb_placljiva-1.svg\" alt=\"placljiva\" width=\"30\" height=\"30\" \/><br \/>\n<i class=\"fas fa-chevron-circle-right\"><\/i> <strong>OMEGA muzikal, plesni spektakel<\/strong><br \/>\n<i class=\"fas fa-ticket-alt\"><\/i> Cena vstopnice: <strong>32 \u20ac<\/strong><br \/>\nVstopnice lahko kupite v <a href=\"https:\/\/www.mnmi-zkmn.si\/sl\/o-nas\/\">Centru B\u00e1nffy<\/a> (Lendava, Glavna ulica 32, <i class=\"fas fa-phone-alt\"><\/i> +386 2 577 667).<br \/>\nOrganizator: <a href=\"https:\/\/www.mnmi-zkmn.si\/\">MNMI Lendva \u2013 ZKMN Lendava<\/a><\/div>\n<p style=\"padding-left: 40px;\"><span style=\"font-size: 18pt;\">V Gledali\u0161ki in koncertni dvorani v Lendavi bodo 13. decembra 2025 v sklopu musicala z naslovom Gy\u00f6ngyhaj\u00fa L\u00e1ny, odmevali legendarni hiti <strong>glasbene skupine OMEGA<\/strong>. Vabimo vas na nepozabno ve\u010der, kjer bodo o\u017eivele ikoni\u010dne melodije mad\u017earskega rocka, kot so <em>Ha \u00e9n sz\u00e9l lehetn\u00e9k, Gy\u00f6ngyhaj\u00fa l\u00e1ny, Petr\u00f3leuml\u00e1mpa, Trombit\u00e1s Fr\u00e9di<\/em> itd.<\/span><\/p>\n<p><span style=\"font-size: 18pt;\"><strong>O predstavi:<\/strong><\/span><\/p>\n<p><a href=\"https:\/\/www1.kkl.si\/wp-content\/uploads\/2025\/10\/TBG_OMEGA_plakat_Lendva.jpg\" data-lbwps-width=\"1419\" data-lbwps-height=\"2000\" data-lbwps-srcsmall=\"https:\/\/www1.kkl.si\/wp-content\/uploads\/2025\/10\/TBG_OMEGA_plakat_Lendva-284x400.jpg\"><img loading=\"lazy\" decoding=\"async\" class=\"alignright size-medium wp-image-24451\" src=\"https:\/\/www1.kkl.si\/wp-content\/uploads\/2025\/10\/TBG_OMEGA_plakat_Lendva-284x400.jpg\" alt=\"\" width=\"284\" height=\"400\" srcset=\"https:\/\/www1.kkl.si\/wp-content\/uploads\/2025\/10\/TBG_OMEGA_plakat_Lendva-284x400.jpg 284w, https:\/\/www1.kkl.si\/wp-content\/uploads\/2025\/10\/TBG_OMEGA_plakat_Lendva-1064x1500.jpg 1064w, https:\/\/www1.kkl.si\/wp-content\/uploads\/2025\/10\/TBG_OMEGA_plakat_Lendva.jpg 1419w\" sizes=\"auto, (max-width: 284px) 100vw, 284px\" \/><\/a>V slehernem \u010dloveku se \u0161e skriva otro\u0161ka du\u0161a, zato imamo tudi odrasli radi pravljice, le da jih je treba odeti v \u00bbodraslo preobleko\u00ab! Musical preko odra\u0161\u010danja in prvega ljubezenskega razo\u010daranja mladega dekleta z imenom Krista pod no\u010dnim \u00bbvodstvom\u00ab Fr\u00e9dija Trombit\u00e1sa obuja starodavne legende obale \u00bbmad\u017earskega morja\u00ab in samega Blatnega jezera. To je zgodba, ki jo je do\u017eivel vsak, ki je bil mlad in zaljubljen!<\/p>\n<p><strong>Ustvarjalna ekipa:<\/strong> <br \/>\npisec-re\u017eiser: <strong>Zsolt Pozsgai<\/strong>, glasbeni re\u017eiser: <strong>Zsolt G\u00f6m\u00f6ry<\/strong>, kostumografinja: <strong>Ildik\u00f3 Debreczeni<\/strong>, scenograf: <strong>J\u00e1nos Mira<\/strong>, LED video animacije: <strong>Z\u00e9n\u00f3 Mira<\/strong>. <\/p>\n<p>Predstava je leta 2016 prejela veliko nagrado za <strong>NAJBOLJ\u0160O GLASBENO-PLESNO UPRIZORITEV LETA!<\/strong><\/p>\n<p>Na odru se bo predstavilo 22 plesnih umetnikov Re-Productiona, pri mikrofonih 5 odli\u010dnih pevk in pevcev musicalov, za podporo pravljice pa bo poskrbelo 21 senzacionalnih uspe\u0161nic zasedbe Omega!<\/p>\n<p>V glavnih vlogah: <strong>M\u00e1t\u00e9 Szab\u00f3, L\u00e1szl\u00f3 S\u00e1nta, Nikolett F\u00fcredi, R\u00e9ka Ko\u00f3s, Gabriella Varga, Nelly F\u00e9s\u0171s, \u00c1d\u00e1m Lux, S\u00e1ndor T\u00f3th, L\u00e1szl\u00f3 Janik, Vikt\u00f3ria Magyar<\/strong> ter v glavni vlogi od 29. maja 2023 naslednica legendarnega mad\u017earskega pevca J\u00e1nosa K\u00f3borja \u201eMeckyja\u201d, <strong>L\u00e9na K\u00f3bor<\/strong>.<\/p>\n<p>Znameniti umetni\u0161ki koncept ExperiDance \u017ee od leta 2019 avtenti\u010dno zastopa ekipa plesalcev Re-Production. Koreografi: D\u00e1vid Benk\u0151, Veronika Benk\u0151-Morvai, Albert Hernicz. \u010clani plesne zasedbe so visoko usposobljeni profesionalni plesalci, ki ob podporni TBG Productiona lahko iz sebe vsak ve\u010der iztisnejo najbolj\u0161e. Njihove nastope dopolnjuje usklajenost profesionalnega ustvarjalnega tima in odli\u010dne tehni\u010dne opreme. Vse to je ZAGOTOVILO ZA USPEH! Vizualno podobo predstave bo dodatno podkrepil ve\u010d kot 50 m\u00b2 velika LED stena.<\/p>\n<p>Predstavo z veseljem priporo\u010damo vsem, ki \u017eelijo u\u017eivati z aktivno energijo nostalgije ter se hkrati prikloniti spominu umetnikov J\u00e1nosa K\u00f3borja \u00bbMeckyja\u00ab, L\u00e1szla Benka in Mih\u00e1lya Tam\u00e1sa, soavtorjev in ustanovnih \u010dlanov glasbene skupine Omega!<\/p>\n<p><iframe loading=\"lazy\" src=\"\/\/www.youtube.com\/embed\/8NW3vDtAeos\" width=\"560\" height=\"314\" allowfullscreen=\"allowfullscreen\" data-mce-fragment=\"1\"><\/iframe><\/p>\n<p><iframe loading=\"lazy\" title=\"A gy\u00f6ngyhaj\u00fa l\u00e1ny legend\u00e1ja - Omega musical bemutat\u00f3 a p\u00e9csi sportcsarnokban\" width=\"720\" height=\"405\" src=\"https:\/\/www.youtube.com\/embed\/yPlfAVBzM48?feature=oembed\" frameborder=\"0\" allow=\"accelerometer; autoplay; clipboard-write; encrypted-media; gyroscope; picture-in-picture; web-share\" referrerpolicy=\"strict-origin-when-cross-origin\" allowfullscreen><\/iframe><\/p>\n<p><span style=\"font-size: 10pt;\">Vir\/Forr\u00e1s: <a class=\"yt-simple-endpoint style-scope yt-formatted-string\" spellcheck=\"false\" href=\"https:\/\/www.youtube.com\/@tolnatajtelevizio8632\">Tolnat\u00e1j Telev\u00edzi\u00f3<\/a><\/span><\/p>\n<div class=\"x14z9mp xat24cr x1lziwak x1vvkbs xtlvy1s x126k92a\">\n<div dir=\"auto\">\n<hr \/>\n<\/div>\n<div dir=\"auto\">FOTOGALERIJA<\/div>\n<div dir=\"auto\">\n\n\t\t<style type=\"text\/css\">\n\t\t\t#gallery-1 {\n\t\t\t\tmargin: auto;\n\t\t\t}\n\t\t\t#gallery-1 .gallery-item {\n\t\t\t\tfloat: left;\n\t\t\t\tmargin-top: 10px;\n\t\t\t\ttext-align: center;\n\t\t\t\twidth: 16%;\n\t\t\t}\n\t\t\t#gallery-1 img {\n\t\t\t\tborder: 2px solid #cfcfcf;\n\t\t\t}\n\t\t\t#gallery-1 .gallery-caption {\n\t\t\t\tmargin-left: 0;\n\t\t\t}\n\t\t\t\/* see gallery_shortcode() in wp-includes\/media.php *\/\n\t\t<\/style>\n\t\t<div id='gallery-1' class='gallery galleryid-24555 gallery-columns-6 gallery-size-thumbnail'><dl class='gallery-item'>\n\t\t\t<dt class='gallery-icon landscape'>\n\t\t\t\t<a href='https:\/\/www1.kkl.si\/wp-content\/uploads\/2025\/10\/gyongyhaju01.jpg'><img loading=\"lazy\" decoding=\"async\" width=\"150\" height=\"150\" src=\"https:\/\/www1.kkl.si\/wp-content\/uploads\/2025\/10\/gyongyhaju01-150x150.jpg\" class=\"attachment-thumbnail size-thumbnail\" alt=\"\" \/><\/a>\n\t\t\t<\/dt><\/dl><dl class='gallery-item'>\n\t\t\t<dt class='gallery-icon landscape'>\n\t\t\t\t<a href='https:\/\/www1.kkl.si\/wp-content\/uploads\/2025\/10\/gyongyhaju02.jpg'><img loading=\"lazy\" decoding=\"async\" width=\"150\" height=\"150\" src=\"https:\/\/www1.kkl.si\/wp-content\/uploads\/2025\/10\/gyongyhaju02-150x150.jpg\" class=\"attachment-thumbnail size-thumbnail\" alt=\"\" \/><\/a>\n\t\t\t<\/dt><\/dl><dl class='gallery-item'>\n\t\t\t<dt class='gallery-icon landscape'>\n\t\t\t\t<a href='https:\/\/www1.kkl.si\/wp-content\/uploads\/2025\/10\/gyongyhaju03.jpg'><img loading=\"lazy\" decoding=\"async\" width=\"150\" height=\"150\" src=\"https:\/\/www1.kkl.si\/wp-content\/uploads\/2025\/10\/gyongyhaju03-150x150.jpg\" class=\"attachment-thumbnail size-thumbnail\" alt=\"\" \/><\/a>\n\t\t\t<\/dt><\/dl><dl class='gallery-item'>\n\t\t\t<dt class='gallery-icon landscape'>\n\t\t\t\t<a href='https:\/\/www1.kkl.si\/wp-content\/uploads\/2025\/10\/gyongyhaju04.jpg'><img loading=\"lazy\" decoding=\"async\" width=\"150\" height=\"150\" src=\"https:\/\/www1.kkl.si\/wp-content\/uploads\/2025\/10\/gyongyhaju04-150x150.jpg\" class=\"attachment-thumbnail size-thumbnail\" alt=\"\" \/><\/a>\n\t\t\t<\/dt><\/dl><dl class='gallery-item'>\n\t\t\t<dt class='gallery-icon landscape'>\n\t\t\t\t<a href='https:\/\/www1.kkl.si\/wp-content\/uploads\/2025\/10\/gyongyhaju05.jpg'><img loading=\"lazy\" decoding=\"async\" width=\"150\" height=\"150\" src=\"https:\/\/www1.kkl.si\/wp-content\/uploads\/2025\/10\/gyongyhaju05-150x150.jpg\" class=\"attachment-thumbnail size-thumbnail\" alt=\"\" \/><\/a>\n\t\t\t<\/dt><\/dl><dl class='gallery-item'>\n\t\t\t<dt class='gallery-icon landscape'>\n\t\t\t\t<a href='https:\/\/www1.kkl.si\/wp-content\/uploads\/2025\/10\/gyongyhaju06.jpg'><img loading=\"lazy\" decoding=\"async\" width=\"150\" height=\"150\" src=\"https:\/\/www1.kkl.si\/wp-content\/uploads\/2025\/10\/gyongyhaju06-150x150.jpg\" class=\"attachment-thumbnail size-thumbnail\" alt=\"\" \/><\/a>\n\t\t\t<\/dt><\/dl><br style=\"clear: both\" \/><dl class='gallery-item'>\n\t\t\t<dt class='gallery-icon landscape'>\n\t\t\t\t<a href='https:\/\/www1.kkl.si\/wp-content\/uploads\/2025\/10\/gyongyhaju07.jpg'><img loading=\"lazy\" decoding=\"async\" width=\"150\" height=\"150\" src=\"https:\/\/www1.kkl.si\/wp-content\/uploads\/2025\/10\/gyongyhaju07-150x150.jpg\" class=\"attachment-thumbnail size-thumbnail\" alt=\"\" \/><\/a>\n\t\t\t<\/dt><\/dl><dl class='gallery-item'>\n\t\t\t<dt class='gallery-icon landscape'>\n\t\t\t\t<a href='https:\/\/www1.kkl.si\/wp-content\/uploads\/2025\/10\/gyongyhaju08.jpg'><img loading=\"lazy\" decoding=\"async\" width=\"150\" height=\"150\" src=\"https:\/\/www1.kkl.si\/wp-content\/uploads\/2025\/10\/gyongyhaju08-150x150.jpg\" class=\"attachment-thumbnail size-thumbnail\" alt=\"\" \/><\/a>\n\t\t\t<\/dt><\/dl><dl class='gallery-item'>\n\t\t\t<dt class='gallery-icon landscape'>\n\t\t\t\t<a href='https:\/\/www1.kkl.si\/wp-content\/uploads\/2025\/10\/gyongyhaju09.jpg'><img loading=\"lazy\" decoding=\"async\" width=\"150\" height=\"150\" src=\"https:\/\/www1.kkl.si\/wp-content\/uploads\/2025\/10\/gyongyhaju09-150x150.jpg\" class=\"attachment-thumbnail size-thumbnail\" alt=\"\" \/><\/a>\n\t\t\t<\/dt><\/dl><dl class='gallery-item'>\n\t\t\t<dt class='gallery-icon landscape'>\n\t\t\t\t<a href='https:\/\/www1.kkl.si\/wp-content\/uploads\/2025\/10\/gyongyhaju10.jpg'><img loading=\"lazy\" decoding=\"async\" width=\"150\" height=\"150\" src=\"https:\/\/www1.kkl.si\/wp-content\/uploads\/2025\/10\/gyongyhaju10-150x150.jpg\" class=\"attachment-thumbnail size-thumbnail\" alt=\"\" \/><\/a>\n\t\t\t<\/dt><\/dl><dl class='gallery-item'>\n\t\t\t<dt class='gallery-icon landscape'>\n\t\t\t\t<a href='https:\/\/www1.kkl.si\/wp-content\/uploads\/2025\/10\/gyongyhaju11.jpg'><img loading=\"lazy\" decoding=\"async\" width=\"150\" height=\"150\" src=\"https:\/\/www1.kkl.si\/wp-content\/uploads\/2025\/10\/gyongyhaju11-150x150.jpg\" class=\"attachment-thumbnail size-thumbnail\" alt=\"\" \/><\/a>\n\t\t\t<\/dt><\/dl><dl class='gallery-item'>\n\t\t\t<dt class='gallery-icon landscape'>\n\t\t\t\t<a href='https:\/\/www1.kkl.si\/wp-content\/uploads\/2025\/10\/gyongyhaju12.jpg'><img loading=\"lazy\" decoding=\"async\" width=\"150\" height=\"150\" src=\"https:\/\/www1.kkl.si\/wp-content\/uploads\/2025\/10\/gyongyhaju12-150x150.jpg\" class=\"attachment-thumbnail size-thumbnail\" alt=\"\" \/><\/a>\n\t\t\t<\/dt><\/dl><br style=\"clear: both\" \/>\n\t\t<\/div>\n\n<\/div>\n<div dir=\"auto\">\u00a0<\/div>\n<div dir=\"auto\">\n<hr \/>\n<\/div>\n<\/div>\n<p><i class=\"fas fa-link\"><\/i> <a href=\"https:\/\/www.tbgprod.hu\/\">TBG Production Kft.<\/a><\/p>\n<p><i class=\"fas fa-play-circle\"><\/i> <a href=\"https:\/\/www.youtube.com\/watch?v=Z7dvV1LnkGQ\">Omega &#8211; Gy\u00f6ngyhaj\u00fa L\u00e1ny (Official Music Video, 1969)<\/a><\/p>\n","protected":false},"excerpt":{"rendered":"<p>PREDSTAVA ODPADE Ravnokar je TBG Production javil, da na \u017ealost dana\u0161nji nastop v Lendavi odpade zaradi bolezni. Zelo nam je \u017eal, toda zdravje je na prvem mestu. O naknadnem datumu vas bomo v \u010dim kraj\u0161em mo\u017enem \u010dasu obvestili. Hvala za razumevanje! Facebook novica: MNMI-ZKMN Obve\u0161\u010damo spo\u0161tovano ob\u010dinstvo, da je nov termin odpovedane predstave Gy\u00f6ngyhaj\u00fa l\u00e1ny [&hellip;]<\/p>\n","protected":false},"author":2,"featured_media":24542,"parent":0,"menu_order":0,"comment_status":"closed","ping_status":"closed","template":"","meta":{"footnotes":""},"class_list":["post-24555","page","type-page","status-publish","has-post-thumbnail","hentry","post","post-with-thumbnail","post-with-thumbnail-icon"],"_links":{"self":[{"href":"https:\/\/www1.kkl.si\/sl\/wp-json\/wp\/v2\/pages\/24555","targetHints":{"allow":["GET"]}}],"collection":[{"href":"https:\/\/www1.kkl.si\/sl\/wp-json\/wp\/v2\/pages"}],"about":[{"href":"https:\/\/www1.kkl.si\/sl\/wp-json\/wp\/v2\/types\/page"}],"author":[{"embeddable":true,"href":"https:\/\/www1.kkl.si\/sl\/wp-json\/wp\/v2\/users\/2"}],"replies":[{"embeddable":true,"href":"https:\/\/www1.kkl.si\/sl\/wp-json\/wp\/v2\/comments?post=24555"}],"version-history":[{"count":9,"href":"https:\/\/www1.kkl.si\/sl\/wp-json\/wp\/v2\/pages\/24555\/revisions"}],"predecessor-version":[{"id":25382,"href":"https:\/\/www1.kkl.si\/sl\/wp-json\/wp\/v2\/pages\/24555\/revisions\/25382"}],"wp:featuredmedia":[{"embeddable":true,"href":"https:\/\/www1.kkl.si\/sl\/wp-json\/wp\/v2\/media\/24542"}],"wp:attachment":[{"href":"https:\/\/www1.kkl.si\/sl\/wp-json\/wp\/v2\/media?parent=24555"}],"curies":[{"name":"wp","href":"https:\/\/api.w.org\/{rel}","templated":true}]}}