{"id":24603,"date":"2025-10-29T15:37:55","date_gmt":"2025-10-29T14:37:55","guid":{"rendered":"https:\/\/www1.kkl.si\/?page_id=24603"},"modified":"2025-11-16T18:35:40","modified_gmt":"2025-11-16T17:35:40","slug":"prospot-d-o-o-nune-v-akciji","status":"publish","type":"page","link":"https:\/\/www1.kkl.si\/sl\/prospot-d-o-o-nune-v-akciji\/","title":{"rendered":"Prospot d.o.o.: Nune v akciji!"},"content":{"rendered":"<div class=\"opis\"><i class=\"fas fa-clock\"><\/i> <strong>nedelja, 16. november 2025, 19.00<\/strong> | Gledali\u0161ka in koncertna dvorana Lendava <img loading=\"lazy\" decoding=\"async\" class=\"alignright\" title=\"Brezpla\u010dna prireditev\" src=\"https:\/\/www1.kkl.si\/wp-content\/uploads\/2020\/07\/spored_simb_brezplacna-1.svg\" alt=\"brezplacna\" width=\"30\" height=\"30\" \/><br \/>\n<i class=\"fas fa-chevron-circle-right\"><\/i> <strong>glasbena komedija<\/strong><br \/>\n<i class=\"fas fa-info-circle\"><\/i> Vstop prost. Brezpla\u010dne vstopnice se lahko prevzamejo na blagajni Gledali\u0161ke in koncertne dvorane Lendava od 3. novembra 2025 dalje. <strong>Na osebo lahko dobite najve\u010d 2 vstopnici.<br \/>\n<\/strong>Blagajna: <i class=\"fas fa-phone-alt\"><\/i> +386 (0)2 577 60 24.<\/p>\n<div class=\"premiera\"><i class=\"fas fa-exclamation-circle\"><\/i> OBVESTILO: Vstopnice za predstavo so po\u0161le!<\/div>\n<p>Organizator: <a href=\"https:\/\/www.kkl.si\/\">Knji\u017enica \u2013 Kulturni center Lendava \u2013 Lendvai K\u00f6nyvt\u00e1r \u00e9s Kultur\u00e1lis K\u00f6zpont<\/a><\/div>\n<p><img loading=\"lazy\" decoding=\"async\" class=\"alignnone size-large wp-image-24604\" src=\"https:\/\/www1.kkl.si\/wp-content\/uploads\/2025\/10\/Nune-v-akciji_glava-1500x462.jpg\" alt=\"\" width=\"1500\" height=\"462\" srcset=\"https:\/\/www1.kkl.si\/wp-content\/uploads\/2025\/10\/Nune-v-akciji_glava-1500x462.jpg 1500w, https:\/\/www1.kkl.si\/wp-content\/uploads\/2025\/10\/Nune-v-akciji_glava-400x123.jpg 400w, https:\/\/www1.kkl.si\/wp-content\/uploads\/2025\/10\/Nune-v-akciji_glava.jpg 1958w\" sizes=\"auto, (max-width: 1500px) 100vw, 1500px\" \/><\/p>\n<p>KKCL PRAZNI\u010cNI PROGRAM 2025<br \/>\n<span style=\"font-size: 24pt;\">Nune v akciji!<\/span><\/p>\n<p>Producent muzikalov <em>Mamma Mia!<\/em> in <em>Briljantina<\/em> Jurij Franko je s svojo produkcijsko hi\u0161o Prospot iz Radovljice, za slovenske odrske deske pripravil \u0161e en veliki svetovni HIT &#8211; glasbeno komedijo <em>Nune v akciji!<\/em><\/p>\n<hr \/>\n<p><strong>Opis:<\/strong><\/p>\n<p>Nune v akciji! (v originalu Nunsense) je izjemno delo avtorja Dana Goggina, ki je bilo premierno uprizorjeno decembra 1985 v gledali\u0161\u010du Cherry Lane in je druga najdlje izvajana predstava na Off-Broadwayu. V zadnjih tridesetih letih je predstava postala pravi mednarodni fenomen, saj je bila prevedena v ve\u010d kot 26 jezikov in si jo je ogledala publika po vsem svetu.<\/p>\n<p>Nune v akciji! je domiselna zgodba o petih redovnicah, ki se znajdejo v denarnih te\u017eavah in so prisiljene pripraviti dobrodelni SHOW, v katerem pa ho\u010de biti vsaka od njih prva zvezda. V nizu nenavadnih situacij se redovnice poka\u017eejo v povsem druga\u010dni lu\u010di, kot smo jih vajeni. V soju reflektorjev ob petju, plesu in smehu vsaka posebej in vse skupaj za\u017earijo na \u010disto samosvoj na\u010din.<\/p>\n<blockquote>\n<p>Predstava, v kateri bo vsak na\u0161el ko\u0161\u010dek samega sebe in ekipa, ki vas bo prepri\u010dala, da je vsak od nas lahko Svetnik.<\/p>\n<\/blockquote>\n<div id=\"appbar\" class=\"appbar\" data-st-cnt=\"appbar\">\n<div data-st-tgt=\"appbar\">\n<div id=\"tU52Vb\">\n<div>\n<div id=\"slim_appbar\" class=\"WE0UJf\">\u00a0<\/div>\n<\/div>\n<\/div>\n<\/div>\n<\/div>\n<div>\n<div class=\"yp1CPe wDYxhc NFQFxe viOShc LKPcQc\" lang=\"sl-SI\" data-md=\"471\">\n<div class=\"V3FYCf\">\n<div class=\"wDYxhc\" lang=\"sl-SI\" data-md=\"61\">\n<div class=\"LGOjhe\" data-attrid=\"wa:\/description\" data-hveid=\"CBoQAA\"><span class=\"BxUVEf ILfuVd\" lang=\"sl\"><span class=\"BxUVEf ILfuVd\" lang=\"sl\"><span class=\"hgKElc pOOWX\"><b>Trajanje<\/b>: predstava traja 2 uri (120 min)\u00a0 in ima en odmor.<\/span><\/span><\/span><\/p>\n<hr \/>\n<\/div>\n<\/div>\n<\/div>\n<\/div>\n<\/div>\n<p><span style=\"font-size: 18pt;\">VIDEO (FACEBOOK)<\/span><\/p>\n<p><iframe loading=\"lazy\" style=\"border: none; overflow: hidden;\" src=\"https:\/\/www.facebook.com\/plugins\/video.php?height=314&amp;href=https%3A%2F%2Fwww.facebook.com%2Foddajanedeljskopopoldne%2Fvideos%2F280389879550487%2F&amp;show_text=false&amp;width=560&amp;t=0\" width=\"1050\" height=\"589\" frameborder=\"0\" scrolling=\"no\" allowfullscreen=\"allowfullscreen\"><\/iframe><\/p>\n<p><strong>Zasedba:<\/strong><br \/>\nMati Prednica: Gojmir Le\u0161njak \u2013 Gojc<br \/>\nSestra Danica: Simona Vodopivec Franko<br \/>\nSestra Vida: Alenka Godec<br \/>\nSestra Amnezija: Marjan Buni\u010d<br \/>\nSestra Lea: Lea Bartha Pesek \/ Tanja Pe\u010denko<br \/>\nSestra Miranda\/Glasbeno vodstvo: Miran Juvan <br \/>\nPlesalci (zasedba se lahko spreminja): Anja Andolj\u0161ek, Matic Bizjak, Miha Florjanc Lukan, Anja Jer\u0161an, Simona Ko\u010dar, Maj \u017dan Per\u0161in, Matej Vou\u0161ek, Tina Turk\/Katja Turk<\/p>\n<hr \/>\n<p><span style=\"font-size: 18pt;\">FOTOGALERIJA<\/span><\/p>\n\n\t\t<style type=\"text\/css\">\n\t\t\t#gallery-1 {\n\t\t\t\tmargin: auto;\n\t\t\t}\n\t\t\t#gallery-1 .gallery-item {\n\t\t\t\tfloat: left;\n\t\t\t\tmargin-top: 10px;\n\t\t\t\ttext-align: center;\n\t\t\t\twidth: 16%;\n\t\t\t}\n\t\t\t#gallery-1 img {\n\t\t\t\tborder: 2px solid #cfcfcf;\n\t\t\t}\n\t\t\t#gallery-1 .gallery-caption {\n\t\t\t\tmargin-left: 0;\n\t\t\t}\n\t\t\t\/* see gallery_shortcode() in wp-includes\/media.php *\/\n\t\t<\/style>\n\t\t<div id='gallery-1' class='gallery galleryid-24603 gallery-columns-6 gallery-size-thumbnail'><dl class='gallery-item'>\n\t\t\t<dt class='gallery-icon landscape'>\n\t\t\t\t<a href='https:\/\/www1.kkl.si\/wp-content\/uploads\/2025\/10\/nune_v_akciji_urska_boljkovac01.jpg'><img loading=\"lazy\" decoding=\"async\" width=\"150\" height=\"150\" src=\"https:\/\/www1.kkl.si\/wp-content\/uploads\/2025\/10\/nune_v_akciji_urska_boljkovac01-150x150.jpg\" class=\"attachment-thumbnail size-thumbnail\" alt=\"\" \/><\/a>\n\t\t\t<\/dt><\/dl><dl class='gallery-item'>\n\t\t\t<dt class='gallery-icon landscape'>\n\t\t\t\t<a href='https:\/\/www1.kkl.si\/wp-content\/uploads\/2025\/10\/nune_v_akciji_urska_boljkovac02.jpg'><img loading=\"lazy\" decoding=\"async\" width=\"150\" height=\"150\" src=\"https:\/\/www1.kkl.si\/wp-content\/uploads\/2025\/10\/nune_v_akciji_urska_boljkovac02-150x150.jpg\" class=\"attachment-thumbnail size-thumbnail\" alt=\"\" \/><\/a>\n\t\t\t<\/dt><\/dl><dl class='gallery-item'>\n\t\t\t<dt class='gallery-icon landscape'>\n\t\t\t\t<a href='https:\/\/www1.kkl.si\/wp-content\/uploads\/2025\/10\/nune_v_akciji_urska_boljkovac03.jpg'><img loading=\"lazy\" decoding=\"async\" width=\"150\" height=\"150\" src=\"https:\/\/www1.kkl.si\/wp-content\/uploads\/2025\/10\/nune_v_akciji_urska_boljkovac03-150x150.jpg\" class=\"attachment-thumbnail size-thumbnail\" alt=\"\" \/><\/a>\n\t\t\t<\/dt><\/dl><dl class='gallery-item'>\n\t\t\t<dt class='gallery-icon portrait'>\n\t\t\t\t<a href='https:\/\/www1.kkl.si\/wp-content\/uploads\/2025\/10\/nune_v_akciji_urska_boljkovac04.jpg'><img loading=\"lazy\" decoding=\"async\" width=\"150\" height=\"150\" src=\"https:\/\/www1.kkl.si\/wp-content\/uploads\/2025\/10\/nune_v_akciji_urska_boljkovac04-150x150.jpg\" class=\"attachment-thumbnail size-thumbnail\" alt=\"\" \/><\/a>\n\t\t\t<\/dt><\/dl><dl class='gallery-item'>\n\t\t\t<dt class='gallery-icon landscape'>\n\t\t\t\t<a href='https:\/\/www1.kkl.si\/wp-content\/uploads\/2025\/10\/nune_v_akciji_urska_boljkovac05.jpg'><img loading=\"lazy\" decoding=\"async\" width=\"150\" height=\"150\" src=\"https:\/\/www1.kkl.si\/wp-content\/uploads\/2025\/10\/nune_v_akciji_urska_boljkovac05-150x150.jpg\" class=\"attachment-thumbnail size-thumbnail\" alt=\"\" \/><\/a>\n\t\t\t<\/dt><\/dl><dl class='gallery-item'>\n\t\t\t<dt class='gallery-icon landscape'>\n\t\t\t\t<a href='https:\/\/www1.kkl.si\/wp-content\/uploads\/2025\/10\/nune_v_akciji_urska_boljkovac06.jpg'><img loading=\"lazy\" decoding=\"async\" width=\"150\" height=\"150\" src=\"https:\/\/www1.kkl.si\/wp-content\/uploads\/2025\/10\/nune_v_akciji_urska_boljkovac06-150x150.jpg\" class=\"attachment-thumbnail size-thumbnail\" alt=\"\" \/><\/a>\n\t\t\t<\/dt><\/dl><br style=\"clear: both\" \/><dl class='gallery-item'>\n\t\t\t<dt class='gallery-icon landscape'>\n\t\t\t\t<a href='https:\/\/www1.kkl.si\/wp-content\/uploads\/2025\/10\/nune_v_akciji_urska_boljkovac07.jpg'><img loading=\"lazy\" decoding=\"async\" width=\"150\" height=\"150\" src=\"https:\/\/www1.kkl.si\/wp-content\/uploads\/2025\/10\/nune_v_akciji_urska_boljkovac07-150x150.jpg\" class=\"attachment-thumbnail size-thumbnail\" alt=\"\" \/><\/a>\n\t\t\t<\/dt><\/dl><dl class='gallery-item'>\n\t\t\t<dt class='gallery-icon landscape'>\n\t\t\t\t<a href='https:\/\/www1.kkl.si\/wp-content\/uploads\/2025\/10\/nune_v_akciji_urska_boljkovac08.jpg'><img loading=\"lazy\" decoding=\"async\" width=\"150\" height=\"150\" src=\"https:\/\/www1.kkl.si\/wp-content\/uploads\/2025\/10\/nune_v_akciji_urska_boljkovac08-150x150.jpg\" class=\"attachment-thumbnail size-thumbnail\" alt=\"\" \/><\/a>\n\t\t\t<\/dt><\/dl><dl class='gallery-item'>\n\t\t\t<dt class='gallery-icon portrait'>\n\t\t\t\t<a href='https:\/\/www1.kkl.si\/wp-content\/uploads\/2025\/10\/nune_v_akciji_urska_boljkovac09.jpg'><img loading=\"lazy\" decoding=\"async\" width=\"150\" height=\"150\" src=\"https:\/\/www1.kkl.si\/wp-content\/uploads\/2025\/10\/nune_v_akciji_urska_boljkovac09-150x150.jpg\" class=\"attachment-thumbnail size-thumbnail\" alt=\"\" \/><\/a>\n\t\t\t<\/dt><\/dl><dl class='gallery-item'>\n\t\t\t<dt class='gallery-icon landscape'>\n\t\t\t\t<a href='https:\/\/www1.kkl.si\/wp-content\/uploads\/2025\/10\/nune_v_akciji_urska_boljkovac10.jpg'><img loading=\"lazy\" decoding=\"async\" width=\"150\" height=\"150\" src=\"https:\/\/www1.kkl.si\/wp-content\/uploads\/2025\/10\/nune_v_akciji_urska_boljkovac10-150x150.jpg\" class=\"attachment-thumbnail size-thumbnail\" alt=\"\" \/><\/a>\n\t\t\t<\/dt><\/dl><dl class='gallery-item'>\n\t\t\t<dt class='gallery-icon landscape'>\n\t\t\t\t<a href='https:\/\/www1.kkl.si\/wp-content\/uploads\/2025\/10\/nune_v_akciji_urska_boljkovac11.jpg'><img loading=\"lazy\" decoding=\"async\" width=\"150\" height=\"150\" src=\"https:\/\/www1.kkl.si\/wp-content\/uploads\/2025\/10\/nune_v_akciji_urska_boljkovac11-150x150.jpg\" class=\"attachment-thumbnail size-thumbnail\" alt=\"\" \/><\/a>\n\t\t\t<\/dt><\/dl><dl class='gallery-item'>\n\t\t\t<dt class='gallery-icon landscape'>\n\t\t\t\t<a href='https:\/\/www1.kkl.si\/wp-content\/uploads\/2025\/10\/nune_v_akciji_urska_boljkovac12.jpg'><img loading=\"lazy\" decoding=\"async\" width=\"150\" height=\"150\" src=\"https:\/\/www1.kkl.si\/wp-content\/uploads\/2025\/10\/nune_v_akciji_urska_boljkovac12-150x150.jpg\" class=\"attachment-thumbnail size-thumbnail\" alt=\"\" \/><\/a>\n\t\t\t<\/dt><\/dl><br style=\"clear: both\" \/>\n\t\t<\/div>\n\n<p><span style=\"font-size: 10pt;\">Foto: Ur\u0161ka Boljkovac<\/span><\/p>\n<hr \/>\n<p><strong>Nune v akciji! \u00bbGrand SHOW\u00ab je pripravila kreativna ekipa:<\/strong><br \/>\nProducent: Jurij Franko<br \/>\nRe\u017eija: Ja\u0161a Jamnik<br \/>\nPrevod in priredba: Drago Mislej \u2013 Mef in Marjan Buni\u010d<br \/>\nKoreografija: Matev\u017e \u010cesen<br \/>\nScenografija: Jo\u017ee Logar<br \/>\nKostumografija: Andrej Vrhovnik<\/p>\n<p>Tehni\u010dna izvedba: Demo produkcija<br \/>\nOblikovanje lu\u010di: Kristjan Vidner<br \/>\nOblikovanje zvoka: Damir Rapi\u0107, Primo\u017e Vozelj, Marko Turel<br \/>\nIzdelava scenografije: Demo produkcija<\/p>\n<p>Produkcija: <a href=\"https:\/\/muzikali.si\/\">Prospot d.o.o.<\/a><\/p>\n<p><strong><a href=\"https:\/\/www1.kkl.si\/wp-content\/uploads\/2025\/10\/plakat_B1_praznicni_program_2025_DVOJ.jpg\" data-lbwps-width=\"2100\" data-lbwps-height=\"3000\" data-lbwps-srcsmall=\"https:\/\/www1.kkl.si\/wp-content\/uploads\/2025\/10\/plakat_B1_praznicni_program_2025_DVOJ.jpg\"><img loading=\"lazy\" decoding=\"async\" class=\"alignnone wp-image-24607 size-large\" src=\"https:\/\/www1.kkl.si\/wp-content\/uploads\/2025\/10\/plakat_B1_praznicni_program_2025_DVOJ-scaled.jpg?_t=1761748768\" alt=\"\" width=\"1050\" height=\"1500\" srcset=\"https:\/\/www1.kkl.si\/wp-content\/uploads\/2025\/10\/plakat_B1_praznicni_program_2025_DVOJ-scaled.jpg 1792w, https:\/\/www1.kkl.si\/wp-content\/uploads\/2025\/10\/plakat_B1_praznicni_program_2025_DVOJ-scaled-280x400.jpg 280w, https:\/\/www1.kkl.si\/wp-content\/uploads\/2025\/10\/plakat_B1_praznicni_program_2025_DVOJ-scaled-1050x1500.jpg 1050w\" sizes=\"auto, (max-width: 1050px) 100vw, 1050px\" \/><\/a><\/strong><\/p>\n<p>Program in predstave je podprlo <a href=\"https:\/\/www.gov.si\/drzavni-organi\/ministrstva\/ministrstvo-za-kulturo\/\">Ministrstvo za kulturo Republike Slovenije<\/a>.<\/p>\n","protected":false},"excerpt":{"rendered":"<p>nedelja, 16. november 2025, 19.00 | Gledali\u0161ka in koncertna dvorana Lendava glasbena komedija Vstop prost. Brezpla\u010dne vstopnice se lahko prevzamejo na blagajni Gledali\u0161ke in koncertne dvorane Lendava od 3. novembra 2025 dalje. Na osebo lahko dobite najve\u010d 2 vstopnici. Blagajna: +386 (0)2 577 60 24. OBVESTILO: Vstopnice za predstavo so po\u0161le! Organizator: Knji\u017enica \u2013 Kulturni [&hellip;]<\/p>\n","protected":false},"author":2,"featured_media":24607,"parent":0,"menu_order":0,"comment_status":"closed","ping_status":"closed","template":"","meta":{"footnotes":""},"class_list":["post-24603","page","type-page","status-publish","has-post-thumbnail","hentry","post","post-with-thumbnail","post-with-thumbnail-icon"],"_links":{"self":[{"href":"https:\/\/www1.kkl.si\/sl\/wp-json\/wp\/v2\/pages\/24603","targetHints":{"allow":["GET"]}}],"collection":[{"href":"https:\/\/www1.kkl.si\/sl\/wp-json\/wp\/v2\/pages"}],"about":[{"href":"https:\/\/www1.kkl.si\/sl\/wp-json\/wp\/v2\/types\/page"}],"author":[{"embeddable":true,"href":"https:\/\/www1.kkl.si\/sl\/wp-json\/wp\/v2\/users\/2"}],"replies":[{"embeddable":true,"href":"https:\/\/www1.kkl.si\/sl\/wp-json\/wp\/v2\/comments?post=24603"}],"version-history":[{"count":17,"href":"https:\/\/www1.kkl.si\/sl\/wp-json\/wp\/v2\/pages\/24603\/revisions"}],"predecessor-version":[{"id":25052,"href":"https:\/\/www1.kkl.si\/sl\/wp-json\/wp\/v2\/pages\/24603\/revisions\/25052"}],"wp:featuredmedia":[{"embeddable":true,"href":"https:\/\/www1.kkl.si\/sl\/wp-json\/wp\/v2\/media\/24607"}],"wp:attachment":[{"href":"https:\/\/www1.kkl.si\/sl\/wp-json\/wp\/v2\/media?parent=24603"}],"curies":[{"name":"wp","href":"https:\/\/api.w.org\/{rel}","templated":true}]}}