{"id":24634,"date":"2025-10-29T17:30:48","date_gmt":"2025-10-29T16:30:48","guid":{"rendered":"https:\/\/www1.kkl.si\/?page_id=24634"},"modified":"2025-11-05T13:04:25","modified_gmt":"2025-11-05T12:04:25","slug":"vid-valic-moska-pamet","status":"publish","type":"page","link":"https:\/\/www1.kkl.si\/sl\/vid-valic-moska-pamet\/","title":{"rendered":"Vid Vali\u010d: Mo\u0161ka pamet"},"content":{"rendered":"<div class=\"opis\"><i class=\"fas fa-clock\"><\/i> t<strong>orek, 2. december 2025, ob 19.00<\/strong> | Gledali\u0161ka in koncertna dvorana Lendava <img loading=\"lazy\" decoding=\"async\" class=\"alignright\" title=\"Brezpla\u010dna prireditev\" src=\"https:\/\/www1.kkl.si\/wp-content\/uploads\/2020\/07\/spored_simb_brezplacna-1.svg\" alt=\"brezplacna\" width=\"30\" height=\"30\" \/><br \/>\n<i class=\"fas fa-chevron-circle-right\"><\/i> <strong>avtorska stand-up komedija<\/strong><br \/>\n<i class=\"fas fa-info-circle\"><\/i> Vstop prost. Brezpla\u010dne vstopnice se lahko prevzamejo na blagajni Gledali\u0161ke in koncertne dvorane Lendava od 3. novembra 2025 dalje. <strong>Na osebo lahko dobite najve\u010d 2 vstopnici.<br \/>\n<\/strong>Blagajna: <i class=\"fas fa-phone-alt\"><\/i> +386 (0)2 577 60 24.<\/p>\n<div class=\"premiera\"><i class=\"fas fa-exclamation-circle\"><\/i> OBVESTILO: Vstopnice za predstavo so po\u0161le!\n<\/div>\n<p>Organizator: <a href=\"https:\/\/www.kkl.si\/\">Knji\u017enica \u2013 Kulturni center Lendava \u2013 Lendvai K\u00f6nyvt\u00e1r \u00e9s Kultur\u00e1lis K\u00f6zpont<\/a><\/div>\n<p>KKCL PRAZNI\u010cNI PROGRAM 2025<br \/>\n<span style=\"font-size: 24pt;\">Vid Vali\u010d: Mo\u0161ka pamet<\/span><\/p>\n<p><strong>Nastopajo\u010di:<\/strong> Vid Vali\u010d, Alen Mastnak, Dino Kapetanovi\u0107, Alen Bori\u0161ek<\/p>\n<p><a href=\"https:\/\/www1.kkl.si\/wp-content\/uploads\/2025\/10\/vid_valic_moska_pamet.jpg\" data-lbwps-width=\"1772\" data-lbwps-height=\"1772\" data-lbwps-srcsmall=\"https:\/\/www1.kkl.si\/wp-content\/uploads\/2025\/10\/vid_valic_moska_pamet-400x400.jpg\"><img loading=\"lazy\" decoding=\"async\" class=\"alignnone size-large wp-image-24635\" src=\"https:\/\/www1.kkl.si\/wp-content\/uploads\/2025\/10\/vid_valic_moska_pamet-1500x1500.jpg\" alt=\"\" width=\"1500\" height=\"1500\" srcset=\"https:\/\/www1.kkl.si\/wp-content\/uploads\/2025\/10\/vid_valic_moska_pamet-1500x1500.jpg 1500w, https:\/\/www1.kkl.si\/wp-content\/uploads\/2025\/10\/vid_valic_moska_pamet-150x150.jpg 150w, https:\/\/www1.kkl.si\/wp-content\/uploads\/2025\/10\/vid_valic_moska_pamet-400x400.jpg 400w, https:\/\/www1.kkl.si\/wp-content\/uploads\/2025\/10\/vid_valic_moska_pamet.jpg 1772w\" sizes=\"auto, (max-width: 1500px) 100vw, 1500px\" \/><\/a><\/p>\n<p><strong>Opis:<\/strong><\/p>\n<p>Zakaj smo mo\u0161ki prepri\u010dani, da imamo prav, \u017eenske pa nam govorite, da se motimo?<\/p>\n<p>Mo\u0161ki smo zelo pametni, vsaj tako mi mislimo, kljub temu da nam \u017eenske redno govorite, da nismo. Ampak mi vztrajamo pri svojem. Na\u0161a pamet je bolj racionalna kot \u017eenska pamet. S tem se tola\u017eimo, ko ugotovimo, da smo vas prizadeli ali spravili v neroden polo\u017eaj. Vendar vztrajamo, ker samo to imamo. Mo\u0161ko pamet! Je posebna, ima svoje pomanjkljivosti in prednosti in pomanjkljivosti, vendar vam je \u017eenskam zelo v\u0161e\u010d. Razen takrat, ko vam ni. <br \/>\nPredstava \u00bbMo\u0161ka pamet\u00ab je komedija o mo\u0161kem in \u017eenskem razmi\u0161ljanju o vsakdanjem \u017eivljenju, odnosih, ljubezni, otrocih, dru\u017eini in seveda o seksu. Pri seksu je namre\u010d najve\u010dja razlika med mo\u0161ko in \u017eensko pametjo, vendar, ker v tej predstavi nastopamo samo mo\u0161ki, o \u017eenski pameti raje ne bomo govoril. Razen tisto, kar je enostavno treba povedati.<\/p>\n<p>Predstavo bodo otvorili trije mladi komiki, ki jih je Vid Vali\u010d povabil, da povejo \u0161e svoje mnenje, saj ga zanima ali je mo\u0161ka pamet vezana samo na posameznika ali kar na celoten mo\u0161ki spol.<\/p>\n<p><em>\u010ce tudi vas to zanima, ste lepo vabljeni na uro in pol zabave, spro\u0161\u010denosti ter smeha.<\/em><\/p>\n<hr \/>\n<p><i class=\"fas fa-link\"><\/i> <a href=\"https:\/\/vidvalic.si\/moska-pamet\/\">https:\/\/vidvalic.si\/moska-pamet\/<\/a><\/p>\n<p>&nbsp;<\/p>\n<p><strong><a href=\"https:\/\/www1.kkl.si\/wp-content\/uploads\/2025\/10\/plakat_B1_praznicni_program_2025_DVOJ.jpg\" data-lbwps-width=\"2100\" data-lbwps-height=\"3000\" data-lbwps-srcsmall=\"https:\/\/www1.kkl.si\/wp-content\/uploads\/2025\/10\/plakat_B1_praznicni_program_2025_DVOJ.jpg\"><img loading=\"lazy\" decoding=\"async\" class=\"alignnone wp-image-24607 size-large\" src=\"https:\/\/www1.kkl.si\/wp-content\/uploads\/2025\/10\/plakat_B1_praznicni_program_2025_DVOJ-scaled.jpg?_t=1761748768\" alt=\"\" width=\"1050\" height=\"1500\" srcset=\"https:\/\/www1.kkl.si\/wp-content\/uploads\/2025\/10\/plakat_B1_praznicni_program_2025_DVOJ-scaled.jpg 1792w, https:\/\/www1.kkl.si\/wp-content\/uploads\/2025\/10\/plakat_B1_praznicni_program_2025_DVOJ-scaled-280x400.jpg 280w, https:\/\/www1.kkl.si\/wp-content\/uploads\/2025\/10\/plakat_B1_praznicni_program_2025_DVOJ-scaled-1050x1500.jpg 1050w\" sizes=\"auto, (max-width: 1050px) 100vw, 1050px\" \/><\/a><\/strong><\/p>\n<p>Program in predstave je podprlo <a href=\"https:\/\/www.gov.si\/drzavni-organi\/ministrstva\/ministrstvo-za-kulturo\/\">Ministrstvo za kulturo Republike Slovenije<\/a>.<\/p>\n","protected":false},"excerpt":{"rendered":"<p>torek, 2. december 2025, ob 19.00 | Gledali\u0161ka in koncertna dvorana Lendava avtorska stand-up komedija Vstop prost. Brezpla\u010dne vstopnice se lahko prevzamejo na blagajni Gledali\u0161ke in koncertne dvorane Lendava od 3. novembra 2025 dalje. Na osebo lahko dobite najve\u010d 2 vstopnici. Blagajna: +386 (0)2 577 60 24. OBVESTILO: Vstopnice za predstavo so po\u0161le! Organizator: Knji\u017enica [&hellip;]<\/p>\n","protected":false},"author":2,"featured_media":24607,"parent":0,"menu_order":0,"comment_status":"closed","ping_status":"closed","template":"","meta":{"footnotes":""},"class_list":["post-24634","page","type-page","status-publish","has-post-thumbnail","hentry","post","post-with-thumbnail","post-with-thumbnail-icon"],"_links":{"self":[{"href":"https:\/\/www1.kkl.si\/sl\/wp-json\/wp\/v2\/pages\/24634","targetHints":{"allow":["GET"]}}],"collection":[{"href":"https:\/\/www1.kkl.si\/sl\/wp-json\/wp\/v2\/pages"}],"about":[{"href":"https:\/\/www1.kkl.si\/sl\/wp-json\/wp\/v2\/types\/page"}],"author":[{"embeddable":true,"href":"https:\/\/www1.kkl.si\/sl\/wp-json\/wp\/v2\/users\/2"}],"replies":[{"embeddable":true,"href":"https:\/\/www1.kkl.si\/sl\/wp-json\/wp\/v2\/comments?post=24634"}],"version-history":[{"count":9,"href":"https:\/\/www1.kkl.si\/sl\/wp-json\/wp\/v2\/pages\/24634\/revisions"}],"predecessor-version":[{"id":24872,"href":"https:\/\/www1.kkl.si\/sl\/wp-json\/wp\/v2\/pages\/24634\/revisions\/24872"}],"wp:featuredmedia":[{"embeddable":true,"href":"https:\/\/www1.kkl.si\/sl\/wp-json\/wp\/v2\/media\/24607"}],"wp:attachment":[{"href":"https:\/\/www1.kkl.si\/sl\/wp-json\/wp\/v2\/media?parent=24634"}],"curies":[{"name":"wp","href":"https:\/\/api.w.org\/{rel}","templated":true}]}}