{"id":24641,"date":"2025-10-29T17:58:37","date_gmt":"2025-10-29T16:58:37","guid":{"rendered":"https:\/\/www1.kkl.si\/?page_id=24641"},"modified":"2025-11-24T12:06:12","modified_gmt":"2025-11-24T11:06:12","slug":"flirrt","status":"publish","type":"page","link":"https:\/\/www1.kkl.si\/sl\/flirrt\/","title":{"rendered":"FLIRRT"},"content":{"rendered":"<div class=\"opis\"><i class=\"fas fa-clock\"><\/i> <strong>petek, 12. december 2025, ob 20.00<\/strong> | Gledali\u0161ka in koncertna dvorana Lendava <img loading=\"lazy\" decoding=\"async\" class=\"alignright\" title=\"Brezpla\u010dna prireditev\" src=\"https:\/\/www1.kkl.si\/wp-content\/uploads\/2020\/07\/spored_simb_brezplacna-1.svg\" alt=\"brezplacna\" width=\"30\" height=\"30\" \/><br \/>\n<i class=\"fas fa-chevron-circle-right\"><\/i> <strong>koncert<\/strong><br \/>\n<i class=\"fas fa-info-circle\"><\/i> Vstop prost. Brezpla\u010dne vstopnice se lahko prevzamejo na blagajni Gledali\u0161ke in koncertne dvorane Lendava od 3. novembra 2025 dalje. <strong>Na osebo lahko dobite najve\u010d 2 vstopnici.<br \/>\n<\/strong>Blagajna: <i class=\"fas fa-phone-alt\"><\/i> +386 (0)2 577 60 24.<\/p>\n<div class=\"premiera\"><i class=\"fas fa-exclamation-circle\"><\/i> OBVESTILO: Vstopnice za koncert so po\u0161le!<\/div>\n<p>Organizator: <a href=\"https:\/\/www.kkl.si\/\">Knji\u017enica \u2013 Kulturni center Lendava \u2013 Lendvai K\u00f6nyvt\u00e1r \u00e9s Kultur\u00e1lis K\u00f6zpont<\/a><\/div>\n<p><a href=\"https:\/\/www1.kkl.si\/wp-content\/uploads\/2025\/10\/FLIRRT_Lendava.jpg\" data-lbwps-width=\"1080\" data-lbwps-height=\"1920\" data-lbwps-srcsmall=\"https:\/\/www1.kkl.si\/wp-content\/uploads\/2025\/10\/FLIRRT_Lendava-225x400.jpg\"><img loading=\"lazy\" decoding=\"async\" class=\"alignnone wp-image-24642 size-full\" src=\"https:\/\/www1.kkl.si\/wp-content\/uploads\/2025\/10\/FLIRRT_Lendava.jpg?_t=1761756364\" alt=\"\" width=\"1080\" height=\"1920\" srcset=\"https:\/\/www1.kkl.si\/wp-content\/uploads\/2025\/10\/FLIRRT_Lendava.jpg 1080w, https:\/\/www1.kkl.si\/wp-content\/uploads\/2025\/10\/FLIRRT_Lendava-225x400.jpg 225w, https:\/\/www1.kkl.si\/wp-content\/uploads\/2025\/10\/FLIRRT_Lendava-844x1500.jpg 844w\" sizes=\"auto, (max-width: 1080px) 100vw, 1080px\" \/><\/a><\/p>\n<p>KKCL PRAZNI\u010cNI PROGRAM 2025<br \/>\n<span style=\"font-size: 24pt;\">Flirrt<\/span><\/p>\n<p><strong>Opis:<\/strong><\/p>\n<p>Leta 2009 se je skupina Flirt ponovno zbrala. Imenu Flirt so dodali \u010drko R, saj niso v isti zasedbi: <strong>Flirrt<\/strong>. Od stare zasedbe Flirt sta se ji vnovi\u010d pridru\u017eila vokalist in avtor pesmi Rok Luna\u010dek ter bobnarka Katarina. K rednim \u010dlanom pa je bil dodan kitarist David Stritar (med drugim tudi kitara pri rock skupini Rattle snake).<\/p>\n<p>\u0160esti album<em> Izpod kovtra<\/em> je hkrati tudi prvi akusti\u010dni album skupine, ki naj bi po besedah \u010dlanov nastal kot posledica sodelovanja z Juretom Longyko v oddaji Iz\u0161tekani. Longyka je namre\u010d Flirrt povabil na koncert Iz\u0161tekanih20 (20. obletnica Iz\u0161tekanih) v Kino \u0160i\u0161ko, decembra 2013, nato pa so Flirrt gostovali \u0161e kot osrednji gosti v oddaji Iz\u0161tekani, januarja 2014. Flirrt so ob 20. obletnici oddaje posneli pesem Iz\u0161tekani, ki pa so jo vnovi\u010d izvedli v januarski oddaji 2014, ko so bili osrednji gostje in potem \u0161e konec leta 2014, ko je bila pesem Iz\u0161tekani bis na koncertu v Kino \u0160i\u0161ki, na koncertu Iz\u0161tekanih 10 in so se jim na odru pridru\u017eili \u0161e glasbeni prijatelji (Hamo, Tinkara Kova\u010d, Katarina Juvan\u010di\u010d in Denis Horvat na \u010delu z Big Band RTV Slovenija).<\/p>\n<p>Ob 20. obletnici skupine, leta 2017, je iz\u0161el prvi del dvojnega albuma<em> Jekyll&amp;Hyde<\/em>. Prvi napovednik dvojnega albuma je bila pesem &#8216;Ne trezen, ne pijan&#8217;. Drugi singel je bil duet z Janezom Zmazkom &#8211; \u017danom, pesem &#8216;Z levo nogo vstat&#8217;. Sledil je singel, ki je swing, jazz, pop, etno pesem &#8216;Neko\u010d sva se pa rada imela&#8217;, pri kateri so fantje sodelovali s priznanim harmonika\u0161em, Juretom Torijem. Temu je sledila parodija &#8216;Kristina&#8217;, za katero je skupina posnela tudi video. Nato pa so znova izdali singel z Juretom Torijem z naslovom &#8216;Nima\u0161 kaj za zgubit, sledil je singel &#8216;Punca v belem&#8217;, potem nostalgi\u010dna pesem &#8217;20 let nazaj&#8217;.<\/p>\n<p>Leta 2021 so posneli priredbo lastne zimzelene &#8216;Romeo in Julija&#8217;, ki je bila 5 tednov najbolj predvajana skladba. Sledila je pesem &#8216;Ko le\u017eiva&#8217; in potem \u0161e priredba pesmi &#8216;Ona 2023&#8217;.<\/p>\n<p>Jeseni 2023 je bend izdal pesem &#8216;Kometa&#8217;, kateri je spomladi 2024 sledila \u0161e pesem &#8216;Ostani za vedno&#8217;.<\/p>\n<p>Najnovej\u0161i singel je bil izdan jeseni 2024 &#8211; <em>Za naju.<\/em><\/p>\n<hr \/>\n<p><span style=\"font-size: 18pt;\"><i class=\"fas fa-play-circle\"><\/i> VIDEO<\/span><\/p>\n<p><iframe loading=\"lazy\" title=\"FLIRRT - Blizu   (Official lyric video)\" width=\"720\" height=\"405\" src=\"https:\/\/www.youtube.com\/embed\/uJAyxrsO_MQ?feature=oembed\" frameborder=\"0\" allow=\"accelerometer; autoplay; clipboard-write; encrypted-media; gyroscope; picture-in-picture; web-share\" referrerpolicy=\"strict-origin-when-cross-origin\" allowfullscreen><\/iframe><\/p>\n<p><iframe loading=\"lazy\" title=\"FLIRRT - Punca v belem (Cvetli\u010darna 2023)\" width=\"720\" height=\"405\" src=\"https:\/\/www.youtube.com\/embed\/v7jGQdJCtJU?feature=oembed\" frameborder=\"0\" allow=\"accelerometer; autoplay; clipboard-write; encrypted-media; gyroscope; picture-in-picture; web-share\" referrerpolicy=\"strict-origin-when-cross-origin\" allowfullscreen><\/iframe><\/p>\n<p><iframe loading=\"lazy\" title=\"FLIRRT - Vse je v redu (Official video)\" width=\"720\" height=\"405\" src=\"https:\/\/www.youtube.com\/embed\/uyZPhAkSK90?feature=oembed\" frameborder=\"0\" allow=\"accelerometer; autoplay; clipboard-write; encrypted-media; gyroscope; picture-in-picture; web-share\" referrerpolicy=\"strict-origin-when-cross-origin\" allowfullscreen><\/iframe><\/p>\n<p><iframe loading=\"lazy\" title=\"FLIRRT - Ostani za vedno (Official video)\" width=\"720\" height=\"405\" src=\"https:\/\/www.youtube.com\/embed\/IrhGUndNuU8?feature=oembed\" frameborder=\"0\" allow=\"accelerometer; autoplay; clipboard-write; encrypted-media; gyroscope; picture-in-picture; web-share\" referrerpolicy=\"strict-origin-when-cross-origin\" allowfullscreen><\/iframe><\/p>\n<hr \/>\n<p><i class=\"fas fa-link\"><\/i> <a href=\"https:\/\/flirrt.net\/\">https:\/\/flirrt.net\/<\/a><br \/>\n<i class=\"fab fa-facebook\"><\/i> <a href=\"https:\/\/www.facebook.com\/FLIRRT\/\">Facebook &#8211;\u00a0FLIRRT<\/a><br \/>\n<i class=\"fab fa-youtube\"><\/i> <a href=\"https:\/\/www.youtube.com\/channel\/UCG8y8ww_mHidR8410PLHQyg\">FLIRRT &#8211; Official (Youtube)<\/a><\/p>\n<p><strong><a href=\"https:\/\/www1.kkl.si\/wp-content\/uploads\/2025\/10\/plakat_B1_praznicni_program_2025_DVOJ.jpg\" data-lbwps-width=\"2100\" data-lbwps-height=\"3000\" data-lbwps-srcsmall=\"https:\/\/www1.kkl.si\/wp-content\/uploads\/2025\/10\/plakat_B1_praznicni_program_2025_DVOJ.jpg\"><img loading=\"lazy\" decoding=\"async\" class=\"alignnone wp-image-24607 size-large\" src=\"https:\/\/www1.kkl.si\/wp-content\/uploads\/2025\/10\/plakat_B1_praznicni_program_2025_DVOJ-scaled.jpg?_t=1761748768\" alt=\"\" width=\"1050\" height=\"1500\" srcset=\"https:\/\/www1.kkl.si\/wp-content\/uploads\/2025\/10\/plakat_B1_praznicni_program_2025_DVOJ-scaled.jpg 1792w, https:\/\/www1.kkl.si\/wp-content\/uploads\/2025\/10\/plakat_B1_praznicni_program_2025_DVOJ-scaled-280x400.jpg 280w, https:\/\/www1.kkl.si\/wp-content\/uploads\/2025\/10\/plakat_B1_praznicni_program_2025_DVOJ-scaled-1050x1500.jpg 1050w\" sizes=\"auto, (max-width: 1050px) 100vw, 1050px\" \/><\/a><\/strong><\/p>\n<p>Program in predstave je podprlo <a href=\"https:\/\/www.gov.si\/drzavni-organi\/ministrstva\/ministrstvo-za-kulturo\/\">Ministrstvo za kulturo Republike Slovenije<\/a>.<\/p>\n","protected":false},"excerpt":{"rendered":"<p>petek, 12. december 2025, ob 20.00 | Gledali\u0161ka in koncertna dvorana Lendava koncert Vstop prost. Brezpla\u010dne vstopnice se lahko prevzamejo na blagajni Gledali\u0161ke in koncertne dvorane Lendava od 3. novembra 2025 dalje. Na osebo lahko dobite najve\u010d 2 vstopnici. Blagajna: +386 (0)2 577 60 24. OBVESTILO: Vstopnice za koncert so po\u0161le! Organizator: Knji\u017enica \u2013 Kulturni [&hellip;]<\/p>\n","protected":false},"author":2,"featured_media":24607,"parent":0,"menu_order":0,"comment_status":"closed","ping_status":"closed","template":"","meta":{"footnotes":""},"class_list":["post-24641","page","type-page","status-publish","has-post-thumbnail","hentry","post","post-with-thumbnail","post-with-thumbnail-icon"],"_links":{"self":[{"href":"https:\/\/www1.kkl.si\/sl\/wp-json\/wp\/v2\/pages\/24641","targetHints":{"allow":["GET"]}}],"collection":[{"href":"https:\/\/www1.kkl.si\/sl\/wp-json\/wp\/v2\/pages"}],"about":[{"href":"https:\/\/www1.kkl.si\/sl\/wp-json\/wp\/v2\/types\/page"}],"author":[{"embeddable":true,"href":"https:\/\/www1.kkl.si\/sl\/wp-json\/wp\/v2\/users\/2"}],"replies":[{"embeddable":true,"href":"https:\/\/www1.kkl.si\/sl\/wp-json\/wp\/v2\/comments?post=24641"}],"version-history":[{"count":15,"href":"https:\/\/www1.kkl.si\/sl\/wp-json\/wp\/v2\/pages\/24641\/revisions"}],"predecessor-version":[{"id":24861,"href":"https:\/\/www1.kkl.si\/sl\/wp-json\/wp\/v2\/pages\/24641\/revisions\/24861"}],"wp:featuredmedia":[{"embeddable":true,"href":"https:\/\/www1.kkl.si\/sl\/wp-json\/wp\/v2\/media\/24607"}],"wp:attachment":[{"href":"https:\/\/www1.kkl.si\/sl\/wp-json\/wp\/v2\/media?parent=24641"}],"curies":[{"name":"wp","href":"https:\/\/api.w.org\/{rel}","templated":true}]}}