{"id":24651,"date":"2025-10-29T18:31:16","date_gmt":"2025-10-29T17:31:16","guid":{"rendered":"https:\/\/www1.kkl.si\/?page_id=24651"},"modified":"2025-12-19T07:53:52","modified_gmt":"2025-12-19T06:53:52","slug":"bozicni-koncert-orkestra-slovenske-policije","status":"publish","type":"page","link":"https:\/\/www1.kkl.si\/sl\/bozicni-koncert-orkestra-slovenske-policije\/","title":{"rendered":"Bo\u017ei\u010dni koncert Orkestra Slovenske policije"},"content":{"rendered":"<div class=\"opis\"><i class=\"fas fa-clock\"><\/i> <strong>ponedeljek, 22. december 2025, ob 19.00<\/strong> | Gledali\u0161ka in koncertna dvorana Lendava <img loading=\"lazy\" decoding=\"async\" class=\"alignright\" title=\"Brezpla\u010dna prireditev\" src=\"https:\/\/www1.kkl.si\/wp-content\/uploads\/2020\/07\/spored_simb_brezplacna-1.svg\" alt=\"brezplacna\" width=\"30\" height=\"30\" \/><br \/>\n<i class=\"fas fa-chevron-circle-right\"><\/i> <strong>koncert<\/strong><br \/>\n<i class=\"fas fa-info-circle\"><\/i> Vstop prost. Brezpla\u010dne vstopnice se lahko prevzamejo na blagajni Gledali\u0161ke in koncertne dvorane Lendava od 3. novembra 2025 dalje. <strong>Na osebo lahko dobite najve\u010d 2 vstopnici.<br \/>\n<\/strong>Blagajna: <i class=\"fas fa-phone-alt\"><\/i> +386 (0)2 577 60 24.<\/p>\n<div class=\"premiera\"><i class=\"fas fa-exclamation-circle\"><\/i> OBVESTILO: Vstopnice za koncert so po\u0161le!<\/div>\n<p>\nOrganizator: <a href=\"https:\/\/www.kkl.si\/\">Knji\u017enica \u2013 Kulturni center Lendava \u2013 Lendvai K\u00f6nyvt\u00e1r \u00e9s Kultur\u00e1lis K\u00f6zpont<\/a><\/div>\n<p><a href=\"https:\/\/www1.kkl.si\/wp-content\/uploads\/2025\/10\/policijski_orkester.jpg\" data-lbwps-width=\"2000\" data-lbwps-height=\"1126\" data-lbwps-srcsmall=\"https:\/\/www1.kkl.si\/wp-content\/uploads\/2025\/10\/policijski_orkester-400x225.jpg\"><img loading=\"lazy\" decoding=\"async\" class=\"alignnone size-large wp-image-24653\" src=\"https:\/\/www1.kkl.si\/wp-content\/uploads\/2025\/10\/policijski_orkester-1500x845.jpg\" alt=\"\" width=\"1500\" height=\"845\" srcset=\"https:\/\/www1.kkl.si\/wp-content\/uploads\/2025\/10\/policijski_orkester-1500x845.jpg 1500w, https:\/\/www1.kkl.si\/wp-content\/uploads\/2025\/10\/policijski_orkester-400x225.jpg 400w, https:\/\/www1.kkl.si\/wp-content\/uploads\/2025\/10\/policijski_orkester.jpg 2000w\" sizes=\"auto, (max-width: 1500px) 100vw, 1500px\" \/><\/a><\/p>\n<p style=\"text-align: center;\">KKCL PRAZNI\u010cNI PROGRAM 2025<\/p>\n<p style=\"text-align: center;\"><span style=\"font-size: 18pt;\">Bo\u017ei\u010dni koncert Orkestra Slovenske policije<\/span><\/p>\n<p style=\"text-align: center;\">dirigent: Nejc BE\u010cAN<br \/>\ngostja: Alenka GOTAR<\/p>\n<p style=\"text-align: center;\">\n<span style=\"font-size: 36pt;\"><strong>PROGRAM<\/strong><\/span><\/p>\n<p>1. George Whitefield CHADWICK\/arr.: Howard BOWLIN \u2013\u00a0<strong><em>JUBILEE<\/em><\/strong><\/p>\n<p>2. Johannes BRAHMS\/arr.: Max VILLINGER \u2013\u00a0<strong><em>MAD\u017dARSKI PLESI \u0161t. 1, 5 in 6<\/em><\/strong><\/p>\n<p>3. Bojan ADAMI\u010c\/arr.: Patrik Greblo \u2013\u00a0<strong><em>PRELEPA SI BELA LJUBLJANA<\/em><\/strong><\/p>\n<p>4. Giacomo PUCCINI\/arr.: Ladislav LE\u0160KO \u2013\u00a0<strong><em>O MIO BABBINO CARO<\/em><\/strong> (solo: Alenka GOTAR, vokal)<\/p>\n<p>5. Mojmir SEPE, Du\u0161an VELKAVERH\/arr.: Lojze KRAJN\u010cAN \u2013\u00a0<strong><em>MED ISKRENIMI LJUDMI<\/em><\/strong> (solo: Alenka GOTAR, vokal)<\/p>\n<p>6. Georges BIZET\/arr.: Michael PURVES-SMITH \u2013\u00a0<strong><em>HABANERA<\/em><\/strong> (solo: Alenka GOTAR, vokal)<\/p>\n<p>7. Franz LEHAR\/arr.: Jos DOBBELSTEIN \u2013\u00a0<strong><em>MEINE LIPPEN SIE KUSSEN SO HEISS<\/em><\/strong> (solo: Alenka GOTAR, vokal)<\/p>\n<p>8. Mojmir SEPE, Du\u0161an VELKAVERH\/arr.: Lojze KRAJN\u010cAN \u2013\u00a0<strong><em>MED ISKRENIMI LJUDMI<\/em><\/strong> (solo: Alenka GOTAR, vokal)<\/p>\n<p>9. Francesco SARTORI, Lucio QUARANTOTTO\/arr.: Willy HAUTVAST \u2013\u00a0<strong><em>TIME TO SAY GOODBYE<\/em><\/strong> (solo: Alenka GOTAR, vokal)<\/p>\n<p>10. Giacomo PUCCINI\/arr.: Kazuhiro MORITA \u2013\u00a0<strong><em>BO\u017dI\u010cNI PRIZORI<\/em><\/strong>\u00a0iz opere \u201cLa Boheme\u201d<\/p>\n<p>11. Bedrich SMETANA\/arr.: John KLINE \u2013\u00a0<strong><em>POLKA<\/em>\u00a0<\/strong>iz operete \u201cProdana nevesta\u201d<\/p>\n<p>12. Michael MARKOWSKI \u2013\u00a0<strong><em>JOYRIDE<\/em><\/strong><\/p>\n<hr \/>\n<p><strong>Opis:<\/strong><\/p>\n<p>Kakovost in prepoznavnost Policijskega orkestra sta rasli vse od njegove ustanovitve leta 1948, pravi razcvet pa je do\u017eivel v zadnjih desetletjih, vzporedno z rojstvom nove dr\u017eave.<\/p>\n<p>Leta 1994 je slovenska vlada takratni glasbeni sestav imenovala za uradni protokolarni orkester Republike Slovenije, ki se od leta 2001 uradno imenuje Policijski orkester.<\/p>\n<p>\u0160tevilni dirigenti in umetni\u0161ki vodje so vzgajali in razvijali orkester, izbolj\u0161evali njegovo strokovnost ter bogatili njegov glasbeni repertoar. Z njihovo pomo\u010djo je orkester nadgradil svoj umetni\u0161ki izraz ter izoblikoval pravi simfoni\u010dni zvok, ki je \u0161e danes njegova zna\u010dilnost in odlika.<\/p>\n<p><iframe loading=\"lazy\" title=\"Predstavitev policijskega orkestra in njegovih dejavnosti, izobra\u017eevalni program za najmlaj\u0161e\" width=\"720\" height=\"405\" src=\"https:\/\/www.youtube.com\/embed\/zzn94XE0sO8?feature=oembed\" frameborder=\"0\" allow=\"accelerometer; autoplay; clipboard-write; encrypted-media; gyroscope; picture-in-picture; web-share\" referrerpolicy=\"strict-origin-when-cross-origin\" allowfullscreen><\/iframe><\/p>\n<p>\u010clani orkestra s svojim delom povezujejo Policijo in slovenske dr\u017eavljane. S svojim glasbenim in operativnim delom, strokovnostjo, zavzetostjo, predanostjo in zavezanostjo dvojnemu poklicu glasbenika in policista so v \u010dast in ponos ne le Policiji, temve\u010d tudi slovenski dr\u017eavi.<\/p>\n<p>Orkester izvaja vse zvrsti glasbe, od originalnih del za pihalni orkester, priredb klasi\u010dne glasbe, operne in baletne glasbe do popevk, jazza ter nepogre\u0161ljive narodno-zabavne glasbe. Sloves in kakovost orkestra sta k ustvarjanju doslej spodbudila \u0161tevilne slovenske skladatelje in aran\u017eerje, ki so prispevali svoja glasbena dela ter dodatno popestrili in obogatili \u017ee tako zajeten notni arhiv.<\/p>\n<p><iframe loading=\"lazy\" title=\"Policijski orkester - POSLU\u0160AJTE VSI LJUDJE (arr. P. Tovornik)\" width=\"720\" height=\"405\" src=\"https:\/\/www.youtube.com\/embed\/ME1IgNPdKkQ?feature=oembed\" frameborder=\"0\" allow=\"accelerometer; autoplay; clipboard-write; encrypted-media; gyroscope; picture-in-picture; web-share\" referrerpolicy=\"strict-origin-when-cross-origin\" allowfullscreen><\/iframe><\/p>\n<p><iframe loading=\"lazy\" title=\"Policijski orkester - ZVEZDE NA NEBU \u017dARE (arr. P. Tovornik)\" width=\"720\" height=\"405\" src=\"https:\/\/www.youtube.com\/embed\/fKJ7t_0oqJA?feature=oembed\" frameborder=\"0\" allow=\"accelerometer; autoplay; clipboard-write; encrypted-media; gyroscope; picture-in-picture; web-share\" referrerpolicy=\"strict-origin-when-cross-origin\" allowfullscreen><\/iframe><\/p>\n<p>&nbsp;<\/p>\n<hr \/>\n<blockquote>\n<p><strong><a href=\"https:\/\/www1.kkl.si\/wp-content\/uploads\/2025\/10\/alenka_gotar.jpg\" data-lbwps-width=\"1367\" data-lbwps-height=\"2048\" data-lbwps-srcsmall=\"https:\/\/www1.kkl.si\/wp-content\/uploads\/2025\/10\/alenka_gotar-267x400.jpg\"><img loading=\"lazy\" decoding=\"async\" class=\"alignright size-thumbnail wp-image-24656\" src=\"https:\/\/www1.kkl.si\/wp-content\/uploads\/2025\/10\/alenka_gotar-150x150.jpg\" alt=\"\" width=\"150\" height=\"150\" \/><\/a><span style=\"font-size: 18pt;\">O Alenki Gotar:<\/span><\/strong><br \/>\nAlenka Gotar spada med najbolj\u0161e slovenske operne pevke. \u0160tudirala je v \u0160vici in magistrirala na znamenitem salzbur\u0161kem Mozarteumu.<\/p>\n<p>Za njo je izjemna mednarodna operna kariera, bila je solistka obeh slovenskih dr\u017eavnih oper, s skladbo <strong><em>Cvet z juga<\/em><\/strong> pa je uspe\u0161no zastopala Slovenijo na Eurosongu.<\/p>\n<\/blockquote>\n<p>&nbsp;<\/p>\n<p><iframe loading=\"lazy\" title=\"Alenka Gotar - Cvet Z Juga (LIVE) | Slovenia \ud83c\uddf8\ud83c\uddee | Grand Final | Eurovision 2007\" width=\"720\" height=\"405\" src=\"https:\/\/www.youtube.com\/embed\/KKrOMagZnMI?feature=oembed\" frameborder=\"0\" allow=\"accelerometer; autoplay; clipboard-write; encrypted-media; gyroscope; picture-in-picture; web-share\" referrerpolicy=\"strict-origin-when-cross-origin\" allowfullscreen><\/iframe><\/p>\n<p><iframe loading=\"lazy\" title=\"SVETA NO\u010c, An\u017ee \u0160u\u0161tar in Alenka Gotar\" width=\"720\" height=\"405\" src=\"https:\/\/www.youtube.com\/embed\/3FszAFEmk3M?feature=oembed\" frameborder=\"0\" allow=\"accelerometer; autoplay; clipboard-write; encrypted-media; gyroscope; picture-in-picture; web-share\" referrerpolicy=\"strict-origin-when-cross-origin\" allowfullscreen><\/iframe><\/p>\n<hr \/>\n<p><i class=\"fas fa-link\"><\/i> <a href=\"https:\/\/www.policija.si\/o-slovenski-policiji\/orkester\">Policijski orkester<\/a><br \/>\n<i class=\"fab fa-youtube\"><\/i> <a href=\"https:\/\/www.youtube.com\/@slovenskapolicija4008\">Slovenska policija (Youtube)<\/a><\/p>\n<p><strong><a href=\"https:\/\/www1.kkl.si\/wp-content\/uploads\/2025\/10\/plakat_B1_praznicni_program_2025_DVOJ.jpg\" data-lbwps-width=\"2100\" data-lbwps-height=\"3000\" data-lbwps-srcsmall=\"https:\/\/www1.kkl.si\/wp-content\/uploads\/2025\/10\/plakat_B1_praznicni_program_2025_DVOJ.jpg\"><img loading=\"lazy\" decoding=\"async\" class=\"alignnone wp-image-24607 size-large\" src=\"https:\/\/www1.kkl.si\/wp-content\/uploads\/2025\/10\/plakat_B1_praznicni_program_2025_DVOJ-scaled.jpg?_t=1761748768\" alt=\"\" width=\"1050\" height=\"1500\" srcset=\"https:\/\/www1.kkl.si\/wp-content\/uploads\/2025\/10\/plakat_B1_praznicni_program_2025_DVOJ-scaled.jpg 1792w, https:\/\/www1.kkl.si\/wp-content\/uploads\/2025\/10\/plakat_B1_praznicni_program_2025_DVOJ-scaled-280x400.jpg 280w, https:\/\/www1.kkl.si\/wp-content\/uploads\/2025\/10\/plakat_B1_praznicni_program_2025_DVOJ-scaled-1050x1500.jpg 1050w\" sizes=\"auto, (max-width: 1050px) 100vw, 1050px\" \/><\/a><\/strong><\/p>\n<p>Program in predstave je podprlo <a href=\"https:\/\/www.gov.si\/drzavni-organi\/ministrstva\/ministrstvo-za-kulturo\/\">Ministrstvo za kulturo Republike Slovenije<\/a>.<\/p>\n","protected":false},"excerpt":{"rendered":"<p>ponedeljek, 22. december 2025, ob 19.00 | Gledali\u0161ka in koncertna dvorana Lendava koncert Vstop prost. Brezpla\u010dne vstopnice se lahko prevzamejo na blagajni Gledali\u0161ke in koncertne dvorane Lendava od 3. novembra 2025 dalje. Na osebo lahko dobite najve\u010d 2 vstopnici. Blagajna: +386 (0)2 577 60 24. OBVESTILO: Vstopnice za koncert so po\u0161le! Organizator: Knji\u017enica \u2013 Kulturni [&hellip;]<\/p>\n","protected":false},"author":2,"featured_media":24607,"parent":0,"menu_order":0,"comment_status":"closed","ping_status":"closed","template":"","meta":{"footnotes":""},"class_list":["post-24651","page","type-page","status-publish","has-post-thumbnail","hentry","post","post-with-thumbnail","post-with-thumbnail-icon"],"_links":{"self":[{"href":"https:\/\/www1.kkl.si\/sl\/wp-json\/wp\/v2\/pages\/24651","targetHints":{"allow":["GET"]}}],"collection":[{"href":"https:\/\/www1.kkl.si\/sl\/wp-json\/wp\/v2\/pages"}],"about":[{"href":"https:\/\/www1.kkl.si\/sl\/wp-json\/wp\/v2\/types\/page"}],"author":[{"embeddable":true,"href":"https:\/\/www1.kkl.si\/sl\/wp-json\/wp\/v2\/users\/2"}],"replies":[{"embeddable":true,"href":"https:\/\/www1.kkl.si\/sl\/wp-json\/wp\/v2\/comments?post=24651"}],"version-history":[{"count":12,"href":"https:\/\/www1.kkl.si\/sl\/wp-json\/wp\/v2\/pages\/24651\/revisions"}],"predecessor-version":[{"id":25443,"href":"https:\/\/www1.kkl.si\/sl\/wp-json\/wp\/v2\/pages\/24651\/revisions\/25443"}],"wp:featuredmedia":[{"embeddable":true,"href":"https:\/\/www1.kkl.si\/sl\/wp-json\/wp\/v2\/media\/24607"}],"wp:attachment":[{"href":"https:\/\/www1.kkl.si\/sl\/wp-json\/wp\/v2\/media?parent=24651"}],"curies":[{"name":"wp","href":"https:\/\/api.w.org\/{rel}","templated":true}]}}