{"id":25098,"date":"2025-11-19T11:12:13","date_gmt":"2025-11-19T10:12:13","guid":{"rendered":"https:\/\/www1.kkl.si\/?page_id=25098"},"modified":"2025-11-24T12:51:11","modified_gmt":"2025-11-24T11:51:11","slug":"sam-prjatla-zan-papic-in-melani-mekicar","status":"publish","type":"page","link":"https:\/\/www1.kkl.si\/sl\/sam-prjatla-zan-papic-in-melani-mekicar\/","title":{"rendered":"SAM PRJATLA \u2013 \u017dan Papi\u010d in Melani Mekicar"},"content":{"rendered":"<div class=\"opis\"><i class=\"fas fa-clock\"><\/i> <strong>Torek, 9. december 2025, ob 19.00 uri<\/strong> | Gledali\u0161ka in koncertna dvorana Lendava<img loading=\"lazy\" decoding=\"async\" class=\"alignright\" title=\"Pla\u010dljiva prireditev\" src=\"https:\/\/www1.kkl.si\/wp-content\/uploads\/2020\/07\/spored_simb_placljiva-1.svg\" alt=\"placljiva\" width=\"30\" height=\"30\" \/><br \/>\n<i class=\"fas fa-chevron-circle-right\"><\/i> <strong>romanti\u010dna komedija\u00a0<span class=\"starost\">15+<\/span><\/strong><br \/>\n<i class=\"fas fa-ticket-alt\"><\/i> Cena vstopnice: <strong>20 \u20ac<\/strong><br \/>\nVstopnice so na voljo na <a href=\"https:\/\/www.eventim.si\/artist\/sam-prjatla\/sam-prjatla-lendava-4027674\/\">Eventimu<\/a> in <a href=\"https:\/\/www.petrol.si\/\">Petrolu<\/a> ter na blagajni Gledali\u0161ke in koncertne dvorane Lendava (blagajna: <i class=\"fas fa-phone-alt\"><\/i> +386 (0)2 577 60 24). <em>Vstopnice so \u017ee v prodaji \u2013 pohitite!<\/em><br \/>\nOrganizator: <a href=\"https:\/\/salomat.si\/\">\u0160alomat d.o.o.<\/a><\/div>\n<p><strong><a href=\"https:\/\/www1.kkl.si\/wp-content\/uploads\/2025\/11\/sam_prjatla_foto_Dejan_Nikolic_3000px.jpg\" data-lbwps-width=\"2000\" data-lbwps-height=\"3000\" data-lbwps-srcsmall=\"https:\/\/www1.kkl.si\/wp-content\/uploads\/2025\/11\/sam_prjatla_foto_Dejan_Nikolic_3000px.jpg\"><img loading=\"lazy\" decoding=\"async\" class=\"alignright size-medium wp-image-25100\" src=\"https:\/\/www1.kkl.si\/wp-content\/uploads\/2025\/11\/sam_prjatla_foto_Dejan_Nikolic_3000px-scaled-267x400.jpg\" alt=\"\" width=\"267\" height=\"400\" srcset=\"https:\/\/www1.kkl.si\/wp-content\/uploads\/2025\/11\/sam_prjatla_foto_Dejan_Nikolic_3000px-scaled-267x400.jpg 267w, https:\/\/www1.kkl.si\/wp-content\/uploads\/2025\/11\/sam_prjatla_foto_Dejan_Nikolic_3000px-scaled-1000x1500.jpg 1000w, https:\/\/www1.kkl.si\/wp-content\/uploads\/2025\/11\/sam_prjatla_foto_Dejan_Nikolic_3000px-scaled.jpg 1707w\" sizes=\"auto, (max-width: 267px) 100vw, 267px\" \/><\/a>Romanti\u010dna komedija z \u017danom Papi\u010dem in Melani Mekicar &#8211; SAM PRJATLA<\/strong><\/p>\n<p style=\"padding-left: 40px;\"><span style=\"font-size: 18pt;\">Kaj se zgodi, ko se fant in dekle spoznata na Tinderju? Melani Mekicar in \u017dan Papi\u010d v razburljivi komediji raziskujeta odnose, polne nevih in \u010dustvenih poplav.<\/span><\/p>\n<p>&nbsp;<\/p>\n<p><strong>O PREDSTAVI:<\/strong><\/p>\n<p>Fant in dekle se spoznata na predavanjih. Potem on njo povabi na ve\u010derjo, ona njega na izlet, iskrica presko\u010di in po nekaj mesecih dru\u017eenja pristaneta v postelji \u2013 ja tako je bilo neko\u010d. Danes se fant in dekle spoznata na Tinderju, presko\u010dita vse ostalo ter pristaneta naravnost med rjuhami.<\/p>\n<p>Kaj to pomeni za njun odnos, je taka zveza vnaprej obsojena na propad in ali imajo mo\u0161ki RES \u010dustva? Na vsa ta in \u0161e vsaj tri druga vpra\u0161anja odgovarja nova romanti\u010dna komedija \u201cSam prjatla\u201d, v kateri se Melani Mekicar in \u017dan Papi\u010d po burno pre\u017eiveti no\u010di odlo\u010dita, da bi lahko sre\u010danje kdaj \u0161e ponovila \u2026 in ga.<\/p>\n<p>Sledi razburljiv koktajl razumskih neviht, intelektualnih potresov in \u010dustvenih poplav, na\u0161a junaka pa kljub naravnim katastrofam, zna\u010dilnim za vsako normalno zvezo vztrajata skupaj, \u010deprav se tudi med zvoki poro\u010dne kora\u010dnice \u0161e vedno prepre\u010dujeta da sta: \u201cSam prjatla\u201d.<\/p>\n<p>Igrata: \u017dan Papi\u010d in Melani Mekica<br \/>\nRe\u017eiser: Igor Bra\u010di\u010d<br \/>\nFoto: Dejan Nikoli\u010d<\/p>\n<p>Produkcija: \u0160alomat d.o.o., Ljubljana<\/p>\n<p><a href=\"https:\/\/www1.kkl.si\/wp-content\/uploads\/2025\/11\/sam_prjatla_B2_plakat_splet.jpg\" data-lbwps-width=\"1768\" data-lbwps-height=\"2500\" data-lbwps-srcsmall=\"https:\/\/www1.kkl.si\/wp-content\/uploads\/2025\/11\/sam_prjatla_B2_plakat_splet-283x400.jpg\"><img loading=\"lazy\" decoding=\"async\" class=\"slika alignnone wp-image-25096 size-large\" src=\"https:\/\/www1.kkl.si\/wp-content\/uploads\/2025\/11\/sam_prjatla_B2_plakat_splet-1061x1500.jpg\" alt=\"\" width=\"1061\" height=\"1500\" srcset=\"https:\/\/www1.kkl.si\/wp-content\/uploads\/2025\/11\/sam_prjatla_B2_plakat_splet-1061x1500.jpg 1061w, https:\/\/www1.kkl.si\/wp-content\/uploads\/2025\/11\/sam_prjatla_B2_plakat_splet-283x400.jpg 283w, https:\/\/www1.kkl.si\/wp-content\/uploads\/2025\/11\/sam_prjatla_B2_plakat_splet.jpg 1768w\" sizes=\"auto, (max-width: 1061px) 100vw, 1061px\" \/><\/a><\/p>\n<hr \/>\n<p><i class=\"fas fa-link\"><\/i> <a href=\"https:\/\/salomat.si\/#sam-prjatla\">Sam Prjatla<\/a><\/p>\n","protected":false},"excerpt":{"rendered":"<p>Torek, 9. december 2025, ob 19.00 uri | Gledali\u0161ka in koncertna dvorana Lendava romanti\u010dna komedija\u00a015+ Cena vstopnice: 20 \u20ac Vstopnice so na voljo na Eventimu in Petrolu ter na blagajni Gledali\u0161ke in koncertne dvorane Lendava (blagajna: +386 (0)2 577 60 24). Vstopnice so \u017ee v prodaji \u2013 pohitite! Organizator: \u0160alomat d.o.o. Romanti\u010dna komedija z \u017danom [&hellip;]<\/p>\n","protected":false},"author":2,"featured_media":25096,"parent":0,"menu_order":0,"comment_status":"closed","ping_status":"closed","template":"","meta":{"footnotes":""},"class_list":["post-25098","page","type-page","status-publish","has-post-thumbnail","hentry","post","post-with-thumbnail","post-with-thumbnail-icon"],"_links":{"self":[{"href":"https:\/\/www1.kkl.si\/sl\/wp-json\/wp\/v2\/pages\/25098","targetHints":{"allow":["GET"]}}],"collection":[{"href":"https:\/\/www1.kkl.si\/sl\/wp-json\/wp\/v2\/pages"}],"about":[{"href":"https:\/\/www1.kkl.si\/sl\/wp-json\/wp\/v2\/types\/page"}],"author":[{"embeddable":true,"href":"https:\/\/www1.kkl.si\/sl\/wp-json\/wp\/v2\/users\/2"}],"replies":[{"embeddable":true,"href":"https:\/\/www1.kkl.si\/sl\/wp-json\/wp\/v2\/comments?post=25098"}],"version-history":[{"count":7,"href":"https:\/\/www1.kkl.si\/sl\/wp-json\/wp\/v2\/pages\/25098\/revisions"}],"predecessor-version":[{"id":25152,"href":"https:\/\/www1.kkl.si\/sl\/wp-json\/wp\/v2\/pages\/25098\/revisions\/25152"}],"wp:featuredmedia":[{"embeddable":true,"href":"https:\/\/www1.kkl.si\/sl\/wp-json\/wp\/v2\/media\/25096"}],"wp:attachment":[{"href":"https:\/\/www1.kkl.si\/sl\/wp-json\/wp\/v2\/media?parent=25098"}],"curies":[{"name":"wp","href":"https:\/\/api.w.org\/{rel}","templated":true}]}}