{"id":25383,"date":"2025-12-18T11:30:26","date_gmt":"2025-12-18T10:30:26","guid":{"rendered":"https:\/\/www1.kkl.si\/?page_id=25383"},"modified":"2026-05-05T10:27:26","modified_gmt":"2026-05-05T08:27:26","slug":"spored-2026-01","status":"publish","type":"page","link":"https:\/\/www1.kkl.si\/sl\/spored-2026-01\/","title":{"rendered":"SPORED: januar 2026"},"content":{"rendered":"<p><strong>Leto 2026:<\/strong> <a href=\"https:\/\/www1.kkl.si\/sl\/spored-2026-01\/\">januar<\/a> | <a href=\"https:\/\/www1.kkl.si\/sl\/spored-2026-02\/\">februar<\/a> | <a href=\"https:\/\/www1.kkl.si\/sl\/spored-2026-03\/\">marec<\/a> | <a href=\"https:\/\/www1.kkl.si\/sl\/spored-2026-04\/\">april<\/a> | <a href=\"https:\/\/www1.kkl.si\/sl\/spored-2026-05\/\">maj<\/a> | <a href=\"https:\/\/www1.kkl.si\/sl\/spored-2026-06\/\">junij<\/a> | julij | avgust | september | oktober | november | december | <a href=\"https:\/\/www1.kkl.si\/sl\/arhiv-sporeda\/\">ARHIV<\/a><\/p>\n<div style=\"overflow-x: auto;\">\n<table id=\"spored-legenda\" cellspacing=\"0\" cellpadding=\"5\">\n<tbody>\n<tr>\n<td><strong>LEGENDA<br \/>\nSIMBOLOV<\/strong><\/td>\n<td style=\"vertical-align: middle;\"><img loading=\"lazy\" decoding=\"async\" title=\"Slovenski abonma\" src=\"https:\/\/www1.kkl.si\/wp-content\/uploads\/2020\/07\/spored_simb_abonma_si-1.svg\" alt=\"abonma_si\" width=\"30\" height=\"30\" \/><\/td>\n<td>Slovenski<br \/>\nabonma<\/td>\n<td style=\"vertical-align: middle;\"><img loading=\"lazy\" decoding=\"async\" title=\"Mad\u017earski abonma\" src=\"https:\/\/www1.kkl.si\/wp-content\/uploads\/2020\/07\/spored_simb_abonma_hu-1.svg\" alt=\"abonma_hu\" width=\"30\" height=\"30\" \/><\/td>\n<td>Mad\u017earski<br \/>\nabonma<\/td>\n<td style=\"vertical-align: middle;\"><img loading=\"lazy\" decoding=\"async\" title=\"Zaklju\u010dena prireditev\" src=\"https:\/\/www1.kkl.si\/wp-content\/uploads\/2020\/07\/spored_simb_zakljucena-1.svg\" alt=\"zakljucena\" width=\"30\" height=\"30\" \/><\/td>\n<td>Zaklju\u010dena<br \/>\nprireditev<\/td>\n<td style=\"vertical-align: middle;\"><img loading=\"lazy\" decoding=\"async\" title=\"Brezpla\u010dna prireditev\" src=\"https:\/\/www1.kkl.si\/wp-content\/uploads\/2020\/07\/spored_simb_brezplacna-1.svg\" alt=\"brezplacna\" width=\"30\" height=\"30\" \/><\/td>\n<td>Brezpla\u010dna<br \/>\nprireditev<\/td>\n<td style=\"vertical-align: middle;\"><img loading=\"lazy\" decoding=\"async\" title=\"Pla\u010dljiva prireditev\" src=\"https:\/\/www1.kkl.si\/wp-content\/uploads\/2020\/07\/spored_simb_placljiva-1.svg\" alt=\"placljiva\" width=\"30\" height=\"30\" \/><\/td>\n<td>Pla\u010dljiva<br \/>\nprireditev<\/td>\n<td style=\"vertical-align: middle;\"><img loading=\"lazy\" decoding=\"async\" title=\"Novost, sprememba\" src=\"https:\/\/www1.kkl.si\/wp-content\/uploads\/2020\/07\/spored_simb_novost-1.svg\" alt=\"novost\" width=\"30\" height=\"30\" \/><\/td>\n<td>Novost,<br \/>\nsprememba<\/td>\n<\/tr>\n<\/tbody>\n<\/table>\n<\/div>\n<table id=\"sporedtabela\" style=\"width: 100%;\">\n<tbody>\n<tr>\n<td style=\"width: 14.9306%;\">\n<p style=\"text-align: center;\"><span style=\"font-size: 24pt;\"><strong>11.<br \/>\n<\/strong><\/span><\/p>\n<p style=\"text-align: center;\">nedelja<\/p>\n<p style=\"text-align: center;\"><img loading=\"lazy\" decoding=\"async\" class=\"alignnone\" title=\"Mad\u017earski abonma\" src=\"https:\/\/www1.kkl.si\/wp-content\/uploads\/2020\/07\/spored_simb_abonma_hu-1.svg\" alt=\"abonma_hu\" width=\"30\" height=\"30\" \/> \u00a0<img loading=\"lazy\" decoding=\"async\" class=\"alignnone\" title=\"Pla\u010dljiva prireditev\" src=\"https:\/\/www1.kkl.si\/wp-content\/uploads\/2020\/07\/spored_simb_placljiva-1.svg\" alt=\"placljiva\" width=\"30\" height=\"30\" \/><\/p>\n<\/td>\n<td style=\"width: 84.6065%;\">\n<p><a href=\"https:\/\/www1.kkl.si\/wp-content\/uploads\/2025\/12\/plakat_B1_oromszulok_2025_web.jpg\" data-lbwps-width=\"2100\" data-lbwps-height=\"3000\" data-lbwps-srcsmall=\"https:\/\/www1.kkl.si\/wp-content\/uploads\/2025\/12\/plakat_B1_oromszulok_2025_web.jpg\"><img loading=\"lazy\" decoding=\"async\" class=\"alignright size-thumbnail wp-image-25459\" src=\"https:\/\/www1.kkl.si\/wp-content\/uploads\/2025\/12\/plakat_B1_oromszulok_2025_web-scaled-150x150.jpg\" alt=\"\" width=\"150\" height=\"150\" \/><\/a><i class=\"fas fa-clock\"><\/i> <strong>19.00<\/strong> | Gledali\u0161ka in koncertna dvorana Lendava<br \/>\n<strong>komedija v dveh delih<\/strong><\/p>\n<p>Turay Ida Sz\u00ednh\u00e1z | Marshall Karp:<\/p>\n<p><a href=\"https:\/\/www1.kkl.si\/sl\/turay-ida-szinhaz-marshall-karp-oromszulok\/\"><span style=\"font-size: 24pt;\"><strong>\u00d6r\u00f6msz\u00fcl\u0151k<\/strong><\/span><\/a><\/p>\n<p><i class=\"fas fa-ticket-alt\"><\/i> Vstopnina: <strong>22 \u20ac<\/strong>, \u0161tudentje in upokojenci <strong>18 \u20ac.<\/strong><br \/>\nVstopnice so na voljo od 5. januarja 2026 v gledali\u0161\u010du. Blagajna: <i class=\"fas fa-phone-alt\"><\/i> +386 (0)2 577 60 24.<\/p>\n<p><span style=\"font-size: 10pt;\">Organizator: <a href=\"https:\/\/www.mnmi-zkmn.si\/\">MNMI Lendva \u2013 ZKMN Lendava<\/a><\/span><\/p>\n<\/td>\n<\/tr>\n<tr>\n<td style=\"width: 14.9306%;\">\n<p style=\"text-align: center;\"><strong><span style=\"font-size: 24pt;\">17.<\/span><br \/>\n<\/strong><\/p>\n<p style=\"text-align: center;\">sobota<\/p>\n<p><img loading=\"lazy\" decoding=\"async\" class=\"aligncenter\" title=\"Brezpla\u010dna prireditev\" src=\"https:\/\/www1.kkl.si\/wp-content\/uploads\/2020\/07\/spored_simb_brezplacna-1.svg\" alt=\"brezplacna\" width=\"30\" height=\"30\" \/><\/p>\n<\/td>\n<td style=\"width: 84.6065%;\">\n<p><a href=\"https:\/\/www1.kkl.si\/wp-content\/uploads\/2026\/01\/dan_madzaske_kulture_2026.jpg\" data-lbwps-width=\"1772\" data-lbwps-height=\"1181\" data-lbwps-srcsmall=\"https:\/\/www1.kkl.si\/wp-content\/uploads\/2026\/01\/dan_madzaske_kulture_2026-400x267.jpg\"><img loading=\"lazy\" decoding=\"async\" class=\"alignright size-thumbnail wp-image-25555\" src=\"https:\/\/www1.kkl.si\/wp-content\/uploads\/2026\/01\/dan_madzaske_kulture_2026-150x150.jpg\" alt=\"\" width=\"150\" height=\"150\" \/><\/a><i class=\"fas fa-clock\"><\/i> <strong>18.00<\/strong> | Gledali\u0161ka in koncertna dvorana Lendava<br \/>\n<strong>kulturni program, slavnostna prireditev<\/strong><\/p>\n<p><a href=\"https:\/\/www1.kkl.si\/sl\/dan-madzarske-kulture-2026\/\"><span style=\"font-size: 24pt;\"><strong>Dan mad\u017earske kulture 2026<\/strong><\/span><\/a><\/p>\n<p>Podelitev najvi\u0161jih priznanj s podro\u010dja narodnostne kulture za leto 2026.<\/p>\n<p><span style=\"font-size: 10pt;\">Organizator: <a href=\"https:\/\/www.mnmi-zkmn.si\/\">MNMI Lendva \u2013 ZKMN Lendava<\/a><\/span><\/p>\n<\/td>\n<\/tr>\n<tr>\n<td style=\"width: 14.9306%;\">\n<p style=\"text-align: center;\"><strong><span style=\"font-size: 24pt;\">18.<\/span><br \/>\n<\/strong><\/p>\n<p style=\"text-align: center;\">nedelja<\/p>\n<p style=\"text-align: center;\"><img loading=\"lazy\" decoding=\"async\" title=\"Pla\u010dljiva prireditev\" src=\"https:\/\/www1.kkl.si\/wp-content\/uploads\/2020\/07\/spored_simb_placljiva-1.svg\" alt=\"placljiva\" width=\"30\" height=\"30\" \/><\/p>\n<p style=\"text-align: center;\">NOV DATUM<\/p>\n<\/td>\n<td style=\"width: 84.6065%;\">\n<p><a href=\"https:\/\/www1.kkl.si\/wp-content\/uploads\/2025\/12\/2026_TBG_OMEGA_plakat_Lendva.jpg\" data-lbwps-width=\"1024\" data-lbwps-height=\"1536\" data-lbwps-srcsmall=\"https:\/\/www1.kkl.si\/wp-content\/uploads\/2025\/12\/2026_TBG_OMEGA_plakat_Lendva-267x400.jpg\"><img loading=\"lazy\" decoding=\"async\" class=\"alignright size-thumbnail wp-image-25387\" src=\"https:\/\/www1.kkl.si\/wp-content\/uploads\/2025\/12\/2026_TBG_OMEGA_plakat_Lendva-150x150.jpg\" alt=\"\" width=\"150\" height=\"150\" \/><\/a><i class=\"fas fa-clock\"><\/i> <strong>19.00<\/strong> | Gledali\u0161ka in koncertna dvorana Lendava<br \/>\n<strong>OMEGA muzikal, plesni spektakel<\/strong><\/p>\n<p>ExperiDance \/ Re-Production predstavlja muzikal z legendarnimi pesmi skupine Omega:<\/p>\n<p><a href=\"https:\/\/www1.kkl.si\/sl\/gyongyhaju-lany-legendaja-2\/\"><strong><span style=\"font-size: 24pt;\">Gy\u00f6ngyhaj\u00fa l\u00e1ny legend\u00e1ja<\/span><\/strong><\/a><\/p>\n<p><i class=\"fas fa-ticket-alt\"><\/i> Cena vstopnice: <strong>32 \u20ac<\/strong><strong><br \/>\n<\/strong>Vstopnice lahko kupite v <a href=\"https:\/\/www.mnmi-zkmn.si\/sl\/o-nas\/\">Centru B\u00e1nffy<\/a> (Lendava, Glavna ulica 32, <i class=\"fas fa-phone-alt\"><\/i> +386 2 577 667).<\/p>\n<p><span style=\"font-size: 10pt;\">Organizator: <a href=\"https:\/\/www.mnmi-zkmn.si\/\">MNMI Lendva \u2013 ZKMN Lendava<\/a><\/span><\/p>\n<\/td>\n<\/tr>\n<tr>\n<td style=\"width: 14.9306%;\">\n<p style=\"text-align: center;\"><span style=\"font-size: 24pt;\"><strong>23.<\/strong><\/span><\/p>\n<p style=\"text-align: center;\">petek<\/p>\n<p><img loading=\"lazy\" decoding=\"async\" class=\"aligncenter\" title=\"Brezpla\u010dna prireditev\" src=\"https:\/\/www1.kkl.si\/wp-content\/uploads\/2020\/07\/spored_simb_brezplacna-1.svg\" alt=\"brezplacna\" width=\"30\" height=\"30\" \/><\/p>\n<\/td>\n<td style=\"width: 84.6065%;\">\n<p><a href=\"https:\/\/www1.kkl.si\/wp-content\/uploads\/2026\/01\/JSKD_praznujmo_skupaj_2026-jan.jpg\" data-lbwps-width=\"1479\" data-lbwps-height=\"2048\" data-lbwps-srcsmall=\"https:\/\/www1.kkl.si\/wp-content\/uploads\/2026\/01\/JSKD_praznujmo_skupaj_2026-jan-289x400.jpg\"><img loading=\"lazy\" decoding=\"async\" class=\"slika alignright wp-image-25587 size-thumbnail\" src=\"https:\/\/www1.kkl.si\/wp-content\/uploads\/2026\/01\/JSKD_praznujmo_skupaj_2026-jan-e1768810456432-150x150.jpg\" alt=\"\" width=\"150\" height=\"150\" \/><\/a><i class=\"fas fa-clock\"><\/i> <strong>18.00<\/strong> | Gledali\u0161ka in koncertna dvorana Lendava<br \/>\n<strong>kulturna prireditev<\/strong><\/p>\n<p><span style=\"font-size: 24pt;\"><strong>Praznujmo skupaj!<\/strong><\/span><\/p>\n<p><span style=\"font-size: 10pt;\">Organizator: <a href=\"https:\/\/www.jskd.si\/kulturna-mreza\/pomurje\/lendava\/predstavitev.htm\">JSKD \u2013 Obmo\u010dna izpostava Lendava<\/a><\/span><\/p>\n<\/td>\n<\/tr>\n<tr>\n<td style=\"width: 14.9306%; text-align: center;\">\n<p style=\"text-align: center;\"><span style=\"font-size: 24pt;\"><strong>26.<\/strong><\/span><\/p>\n<p>ponedeljek<\/p>\n<p><img loading=\"lazy\" decoding=\"async\" class=\"aligncenter\" title=\"Brezpla\u010dna prireditev\" src=\"https:\/\/www1.kkl.si\/wp-content\/uploads\/2020\/07\/spored_simb_brezplacna-1.svg\" alt=\"brezplacna\" width=\"30\" height=\"30\" \/><\/p>\n<\/td>\n<td style=\"width: 84.6065%;\">\n<p><strong><a href=\"https:\/\/www1.kkl.si\/wp-content\/uploads\/2026\/01\/KONTEMPO_2026_plakat.jpg\" data-lbwps-width=\"3530\" data-lbwps-height=\"5000\" data-lbwps-srcsmall=\"https:\/\/www1.kkl.si\/wp-content\/uploads\/2026\/01\/KONTEMPO_2026_plakat.jpg\"><img loading=\"lazy\" decoding=\"async\" class=\"slika alignright wp-image-25651 size-thumbnail\" src=\"https:\/\/www1.kkl.si\/wp-content\/uploads\/2026\/01\/KONTEMPO_2026_plakat-scaled-e1769008836449-150x150.jpg\" alt=\"\" width=\"150\" height=\"150\" \/><\/a><\/strong><i class=\"fas fa-clock\"><\/i> <strong>od 8.00 naprej<\/strong> | Gledali\u0161ka in koncertna dvorana Lendava<br \/>\n<strong>plesno tekmovanje<\/strong><\/p>\n<p><a href=\"https:\/\/www1.kkl.si\/sl\/1-tekmovanja-mladih-plesalcev-sodobnega-plesa-republike-slovenije-kontempo\/\"><span style=\"font-size: 24pt;\"><strong>KONTEMPO \u2013 1. Tekmovanje mladih plesalcev sodobnega plesa Republike Slovenije, 1. dan<\/strong><\/span><\/a><\/p>\n<p><i class=\"fas fa-link\"><\/i> <a href=\"https:\/\/www.zsgs.si\/classes\/1-tekmovanje-mladih-plesalcev-sodobnega-plesa-rs-kontempo-2026\/\">Podrobne informacije in \u010dasovnice<\/a><\/p>\n<p><span style=\"font-size: 10pt;\">Organizator: <a href=\"https:\/\/www.zsgs.si\/\">Zveza slovenskih glasbenih \u0161ol<\/a><\/span><\/p>\n<\/td>\n<\/tr>\n<tr>\n<td style=\"width: 14.9306%;\">\n<p style=\"text-align: center;\"><span style=\"font-size: 24pt;\"><strong>27.<\/strong><\/span><\/p>\n<p style=\"text-align: center;\">torek<\/p>\n<p><img loading=\"lazy\" decoding=\"async\" class=\"aligncenter\" title=\"Brezpla\u010dna prireditev\" src=\"https:\/\/www1.kkl.si\/wp-content\/uploads\/2020\/07\/spored_simb_brezplacna-1.svg\" alt=\"brezplacna\" width=\"30\" height=\"30\" \/><\/p>\n<\/td>\n<td style=\"width: 84.6065%;\">\n<p><strong><a href=\"https:\/\/www1.kkl.si\/wp-content\/uploads\/2026\/01\/KONTEMPO_2026_plakat.jpg\" data-lbwps-width=\"3530\" data-lbwps-height=\"5000\" data-lbwps-srcsmall=\"https:\/\/www1.kkl.si\/wp-content\/uploads\/2026\/01\/KONTEMPO_2026_plakat.jpg\"><img loading=\"lazy\" decoding=\"async\" class=\"slika alignright wp-image-25651 size-thumbnail\" src=\"https:\/\/www1.kkl.si\/wp-content\/uploads\/2026\/01\/KONTEMPO_2026_plakat-scaled-e1769008836449-150x150.jpg\" alt=\"\" width=\"150\" height=\"150\" \/><\/a><\/strong><i class=\"fas fa-clock\"><\/i> <strong>od 8.30 naprej<\/strong> | Gledali\u0161ka in koncertna dvorana Lendava<br \/>\n<strong>plesno tekmovanje<\/strong><\/p>\n<p><a href=\"https:\/\/www1.kkl.si\/sl\/1-tekmovanja-mladih-plesalcev-sodobnega-plesa-republike-slovenije-kontempo\/\"><span style=\"font-size: 24pt;\"><strong>KONTEMPO \u2013 1. Tekmovanje mladih plesalcev sodobnega plesa Republike Slovenije, 2. dan<\/strong><\/span><\/a><\/p>\n<p><i class=\"fas fa-link\"><\/i> <a href=\"https:\/\/www.zsgs.si\/classes\/1-tekmovanje-mladih-plesalcev-sodobnega-plesa-rs-kontempo-2026\/\">Podrobne informacije in \u010dasovnice<\/a><\/p>\n<p><span style=\"font-size: 10pt;\">Organizator: <a href=\"https:\/\/www.zsgs.si\/\">Zveza slovenskih glasbenih \u0161ol<\/a><\/span><\/p>\n<\/td>\n<\/tr>\n<tr>\n<td style=\"width: 14.9306%;\">\n<p style=\"text-align: center;\"><span style=\"font-size: 24pt;\"><strong>27.<\/strong><\/span><\/p>\n<p style=\"text-align: center;\">torek<\/p>\n<p><img loading=\"lazy\" decoding=\"async\" class=\"aligncenter\" title=\"Brezpla\u010dna prireditev\" src=\"https:\/\/www1.kkl.si\/wp-content\/uploads\/2020\/07\/spored_simb_brezplacna-1.svg\" alt=\"brezplacna\" width=\"30\" height=\"30\" \/><\/p>\n<\/td>\n<td style=\"width: 84.6065%;\">\n<p><strong><a href=\"https:\/\/www1.kkl.si\/wp-content\/uploads\/2026\/01\/KONTEMPO_2026_plakat.jpg\" data-lbwps-width=\"3530\" data-lbwps-height=\"5000\" data-lbwps-srcsmall=\"https:\/\/www1.kkl.si\/wp-content\/uploads\/2026\/01\/KONTEMPO_2026_plakat.jpg\"><img loading=\"lazy\" decoding=\"async\" class=\"slika alignright wp-image-25651 size-thumbnail\" src=\"https:\/\/www1.kkl.si\/wp-content\/uploads\/2026\/01\/KONTEMPO_2026_plakat-scaled-e1769008836449-150x150.jpg\" alt=\"\" width=\"150\" height=\"150\" \/><\/a><\/strong><i class=\"fas fa-clock\"><\/i> <strong>19.00<\/strong> | Gledali\u0161ka in koncertna dvorana Lendava<br \/>\n<strong>slavnostna prireditev<\/strong><\/p>\n<p><a href=\"https:\/\/www1.kkl.si\/sl\/1-tekmovanja-mladih-plesalcev-sodobnega-plesa-republike-slovenije-kontempo\/\"><span style=\"font-size: 24pt;\"><strong>Zaklju\u010dni koncert in podelitev priznanj prvonagrajencem<\/strong><\/span><\/a><span style=\"font-size: 24pt;\"><strong><br \/>\n<\/strong><\/span><span style=\"font-size: 24pt;\"><strong><span style=\"font-size: 18pt;\">KONTEMPO \u2013 1. Tekmovanje mladih plesalcev sodobnega plesa Republike Slovenije<\/span><\/strong><\/span><\/p>\n<p><span style=\"font-size: 10pt;\">Organizator: <a href=\"https:\/\/www.zsgs.si\/\">Zveza slovenskih glasbenih \u0161ol<\/a><\/span><\/p>\n<\/td>\n<\/tr>\n<tr>\n<td style=\"width: 14.9306%;\">\n<p style=\"text-align: center;\"><span style=\"font-size: 24pt;\"><strong>30.<\/strong><\/span><\/p>\n<p style=\"text-align: center;\">petek<\/p>\n<p><img loading=\"lazy\" decoding=\"async\" class=\"aligncenter\" title=\"Brezpla\u010dna prireditev\" src=\"https:\/\/www1.kkl.si\/wp-content\/uploads\/2020\/07\/spored_simb_brezplacna-1.svg\" alt=\"brezplacna\" width=\"30\" height=\"30\" \/><\/p>\n<\/td>\n<td style=\"width: 84.6065%;\">\n<p><strong><a href=\"https:\/\/www1.kkl.si\/wp-content\/uploads\/2026\/01\/BALTEK_2026_plakat_LQ.jpg\" data-lbwps-width=\"3530\" data-lbwps-height=\"5000\" data-lbwps-srcsmall=\"https:\/\/www1.kkl.si\/wp-content\/uploads\/2026\/01\/BALTEK_2026_plakat_LQ.jpg\"><img loading=\"lazy\" decoding=\"async\" class=\"slika alignright wp-image-25660 size-thumbnail\" src=\"https:\/\/www1.kkl.si\/wp-content\/uploads\/2026\/01\/BALTEK_2026_plakat_LQ-scaled-e1769359326285-150x142.jpg\" alt=\"\" width=\"150\" height=\"142\" \/><\/a><\/strong><i class=\"fas fa-clock\"><\/i> <strong>od 8.00 naprej<\/strong> | Gledali\u0161ka in koncertna dvorana Lendava<br \/>\n<strong>baletno tekmovanje<\/strong><\/p>\n<p><a href=\"https:\/\/www1.kkl.si\/sl\/17-tekmovanje-mladih-baletnih-plesalcev-republike-slovenije-baltek-2026\/\"><span style=\"font-size: 24pt;\"><strong>17. tekmovanje mladih baletnih plesalcev Republike Slovenije \u2013 BALTEK 2026, 1. krog<\/strong><\/span><\/a><\/p>\n<p><i class=\"fas fa-link\"><\/i> <a href=\"https:\/\/www.zsgs.si\/classes\/17-tekmovanje-mladih-baletnih-plesalcev-rs-baltek-2026\/\">Podrobne informacije in \u010dasovnica tekmovanja<\/a><\/p>\n<p><span style=\"font-size: 10pt;\">Organizator: <a href=\"https:\/\/www.zsgs.si\/\">Zveza slovenskih glasbenih \u0161ol<\/a><\/span><\/p>\n<\/td>\n<\/tr>\n<tr>\n<td style=\"width: 14.9306%;\">\n<p style=\"text-align: center;\"><span style=\"font-size: 24pt;\"><strong>31.<\/strong><\/span><\/p>\n<p style=\"text-align: center;\">sobota<\/p>\n<p><img loading=\"lazy\" decoding=\"async\" class=\"aligncenter\" title=\"Brezpla\u010dna prireditev\" src=\"https:\/\/www1.kkl.si\/wp-content\/uploads\/2020\/07\/spored_simb_brezplacna-1.svg\" alt=\"brezplacna\" width=\"30\" height=\"30\" \/><\/p>\n<\/td>\n<td style=\"width: 84.6065%;\">\n<p><strong><a href=\"https:\/\/www1.kkl.si\/wp-content\/uploads\/2026\/01\/BALTEK_2026_plakat_LQ.jpg\" data-lbwps-width=\"3530\" data-lbwps-height=\"5000\" data-lbwps-srcsmall=\"https:\/\/www1.kkl.si\/wp-content\/uploads\/2026\/01\/BALTEK_2026_plakat_LQ.jpg\"><img loading=\"lazy\" decoding=\"async\" class=\"slika alignright wp-image-25660 size-thumbnail\" src=\"https:\/\/www1.kkl.si\/wp-content\/uploads\/2026\/01\/BALTEK_2026_plakat_LQ-scaled-e1769359326285-150x142.jpg\" alt=\"\" width=\"150\" height=\"142\" \/><\/a><\/strong><i class=\"fas fa-clock\"><\/i> <strong>od 8.45 naprej<\/strong> | Gledali\u0161ka in koncertna dvorana Lendava<br \/>\n<strong>baletno tekmovanje<\/strong><\/p>\n<p><a href=\"https:\/\/www1.kkl.si\/sl\/17-tekmovanje-mladih-baletnih-plesalcev-republike-slovenije-baltek-2026\/\"><span style=\"font-size: 24pt;\"><strong>17. tekmovanje mladih baletnih plesalcev Republike Slovenije \u2013 BALTEK 2026, 2. krog<\/strong><\/span><\/a><\/p>\n<p><i class=\"fas fa-link\"><\/i> <a href=\"https:\/\/www.zsgs.si\/classes\/17-tekmovanje-mladih-baletnih-plesalcev-rs-baltek-2026\/\">Podrobne informacije in \u010dasovnica tekmovanja<\/a><\/p>\n<p><span style=\"font-size: 10pt;\">Organizator: <a href=\"https:\/\/www.zsgs.si\/\">Zveza slovenskih glasbenih \u0161ol<\/a><\/span><\/p>\n<\/td>\n<\/tr>\n<\/tbody>\n<\/table>\n<p style=\"text-align: center;\"><span style=\"font-size: 10pt;\">Organizatorji si pridr\u017eujejo pravico do spremembe programa.<\/span><\/p>\n","protected":false},"excerpt":{"rendered":"<p>Leto 2026: januar | februar | marec | april | maj | junij | julij | avgust | september | oktober | november | december | ARHIV LEGENDA SIMBOLOV Slovenski abonma Mad\u017earski abonma Zaklju\u010dena prireditev Brezpla\u010dna prireditev Pla\u010dljiva prireditev Novost, sprememba 11. nedelja \u00a0 19.00 | Gledali\u0161ka in koncertna dvorana Lendava komedija v dveh delih [&hellip;]<\/p>\n","protected":false},"author":2,"featured_media":0,"parent":0,"menu_order":0,"comment_status":"closed","ping_status":"closed","template":"","meta":{"footnotes":""},"class_list":["post-25383","page","type-page","status-publish","hentry","post"],"_links":{"self":[{"href":"https:\/\/www1.kkl.si\/sl\/wp-json\/wp\/v2\/pages\/25383","targetHints":{"allow":["GET"]}}],"collection":[{"href":"https:\/\/www1.kkl.si\/sl\/wp-json\/wp\/v2\/pages"}],"about":[{"href":"https:\/\/www1.kkl.si\/sl\/wp-json\/wp\/v2\/types\/page"}],"author":[{"embeddable":true,"href":"https:\/\/www1.kkl.si\/sl\/wp-json\/wp\/v2\/users\/2"}],"replies":[{"embeddable":true,"href":"https:\/\/www1.kkl.si\/sl\/wp-json\/wp\/v2\/comments?post=25383"}],"version-history":[{"count":35,"href":"https:\/\/www1.kkl.si\/sl\/wp-json\/wp\/v2\/pages\/25383\/revisions"}],"predecessor-version":[{"id":26860,"href":"https:\/\/www1.kkl.si\/sl\/wp-json\/wp\/v2\/pages\/25383\/revisions\/26860"}],"wp:attachment":[{"href":"https:\/\/www1.kkl.si\/sl\/wp-json\/wp\/v2\/media?parent=25383"}],"curies":[{"name":"wp","href":"https:\/\/api.w.org\/{rel}","templated":true}]}}