{"id":25463,"date":"2025-12-19T15:29:09","date_gmt":"2025-12-19T14:29:09","guid":{"rendered":"https:\/\/www1.kkl.si\/?page_id=25463"},"modified":"2025-12-19T15:42:12","modified_gmt":"2025-12-19T14:42:12","slug":"turay-ida-szinhaz-marshall-karp-oromszulok","status":"publish","type":"page","link":"https:\/\/www1.kkl.si\/sl\/turay-ida-szinhaz-marshall-karp-oromszulok\/","title":{"rendered":"Turay Ida Sz\u00ednh\u00e1z | Marshall Karp: \u00d6r\u00f6msz\u00fcl\u0151k"},"content":{"rendered":"<div class=\"opis\"><i class=\"fas fa-clock\"><\/i> <strong>Nedelja, 11. januar 2026, ob 19. uri<\/strong>\u00a0| Lendvai Sz\u00ednh\u00e1z- \u00e9s Hangversenyterem<img loading=\"lazy\" decoding=\"async\" class=\"alignright\" title=\"Pla\u010dljiva prireditev\" src=\"https:\/\/www1.kkl.si\/wp-content\/uploads\/2020\/07\/spored_simb_placljiva-1.svg\" alt=\"placljiva\" width=\"30\" height=\"30\" \/><img loading=\"lazy\" decoding=\"async\" class=\"alignright\" title=\"Mad\u017earski abonma\" src=\"https:\/\/www1.kkl.si\/wp-content\/uploads\/2020\/07\/spored_simb_abonma_hu-1.svg\" alt=\"abonma_hu\" width=\"30\" height=\"30\" \/><br \/>\n<i class=\"fas fa-chevron-circle-right\"><\/i> <strong>komedija v dveh delih<\/strong><br \/>\n<i class=\"fas fa-ticket-alt\"><\/i> Vstopnina: <strong>22 \u20ac<\/strong>, \u0161tudentje in upokojenci <strong>18 \u20ac.<\/strong><br \/>\nVstopnice so na voljo od 5. januarja 2026 v gledali\u0161\u010du. Blagajna: <i class=\"fas fa-phone-alt\"><\/i> +386 (0)2 577 60 24.<br \/>\nOrganizator: <a href=\"https:\/\/www.mnmi-zkmn.si\/\">MNMI Lendva \u2013 ZKMN Lendava<\/a><\/div>\n<p><em>Mad\u017earski opis:<\/em><\/p>\n<p>Turay Ida Sz\u00ednh\u00e1z | Marshall Karp:<br \/>\n<span style=\"font-size: 18pt;\"><strong>\u00d6r\u00f6msz\u00fcl\u0151k<\/strong><\/span><br \/>\n<em>v\u00edgj\u00e1t\u00e9k k\u00e9t r\u00e9szben<\/em><\/p>\n<p><iframe loading=\"lazy\" src=\"\/\/www.youtube.com\/embed\/5frPOriPNMI?feature=shared\" width=\"560\" height=\"314\" allowfullscreen=\"allowfullscreen\"><\/iframe><\/p>\n<p><strong><a href=\"https:\/\/www1.kkl.si\/wp-content\/uploads\/2025\/12\/plakat_B1_oromszulok_2025_web.jpg\" data-lbwps-width=\"2100\" data-lbwps-height=\"3000\" data-lbwps-srcsmall=\"https:\/\/www1.kkl.si\/wp-content\/uploads\/2025\/12\/plakat_B1_oromszulok_2025_web.jpg\"><img loading=\"lazy\" decoding=\"async\" class=\"alignright size-medium wp-image-25459\" src=\"https:\/\/www1.kkl.si\/wp-content\/uploads\/2025\/12\/plakat_B1_oromszulok_2025_web-scaled-280x400.jpg\" alt=\"\" width=\"280\" height=\"400\" srcset=\"https:\/\/www1.kkl.si\/wp-content\/uploads\/2025\/12\/plakat_B1_oromszulok_2025_web-scaled-280x400.jpg 280w, https:\/\/www1.kkl.si\/wp-content\/uploads\/2025\/12\/plakat_B1_oromszulok_2025_web-scaled-1050x1500.jpg 1050w, https:\/\/www1.kkl.si\/wp-content\/uploads\/2025\/12\/plakat_B1_oromszulok_2025_web-scaled.jpg 1792w\" sizes=\"auto, (max-width: 280px) 100vw, 280px\" \/><\/a>Szereposzt\u00e1s:<\/strong><br \/>\nMildred Sloan &#8211; V\u00c1NDOR \u00c9VA J\u00e1szai Mari-d\u00edjas, a Halhatatlanok T\u00e1rsulat\u00e1nak \u00d6r\u00f6k\u00f6s tagja<br \/>\nAbe Dreyfus, nyugd\u00edjas taxisof\u0151r &#8211; MIK\u00d3 ISTV\u00c1N Kiv\u00e1l\u00f3 \u00e9s \u00c9rdemes m\u0171v\u00e9sz, J\u00e1szai Mari-d\u00edjas<br \/>\nAlice Sloan, Abe l\u00e1nya, \u00fcgyv\u00e9d &#8211; B\u00d3DI BARBARA<br \/>\nJerry Sloan, rekl\u00e1mdal szerz\u0151 &#8211; VAL\u00c1ZSIK P\u00c9TER<br \/>\nHector Lopez, kert\u00e9sz, gondnok &#8211; GY\u0150RI P\u00c9TER<br \/>\nMrs. Fischer, b\u00e9biszitter &#8211; NY\u00cdR\u0150 BE\u00c1TA<\/p>\n<p><strong>Ford\u00edtotta:<\/strong> T\u00e9li M\u00e1rta<br \/>\n<strong>Zeneszerz\u0151:<\/strong> Varga G\u00e1bor<\/p>\n<p><strong>D\u00edszlettervez\u0151:<\/strong> Darvasi Ilona<br \/>\n<strong>Jelmeztervez\u0151:<\/strong> T\u00f3th Anita<br \/>\n<strong>Rendez\u0151asszisztens:<\/strong> Vass J\u00e1nos P\u00e1l<\/p>\n<p><strong>Rendez\u0151:<\/strong> Pataki Andr\u00e1s J\u00e1szai Mari-d\u00edjas<\/p>\n<p>Jerry Sloan rekl\u00e1mdal szerz\u0151, feles\u00e9ge sikeres \u00fcgyv\u00e9d. A boldog p\u00e1rral \u00e9l egy\u00fctt Alice apja, aki egy nyugd\u00edjas taxisof\u0151r \u00e9s rendk\u00edv\u00fcl vicces figura. Az ap\u00f3s szarkasztikus humora sem seg\u00edti a helyzetet, amikor Jerry anyj\u00e1nak le\u00e9g a h\u00e1za \u00e9s \u0151 is hozz\u00e1juk akar k\u00f6lt\u00f6zni. Ezen a ponton elszabadul a pokol, mert a k\u00e9t \u201e\u00f6reg\u201d ki nem \u00e1llhatja egym\u00e1st. Elkezd\u0151dik az adok-kapok harc, mely olyan humoros, hogy csak kapkodjuk a fej\u00fcnket \u00e9s a v\u00e9g\u00e9n boldogan vessz\u00fck mi is tudom\u00e1sul, hogy a szerelem nem korhoz k\u00f6t\u00f6tt. Ha s\u00edrva akar nevetni, ezt az el\u0151ad\u00e1st ne hagyja ki!<\/p>\n\n\t\t<style type=\"text\/css\">\n\t\t\t#gallery-1 {\n\t\t\t\tmargin: auto;\n\t\t\t}\n\t\t\t#gallery-1 .gallery-item {\n\t\t\t\tfloat: left;\n\t\t\t\tmargin-top: 10px;\n\t\t\t\ttext-align: center;\n\t\t\t\twidth: 16%;\n\t\t\t}\n\t\t\t#gallery-1 img {\n\t\t\t\tborder: 2px solid #cfcfcf;\n\t\t\t}\n\t\t\t#gallery-1 .gallery-caption {\n\t\t\t\tmargin-left: 0;\n\t\t\t}\n\t\t\t\/* see gallery_shortcode() in wp-includes\/media.php *\/\n\t\t<\/style>\n\t\t<div id='gallery-1' class='gallery galleryid-25463 gallery-columns-6 gallery-size-thumbnail'><dl class='gallery-item'>\n\t\t\t<dt class='gallery-icon landscape'>\n\t\t\t\t<a href='https:\/\/www1.kkl.si\/wp-content\/uploads\/2025\/08\/oromszulok01.jpg'><img loading=\"lazy\" decoding=\"async\" width=\"150\" height=\"150\" src=\"https:\/\/www1.kkl.si\/wp-content\/uploads\/2025\/08\/oromszulok01-150x150.jpg\" class=\"attachment-thumbnail size-thumbnail\" alt=\"\" \/><\/a>\n\t\t\t<\/dt><\/dl><dl class='gallery-item'>\n\t\t\t<dt class='gallery-icon landscape'>\n\t\t\t\t<a href='https:\/\/www1.kkl.si\/wp-content\/uploads\/2025\/08\/oromszulok02.jpg'><img loading=\"lazy\" decoding=\"async\" width=\"150\" height=\"150\" src=\"https:\/\/www1.kkl.si\/wp-content\/uploads\/2025\/08\/oromszulok02-150x150.jpg\" class=\"attachment-thumbnail size-thumbnail\" alt=\"\" \/><\/a>\n\t\t\t<\/dt><\/dl><dl class='gallery-item'>\n\t\t\t<dt class='gallery-icon landscape'>\n\t\t\t\t<a href='https:\/\/www1.kkl.si\/wp-content\/uploads\/2025\/08\/oromszulok03.jpg'><img loading=\"lazy\" decoding=\"async\" width=\"150\" height=\"150\" src=\"https:\/\/www1.kkl.si\/wp-content\/uploads\/2025\/08\/oromszulok03-150x150.jpg\" class=\"attachment-thumbnail size-thumbnail\" alt=\"\" \/><\/a>\n\t\t\t<\/dt><\/dl><dl class='gallery-item'>\n\t\t\t<dt class='gallery-icon landscape'>\n\t\t\t\t<a href='https:\/\/www1.kkl.si\/wp-content\/uploads\/2025\/08\/oromszulok04.jpg'><img loading=\"lazy\" decoding=\"async\" width=\"150\" height=\"150\" src=\"https:\/\/www1.kkl.si\/wp-content\/uploads\/2025\/08\/oromszulok04-150x150.jpg\" class=\"attachment-thumbnail size-thumbnail\" alt=\"\" \/><\/a>\n\t\t\t<\/dt><\/dl><dl class='gallery-item'>\n\t\t\t<dt class='gallery-icon landscape'>\n\t\t\t\t<a href='https:\/\/www1.kkl.si\/wp-content\/uploads\/2025\/08\/oromszulok05.jpg'><img loading=\"lazy\" decoding=\"async\" width=\"150\" height=\"150\" src=\"https:\/\/www1.kkl.si\/wp-content\/uploads\/2025\/08\/oromszulok05-150x150.jpg\" class=\"attachment-thumbnail size-thumbnail\" alt=\"\" \/><\/a>\n\t\t\t<\/dt><\/dl><dl class='gallery-item'>\n\t\t\t<dt class='gallery-icon landscape'>\n\t\t\t\t<a href='https:\/\/www1.kkl.si\/wp-content\/uploads\/2025\/08\/oromszulok06.jpg'><img loading=\"lazy\" decoding=\"async\" width=\"150\" height=\"150\" src=\"https:\/\/www1.kkl.si\/wp-content\/uploads\/2025\/08\/oromszulok06-150x150.jpg\" class=\"attachment-thumbnail size-thumbnail\" alt=\"\" \/><\/a>\n\t\t\t<\/dt><\/dl><br style=\"clear: both\" \/><dl class='gallery-item'>\n\t\t\t<dt class='gallery-icon landscape'>\n\t\t\t\t<a href='https:\/\/www1.kkl.si\/wp-content\/uploads\/2025\/08\/oromszulok07.jpg'><img loading=\"lazy\" decoding=\"async\" width=\"150\" height=\"150\" src=\"https:\/\/www1.kkl.si\/wp-content\/uploads\/2025\/08\/oromszulok07-150x150.jpg\" class=\"attachment-thumbnail size-thumbnail\" alt=\"\" \/><\/a>\n\t\t\t<\/dt><\/dl><dl class='gallery-item'>\n\t\t\t<dt class='gallery-icon landscape'>\n\t\t\t\t<a href='https:\/\/www1.kkl.si\/wp-content\/uploads\/2025\/08\/oromszulok08.jpg'><img loading=\"lazy\" decoding=\"async\" width=\"150\" height=\"150\" src=\"https:\/\/www1.kkl.si\/wp-content\/uploads\/2025\/08\/oromszulok08-150x150.jpg\" class=\"attachment-thumbnail size-thumbnail\" alt=\"\" \/><\/a>\n\t\t\t<\/dt><\/dl><dl class='gallery-item'>\n\t\t\t<dt class='gallery-icon landscape'>\n\t\t\t\t<a href='https:\/\/www1.kkl.si\/wp-content\/uploads\/2025\/08\/oromszulok09.jpg'><img loading=\"lazy\" decoding=\"async\" width=\"150\" height=\"150\" src=\"https:\/\/www1.kkl.si\/wp-content\/uploads\/2025\/08\/oromszulok09-150x150.jpg\" class=\"attachment-thumbnail size-thumbnail\" alt=\"\" \/><\/a>\n\t\t\t<\/dt><\/dl><dl class='gallery-item'>\n\t\t\t<dt class='gallery-icon landscape'>\n\t\t\t\t<a href='https:\/\/www1.kkl.si\/wp-content\/uploads\/2025\/08\/oromszulok10.jpg'><img loading=\"lazy\" decoding=\"async\" width=\"150\" height=\"150\" src=\"https:\/\/www1.kkl.si\/wp-content\/uploads\/2025\/08\/oromszulok10-150x150.jpg\" class=\"attachment-thumbnail size-thumbnail\" alt=\"\" \/><\/a>\n\t\t\t<\/dt><\/dl><dl class='gallery-item'>\n\t\t\t<dt class='gallery-icon landscape'>\n\t\t\t\t<a href='https:\/\/www1.kkl.si\/wp-content\/uploads\/2025\/08\/oromszulok11.jpg'><img loading=\"lazy\" decoding=\"async\" width=\"150\" height=\"150\" src=\"https:\/\/www1.kkl.si\/wp-content\/uploads\/2025\/08\/oromszulok11-150x150.jpg\" class=\"attachment-thumbnail size-thumbnail\" alt=\"\" \/><\/a>\n\t\t\t<\/dt><\/dl><dl class='gallery-item'>\n\t\t\t<dt class='gallery-icon landscape'>\n\t\t\t\t<a href='https:\/\/www1.kkl.si\/wp-content\/uploads\/2025\/08\/oromszulok12.jpg'><img loading=\"lazy\" decoding=\"async\" width=\"150\" height=\"150\" src=\"https:\/\/www1.kkl.si\/wp-content\/uploads\/2025\/08\/oromszulok12-150x150.jpg\" class=\"attachment-thumbnail size-thumbnail\" alt=\"\" \/><\/a>\n\t\t\t<\/dt><\/dl><br style=\"clear: both\" \/>\n\t\t<\/div>\n\n<p>Az el\u0151ad\u00e1s hossza 120 perc 1 sz\u00fcnettel.<\/p>\n<p><i class=\"fas fa-link\"><\/i> <a href=\"https:\/\/turayidaszinhaz.hu\/portfolio\/oromszulok\/\">Turay Ida Sz\u00ednh\u00e1z<\/a><\/p>\n<p>&nbsp;<\/p>\n<hr \/>\n<p>MNMI Magyar sz\u00ednh\u00e1zi b\u00e9rlet Lendv\u00e1n 2025\/26<\/p>\n<p><a href=\"https:\/\/www1.kkl.si\/hu\/magyar-szinhazi-berlet-2025-26\/\"><img loading=\"lazy\" decoding=\"async\" class=\"alignnone wp-image-23335 size-large\" src=\"https:\/\/www1.kkl.si\/wp-content\/uploads\/2025\/08\/2025_08_30_HU_berlet-1500x400.png\" sizes=\"auto, (max-width: 1500px) 100vw, 1500px\" srcset=\"https:\/\/www1.kkl.si\/wp-content\/uploads\/2025\/08\/2025_08_30_HU_berlet.png 1500w, https:\/\/www1.kkl.si\/wp-content\/uploads\/2025\/08\/2025_08_30_HU_berlet-400x107.png 400w\" alt=\"\" width=\"1500\" height=\"400\" \/><\/a><\/p>\n","protected":false},"excerpt":{"rendered":"<p>Nedelja, 11. januar 2026, ob 19. uri\u00a0| Lendvai Sz\u00ednh\u00e1z- \u00e9s Hangversenyterem komedija v dveh delih Vstopnina: 22 \u20ac, \u0161tudentje in upokojenci 18 \u20ac. Vstopnice so na voljo od 5. januarja 2026 v gledali\u0161\u010du. Blagajna: +386 (0)2 577 60 24. Organizator: MNMI Lendva \u2013 ZKMN Lendava Mad\u017earski opis: Turay Ida Sz\u00ednh\u00e1z | Marshall Karp: \u00d6r\u00f6msz\u00fcl\u0151k v\u00edgj\u00e1t\u00e9k [&hellip;]<\/p>\n","protected":false},"author":2,"featured_media":25459,"parent":0,"menu_order":0,"comment_status":"closed","ping_status":"closed","template":"","meta":{"footnotes":""},"class_list":["post-25463","page","type-page","status-publish","has-post-thumbnail","hentry","post","post-with-thumbnail","post-with-thumbnail-icon"],"_links":{"self":[{"href":"https:\/\/www1.kkl.si\/sl\/wp-json\/wp\/v2\/pages\/25463","targetHints":{"allow":["GET"]}}],"collection":[{"href":"https:\/\/www1.kkl.si\/sl\/wp-json\/wp\/v2\/pages"}],"about":[{"href":"https:\/\/www1.kkl.si\/sl\/wp-json\/wp\/v2\/types\/page"}],"author":[{"embeddable":true,"href":"https:\/\/www1.kkl.si\/sl\/wp-json\/wp\/v2\/users\/2"}],"replies":[{"embeddable":true,"href":"https:\/\/www1.kkl.si\/sl\/wp-json\/wp\/v2\/comments?post=25463"}],"version-history":[{"count":4,"href":"https:\/\/www1.kkl.si\/sl\/wp-json\/wp\/v2\/pages\/25463\/revisions"}],"predecessor-version":[{"id":25470,"href":"https:\/\/www1.kkl.si\/sl\/wp-json\/wp\/v2\/pages\/25463\/revisions\/25470"}],"wp:featuredmedia":[{"embeddable":true,"href":"https:\/\/www1.kkl.si\/sl\/wp-json\/wp\/v2\/media\/25459"}],"wp:attachment":[{"href":"https:\/\/www1.kkl.si\/sl\/wp-json\/wp\/v2\/media?parent=25463"}],"curies":[{"name":"wp","href":"https:\/\/api.w.org\/{rel}","templated":true}]}}