{"id":25891,"date":"2026-02-10T13:39:42","date_gmt":"2026-02-10T12:39:42","guid":{"rendered":"https:\/\/www1.kkl.si\/?page_id=25891"},"modified":"2026-05-05T10:27:02","modified_gmt":"2026-05-05T08:27:02","slug":"spored-2026-03","status":"publish","type":"page","link":"https:\/\/www1.kkl.si\/sl\/spored-2026-03\/","title":{"rendered":"SPORED: marec 2026"},"content":{"rendered":"<p><strong>Leto 2026:<\/strong> <a href=\"https:\/\/www1.kkl.si\/sl\/spored-2026-01\/\">januar<\/a> | <a href=\"https:\/\/www1.kkl.si\/sl\/spored-2026-02\/\">februar<\/a> | <a href=\"https:\/\/www1.kkl.si\/sl\/spored-2026-03\/\">marec<\/a> | <a href=\"https:\/\/www1.kkl.si\/sl\/spored-2026-04\/\">april<\/a> | <a href=\"https:\/\/www1.kkl.si\/sl\/spored-2026-05\/\">maj<\/a> | <a href=\"https:\/\/www1.kkl.si\/sl\/spored-2026-06\/\">junij<\/a> | julij | avgust | september | oktober | november | december | <a href=\"https:\/\/www1.kkl.si\/sl\/arhiv-sporeda\/\">ARHIV<\/a><\/p>\n<div style=\"overflow-x: auto;\">\n<table id=\"spored-legenda\" cellspacing=\"0\" cellpadding=\"5\">\n<tbody>\n<tr>\n<td><strong>LEGENDA<br \/>\nSIMBOLOV<\/strong><\/td>\n<td style=\"vertical-align: middle;\"><img loading=\"lazy\" decoding=\"async\" title=\"Slovenski abonma\" src=\"https:\/\/www1.kkl.si\/wp-content\/uploads\/2020\/07\/spored_simb_abonma_si-1.svg\" alt=\"abonma_si\" width=\"30\" height=\"30\" \/><\/td>\n<td>Slovenski<br \/>\nabonma<\/td>\n<td style=\"vertical-align: middle;\"><img loading=\"lazy\" decoding=\"async\" title=\"Mad\u017earski abonma\" src=\"https:\/\/www1.kkl.si\/wp-content\/uploads\/2020\/07\/spored_simb_abonma_hu-1.svg\" alt=\"abonma_hu\" width=\"30\" height=\"30\" \/><\/td>\n<td>Mad\u017earski<br \/>\nabonma<\/td>\n<td style=\"vertical-align: middle;\"><img loading=\"lazy\" decoding=\"async\" title=\"Zaklju\u010dena prireditev\" src=\"https:\/\/www1.kkl.si\/wp-content\/uploads\/2020\/07\/spored_simb_zakljucena-1.svg\" alt=\"zakljucena\" width=\"30\" height=\"30\" \/><\/td>\n<td>Zaklju\u010dena<br \/>\nprireditev<\/td>\n<td style=\"vertical-align: middle;\"><img loading=\"lazy\" decoding=\"async\" title=\"Brezpla\u010dna prireditev\" src=\"https:\/\/www1.kkl.si\/wp-content\/uploads\/2020\/07\/spored_simb_brezplacna-1.svg\" alt=\"brezplacna\" width=\"30\" height=\"30\" \/><\/td>\n<td>Brezpla\u010dna<br \/>\nprireditev<\/td>\n<td style=\"vertical-align: middle;\"><img loading=\"lazy\" decoding=\"async\" title=\"Pla\u010dljiva prireditev\" src=\"https:\/\/www1.kkl.si\/wp-content\/uploads\/2020\/07\/spored_simb_placljiva-1.svg\" alt=\"placljiva\" width=\"30\" height=\"30\" \/><\/td>\n<td>Pla\u010dljiva<br \/>\nprireditev<\/td>\n<td style=\"vertical-align: middle;\"><img loading=\"lazy\" decoding=\"async\" title=\"Novost, sprememba\" src=\"https:\/\/www1.kkl.si\/wp-content\/uploads\/2020\/07\/spored_simb_novost-1.svg\" alt=\"novost\" width=\"30\" height=\"30\" \/><\/td>\n<td>Novost,<br \/>\nsprememba<\/td>\n<\/tr>\n<\/tbody>\n<\/table>\n<\/div>\n<table id=\"sporedtabela\" style=\"width: 100%;\">\n<tbody>\n<tr>\n<td style=\"width: 14.9306%;\">\n<p style=\"text-align: center;\"><strong><span style=\"font-size: 24pt;\">2.<\/span><br \/>\n<\/strong><\/p>\n<p style=\"text-align: center;\">ponedeljek<\/p>\n<p style=\"text-align: center;\"><img loading=\"lazy\" decoding=\"async\" class=\"alignnone\" title=\"Slovenski abonma\" src=\"https:\/\/www1.kkl.si\/wp-content\/uploads\/2020\/07\/spored_simb_abonma_si-1.svg\" alt=\"abonma_si\" width=\"30\" height=\"30\" \/>\u00a0 \u00a0<img loading=\"lazy\" decoding=\"async\" title=\"Pla\u010dljiva prireditev\" src=\"https:\/\/www1.kkl.si\/wp-content\/uploads\/2020\/07\/spored_simb_placljiva-1.svg\" alt=\"placljiva\" width=\"30\" height=\"30\" \/><\/p>\n<p style=\"text-align: center;\">NOV DATUM<\/p>\n<\/td>\n<td style=\"width: 84.6065%;\">\n<p><a href=\"https:\/\/www1.kkl.si\/wp-content\/uploads\/2026\/02\/plakat_B1_SLOAB_jazz_2026_DVOJ_nov_datum.jpg\" data-lbwps-width=\"2450\" data-lbwps-height=\"3500\" data-lbwps-srcsmall=\"https:\/\/www1.kkl.si\/wp-content\/uploads\/2026\/02\/plakat_B1_SLOAB_jazz_2026_DVOJ_nov_datum.jpg\"><img loading=\"lazy\" decoding=\"async\" class=\"slika alignright wp-image-26083 size-thumbnail\" src=\"https:\/\/www1.kkl.si\/wp-content\/uploads\/2026\/02\/plakat_B1_SLOAB_jazz_2026_DVOJ_nov_datum-scaled-150x150.jpg\" alt=\"\" width=\"150\" height=\"150\" \/><\/a><i class=\"fas fa-clock\"><\/i> <strong>19.00<\/strong> | Gledali\u0161ka in koncertna dvorana Lendava<br \/>\n<strong>romanti\u010dna drama<\/strong><\/p>\n<p>Mestno gledali\u0161\u010de ljubljansko:<\/p>\n<p><a href=\"https:\/\/www1.kkl.si\/sl\/mestno-gledalisce-ljubljansko-jazz-2\/\"><span style=\"font-size: 24pt;\"><strong>Jazz<\/strong><\/span><\/a><\/p>\n<p><i class=\"fas fa-ticket-alt\"><\/i> Cena vstopnice: predprodaja <strong>15 \u20ac<\/strong>, na dan predstave <strong>18 \u20ac.<\/strong><br \/>\nBlagajna: <i class=\"fas fa-phone-alt\"><\/i> +386 (0)2 577 60 24.<\/p>\n<p><span style=\"font-size: 10pt;\">Organizator: <a href=\"https:\/\/www.kkl.si\/\">Knji\u017enica \u2013 Kulturni center Lendava \u2013 Lendvai K\u00f6nyvt\u00e1r \u00e9s Kultur\u00e1lis K\u00f6zpont<\/a><\/span><\/p>\n<\/td>\n<\/tr>\n<tr>\n<td style=\"width: 14.9306%;\">\n<p style=\"text-align: center;\"><span style=\"font-size: 24pt;\"><strong>5.<\/strong><\/span><\/p>\n<p style=\"text-align: center;\">\u010detrtek<\/p>\n<p><img loading=\"lazy\" decoding=\"async\" class=\"aligncenter\" title=\"Brezpla\u010dna prireditev\" src=\"https:\/\/www1.kkl.si\/wp-content\/uploads\/2020\/07\/spored_simb_brezplacna-1.svg\" alt=\"brezplacna\" width=\"30\" height=\"30\" \/><\/p>\n<\/td>\n<td style=\"width: 84.6065%;\">\n<p><a href=\"https:\/\/www1.kkl.si\/wp-content\/uploads\/2026\/02\/plakat_razstava_karin_scap_2026.jpg\" data-lbwps-width=\"2121\" data-lbwps-height=\"3000\" data-lbwps-srcsmall=\"https:\/\/www1.kkl.si\/wp-content\/uploads\/2026\/02\/plakat_razstava_karin_scap_2026.jpg\"><img loading=\"lazy\" decoding=\"async\" class=\"slika alignright wp-image-26034 size-thumbnail\" src=\"https:\/\/www1.kkl.si\/wp-content\/uploads\/2026\/02\/plakat_razstava_karin_scap_2026-scaled-e1771265180805-150x150.jpg\" alt=\"\" width=\"150\" height=\"150\" \/><\/a><i class=\"fas fa-clock\"><\/i> <strong>17.00<\/strong> | avla Gledali\u0161ke in koncertne dvorane Lendava<br \/>\n<strong>likovna razstava<\/strong><\/p>\n<p><a href=\"https:\/\/www1.kkl.si\/sl\/vabilo-karin-scap-otvoritev-samostojne-likovne-razstave\/\"><span style=\"font-size: 24pt;\"><strong>Samostojna likovna razstava Karin \u0160\u010dap<\/strong><\/span><\/a><\/p>\n<p><em>Razstava bo na ogled do 31. marca 2026.<\/em><\/p>\n<p><span style=\"font-size: 10pt;\">Organizator: <a href=\"https:\/\/www.jskd.si\/kulturna-mreza\/pomurje\/lendava\/predstavitev.htm\">JSKD \u2013 Obmo\u010dna izpostava Lendava<\/a><\/span><\/p>\n<\/td>\n<\/tr>\n<tr>\n<td style=\"width: 14.9306%;\">\n<p style=\"text-align: center;\"><strong><span style=\"font-size: 24pt;\">6.<\/span><br \/>\n<\/strong><\/p>\n<p style=\"text-align: center;\">petek<\/p>\n<p><img loading=\"lazy\" decoding=\"async\" class=\"aligncenter\" title=\"Pla\u010dljiva prireditev\" src=\"https:\/\/www1.kkl.si\/wp-content\/uploads\/2020\/07\/spored_simb_placljiva-1.svg\" alt=\"placljiva\" width=\"30\" height=\"30\" \/><\/p>\n<\/td>\n<td style=\"width: 84.6065%;\">\n<p><a href=\"https:\/\/www1.kkl.si\/wp-content\/uploads\/2026\/02\/Luka-Basi_Lendava-2026.jpg\" data-lbwps-width=\"1080\" data-lbwps-height=\"1080\" data-lbwps-srcsmall=\"https:\/\/www1.kkl.si\/wp-content\/uploads\/2026\/02\/Luka-Basi_Lendava-2026-400x400.jpg\"><img loading=\"lazy\" decoding=\"async\" class=\"alignright size-thumbnail wp-image-26133\" src=\"https:\/\/www1.kkl.si\/wp-content\/uploads\/2026\/02\/Luka-Basi_Lendava-2026-150x150.jpg\" alt=\"\" width=\"150\" height=\"150\" srcset=\"https:\/\/www1.kkl.si\/wp-content\/uploads\/2026\/02\/Luka-Basi_Lendava-2026-150x150.jpg 150w, https:\/\/www1.kkl.si\/wp-content\/uploads\/2026\/02\/Luka-Basi_Lendava-2026-400x400.jpg 400w, https:\/\/www1.kkl.si\/wp-content\/uploads\/2026\/02\/Luka-Basi_Lendava-2026.jpg 1080w\" sizes=\"auto, (max-width: 150px) 100vw, 150px\" \/><\/a><i class=\"fas fa-clock\"><\/i> <strong>20.00<\/strong>\u00a0| Gledali\u0161ka in koncertna dvorana Lendava <span class=\"odpade\">ODPADE!<\/span><br \/>\n<strong>koncert<\/strong><\/p>\n<p>Dan \u017eena v Lendavi<\/p>\n<p><strong><a href=\"https:\/\/www1.kkl.si\/sl\/dan-zena-v-lendavi-luka-basi-show\/\"><span style=\"font-size: 24pt;\">Luka Basi show<\/span><\/a><br \/>\n<\/strong><\/p>\n<p><span style=\"color: #ff0000;\"><strong>OBVESTILO: koncert je prestavljen na 14. marec 2026!<\/strong><\/span><\/p>\n<p><i class=\"fas fa-ticket-alt\"><\/i> Vstopnice so na voljo na <a href=\"https:\/\/www.eventim.si\/artist\/luka-basi\/luka-basi-show-4072640\/\">Eventim.si<\/a>.<\/p>\n<p><span style=\"font-size: 10pt;\">Organizator: <a href=\"https:\/\/lukabasi.com\/\">Luka Basi Priker\u017enik s.p.<\/a><\/span><\/p>\n<\/td>\n<\/tr>\n<tr>\n<td style=\"width: 14.9306%;\">\n<p style=\"text-align: center;\"><strong><span style=\"font-size: 24pt;\">7.<\/span><br \/>\n<\/strong><\/p>\n<p style=\"text-align: center;\">sobota<\/p>\n<p><img loading=\"lazy\" decoding=\"async\" class=\"aligncenter\" title=\"Pla\u010dljiva prireditev\" src=\"https:\/\/www1.kkl.si\/wp-content\/uploads\/2020\/07\/spored_simb_placljiva-1.svg\" alt=\"placljiva\" width=\"30\" height=\"30\" \/><\/p>\n<\/td>\n<td style=\"width: 84.6065%;\">\n<p><a href=\"https:\/\/www1.kkl.si\/wp-content\/uploads\/2026\/02\/plakat_B2_mesebolt_manogyar_2026_DVOJ.jpg\" data-lbwps-width=\"2550\" data-lbwps-height=\"3550\" data-lbwps-srcsmall=\"https:\/\/www1.kkl.si\/wp-content\/uploads\/2026\/02\/plakat_B2_mesebolt_manogyar_2026_DVOJ.jpg\"><img loading=\"lazy\" decoding=\"async\" class=\"alignright size-thumbnail wp-image-26055\" src=\"https:\/\/www1.kkl.si\/wp-content\/uploads\/2026\/02\/plakat_B2_mesebolt_manogyar_2026_DVOJ-scaled-150x150.jpg\" alt=\"\" width=\"150\" height=\"150\" \/><\/a><i class=\"fas fa-clock\"><\/i> <strong>17.00<\/strong> | Gledali\u0161ka in koncertna dvorana Lendava<br \/>\n<strong>otro\u0161ka predstava v mad\u017earskem jeziku <span class=\"starost\">4+<\/span><\/strong><\/p>\n<p>Mesebolt B\u00e1bsz\u00ednh\u00e1z, Szombathely (Mad\u017earska) | L\u00e1z\u00e1r Ervin:<\/p>\n<p><a href=\"https:\/\/www1.kkl.si\/sl\/mesebolt-babszinhaz-manogyar-avagy-mindenkinek-vannak-manoi\/\"><span style=\"font-size: 24pt;\"><strong>Man\u00f3gy\u00e1r &#8211; avagy mindenkinek vannak man\u00f3i<\/strong><\/span><\/a><\/p>\n<p><i class=\"fas fa-ticket-alt\"><\/i> Cena vstopnice: <strong>3 \u20ac<br \/>\n<\/strong>Blagajna: <i class=\"fas fa-phone-alt\"><\/i> +386 (0)2 577 60 24.<strong><br \/>\n<\/strong><\/p>\n<p><span style=\"font-size: 10pt;\">Organizator: <a href=\"https:\/\/www.kkl.si\/\">Knji\u017enica \u2013 Kulturni center Lendava \u2013 Lendvai K\u00f6nyvt\u00e1r \u00e9s Kultur\u00e1lis K\u00f6zpont<\/a><\/span><\/p>\n<\/td>\n<\/tr>\n<tr>\n<td style=\"width: 14.9306%;\">\n<p style=\"text-align: center;\"><span style=\"font-size: 24pt;\"><strong>13.<\/strong><\/span><\/p>\n<p style=\"text-align: center;\">petek<\/p>\n<p><img loading=\"lazy\" decoding=\"async\" class=\"aligncenter\" title=\"Brezpla\u010dna prireditev\" src=\"https:\/\/www1.kkl.si\/wp-content\/uploads\/2020\/07\/spored_simb_brezplacna-1.svg\" alt=\"brezplacna\" width=\"30\" height=\"30\" \/><\/p>\n<\/td>\n<td style=\"width: 84.6065%;\">\n<p><a href=\"https:\/\/www1.kkl.si\/wp-content\/uploads\/2026\/03\/forradalom_revoluc_15mar.jpg\" data-lbwps-width=\"1772\" data-lbwps-height=\"1253\" data-lbwps-srcsmall=\"https:\/\/www1.kkl.si\/wp-content\/uploads\/2026\/03\/forradalom_revoluc_15mar-400x283.jpg\"><img loading=\"lazy\" decoding=\"async\" class=\"alignright size-thumbnail wp-image-26397\" src=\"https:\/\/www1.kkl.si\/wp-content\/uploads\/2026\/03\/forradalom_revoluc_15mar-150x150.jpg\" alt=\"\" width=\"150\" height=\"150\" \/><\/a><i class=\"fas fa-clock\"><\/i> <strong>18.00<\/strong> | Gledali\u0161ka in koncertna dvorana Lendava<br \/>\n<strong>kulturna prireditev<\/strong><\/p>\n<p><a href=\"https:\/\/www1.kkl.si\/sl\/vabilo-osrednja-prireditev-v-spomin-na-marcno-revolucijo-in-osvobodilni-boj-na-madzarskem-v-letih-1848-49-2\/\"><span style=\"font-size: 24pt;\"><strong>Osrednja prireditev v spomin na mar\u010dno revolucijo in osvobodilni boj v letih 1848\/49<\/strong><\/span><\/a><\/p>\n<p><span style=\"font-size: 10pt;\">Organizator: <a href=\"https:\/\/www.muravidek.si\/\">MM\u00d6NK-PMSNS<\/a>, <a href=\"https:\/\/lendva.info\/\">LKMN\u00d6K-MSNSOL<\/a>, <a href=\"https:\/\/www.mnmi-zkmn.si\/\">MNMI Lendva \u2013 ZKMN Lendava<\/a><\/span><\/p>\n<\/td>\n<\/tr>\n<tr>\n<td style=\"width: 14.9306%; text-align: center;\">\n<p><span style=\"font-size: 24pt;\"><strong>14.<\/strong><\/span><\/p>\n<p>sobota<\/p>\n<p><img loading=\"lazy\" decoding=\"async\" class=\"aligncenter\" title=\"Pla\u010dljiva prireditev\" src=\"https:\/\/www1.kkl.si\/wp-content\/uploads\/2020\/07\/spored_simb_placljiva-1.svg\" alt=\"placljiva\" width=\"30\" height=\"30\" \/><\/p>\n<p>NOV DATUM<\/p>\n<\/td>\n<td style=\"width: 84.6065%;\">\n<p><a href=\"https:\/\/www1.kkl.si\/wp-content\/uploads\/2026\/03\/Luka_Basi_14.3.2026.jpg\" data-lbwps-width=\"960\" data-lbwps-height=\"480\" data-lbwps-srcsmall=\"https:\/\/www1.kkl.si\/wp-content\/uploads\/2026\/03\/Luka_Basi_14.3.2026-400x200.jpg\"><img loading=\"lazy\" decoding=\"async\" class=\"alignright wp-image-26320 size-thumbnail\" src=\"https:\/\/www1.kkl.si\/wp-content\/uploads\/2026\/03\/Luka_Basi_14.3.2026-e1772813081134-150x150.jpg\" alt=\"\" width=\"150\" height=\"150\" \/><\/a><i class=\"fas fa-clock\"><\/i> <strong>20.00<\/strong>\u00a0| Gledali\u0161ka in koncertna dvorana Lendava<\/p>\n<p><strong>koncert<\/strong><\/p>\n<p><strong><span style=\"font-size: 24pt;\"><a href=\"https:\/\/www1.kkl.si\/sl\/luka-basi-show-v-lendavi\/\">Luka Basi show<\/a><\/span><\/strong><\/p>\n<p><i class=\"fas fa-ticket-alt\"><\/i> Vstopnice so na voljo na <a href=\"https:\/\/www.eventim.si\/artist\/luka-basi\/luka-basi-show-4072640\/\">Eventim.si<\/a>.<\/p>\n<p><span style=\"font-size: 10pt;\">Organizator: <a href=\"https:\/\/lukabasi.com\/\">Luka Basi Priker\u017enik s.p.<\/a><\/span><\/p>\n<\/td>\n<\/tr>\n<tr>\n<td style=\"width: 14.9306%;\">\n<p style=\"text-align: center;\"><span style=\"font-size: 24pt;\"><strong>16.<\/strong><\/span><\/p>\n<p style=\"text-align: center;\">ponedeljek<\/p>\n<p><img loading=\"lazy\" decoding=\"async\" class=\"aligncenter\" title=\"Brezpla\u010dna prireditev\" src=\"https:\/\/www1.kkl.si\/wp-content\/uploads\/2020\/07\/spored_simb_brezplacna-1.svg\" alt=\"brezplacna\" width=\"30\" height=\"30\" \/><\/p>\n<\/td>\n<td style=\"width: 84.6065%;\">\n<p><a href=\"https:\/\/www1.kkl.si\/wp-content\/uploads\/2026\/02\/Vabilo_Utrdbe_in_jadra_Tit_Recek.jpg\" data-lbwps-width=\"2480\" data-lbwps-height=\"1748\" data-lbwps-srcsmall=\"https:\/\/www1.kkl.si\/wp-content\/uploads\/2026\/02\/Vabilo_Utrdbe_in_jadra_Tit_Recek-400x282.jpg\"><img loading=\"lazy\" decoding=\"async\" class=\"alignright size-thumbnail wp-image-26160\" src=\"https:\/\/www1.kkl.si\/wp-content\/uploads\/2026\/02\/Vabilo_Utrdbe_in_jadra_Tit_Recek-e1771934472229-150x150.jpg\" alt=\"\" width=\"150\" height=\"150\" \/><\/a><i class=\"fas fa-clock\"><\/i> <strong>17.00<\/strong> | razstavni prostor Gledali\u0161ke in koncertne dvorane Lendava<br \/>\n<strong>razstava<\/strong><\/p>\n<p><a href=\"https:\/\/www1.kkl.si\/sl\/vabilo-tit-recek-utrdbe-in-jadra\/\"><span style=\"font-size: 24pt;\"><strong>Utrdbe in jadra<\/strong><\/span><\/a><\/p>\n<p><span style=\"font-size: 10pt;\">Organizator: Tit Recek<\/span><\/p>\n<\/td>\n<\/tr>\n<tr>\n<td style=\"width: 14.9306%;\">\n<p style=\"text-align: center;\"><span style=\"font-size: 24pt;\"><strong>18.<\/strong><\/span><\/p>\n<p style=\"text-align: center;\">sreda<\/p>\n<p><img loading=\"lazy\" decoding=\"async\" class=\"aligncenter\" title=\"Brezpla\u010dna prireditev\" src=\"https:\/\/www1.kkl.si\/wp-content\/uploads\/2020\/07\/spored_simb_brezplacna-1.svg\" alt=\"brezplacna\" width=\"30\" height=\"30\" \/><\/p>\n<\/td>\n<td style=\"width: 84.6065%;\">\n<p><a href=\"https:\/\/www1.kkl.si\/wp-content\/uploads\/2026\/03\/ELX_Triptih_plakat_2026_Lendava.jpg\" data-lbwps-width=\"2121\" data-lbwps-height=\"3000\" data-lbwps-srcsmall=\"https:\/\/www1.kkl.si\/wp-content\/uploads\/2026\/03\/ELX_Triptih_plakat_2026_Lendava.jpg\"><img loading=\"lazy\" decoding=\"async\" class=\"alignright size-thumbnail wp-image-26214\" src=\"https:\/\/www1.kkl.si\/wp-content\/uploads\/2026\/03\/ELX_Triptih_plakat_2026_Lendava-scaled-e1772524716254-150x150.jpg\" alt=\"\" width=\"150\" height=\"150\" \/><\/a><i class=\"fas fa-clock\"><\/i> <strong>12.00\u201220.15<\/strong> | Gledali\u0161ka in koncertna dvorana Lendava<br \/>\n<strong>interaktivna zvo\u010dna instalacija, zvo\u010dni spektakel, delavnice, koncerti<\/strong><\/p>\n<p>Mednarodni projekt elektroakusti\u010dne glasbe &#8211; Sonotopija<\/p>\n<p><a href=\"https:\/\/www1.kkl.si\/sl\/elx-triptih\/\"><span style=\"font-size: 24pt;\"><strong>ELX Triptih<\/strong><\/span><\/a><\/p>\n<p><strong>12.00\u201222.00:<\/strong> zvo\u010dno interaktivna instalacija v avli GKD Lendava<\/p>\n<p><strong>14.30\u201217.30:<\/strong> interne delavnice elektroakusti\u010dne glasbe za u\u010dence glasbene \u0161ole (dvorana G\u0160 Lendava, Glavna ulica 70)<\/p>\n<p><strong>18.00\u201219.00:<\/strong> 1. koncert akuzmati\u010dne glasbe, oder GKD Lendava<\/p>\n<p><strong>19.15\u201220.15:<\/strong> 2. koncert akuzmati\u010dne glasbe, oder GKD Lendava<\/p>\n<hr \/>\n<p><i class=\"fas fa-info-circle\"><\/i> Vstop je prost. <strong>Brezpla\u010dne vstopnice<\/strong> bodo na voljo od 11. marca 2026 na blagajni Gledali\u0161ke in koncertne dvorane Lendava. \u0160tevilo vstopnic je omejeno!<\/p>\n<hr \/>\n<p><span style=\"font-size: 10pt;\">Organizator: <a href=\"http:\/\/www.gs-lendava.si\/\">Glasbena \u0161ola Lendava\/Zeneiskola Lendva<\/a><br \/>\nV sodelovanju: \u00a0<a href=\"https:\/\/onrizom.org\/\">In\u0161titut ON Rizom<\/a>, <a href=\"https:\/\/www.cona.si\/\">Zavod CONA<\/a>, <a href=\"https:\/\/floatingsound.at\/\">Floating Sound Gallery Vienna<\/a>, <a href=\"https:\/\/www.pina.si\/\">KID PiNA<\/a>, <a href=\"https:\/\/www.kkl.si\/\">KKC Lendava \u2013 Lendvai KKK<\/a>,\u00a0 <a href=\"https:\/\/www.gml.si\/\">Galerija \u2013 Muzej Lendava<\/a><\/span><\/p>\n<\/td>\n<\/tr>\n<tr>\n<td style=\"width: 14.9306%;\">\n<p style=\"text-align: center;\"><strong><span style=\"font-size: 24pt;\">20.<\/span><br \/>\n<\/strong><\/p>\n<p style=\"text-align: center;\">petek<\/p>\n<p><img loading=\"lazy\" decoding=\"async\" class=\"aligncenter\" title=\"Brezpla\u010dna prireditev\" src=\"https:\/\/www1.kkl.si\/wp-content\/uploads\/2020\/07\/spored_simb_brezplacna-1.svg\" alt=\"brezplacna\" width=\"30\" height=\"30\" \/><\/p>\n<\/td>\n<td style=\"width: 84.6065%;\">\n<p><a href=\"https:\/\/www1.kkl.si\/wp-content\/uploads\/2026\/02\/10_Vabilo_VSE_SE_DA_2026.jpg\" data-lbwps-width=\"4000\" data-lbwps-height=\"2250\" data-lbwps-srcsmall=\"https:\/\/www1.kkl.si\/wp-content\/uploads\/2026\/02\/10_Vabilo_VSE_SE_DA_2026.jpg\"><img loading=\"lazy\" decoding=\"async\" class=\"alignright size-thumbnail wp-image-26189\" src=\"https:\/\/www1.kkl.si\/wp-content\/uploads\/2026\/02\/10_Vabilo_VSE_SE_DA_2026-scaled-150x150.jpg\" alt=\"\" width=\"150\" height=\"150\" \/><\/a><i class=\"fas fa-clock\"><\/i> <strong>17.00<\/strong> | Gledali\u0161ka in koncertna dvorana Lendava<br \/>\n<strong>kulturna prireditev<br \/>\n<\/strong><\/p>\n<p>10. jubilejna prireditev \u00bbMI ZMOREMO\u00ab u\u010dencev in u\u010diteljev DO\u0160 II Lendava:<\/p>\n<p><span style=\"font-size: 24pt;\"><a href=\"https:\/\/www1.kkl.si\/sl\/10-jubilejna-prireditev-mi-zmoremo-ucencev-in-uciteljev-dos-ii-lendava-vse-se-da\/\"><strong>VSE SE DA<\/strong><\/a><\/span><\/p>\n<p><span style=\"font-size: 10pt;\">Organizator: <a href=\"https:\/\/www.dos2-lendava.si\/\">DO\u0160 II Lendava\/2. Sz. Lendvai K\u00c1I<\/a><\/span><\/p>\n<\/td>\n<\/tr>\n<tr>\n<td style=\"width: 14.9306%;\">\n<p style=\"text-align: center;\"><strong><span style=\"font-size: 24pt;\">23.<\/span><br \/>\n<\/strong><\/p>\n<p style=\"text-align: center;\">ponedeljek<\/p>\n<p style=\"text-align: center;\"><img loading=\"lazy\" decoding=\"async\" class=\"alignnone\" title=\"Mad\u017earski abonma\" src=\"https:\/\/www1.kkl.si\/wp-content\/uploads\/2020\/07\/spored_simb_abonma_hu-1.svg\" alt=\"abonma_hu\" width=\"30\" height=\"30\" \/> \u00a0<img loading=\"lazy\" decoding=\"async\" class=\"alignnone\" title=\"Pla\u010dljiva prireditev\" src=\"https:\/\/www1.kkl.si\/wp-content\/uploads\/2020\/07\/spored_simb_placljiva-1.svg\" alt=\"placljiva\" width=\"30\" height=\"30\" \/><\/p>\n<\/td>\n<td style=\"width: 84.6065%;\">\n<p><a href=\"https:\/\/www1.kkl.si\/wp-content\/uploads\/2026\/03\/plakat_B1_abigel_2026.jpg\" data-lbwps-width=\"2100\" data-lbwps-height=\"3000\" data-lbwps-srcsmall=\"https:\/\/www1.kkl.si\/wp-content\/uploads\/2026\/03\/plakat_B1_abigel_2026.jpg\"><img loading=\"lazy\" decoding=\"async\" class=\"alignright size-thumbnail wp-image-26209\" src=\"https:\/\/www1.kkl.si\/wp-content\/uploads\/2026\/03\/plakat_B1_abigel_2026-scaled-150x150.jpg\" alt=\"\" width=\"150\" height=\"150\" \/><\/a><i class=\"fas fa-clock\"><\/i> <strong>19.00<\/strong> | Gledali\u0161ka in koncertna dvorana Lendava<br \/>\n<strong>drama v mad\u017earskem jeziku<\/strong><\/p>\n<p>B\u00e1nfalvy St\u00fadi\u00f3 | Szab\u00f3 Magda:<\/p>\n<p><a href=\"https:\/\/www1.kkl.si\/sl\/banfalvy-studio-abigel\/\"><span style=\"font-size: 24pt;\"><strong>Abig\u00e9l<\/strong><\/span><\/a><\/p>\n<p><i class=\"fas fa-ticket-alt\"><\/i> Vstopnina: <strong>25 \u20ac<\/strong>, \u0161tudentje in upokojenci <strong>20 \u20ac.<\/strong><br \/>\nVstopnice so na voljo od 16. marca v gledali\u0161\u010du. Blagajna: <i class=\"fas fa-phone-alt\"><\/i> +386 (0)2 577 60 24.<\/p>\n<p><span style=\"font-size: 10pt;\">Organizator: <a href=\"https:\/\/www.mnmi-zkmn.si\/\">MNMI Lendva \u2013 ZKMN Lendava<\/a><\/span><\/p>\n<\/td>\n<\/tr>\n<tr>\n<td style=\"width: 14.9306%;\">\n<p style=\"text-align: center;\"><strong><span style=\"font-size: 24pt;\">25.<\/span><br \/>\n<\/strong><\/p>\n<p style=\"text-align: center;\">sreda<\/p>\n<p><img loading=\"lazy\" decoding=\"async\" class=\"aligncenter\" title=\"Pla\u010dljiva prireditev\" src=\"https:\/\/www1.kkl.si\/wp-content\/uploads\/2020\/07\/spored_simb_placljiva-1.svg\" alt=\"placljiva\" width=\"30\" height=\"30\" \/><\/p>\n<\/td>\n<td style=\"width: 84.6065%;\">\n<p><a href=\"https:\/\/www1.kkl.si\/wp-content\/uploads\/2026\/02\/LET_PLAKAT_Lendava_2026.jpg\" data-lbwps-width=\"1080\" data-lbwps-height=\"1350\" data-lbwps-srcsmall=\"https:\/\/www1.kkl.si\/wp-content\/uploads\/2026\/02\/LET_PLAKAT_Lendava_2026-320x400.jpg\"><img loading=\"lazy\" decoding=\"async\" class=\"slika alignright wp-image-25990 size-thumbnail\" src=\"https:\/\/www1.kkl.si\/wp-content\/uploads\/2026\/02\/LET_PLAKAT_Lendava_2026-150x150.jpg\" alt=\"\" width=\"150\" height=\"150\" \/><\/a><i class=\"fas fa-clock\"><\/i> <strong>18.00<\/strong> | Gledali\u0161ka in koncertna dvorana Lendava<br \/>\n<strong>drama<\/strong><\/p>\n<p><a href=\"https:\/\/www1.kkl.si\/sl\/let-nad-kukavicjim-gnezdom\/\"><span style=\"font-size: 24pt;\"><strong>Let nad kukavi\u010djim gnezdom<\/strong><\/span><\/a><\/p>\n<p><i class=\"fas fa-ticket-alt\"><\/i> Cena vstopnice: predprodaja <strong>12 \u20ac<\/strong>, na dan predstave <strong>17 \u20ac<\/strong>.<br \/>\nVstopnice so na voljo na <a href=\"https:\/\/www.eventim.si\/event\/dale-wasserman-let-nad-kukavicjim-gnezdom-lendava-gledaliska-in-koncertna-dvorana-lendava-21329676\/\">Eventimu<\/a> ter na blagajni Gledali\u0161ke in koncertne dvorane Lendava (<i class=\"fas fa-phone-alt\"><\/i> +386 (0)2 577 60 24).<\/p>\n<p><span style=\"font-size: 10pt;\">Organizator: <a href=\"https:\/\/www.facebook.com\/p\/KUD-%C5%A0tefan-Kova%C4%8D-100064651333144\/\">KUD \u0160tefan Kova\u010d Murska Sobota<\/a><\/span><\/p>\n<\/td>\n<\/tr>\n<tr>\n<td style=\"width: 14.9306%;\">\n<p style=\"text-align: center;\"><strong><span style=\"font-size: 24pt;\">28.<\/span><br \/>\n<\/strong><\/p>\n<p style=\"text-align: center;\">sobota<\/p>\n<p><img loading=\"lazy\" decoding=\"async\" class=\"aligncenter\" title=\"Pla\u010dljiva prireditev\" src=\"https:\/\/www1.kkl.si\/wp-content\/uploads\/2020\/07\/spored_simb_placljiva-1.svg\" alt=\"placljiva\" width=\"30\" height=\"30\" \/><\/p>\n<\/td>\n<td style=\"width: 84.6065%;\">\n<p><strong><a href=\"https:\/\/www1.kkl.si\/wp-content\/uploads\/2026\/03\/ZIZPD_2026_Lendava.jpg\" data-lbwps-width=\"8350\" data-lbwps-height=\"11811\" data-lbwps-srcsmall=\"https:\/\/www1.kkl.si\/wp-content\/uploads\/2026\/03\/ZIZPD_2026_Lendava.jpg\"><img loading=\"lazy\" decoding=\"async\" class=\"slika alignright wp-image-26380 size-thumbnail\" src=\"https:\/\/www1.kkl.si\/wp-content\/uploads\/2026\/03\/ZIZPD_2026_Lendava-scaled-e1773325505139-150x150.jpg\" alt=\"\" width=\"150\" height=\"150\" \/><\/a><\/strong><i class=\"fas fa-clock\"><\/i> <strong>19.00<\/strong> | Gledali\u0161ka in koncertna dvorana Lendava<br \/>\n<strong>koncert, glasbeno-zabavna prireditev<\/strong><\/p>\n<p><a href=\"https:\/\/www1.kkl.si\/sl\/zaigrajmo-in-zapojmo-po-domace-2026\/\"><span style=\"font-size: 24pt;\"><strong>Zaigrajmo in zapojmo po doma\u010de<\/strong><\/span><\/a><\/p>\n<p><i class=\"fas fa-ticket-alt\"><\/i> Cena vstopnice v predprodaji: <strong>25 \u20ac<\/strong>, na dan koncerta: <strong>29 \u20ac<\/strong>.<br \/>\nVstopnice v predprodaji \u00a0(od 16. februarja 2026 naprej) na blagajni GKD Lendava, telefon: <i class=\"fas fa-phone-alt\"><\/i> (0)2 577 60 24 in v <a href=\"https:\/\/gezasezeza.com\/kontaktirajte-nas\/\">Geza pub Beltinci<\/a>.<\/p>\n<p><span style=\"font-size: 10pt;\">Organizator: <a href=\"https:\/\/gezasezeza.com\/\">Grega Farka\u0161 s.p., Mladinska ulica 6, 9231 Beltinci<\/a><\/span><\/p>\n<\/td>\n<\/tr>\n<\/tbody>\n<\/table>\n<p style=\"text-align: center;\"><span style=\"font-size: 10pt;\">Organizatorji si pridr\u017eujejo pravico do spremembe programa.<\/span><\/p>\n","protected":false},"excerpt":{"rendered":"<p>Leto 2026: januar | februar | marec | april | maj | junij | julij | avgust | september | oktober | november | december | ARHIV LEGENDA SIMBOLOV Slovenski abonma Mad\u017earski abonma Zaklju\u010dena prireditev Brezpla\u010dna prireditev Pla\u010dljiva prireditev Novost, sprememba 2. ponedeljek \u00a0 \u00a0 NOV DATUM 19.00 | Gledali\u0161ka in koncertna dvorana Lendava romanti\u010dna [&hellip;]<\/p>\n","protected":false},"author":2,"featured_media":0,"parent":0,"menu_order":0,"comment_status":"closed","ping_status":"closed","template":"","meta":{"footnotes":""},"class_list":["post-25891","page","type-page","status-publish","hentry","post"],"_links":{"self":[{"href":"https:\/\/www1.kkl.si\/sl\/wp-json\/wp\/v2\/pages\/25891","targetHints":{"allow":["GET"]}}],"collection":[{"href":"https:\/\/www1.kkl.si\/sl\/wp-json\/wp\/v2\/pages"}],"about":[{"href":"https:\/\/www1.kkl.si\/sl\/wp-json\/wp\/v2\/types\/page"}],"author":[{"embeddable":true,"href":"https:\/\/www1.kkl.si\/sl\/wp-json\/wp\/v2\/users\/2"}],"replies":[{"embeddable":true,"href":"https:\/\/www1.kkl.si\/sl\/wp-json\/wp\/v2\/comments?post=25891"}],"version-history":[{"count":62,"href":"https:\/\/www1.kkl.si\/sl\/wp-json\/wp\/v2\/pages\/25891\/revisions"}],"predecessor-version":[{"id":26858,"href":"https:\/\/www1.kkl.si\/sl\/wp-json\/wp\/v2\/pages\/25891\/revisions\/26858"}],"wp:attachment":[{"href":"https:\/\/www1.kkl.si\/sl\/wp-json\/wp\/v2\/media?parent=25891"}],"curies":[{"name":"wp","href":"https:\/\/api.w.org\/{rel}","templated":true}]}}