{"id":25937,"date":"2026-02-10T22:16:31","date_gmt":"2026-02-10T21:16:31","guid":{"rendered":"https:\/\/www1.kkl.si\/?page_id=25937"},"modified":"2026-02-11T19:52:02","modified_gmt":"2026-02-11T18:52:02","slug":"magyarock-dalszinhaz-komarom-a-koszivu-ember-fiai","status":"publish","type":"page","link":"https:\/\/www1.kkl.si\/sl\/magyarock-dalszinhaz-komarom-a-koszivu-ember-fiai\/","title":{"rendered":"Magyarock Dalsz\u00ednh\u00e1z Kom\u00e1rom: A k\u0151sz\u00edv\u0171 ember fiai"},"content":{"rendered":"<div class=\"opis\"><i class=\"fas fa-clock\"><\/i> <strong>ponedeljek, 23. januar 2026, ob 19. uri<\/strong> | Gledali\u0161ka in koncertna dvorana Lendava<img loading=\"lazy\" decoding=\"async\" class=\"alignright\" title=\"Pla\u010dljiva prireditev\" src=\"https:\/\/www1.kkl.si\/wp-content\/uploads\/2020\/07\/spored_simb_placljiva-1.svg\" alt=\"placljiva\" width=\"30\" height=\"30\" \/><img loading=\"lazy\" decoding=\"async\" class=\"alignright\" title=\"Mad\u017earski abonma\" src=\"https:\/\/www1.kkl.si\/wp-content\/uploads\/2020\/07\/spored_simb_abonma_hu-1.svg\" alt=\"abonma_hu\" width=\"30\" height=\"30\" \/><br \/>\n<i class=\"fas fa-chevron-circle-right\"><\/i> <strong>muzikal z zgodovinsko tematiko<\/strong><br \/>\n<i class=\"fas fa-ticket-alt\"><\/i> Vstopnina: <strong>22 \u20ac<\/strong>, \u0161tudentje in upokojenci <strong>18 \u20ac.<\/strong><br \/>\nVstopnice so na voljo od 16. februarja v gledali\u0161\u010du. Blagajna: <i class=\"fas fa-phone-alt\"><\/i> +386 (0)2 577 60 24.<br \/>\nOrganizator: <a href=\"https:\/\/www.mnmi-zkmn.si\/\">MNMI Lendva \u2013 ZKMN Lendava<\/a><\/div>\n<p><em>Mad\u017earski opis:<\/em><\/p>\n<p>Magyarock Dalsz\u00ednh\u00e1z | J\u00f3kai M\u00f3r-M\u00e1sik-Medveczky-Vizeli:<br \/>\n<span style=\"font-size: 18pt;\"><strong>A k\u0151sz\u00edv\u0171 ember fiai<\/strong><\/span><br \/>\n<em>t\u00f6rt\u00e9nelmi musical<\/em><\/p>\n<p><a href=\"https:\/\/www1.kkl.si\/wp-content\/uploads\/2025\/09\/a-koszivu-ember-fiai01.jpg\" data-lbwps-width=\"5616\" data-lbwps-height=\"3744\" data-lbwps-srcsmall=\"https:\/\/www1.kkl.si\/wp-content\/uploads\/2025\/09\/a-koszivu-ember-fiai01.jpg\"><img loading=\"lazy\" decoding=\"async\" class=\"alignnone size-large wp-image-23455\" src=\"https:\/\/www1.kkl.si\/wp-content\/uploads\/2025\/09\/a-koszivu-ember-fiai01-scaled-1500x1000.jpg\" alt=\"\" width=\"1500\" height=\"1000\" srcset=\"https:\/\/www1.kkl.si\/wp-content\/uploads\/2025\/09\/a-koszivu-ember-fiai01-scaled-1500x1000.jpg 1500w, https:\/\/www1.kkl.si\/wp-content\/uploads\/2025\/09\/a-koszivu-ember-fiai01-scaled-400x267.jpg 400w\" sizes=\"auto, (max-width: 1500px) 100vw, 1500px\" \/><\/a><\/p>\n<p>A t\u00f6rt\u00e9nelmi musical a 19. sz\u00e1zadba, a szabads\u00e1gharc idej\u00e9re r\u00f6p\u00edt minket. A m\u0171 f\u0151szerepl\u0151i a Baradlay csal\u00e1d tagjai. A cs\u00e1sz\u00e1rp\u00e1rti Baradlay K\u00e1zm\u00e9r \u00f6zvegye, szembeszeg\u00fclve f\u00e9rje v\u00e9gakarat\u00e1val, j\u00f3 magyarnak, boldog embernek szeretn\u00e9 l\u00e1tni a fiait. Hazah\u00edvja legid\u0151sebb fi\u00e1t, \u00d6d\u00f6nt P\u00e9terv\u00e1rr\u00f3l, Richardot \u00e9s Jen\u0151t B\u00e9csb\u0151l. Kit\u00f6rt a forradalom. A forradalm\u00e1r lelk\u00fclet\u0171 Baradlayn\u00e9 biztat\u00e1s\u00e1ra fiai apjuk v\u00e9gakarata ellen\u00e9re, 1848 \u00fcgye mell\u00e9 \u00e1llnak. A leggyeng\u00e9bbnek t\u0171n\u0151, f\u00e9nyes p\u00e1lya el\u0151tt \u00e1ll\u00f3 Jen\u0151 a szabads\u00e1gharc lever\u00e9se ut\u00e1n az \u00e9let\u00e9t is fel\u00e1ldozza b\u00e1tyjai\u00e9rt. A m\u0171ben \u2013 ahogyan a val\u00f3s \u00e9letben is \u2013 a hazaszeretet, a testv\u00e9ri \u00e9s sz\u00fcl\u0151i \u00f6nfel\u00e1ldoz\u00e1s \u00e9s a becs\u00fclet mellett az \u00e1rul\u00e1s, az erk\u00f6lcstelens\u00e9g, a bossz\u00fa ir\u00e1ny\u00edtja az embereket \u00e9s a t\u00f6rt\u00e9nelmet egyar\u00e1nt.<\/p>\n<p><strong><a href=\"https:\/\/www1.kkl.si\/wp-content\/uploads\/2026\/02\/plakat_B1_AKEF_2026-scaled.jpg\" data-lbwps-width=\"2100\" data-lbwps-height=\"3000\" data-lbwps-srcsmall=\"https:\/\/www1.kkl.si\/wp-content\/uploads\/2026\/02\/plakat_B1_AKEF_2026.jpg\"><img loading=\"lazy\" decoding=\"async\" class=\"alignright wp-image-25816 size-medium\" src=\"https:\/\/www1.kkl.si\/wp-content\/uploads\/2026\/02\/plakat_B1_AKEF_2026-scaled-280x400.jpg\" alt=\"\" width=\"280\" height=\"400\" srcset=\"https:\/\/www1.kkl.si\/wp-content\/uploads\/2026\/02\/plakat_B1_AKEF_2026-scaled-280x400.jpg 280w, https:\/\/www1.kkl.si\/wp-content\/uploads\/2026\/02\/plakat_B1_AKEF_2026-scaled-1050x1500.jpg 1050w, https:\/\/www1.kkl.si\/wp-content\/uploads\/2026\/02\/plakat_B1_AKEF_2026-scaled.jpg 1792w\" sizes=\"auto, (max-width: 280px) 100vw, 280px\" \/><\/a><\/strong>J\u00f3kai M\u00f3r reg\u00e9nye alapj\u00e1n \u00edrta: VIZELI CSABA<br \/>\nzene: M\u00c1SIK LEHEL, MEDVECZKY SZABOLCS<\/p>\n<p><strong>SZEREPL\u0150K:<\/strong><\/p>\n<p>\u00f6zvegy Baradlayn\u00e9, a k\u0151sz\u00edv\u0171 neje, \u00f6zvegye: NAGY ANIK\u00d3<br \/>\nBaradlay \u00d6d\u00f6n, az els\u0151sz\u00fcl\u00f6tt: CSENGERI ATTILA<br \/>\nBaradlay Rich\u00e1rd, a m\u00e1sodik fi\u00fa:\u00a0BALOGH G\u00c1BOR<br \/>\nBaradlay Jen\u0151, a legifjabb fi\u00fa:M\u00c1SIK LEHEL<br \/>\nLiedenwall Edit, Rich\u00e1rd szerelme: MAH\u00d3 ANDREA\u00a0<br \/>\nL\u00e1nghy Aranka, \u00d6d\u00f6n szerelme:\u00a0BODN\u00c1R VIVIEN<br \/>\nPlankenhorstn\u00e9 Antoinette b\u00e1r\u00f3n\u00e9:T\u00d3TH REN\u00c1TA<br \/>\nPlankenhorst Alfonsine \u00farh\u00f6lgy:\u00a0KUCZMANN \u00c1GNES<br \/>\nRideghv\u00e1ry Bence, cs\u00e1sz\u00e1ri adminisztr\u00e1tor: LAKL\u00d3TH ALAD\u00c1R<br \/>\nPalvicz Ott\u00f3, v\u00e9rtes \u0151rnagy, Alfonsine szerelme: S\u00c1NDOR D\u00c1VID\u00a0<br \/>\nsoror Remigia, rendf\u0151n\u00f6kn\u0151: ENYINGI ZS\u00d3FIA<br \/>\nP\u00e1l \u00far, Rich\u00e1rd szolg\u00e1ja:\u00a0P.PET\u0150CZ ANDR\u00c1S<br \/>\nMih\u00e1ly mester, pesti csizmadia:\u00a0P.PET\u0150CZ ANDR\u00c1S<br \/>\nFritz Goldner, di\u00e1kvez\u00e9r:TIHANYI D\u00c1NIEL\u00a0<br \/>\nKarl Ernst, t\u00f6rzshadb\u00edr\u00f3:\u00a0TIHANYI D\u00c1NIEL<br \/>\nMausmann Hugo, versel\u0151 di\u00e1k: KRNCAN MIL\u00c1N<br \/>\nTall\u00e9rossy Zebulon, magyar nemes:\u00a0KRNCAN MIL\u00c1N<br \/>\nL\u00e1nghy Bertalan, protest\u00e1ns pr\u00e9dik\u00e1tor :KRNCAN MIL\u00c1N<br \/>\nHaynau, cs\u00e1sz\u00e1ri t\u00e1bornok, korm\u00e1nyz\u00f3:\u00a0MAKRAI P\u00c1L<br \/>\nTorm\u00e1ndy, halad\u00f3 gondolkod\u00e1s\u00fa magyar nemes:\u00a0MAKRAI P\u00c1L<br \/>\nG\u00f6rgei Art\u00far, honv\u00e9dt\u00e1bornok:\u00a0GERDESITS FERENC<br \/>\ngr\u00f3f G\u00e1lfaly P\u00e1l, magyar arisztokrata:\u00a0GERDESITS FERENC<br \/>\nLeonin, orosz nemes, \u00d6d\u00f6n bar\u00e1tja:\u00a0ONDRIK J\u00c1NOS<br \/>\nFranz, forradalm\u00e1r:\u00a0ONDRIK J\u00c1NOS<br \/>\nHuberg, Haynau hadseg\u00e9de:\u00a0ONDRIK J\u00c1NOS\u00a0<br \/>\nAulich Lajos, honv\u00e9dt\u00e1bornok: VANK RICH\u00c1RD<br \/>\nHans, forradalm\u00e1r: VANK RICH\u00c1RD<br \/>\nFut\u00e1r:\u00a0VANK RICH\u00c1RD<\/p>\n<p>K\u00f6zrem\u0171k\u00f6dik a Magyarock Dalsz\u00ednh\u00e1z t\u00e1rsulata.<br \/>\nKatonai hagyom\u00e1ny\u0151rz\u0151k Udovecz Gy\u00f6rgy vezet\u00e9s\u00e9vel.<\/p>\n<p><strong>Hangos\u00edt\u00f3:<\/strong> KECSKEM\u00c9TI ATTILA<br \/>\n<strong>Vil\u00e1gos\u00edt\u00f3:<\/strong> MAJOR ZOLT\u00c1N<br \/>\n<strong>Pirotechnika:<\/strong> FARKAS TIBOR<br \/>\n<strong>Kell\u00e9k:<\/strong> SZARVASSY CSABA ZSOLT<br \/>\n<strong>Fodr\u00e1sz:<\/strong> VATHY CSILLA<br \/>\n<strong>Jelmez:<\/strong> BALAI ZSUZSA, M\u00c1SIKN\u00c9 VIZELI ANITA<br \/>\n<strong>Sz\u00ednpadk\u00e9p:<\/strong> VIZELI CSABA<br \/>\n<strong>Sz\u00ednpadi mozg\u00e1s, v\u00edv\u00e1s:<\/strong> GY\u00d6NGY\u00d6SI TAM\u00c1S\u00a0<br \/>\n<strong>Koreogr\u00e1fus:<\/strong> BAK\u00d3 G\u00c1BOR\u00a0 <br \/>\n<strong>Rendez\u0151:<\/strong> VIZELI CSABA<\/p>\n\n\t\t<style type=\"text\/css\">\n\t\t\t#gallery-1 {\n\t\t\t\tmargin: auto;\n\t\t\t}\n\t\t\t#gallery-1 .gallery-item {\n\t\t\t\tfloat: left;\n\t\t\t\tmargin-top: 10px;\n\t\t\t\ttext-align: center;\n\t\t\t\twidth: 16%;\n\t\t\t}\n\t\t\t#gallery-1 img {\n\t\t\t\tborder: 2px solid #cfcfcf;\n\t\t\t}\n\t\t\t#gallery-1 .gallery-caption {\n\t\t\t\tmargin-left: 0;\n\t\t\t}\n\t\t\t\/* see gallery_shortcode() in wp-includes\/media.php *\/\n\t\t<\/style>\n\t\t<div id='gallery-1' class='gallery galleryid-25937 gallery-columns-6 gallery-size-thumbnail'><dl class='gallery-item'>\n\t\t\t<dt class='gallery-icon landscape'>\n\t\t\t\t<a href='https:\/\/www1.kkl.si\/wp-content\/uploads\/2025\/09\/a-koszivu-ember-fiai02-scaled.jpg'><img loading=\"lazy\" decoding=\"async\" width=\"150\" height=\"150\" src=\"https:\/\/www1.kkl.si\/wp-content\/uploads\/2025\/09\/a-koszivu-ember-fiai02-scaled-150x150.jpg\" class=\"attachment-thumbnail size-thumbnail\" alt=\"\" \/><\/a>\n\t\t\t<\/dt><\/dl><dl class='gallery-item'>\n\t\t\t<dt class='gallery-icon landscape'>\n\t\t\t\t<a href='https:\/\/www1.kkl.si\/wp-content\/uploads\/2025\/09\/a-koszivu-ember-fiai03-scaled.jpg'><img loading=\"lazy\" decoding=\"async\" width=\"150\" height=\"150\" src=\"https:\/\/www1.kkl.si\/wp-content\/uploads\/2025\/09\/a-koszivu-ember-fiai03-scaled-150x150.jpg\" class=\"attachment-thumbnail size-thumbnail\" alt=\"\" \/><\/a>\n\t\t\t<\/dt><\/dl><dl class='gallery-item'>\n\t\t\t<dt class='gallery-icon landscape'>\n\t\t\t\t<a href='https:\/\/www1.kkl.si\/wp-content\/uploads\/2025\/09\/a-koszivu-ember-fiai04-scaled.jpg'><img loading=\"lazy\" decoding=\"async\" width=\"150\" height=\"150\" src=\"https:\/\/www1.kkl.si\/wp-content\/uploads\/2025\/09\/a-koszivu-ember-fiai04-scaled-150x150.jpg\" class=\"attachment-thumbnail size-thumbnail\" alt=\"\" \/><\/a>\n\t\t\t<\/dt><\/dl><dl class='gallery-item'>\n\t\t\t<dt class='gallery-icon landscape'>\n\t\t\t\t<a href='https:\/\/www1.kkl.si\/wp-content\/uploads\/2025\/09\/a-koszivu-ember-fiai05-scaled.jpg'><img loading=\"lazy\" decoding=\"async\" width=\"150\" height=\"150\" src=\"https:\/\/www1.kkl.si\/wp-content\/uploads\/2025\/09\/a-koszivu-ember-fiai05-scaled-150x150.jpg\" class=\"attachment-thumbnail size-thumbnail\" alt=\"\" \/><\/a>\n\t\t\t<\/dt><\/dl><dl class='gallery-item'>\n\t\t\t<dt class='gallery-icon landscape'>\n\t\t\t\t<a href='https:\/\/www1.kkl.si\/wp-content\/uploads\/2025\/09\/a-koszivu-ember-fiai06-scaled.jpg'><img loading=\"lazy\" decoding=\"async\" width=\"150\" height=\"150\" src=\"https:\/\/www1.kkl.si\/wp-content\/uploads\/2025\/09\/a-koszivu-ember-fiai06-scaled-150x150.jpg\" class=\"attachment-thumbnail size-thumbnail\" alt=\"\" \/><\/a>\n\t\t\t<\/dt><\/dl><dl class='gallery-item'>\n\t\t\t<dt class='gallery-icon landscape'>\n\t\t\t\t<a href='https:\/\/www1.kkl.si\/wp-content\/uploads\/2025\/09\/a-koszivu-ember-fiai07-scaled.jpg'><img loading=\"lazy\" decoding=\"async\" width=\"150\" height=\"150\" src=\"https:\/\/www1.kkl.si\/wp-content\/uploads\/2025\/09\/a-koszivu-ember-fiai07-scaled-150x150.jpg\" class=\"attachment-thumbnail size-thumbnail\" alt=\"\" \/><\/a>\n\t\t\t<\/dt><\/dl><br style=\"clear: both\" \/>\n\t\t<\/div>\n\n<p><i class=\"fas fa-link\"><\/i> <a href=\"https:\/\/magyarockdalszinhaz.hu\/event\/a-koszivu-ember-fiai-musical-2\/\">magyarockdalszinhaz.hu<\/a><\/p>\n<hr \/>\n<p>MNMI Magyar sz\u00ednh\u00e1zi b\u00e9rlet Lendv\u00e1n 2025\/26 &#8211; ZKMN Mad\u017earski gledali\u0161ki abonma v Lendavi, sezona 2025\/26<\/p>\n<p><a href=\"https:\/\/www1.kkl.si\/hu\/magyar-szinhazi-berlet-2025-26\/\"><img loading=\"lazy\" decoding=\"async\" class=\"alignnone wp-image-23335 size-large\" src=\"https:\/\/www1.kkl.si\/wp-content\/uploads\/2025\/08\/2025_08_30_HU_berlet-1500x400.png\" sizes=\"auto, (max-width: 1500px) 100vw, 1500px\" srcset=\"https:\/\/www1.kkl.si\/wp-content\/uploads\/2025\/08\/2025_08_30_HU_berlet.png 1500w, https:\/\/www1.kkl.si\/wp-content\/uploads\/2025\/08\/2025_08_30_HU_berlet-400x107.png 400w\" alt=\"\" width=\"1500\" height=\"400\" \/><\/a><\/p>\n","protected":false},"excerpt":{"rendered":"<p>ponedeljek, 23. januar 2026, ob 19. uri | Gledali\u0161ka in koncertna dvorana Lendava muzikal z zgodovinsko tematiko Vstopnina: 22 \u20ac, \u0161tudentje in upokojenci 18 \u20ac. Vstopnice so na voljo od 16. februarja v gledali\u0161\u010du. Blagajna: +386 (0)2 577 60 24. Organizator: MNMI Lendva \u2013 ZKMN Lendava Mad\u017earski opis: Magyarock Dalsz\u00ednh\u00e1z | J\u00f3kai M\u00f3r-M\u00e1sik-Medveczky-Vizeli: A k\u0151sz\u00edv\u0171 [&hellip;]<\/p>\n","protected":false},"author":2,"featured_media":23460,"parent":0,"menu_order":0,"comment_status":"closed","ping_status":"closed","template":"","meta":{"footnotes":""},"class_list":["post-25937","page","type-page","status-publish","has-post-thumbnail","hentry","post","post-with-thumbnail","post-with-thumbnail-icon"],"_links":{"self":[{"href":"https:\/\/www1.kkl.si\/sl\/wp-json\/wp\/v2\/pages\/25937","targetHints":{"allow":["GET"]}}],"collection":[{"href":"https:\/\/www1.kkl.si\/sl\/wp-json\/wp\/v2\/pages"}],"about":[{"href":"https:\/\/www1.kkl.si\/sl\/wp-json\/wp\/v2\/types\/page"}],"author":[{"embeddable":true,"href":"https:\/\/www1.kkl.si\/sl\/wp-json\/wp\/v2\/users\/2"}],"replies":[{"embeddable":true,"href":"https:\/\/www1.kkl.si\/sl\/wp-json\/wp\/v2\/comments?post=25937"}],"version-history":[{"count":1,"href":"https:\/\/www1.kkl.si\/sl\/wp-json\/wp\/v2\/pages\/25937\/revisions"}],"predecessor-version":[{"id":25938,"href":"https:\/\/www1.kkl.si\/sl\/wp-json\/wp\/v2\/pages\/25937\/revisions\/25938"}],"wp:featuredmedia":[{"embeddable":true,"href":"https:\/\/www1.kkl.si\/sl\/wp-json\/wp\/v2\/media\/23460"}],"wp:attachment":[{"href":"https:\/\/www1.kkl.si\/sl\/wp-json\/wp\/v2\/media?parent=25937"}],"curies":[{"name":"wp","href":"https:\/\/api.w.org\/{rel}","templated":true}]}}