{"id":26095,"date":"2026-02-20T09:45:31","date_gmt":"2026-02-20T08:45:31","guid":{"rendered":"https:\/\/www1.kkl.si\/?page_id=26095"},"modified":"2026-02-20T09:46:21","modified_gmt":"2026-02-20T08:46:21","slug":"mestno-gledalisce-ljubljansko-jazz-2","status":"publish","type":"page","link":"https:\/\/www1.kkl.si\/sl\/mestno-gledalisce-ljubljansko-jazz-2\/","title":{"rendered":"Mestno gledali\u0161\u010de ljubljansko: Jazz"},"content":{"rendered":"<div class=\"opis\"><i class=\"fas fa-clock\"><\/i> <strong>ponedeljek, 2. marec 2026, 19.00<\/strong>\u00a0| Gledali\u0161ka in koncertna dvorana Lendava<img loading=\"lazy\" decoding=\"async\" class=\"alignright\" title=\"Pla\u010dljiva prireditev\" src=\"https:\/\/www1.kkl.si\/wp-content\/uploads\/\/2020\/07\/spored_simb_placljiva-1.svg\" alt=\"placljiva\" width=\"30\" height=\"30\" \/><img loading=\"lazy\" decoding=\"async\" class=\"alignright\" title=\"Slovenski abonma\" src=\"https:\/\/www1.kkl.si\/wp-content\/uploads\/2020\/07\/spored_simb_abonma_si-1.svg\" alt=\"abonma_si\" width=\"30\" height=\"30\" \/><br \/>\n<i class=\"fas fa-chevron-circle-right\"><\/i> <strong>romanti\u010dna drama<\/strong><br \/>\n<i class=\"fas fa-ticket-alt\"><\/i>\u00a0Cena vstopnice: predprodaja <strong>15 \u20ac<\/strong>, na dan predstave <strong>18 \u20ac.<\/strong><br \/>\nBlagajna: <i class=\"fas fa-phone-alt\"><\/i> +386 (0)2 577 60 24.<br \/>\nOrganizator: <a href=\"https:\/\/www.kkl.si\/\">Knji\u017enica \u2013 Kulturni center Lendava \u2013 Lendvai K\u00f6nyvt\u00e1r \u00e9s Kultur\u00e1lis K\u00f6zpont<\/a><\/div>\n<p><a href=\"https:\/\/www1.kkl.si\/wp-content\/uploads\/2026\/02\/plakat_B1_SLOAB_jazz_2026_DVOJ_nov_datum.jpg\" data-lbwps-width=\"2450\" data-lbwps-height=\"3500\" data-lbwps-srcsmall=\"https:\/\/www1.kkl.si\/wp-content\/uploads\/2026\/02\/plakat_B1_SLOAB_jazz_2026_DVOJ_nov_datum.jpg\"><img loading=\"lazy\" decoding=\"async\" class=\"alignright size-medium wp-image-26088\" src=\"https:\/\/www1.kkl.si\/wp-content\/uploads\/2026\/02\/plakat_B1_SLOAB_jazz_2026_DVOJ_nov_datum-scaled-280x400.jpg\" alt=\"\" width=\"280\" height=\"400\" \/><\/a>Mestno gledali\u0161\u010de ljubljansko:<\/p>\n<p><span style=\"font-size: 18pt;\"><strong>Jazz<\/strong><\/span>, <em>romanti\u010dna drama<\/em><\/p>\n<p>Re\u017eija: Nejc Gazvoda<br \/>\nIgrata: Ajda Smrekar, Sebastian Cavazza<\/p>\n<p>&nbsp;<\/p>\n<p><strong>Opis<\/strong><\/p>\n<div class=\"content content-body\">\n<p class=\"v1gmail-p1\">Streha razko\u0161ne vile, v kateri poteka zabava v maskah. Ve\u010der, zvezde, glasba, penina. Na balkonu se sre\u010data mo\u0161ki in \u017eenska. Oba sta oble\u010dena v pti\u010da. Ona je stara nekaj \u010dez trideset, on je sredi \u0161tiridesetih. On je pianist, ki je \u0161e ravnokar igral na zabavi. Ona je &#8230; obiskovalka? Natakarica? Zapleteta se v pogovor. Na koncu ve\u010dera \u2013 v katerem bosta drug o drugem nekaj izvedela in stkala krhke vezi poznanstva, kar \u017ee spominja na toplo \u010dlove\u0161ko bli\u017eino (\u010de je kaj takega v enem ve\u010deru sploh mogo\u010de za\u010dutiti do popolnega tujca) \u2013 se dogovorita, da se bosta na istem balkonu znova sre\u010dala ob letu osorej. In tako nadaljnjih pet let. Odnos se bo poglabljal, podatkih o njunih \u017eivljenjih postopoma razkrivali. Vsako leto v novi maski in brez v\u00e9denja, kako je drugemu ime, bosta mo\u0161ki in \u017eenska drug drugemu postala pomemben del \u017eivljenja, dan zabave in sre\u010danja pa datum, ki bo v njunih \u017eivljenjih nekaj pomenil, \u010detudi bosta ti \u017eivljenji preostalih 364 dni tekli po svoje &#8230; Katero leto bo zadnje?<\/p>\n<blockquote>\n<p>\u00bbNikoli si ne bom zapomnila, \u010de \u010das te\u010de hitreje ali po\u010dasneje, ko si vi\u0161je.\u00ab<\/p>\n<\/blockquote>\n<\/div>\n<p>Dramatik in re\u017eiser <strong>Nejc Gazvoda<\/strong> je z MGL sodeloval \u017ee trikrat, trikrat kot pisec in dvakrat kot re\u017eiser. Nazadnje je leta 2018 na Velikem odru re\u017eiral uspe\u0161nico, dru\u017einsko dramo <em>Tih vdih<\/em>, za katero je leta 2019 prejel Grumovo nagrado za najbolj\u0161e izvirno dramsko besedilo in Bor\u0161tnikovo nagrado. Kot ka\u017ee \u017ee naslov, je njegovo novo dramsko besedilo <em>Jazz<\/em> gibljivo, teko\u010de, lepo in \u017ealostno, sme\u0161no in grenko kot \u017eivljenje samo. Po eni strani se navdihuje pri Woodyju Allenu in zlati dobi ameri\u0161ke romanti\u010dne komedije v devetdesetih, po drugi pa nenehno presene\u010da in je \u017eanrsko nedolo\u010dljivo. V odnosu dveh, ki sta si blizu in obenem drug o drugem ne vesta skoraj ni\u010d, ka\u017ee stiske sodobnega \u010dasa, preizpra\u0161uje ljubezen, navezanost in prijateljstvo v vsej svoji zapletenosti in preprostosti hkrati.<\/p>\n<hr \/>\n<p>Predstava traja 1 uro in 20 minut in nima odmora.<\/p>\n<hr \/>\n<p>&nbsp;<\/p>\n<p><iframe loading=\"lazy\" src=\"\/\/www.youtube.com\/embed\/4BhhCr60heo\" width=\"560\" height=\"314\" allowfullscreen=\"allowfullscreen\" data-mce-fragment=\"1\"><\/iframe><\/p>\n\n\t\t<style type=\"text\/css\">\n\t\t\t#gallery-1 {\n\t\t\t\tmargin: auto;\n\t\t\t}\n\t\t\t#gallery-1 .gallery-item {\n\t\t\t\tfloat: left;\n\t\t\t\tmargin-top: 10px;\n\t\t\t\ttext-align: center;\n\t\t\t\twidth: 16%;\n\t\t\t}\n\t\t\t#gallery-1 img {\n\t\t\t\tborder: 2px solid #cfcfcf;\n\t\t\t}\n\t\t\t#gallery-1 .gallery-caption {\n\t\t\t\tmargin-left: 0;\n\t\t\t}\n\t\t\t\/* see gallery_shortcode() in wp-includes\/media.php *\/\n\t\t<\/style>\n\t\t<div id='gallery-1' class='gallery galleryid-26095 gallery-columns-6 gallery-size-thumbnail'><dl class='gallery-item'>\n\t\t\t<dt class='gallery-icon landscape'>\n\t\t\t\t<a href='https:\/\/www1.kkl.si\/wp-content\/uploads\/2025\/08\/Jazz-scaled.jpg'><img loading=\"lazy\" decoding=\"async\" width=\"150\" height=\"150\" src=\"https:\/\/www1.kkl.si\/wp-content\/uploads\/2025\/08\/Jazz-scaled-150x150.jpg\" class=\"attachment-thumbnail size-thumbnail\" alt=\"\" \/><\/a>\n\t\t\t<\/dt><\/dl><dl class='gallery-item'>\n\t\t\t<dt class='gallery-icon landscape'>\n\t\t\t\t<a href='https:\/\/www1.kkl.si\/wp-content\/uploads\/2025\/08\/Jazz-01_2000x1250px_foto-Peter-Giodani_7599.jpg'><img loading=\"lazy\" decoding=\"async\" width=\"150\" height=\"150\" src=\"https:\/\/www1.kkl.si\/wp-content\/uploads\/2025\/08\/Jazz-01_2000x1250px_foto-Peter-Giodani_7599-150x150.jpg\" class=\"attachment-thumbnail size-thumbnail\" alt=\"\" \/><\/a>\n\t\t\t<\/dt><\/dl><dl class='gallery-item'>\n\t\t\t<dt class='gallery-icon landscape'>\n\t\t\t\t<a href='https:\/\/www1.kkl.si\/wp-content\/uploads\/2025\/08\/Jazz-02_2000x1250px_foto-Peter-Giodani_7274.jpg'><img loading=\"lazy\" decoding=\"async\" width=\"150\" height=\"150\" src=\"https:\/\/www1.kkl.si\/wp-content\/uploads\/2025\/08\/Jazz-02_2000x1250px_foto-Peter-Giodani_7274-150x150.jpg\" class=\"attachment-thumbnail size-thumbnail\" alt=\"\" \/><\/a>\n\t\t\t<\/dt><\/dl><dl class='gallery-item'>\n\t\t\t<dt class='gallery-icon landscape'>\n\t\t\t\t<a href='https:\/\/www1.kkl.si\/wp-content\/uploads\/2025\/08\/Jazz-03_2000x1250px_foto-Peter-Giodani_8065.jpg'><img loading=\"lazy\" decoding=\"async\" width=\"150\" height=\"150\" src=\"https:\/\/www1.kkl.si\/wp-content\/uploads\/2025\/08\/Jazz-03_2000x1250px_foto-Peter-Giodani_8065-150x150.jpg\" class=\"attachment-thumbnail size-thumbnail\" alt=\"\" \/><\/a>\n\t\t\t<\/dt><\/dl><dl class='gallery-item'>\n\t\t\t<dt class='gallery-icon landscape'>\n\t\t\t\t<a href='https:\/\/www1.kkl.si\/wp-content\/uploads\/2025\/08\/Jazz-04_2000x1250px_foto-Peter-Giodani_8246.jpg'><img loading=\"lazy\" decoding=\"async\" width=\"150\" height=\"150\" src=\"https:\/\/www1.kkl.si\/wp-content\/uploads\/2025\/08\/Jazz-04_2000x1250px_foto-Peter-Giodani_8246-150x150.jpg\" class=\"attachment-thumbnail size-thumbnail\" alt=\"\" \/><\/a>\n\t\t\t<\/dt><\/dl><dl class='gallery-item'>\n\t\t\t<dt class='gallery-icon landscape'>\n\t\t\t\t<a href='https:\/\/www1.kkl.si\/wp-content\/uploads\/2025\/08\/Jazz-05_2000x1250px_foto-Peter-Giodani_8262.jpg'><img loading=\"lazy\" decoding=\"async\" width=\"150\" height=\"150\" src=\"https:\/\/www1.kkl.si\/wp-content\/uploads\/2025\/08\/Jazz-05_2000x1250px_foto-Peter-Giodani_8262-150x150.jpg\" class=\"attachment-thumbnail size-thumbnail\" alt=\"\" \/><\/a>\n\t\t\t<\/dt><\/dl><br style=\"clear: both\" \/><dl class='gallery-item'>\n\t\t\t<dt class='gallery-icon landscape'>\n\t\t\t\t<a href='https:\/\/www1.kkl.si\/wp-content\/uploads\/2025\/08\/Jazz-06_2000x1250px_foto-Peter-Giodani_8276.jpg'><img loading=\"lazy\" decoding=\"async\" width=\"150\" height=\"150\" src=\"https:\/\/www1.kkl.si\/wp-content\/uploads\/2025\/08\/Jazz-06_2000x1250px_foto-Peter-Giodani_8276-150x150.jpg\" class=\"attachment-thumbnail size-thumbnail\" alt=\"\" \/><\/a>\n\t\t\t<\/dt><\/dl><dl class='gallery-item'>\n\t\t\t<dt class='gallery-icon landscape'>\n\t\t\t\t<a href='https:\/\/www1.kkl.si\/wp-content\/uploads\/2025\/08\/Jazz-08_2000x1250px_foto-Peter-Giodani_8402.jpg'><img loading=\"lazy\" decoding=\"async\" width=\"150\" height=\"150\" src=\"https:\/\/www1.kkl.si\/wp-content\/uploads\/2025\/08\/Jazz-08_2000x1250px_foto-Peter-Giodani_8402-150x150.jpg\" class=\"attachment-thumbnail size-thumbnail\" alt=\"\" \/><\/a>\n\t\t\t<\/dt><\/dl>\n\t\t\t<br style='clear: both' \/>\n\t\t<\/div>\n\n<p><span style=\"font-size: 10pt;\">Foto: Peter Giodani<\/span><\/p>\n<p><i class=\"fas fa-link\"><\/i> <a href=\"https:\/\/www.mgl.si\/sl\/predstave\/jazz\/\">https:\/\/www.mgl.si\/sl\/predstave\/jazz\/<\/a><\/p>\n<hr \/>\n<p>KKCL slovenski abonma &#8211; gledali\u0161ka sezona 2025\/2025<\/p>\n<p><a href=\"https:\/\/www1.kkl.si\/sl\/slovenski-abonma-2025-2026\/\"><img loading=\"lazy\" decoding=\"async\" class=\"alignnone wp-image-23229 size-large\" src=\"https:\/\/www1.kkl.si\/wp-content\/uploads\/2025\/08\/2025_08_27_SLO_abonma-1500x400.png\" alt=\"\" width=\"1500\" height=\"400\" srcset=\"https:\/\/www1.kkl.si\/wp-content\/uploads\/2025\/08\/2025_08_27_SLO_abonma.png 1500w, https:\/\/www1.kkl.si\/wp-content\/uploads\/2025\/08\/2025_08_27_SLO_abonma-400x107.png 400w\" sizes=\"auto, (max-width: 1500px) 100vw, 1500px\" \/><\/a><\/p>\n","protected":false},"excerpt":{"rendered":"<p>ponedeljek, 2. marec 2026, 19.00\u00a0| Gledali\u0161ka in koncertna dvorana Lendava romanti\u010dna drama \u00a0Cena vstopnice: predprodaja 15 \u20ac, na dan predstave 18 \u20ac. Blagajna: +386 (0)2 577 60 24. Organizator: Knji\u017enica \u2013 Kulturni center Lendava \u2013 Lendvai K\u00f6nyvt\u00e1r \u00e9s Kultur\u00e1lis K\u00f6zpont Mestno gledali\u0161\u010de ljubljansko: Jazz, romanti\u010dna drama Re\u017eija: Nejc Gazvoda Igrata: Ajda Smrekar, Sebastian Cavazza &nbsp; [&hellip;]<\/p>\n","protected":false},"author":2,"featured_media":26083,"parent":0,"menu_order":0,"comment_status":"closed","ping_status":"closed","template":"","meta":{"footnotes":""},"class_list":["post-26095","page","type-page","status-publish","has-post-thumbnail","hentry","post","post-with-thumbnail","post-with-thumbnail-icon"],"_links":{"self":[{"href":"https:\/\/www1.kkl.si\/sl\/wp-json\/wp\/v2\/pages\/26095","targetHints":{"allow":["GET"]}}],"collection":[{"href":"https:\/\/www1.kkl.si\/sl\/wp-json\/wp\/v2\/pages"}],"about":[{"href":"https:\/\/www1.kkl.si\/sl\/wp-json\/wp\/v2\/types\/page"}],"author":[{"embeddable":true,"href":"https:\/\/www1.kkl.si\/sl\/wp-json\/wp\/v2\/users\/2"}],"replies":[{"embeddable":true,"href":"https:\/\/www1.kkl.si\/sl\/wp-json\/wp\/v2\/comments?post=26095"}],"version-history":[{"count":1,"href":"https:\/\/www1.kkl.si\/sl\/wp-json\/wp\/v2\/pages\/26095\/revisions"}],"predecessor-version":[{"id":26096,"href":"https:\/\/www1.kkl.si\/sl\/wp-json\/wp\/v2\/pages\/26095\/revisions\/26096"}],"wp:featuredmedia":[{"embeddable":true,"href":"https:\/\/www1.kkl.si\/sl\/wp-json\/wp\/v2\/media\/26083"}],"wp:attachment":[{"href":"https:\/\/www1.kkl.si\/sl\/wp-json\/wp\/v2\/media?parent=26095"}],"curies":[{"name":"wp","href":"https:\/\/api.w.org\/{rel}","templated":true}]}}