{"id":26122,"date":"2026-02-18T22:00:01","date_gmt":"2026-02-18T21:00:01","guid":{"rendered":"https:\/\/www1.kkl.si\/?page_id=26122"},"modified":"2026-02-20T14:16:44","modified_gmt":"2026-02-20T13:16:44","slug":"mesebolt-babszinhaz-manogyar-avagy-mindenkinek-vannak-manoi","status":"publish","type":"page","link":"https:\/\/www1.kkl.si\/sl\/mesebolt-babszinhaz-manogyar-avagy-mindenkinek-vannak-manoi\/","title":{"rendered":"Mesebolt B\u00e1bsz\u00ednh\u00e1z: Man\u00f3gy\u00e1r \u2013 avagy mindenkinek vannak man\u00f3i"},"content":{"rendered":"<div class=\"opis\"><i class=\"fas fa-clock\"><\/i> <strong>sobota, 7. marec 2026, ob 17.00 uri<\/strong>\u00a0| Lendvai Sz\u00ednh\u00e1z- \u00e9s Hangversenyterem<img loading=\"lazy\" decoding=\"async\" class=\"alignright\" title=\"Pla\u010dljiva prireditev\" src=\"https:\/\/www1.kkl.si\/wp-content\/uploads\/2020\/07\/spored_simb_placljiva-1.svg\" alt=\"placljiva\" width=\"30\" height=\"30\" \/><br \/>\n<i class=\"fas fa-chevron-circle-right\"><\/i> <strong>otro\u0161ka predstava v mad\u017earskem jeziku <span class=\"starost\">4+<\/span><\/strong><br \/>\n<i class=\"fas fa-ticket-alt\"><\/i> Cena vstopnice: <strong>3 \u20ac<\/strong><br \/>\nBlagajna: <i class=\"fas fa-phone-alt\"><\/i> +386 (0)2 577 60 24<br \/>\nOrganizator: <a href=\"https:\/\/www.kkl.si\/\">Knji\u017enica \u2013 Kulturni center Lendava \u2013 Lendvai K\u00f6nyvt\u00e1r \u00e9s Kultur\u00e1lis K\u00f6zpont<\/a><\/div>\n<p><a href=\"https:\/\/www1.kkl.si\/wp-content\/uploads\/2026\/02\/plakat_B2_mesebolt_manogyar_2026_DVOJ.jpg\" data-lbwps-width=\"2550\" data-lbwps-height=\"3550\" data-lbwps-srcsmall=\"https:\/\/www1.kkl.si\/wp-content\/uploads\/2026\/02\/plakat_B2_mesebolt_manogyar_2026_DVOJ.jpg\"><img loading=\"lazy\" decoding=\"async\" class=\"alignright size-medium wp-image-26055\" src=\"https:\/\/www1.kkl.si\/wp-content\/uploads\/2026\/02\/plakat_B2_mesebolt_manogyar_2026_DVOJ-scaled-287x400.jpg\" alt=\"\" width=\"287\" height=\"400\" srcset=\"https:\/\/www1.kkl.si\/wp-content\/uploads\/2026\/02\/plakat_B2_mesebolt_manogyar_2026_DVOJ-scaled-287x400.jpg 287w, https:\/\/www1.kkl.si\/wp-content\/uploads\/2026\/02\/plakat_B2_mesebolt_manogyar_2026_DVOJ-scaled-1078x1500.jpg 1078w, https:\/\/www1.kkl.si\/wp-content\/uploads\/2026\/02\/plakat_B2_mesebolt_manogyar_2026_DVOJ-scaled.jpg 1839w\" sizes=\"auto, (max-width: 287px) 100vw, 287px\" \/><\/a><em>Mad\u017earski opis:<\/em><\/p>\n<p>Mesebolt B\u00e1bsz\u00ednh\u00e1z, Szombathely | L\u00e1z\u00e1r Ervin:<\/p>\n<p><span style=\"font-size: 18pt;\"><strong>Man\u00f3gy\u00e1r \u2013 avagy mindenkinek vannak man\u00f3i<\/strong><\/span><\/p>\n<div class=\"itemShowCtnt smlrP\">\n<p>L\u00e1z\u00e1r Ervin klasszikus mes\u00e9j\u00e9ben Zsuzsika neh\u00e9z helyzetbe ker\u00fcl. Murmura n\u00e9ni vigy\u00e1z r\u00e1, m\u00edg anyuk\u00e1ja meg\u00e9rkezik. Nem el\u00e9g, hogy a n\u00e9ni szigor\u00fa \u00e9s mogorva, de m\u00e9g alaposan r\u00e1 is ijeszt a kisl\u00e1nyra. \u201eAz ilyen engedetlen, nyifeg\u0151-nyafog\u00f3 gyerekeket mind elviszi a B\u00e1k\u00e1sz! Elvisz a Mumus! Sz\u00f3lok is a Z\u00f6ld Lificnek, bizony elvisz!\u201d B\u00e1k\u00e1sz! Mumus! Z\u00f6ld Lific! Ilyen rettenetes dolgokkal fenyeget\u0151zik Murmura n\u00e9ni! Szeg\u00e9ny Zsuzsika sz\u00f6rnyen meg is r\u00e9m\u00fcl.<\/p>\n<p>De vajon l\u00e9teznek &#8211; e ezek a l\u00e9nyek? \u00c9s ha l\u00e9teznek, t\u00e9nyleg olyan sz\u00f6rny\u0171s\u00e9gesek? Val\u00f3ban el akarj\u00e1k vinni Zsuzsik\u00e1t, vagy \u00f6ssze lehet vel\u00fck esetleg bar\u00e1tkozni?<\/p>\n<p><em>A Mesebolt B\u00e1bsz\u00ednh\u00e1z \u00faj el\u0151ad\u00e1s\u00e1ban ezekre a k\u00e9rd\u00e9sekre kapunk v\u00e1lasz sok humorral \u00e9s kalanddal. <\/em><\/p>\n<p style=\"padding-left: 40px;\"><span style=\"font-size: 18pt;\"><em>A f\u00e9lelmet le lehet gy\u0151zni nevet\u00e9ssel, szeretettel \u00e9s bizalommal, csak ki kell nyitnunk a sz\u00edv\u00fcnket a vil\u00e1gra\u2026<\/em><\/span><\/p>\n<p>Aj\u00e1nlott \u00e9letkor: 4 \u00e9ves kort\u00f3l \/ Priporo\u010dena starost: od 4. leta naprej<br \/>\nId\u0151tartam: 55 perc \/ trajanje: 55 minut<\/p>\n<p><iframe loading=\"lazy\" title=\"Mesebolt B\u00e1bsz\u00ednh\u00e1z \/ L\u00e1z\u00e1r Ervin: Man\u00f3gy\u00e1r - avagy mindenkinek vannak man\u00f3i \/ 2023\" width=\"720\" height=\"405\" src=\"https:\/\/www.youtube.com\/embed\/qUj4Pn6CX8M?feature=oembed\" frameborder=\"0\" allow=\"accelerometer; autoplay; clipboard-write; encrypted-media; gyroscope; picture-in-picture; web-share\" referrerpolicy=\"strict-origin-when-cross-origin\" allowfullscreen><\/iframe><\/p>\n<hr \/>\n\n\t\t<style type=\"text\/css\">\n\t\t\t#gallery-1 {\n\t\t\t\tmargin: auto;\n\t\t\t}\n\t\t\t#gallery-1 .gallery-item {\n\t\t\t\tfloat: left;\n\t\t\t\tmargin-top: 10px;\n\t\t\t\ttext-align: center;\n\t\t\t\twidth: 16%;\n\t\t\t}\n\t\t\t#gallery-1 img {\n\t\t\t\tborder: 2px solid #cfcfcf;\n\t\t\t}\n\t\t\t#gallery-1 .gallery-caption {\n\t\t\t\tmargin-left: 0;\n\t\t\t}\n\t\t\t\/* see gallery_shortcode() in wp-includes\/media.php *\/\n\t\t<\/style>\n\t\t<div id='gallery-1' class='gallery galleryid-26122 gallery-columns-6 gallery-size-thumbnail'><dl class='gallery-item'>\n\t\t\t<dt class='gallery-icon landscape'>\n\t\t\t\t<a href='https:\/\/www1.kkl.si\/wp-content\/uploads\/2026\/02\/manogyar01.jpg'><img loading=\"lazy\" decoding=\"async\" width=\"150\" height=\"150\" src=\"https:\/\/www1.kkl.si\/wp-content\/uploads\/2026\/02\/manogyar01-150x150.jpg\" class=\"attachment-thumbnail size-thumbnail\" alt=\"\" \/><\/a>\n\t\t\t<\/dt><\/dl><dl class='gallery-item'>\n\t\t\t<dt class='gallery-icon portrait'>\n\t\t\t\t<a href='https:\/\/www1.kkl.si\/wp-content\/uploads\/2026\/02\/manogyar02.jpg'><img loading=\"lazy\" decoding=\"async\" width=\"150\" height=\"150\" src=\"https:\/\/www1.kkl.si\/wp-content\/uploads\/2026\/02\/manogyar02-150x150.jpg\" class=\"attachment-thumbnail size-thumbnail\" alt=\"\" \/><\/a>\n\t\t\t<\/dt><\/dl><dl class='gallery-item'>\n\t\t\t<dt class='gallery-icon landscape'>\n\t\t\t\t<a href='https:\/\/www1.kkl.si\/wp-content\/uploads\/2026\/02\/manogyar03.jpg'><img loading=\"lazy\" decoding=\"async\" width=\"150\" height=\"150\" src=\"https:\/\/www1.kkl.si\/wp-content\/uploads\/2026\/02\/manogyar03-150x150.jpg\" class=\"attachment-thumbnail size-thumbnail\" alt=\"\" \/><\/a>\n\t\t\t<\/dt><\/dl><dl class='gallery-item'>\n\t\t\t<dt class='gallery-icon portrait'>\n\t\t\t\t<a href='https:\/\/www1.kkl.si\/wp-content\/uploads\/2026\/02\/manogyar04.jpg'><img loading=\"lazy\" decoding=\"async\" width=\"150\" height=\"150\" src=\"https:\/\/www1.kkl.si\/wp-content\/uploads\/2026\/02\/manogyar04-150x150.jpg\" class=\"attachment-thumbnail size-thumbnail\" alt=\"\" \/><\/a>\n\t\t\t<\/dt><\/dl><dl class='gallery-item'>\n\t\t\t<dt class='gallery-icon landscape'>\n\t\t\t\t<a href='https:\/\/www1.kkl.si\/wp-content\/uploads\/2026\/02\/manogyar05.jpg'><img loading=\"lazy\" decoding=\"async\" width=\"150\" height=\"150\" src=\"https:\/\/www1.kkl.si\/wp-content\/uploads\/2026\/02\/manogyar05-150x150.jpg\" class=\"attachment-thumbnail size-thumbnail\" alt=\"\" \/><\/a>\n\t\t\t<\/dt><\/dl><dl class='gallery-item'>\n\t\t\t<dt class='gallery-icon landscape'>\n\t\t\t\t<a href='https:\/\/www1.kkl.si\/wp-content\/uploads\/2026\/02\/manogyar06.jpg'><img loading=\"lazy\" decoding=\"async\" width=\"150\" height=\"150\" src=\"https:\/\/www1.kkl.si\/wp-content\/uploads\/2026\/02\/manogyar06-150x150.jpg\" class=\"attachment-thumbnail size-thumbnail\" alt=\"\" \/><\/a>\n\t\t\t<\/dt><\/dl><br style=\"clear: both\" \/><dl class='gallery-item'>\n\t\t\t<dt class='gallery-icon landscape'>\n\t\t\t\t<a href='https:\/\/www1.kkl.si\/wp-content\/uploads\/2026\/02\/manogyar07.jpg'><img loading=\"lazy\" decoding=\"async\" width=\"150\" height=\"150\" src=\"https:\/\/www1.kkl.si\/wp-content\/uploads\/2026\/02\/manogyar07-150x150.jpg\" class=\"attachment-thumbnail size-thumbnail\" alt=\"\" \/><\/a>\n\t\t\t<\/dt><\/dl><dl class='gallery-item'>\n\t\t\t<dt class='gallery-icon landscape'>\n\t\t\t\t<a href='https:\/\/www1.kkl.si\/wp-content\/uploads\/2026\/02\/manogyar08.jpg'><img loading=\"lazy\" decoding=\"async\" width=\"150\" height=\"150\" src=\"https:\/\/www1.kkl.si\/wp-content\/uploads\/2026\/02\/manogyar08-150x150.jpg\" class=\"attachment-thumbnail size-thumbnail\" alt=\"\" \/><\/a>\n\t\t\t<\/dt><\/dl><dl class='gallery-item'>\n\t\t\t<dt class='gallery-icon landscape'>\n\t\t\t\t<a href='https:\/\/www1.kkl.si\/wp-content\/uploads\/2026\/02\/manogyar09.jpg'><img loading=\"lazy\" decoding=\"async\" width=\"150\" height=\"150\" src=\"https:\/\/www1.kkl.si\/wp-content\/uploads\/2026\/02\/manogyar09-150x150.jpg\" class=\"attachment-thumbnail size-thumbnail\" alt=\"\" \/><\/a>\n\t\t\t<\/dt><\/dl><dl class='gallery-item'>\n\t\t\t<dt class='gallery-icon portrait'>\n\t\t\t\t<a href='https:\/\/www1.kkl.si\/wp-content\/uploads\/2026\/02\/manogyar10.jpg'><img loading=\"lazy\" decoding=\"async\" width=\"150\" height=\"150\" src=\"https:\/\/www1.kkl.si\/wp-content\/uploads\/2026\/02\/manogyar10-150x150.jpg\" class=\"attachment-thumbnail size-thumbnail\" alt=\"\" \/><\/a>\n\t\t\t<\/dt><\/dl><dl class='gallery-item'>\n\t\t\t<dt class='gallery-icon landscape'>\n\t\t\t\t<a href='https:\/\/www1.kkl.si\/wp-content\/uploads\/2026\/02\/manogyar11.jpg'><img loading=\"lazy\" decoding=\"async\" width=\"150\" height=\"150\" src=\"https:\/\/www1.kkl.si\/wp-content\/uploads\/2026\/02\/manogyar11-150x150.jpg\" class=\"attachment-thumbnail size-thumbnail\" alt=\"\" \/><\/a>\n\t\t\t<\/dt><\/dl><dl class='gallery-item'>\n\t\t\t<dt class='gallery-icon landscape'>\n\t\t\t\t<a href='https:\/\/www1.kkl.si\/wp-content\/uploads\/2026\/02\/manogyar12.jpg'><img loading=\"lazy\" decoding=\"async\" width=\"150\" height=\"150\" src=\"https:\/\/www1.kkl.si\/wp-content\/uploads\/2026\/02\/manogyar12-150x150.jpg\" class=\"attachment-thumbnail size-thumbnail\" alt=\"\" \/><\/a>\n\t\t\t<\/dt><\/dl><br style=\"clear: both\" \/><dl class='gallery-item'>\n\t\t\t<dt class='gallery-icon landscape'>\n\t\t\t\t<a href='https:\/\/www1.kkl.si\/wp-content\/uploads\/2026\/02\/manogyar13.jpg'><img loading=\"lazy\" decoding=\"async\" width=\"150\" height=\"150\" src=\"https:\/\/www1.kkl.si\/wp-content\/uploads\/2026\/02\/manogyar13-150x150.jpg\" class=\"attachment-thumbnail size-thumbnail\" alt=\"\" \/><\/a>\n\t\t\t<\/dt><\/dl><dl class='gallery-item'>\n\t\t\t<dt class='gallery-icon landscape'>\n\t\t\t\t<a href='https:\/\/www1.kkl.si\/wp-content\/uploads\/2026\/02\/manogyar14.jpg'><img loading=\"lazy\" decoding=\"async\" width=\"150\" height=\"150\" src=\"https:\/\/www1.kkl.si\/wp-content\/uploads\/2026\/02\/manogyar14-150x150.jpg\" class=\"attachment-thumbnail size-thumbnail\" alt=\"\" \/><\/a>\n\t\t\t<\/dt><\/dl><dl class='gallery-item'>\n\t\t\t<dt class='gallery-icon landscape'>\n\t\t\t\t<a href='https:\/\/www1.kkl.si\/wp-content\/uploads\/2026\/02\/manogyar15.jpg'><img loading=\"lazy\" decoding=\"async\" width=\"150\" height=\"150\" src=\"https:\/\/www1.kkl.si\/wp-content\/uploads\/2026\/02\/manogyar15-150x150.jpg\" class=\"attachment-thumbnail size-thumbnail\" alt=\"\" \/><\/a>\n\t\t\t<\/dt><\/dl><dl class='gallery-item'>\n\t\t\t<dt class='gallery-icon portrait'>\n\t\t\t\t<a href='https:\/\/www1.kkl.si\/wp-content\/uploads\/2026\/02\/manogyar16.jpg'><img loading=\"lazy\" decoding=\"async\" width=\"150\" height=\"150\" src=\"https:\/\/www1.kkl.si\/wp-content\/uploads\/2026\/02\/manogyar16-150x150.jpg\" class=\"attachment-thumbnail size-thumbnail\" alt=\"\" \/><\/a>\n\t\t\t<\/dt><\/dl>\n\t\t\t<br style='clear: both' \/>\n\t\t<\/div>\n\n<\/div>\n<hr \/>\n<p><i class=\"fas fa-link\"><\/i> <a href=\"https:\/\/meseboltbabszinhaz.hu\/repertoar\/manogyar-avagy-mindenkinek-vannak-manoi\">Mesebolt B\u00e1bsz\u00ednh\u00e1z: Man\u00f3gy\u00e1r<\/a><\/p>\n","protected":false},"excerpt":{"rendered":"<p>sobota, 7. marec 2026, ob 17.00 uri\u00a0| Lendvai Sz\u00ednh\u00e1z- \u00e9s Hangversenyterem otro\u0161ka predstava v mad\u017earskem jeziku 4+ Cena vstopnice: 3 \u20ac Blagajna: +386 (0)2 577 60 24 Organizator: Knji\u017enica \u2013 Kulturni center Lendava \u2013 Lendvai K\u00f6nyvt\u00e1r \u00e9s Kultur\u00e1lis K\u00f6zpont Mad\u017earski opis: Mesebolt B\u00e1bsz\u00ednh\u00e1z, Szombathely | L\u00e1z\u00e1r Ervin: Man\u00f3gy\u00e1r \u2013 avagy mindenkinek vannak man\u00f3i L\u00e1z\u00e1r Ervin [&hellip;]<\/p>\n","protected":false},"author":2,"featured_media":26105,"parent":0,"menu_order":0,"comment_status":"closed","ping_status":"closed","template":"","meta":{"footnotes":""},"class_list":["post-26122","page","type-page","status-publish","has-post-thumbnail","hentry","post","post-with-thumbnail","post-with-thumbnail-icon"],"_links":{"self":[{"href":"https:\/\/www1.kkl.si\/sl\/wp-json\/wp\/v2\/pages\/26122","targetHints":{"allow":["GET"]}}],"collection":[{"href":"https:\/\/www1.kkl.si\/sl\/wp-json\/wp\/v2\/pages"}],"about":[{"href":"https:\/\/www1.kkl.si\/sl\/wp-json\/wp\/v2\/types\/page"}],"author":[{"embeddable":true,"href":"https:\/\/www1.kkl.si\/sl\/wp-json\/wp\/v2\/users\/2"}],"replies":[{"embeddable":true,"href":"https:\/\/www1.kkl.si\/sl\/wp-json\/wp\/v2\/comments?post=26122"}],"version-history":[{"count":1,"href":"https:\/\/www1.kkl.si\/sl\/wp-json\/wp\/v2\/pages\/26122\/revisions"}],"predecessor-version":[{"id":26123,"href":"https:\/\/www1.kkl.si\/sl\/wp-json\/wp\/v2\/pages\/26122\/revisions\/26123"}],"wp:featuredmedia":[{"embeddable":true,"href":"https:\/\/www1.kkl.si\/sl\/wp-json\/wp\/v2\/media\/26105"}],"wp:attachment":[{"href":"https:\/\/www1.kkl.si\/sl\/wp-json\/wp\/v2\/media?parent=26122"}],"curies":[{"name":"wp","href":"https:\/\/api.w.org\/{rel}","templated":true}]}}