{"id":26216,"date":"2026-03-03T09:44:52","date_gmt":"2026-03-03T08:44:52","guid":{"rendered":"https:\/\/www1.kkl.si\/?page_id=26216"},"modified":"2026-03-06T17:21:33","modified_gmt":"2026-03-06T16:21:33","slug":"dan-zena-v-lendavi-luka-basi-show","status":"publish","type":"page","link":"https:\/\/www1.kkl.si\/sl\/dan-zena-v-lendavi-luka-basi-show\/","title":{"rendered":"Dan \u017eena v Lendavi: Luka Basi show"},"content":{"rendered":"<div class=\"odpade\">KONCERT ODPADE\/JE PRESTAVLJEN!<\/div>\n<div class=\"odpade2\"><strong><span style=\"font-size: 18pt;\"><img loading=\"lazy\" decoding=\"async\" class=\"alignright wp-image-1489 size-thumbnail\" src=\"https:\/\/www1.kkl.si\/wp-content\/uploads\/2020\/03\/obvestilo_200px-150x150.png\" alt=\"\" width=\"150\" height=\"150\" srcset=\"https:\/\/www1.kkl.si\/wp-content\/uploads\/2020\/03\/obvestilo_200px-150x150.png 150w, https:\/\/www1.kkl.si\/wp-content\/uploads\/2020\/03\/obvestilo_200px.png 200w\" sizes=\"auto, (max-width: 150px) 100vw, 150px\" \/><\/span><\/strong><\/p>\n<p><em>\u201cUvrstil sem se v <a href=\"https:\/\/evrovizija.com\/slovenec-v-boju-za-evrovizijo-bo-luka-basi-presenetil-v-san-marinu\/\">FINALE tekmovanja v San Marinu!<\/a> To tekmovanje mi res pomeni ogromno in iskreno nisem pri\u010dakoval, da se bom ob tako mo\u010dni konkurenci uvrstil v finale. \u017dal pa finale poteka ravno danes, ko bi moral nastopiti v Lendavi.<\/em><\/p>\n<p><em>Koncerta se res zelo veselim, zato smo ga prestavili na najbli\u017eji mo\u017eni datum <strong>14. marca 2026<\/strong>, tako da se vidimo \u017ee \u010dez dober teden!<\/em><\/p>\n<p><em>Lendava, nekaj vstopnic je \u0161e na voljo. Se vidimo!<\/em><\/p>\n<p><em>Vsi ki se koncerta 14. 3. ne morete udele\u017eiti, lahko vstopnice do 12. 3. vrnete na Eventim.\u201d<\/em><\/p>\n<p>Luka<\/p>\n<\/div>\n<div class=\"opis\"><i class=\"fas fa-clock\"><\/i> <strong>petek,\u00a0 6. marec 2026, 20.00<\/strong>\u00a0| Gledali\u0161ka in koncertna dvorana Lendava<img loading=\"lazy\" decoding=\"async\" class=\"alignright\" title=\"Pla\u010dljiva prireditev\" src=\"https:\/\/www1.kkl.si\/wp-content\/uploads\/\/2020\/07\/spored_simb_placljiva-1.svg\" alt=\"placljiva\" width=\"30\" height=\"30\" \/><br \/>\n<i class=\"fas fa-chevron-circle-right\"><\/i> <strong>koncert<\/strong><br \/>\n<i class=\"fas fa-ticket-alt\"><\/i> Vstopnice so na voljo na <a href=\"https:\/\/www.eventim.si\/artist\/luka-basi\/luka-basi-show-4072640\/\">Eventim.si<\/a>.<br \/>\nOrganizator: <a href=\"https:\/\/lukabasi.com\/\">Luka Basi Priker\u017enik s.p.<\/a><\/div>\n<p><img loading=\"lazy\" decoding=\"async\" class=\"alignnone size-full wp-image-26133\" src=\"https:\/\/www1.kkl.si\/wp-content\/uploads\/2026\/02\/Luka-Basi_Lendava-2026.jpg\" alt=\"\" width=\"1080\" height=\"1080\" srcset=\"https:\/\/www1.kkl.si\/wp-content\/uploads\/2026\/02\/Luka-Basi_Lendava-2026.jpg 1080w, https:\/\/www1.kkl.si\/wp-content\/uploads\/2026\/02\/Luka-Basi_Lendava-2026-150x150.jpg 150w, https:\/\/www1.kkl.si\/wp-content\/uploads\/2026\/02\/Luka-Basi_Lendava-2026-400x400.jpg 400w\" sizes=\"auto, (max-width: 1080px) 100vw, 1080px\" \/><\/p>\n<p>Opis:<\/p>\n<p><strong>Luka Basi<\/strong>, rojen 8. oktobra 1993 v Slovenj Gradcu kot Matej Priker\u017enik, je slovenski pevec, ki je svojo glasbeno pot za\u010del leta 2015.<\/p>\n<p>Prepoznavnost je pridobil s sodelovanjem v oddaji Slovenija ima talent in s pesmijo &#8220;Nisam ja od ju\u010der&#8221;, ki jo je posnel z Joletom. \u200b Njegov glasbeni slog zdru\u017euje pop in dalmatinski melos, kar je razvidno iz uspe\u0161nic, kot so &#8220;Meta&#8221;, &#8220;Taxi&#8221; in &#8220;Sedam no\u0107i&#8221;.<\/p>\n<p>Leta 2023 je izdal svojo prvo pesem v sloven\u0161\u010dini z naslovom &#8220;Skrito v raju&#8221;, s \u010dimer je raz\u0161iril svoj repertoar tudi na doma\u010de ob\u010dinstvo. \u200b<\/p>\n<p>Luka Basi ostaja aktiven na glasbeni sceni, nastopa po Sloveniji in Hrva\u0161ki ter navdu\u0161uje ob\u010dinstvo s svojo energijo in \u010dustvenimi nastopi.<\/p>\n<p><iframe loading=\"lazy\" title=\"LUKA BASI - AN\u0110EO I VRAG (Skriveno u raju) - OFFICIAL VIDEO\" width=\"720\" height=\"405\" src=\"https:\/\/www.youtube.com\/embed\/BKtLI5S0mRY?feature=oembed\" frameborder=\"0\" allow=\"accelerometer; autoplay; clipboard-write; encrypted-media; gyroscope; picture-in-picture; web-share\" referrerpolicy=\"strict-origin-when-cross-origin\" allowfullscreen><\/iframe><\/p>\n<p><iframe loading=\"lazy\" title=\"LUKA BASI - 300 (Official video)\" width=\"720\" height=\"405\" src=\"https:\/\/www.youtube.com\/embed\/4lCc9xqxwp4?feature=oembed\" frameborder=\"0\" allow=\"accelerometer; autoplay; clipboard-write; encrypted-media; gyroscope; picture-in-picture; web-share\" referrerpolicy=\"strict-origin-when-cross-origin\" allowfullscreen><\/iframe><\/p>\n<p><iframe loading=\"lazy\" title=\"LUKA BASI - SKRITO V RAJU (Official Video)\" width=\"720\" height=\"405\" src=\"https:\/\/www.youtube.com\/embed\/DQMhJn3ZfcM?feature=oembed\" frameborder=\"0\" allow=\"accelerometer; autoplay; clipboard-write; encrypted-media; gyroscope; picture-in-picture; web-share\" referrerpolicy=\"strict-origin-when-cross-origin\" allowfullscreen><\/iframe><\/p>\n<p>Povezave:<\/p>\n<p><i class=\"fas fa-link\"><\/i> <a href=\"https:\/\/lukabasi.com\/\">Uradna spletna stran (Luka Basi.com)<\/a><br \/>\n<i class=\"fab fa-facebook\"><\/i> <a href=\"https:\/\/www.facebook.com\/lukabasi\/\">Facebook: Luka Basi<\/a><br \/>\n<i class=\"fab fa-youtube\"><\/i> <a href=\"https:\/\/www.youtube.com\/channel\/UCjub_TezPnL1_i69HOi1GyQ\">YouTube: Luka Basi<\/a><br \/>\n<i class=\"fab fa-instagram\"><\/i> <a href=\"https:\/\/www.instagram.com\/lukabasi\/\">Instagram: Luka Basi<\/a><\/p>\n<p>&nbsp;<\/p>\n","protected":false},"excerpt":{"rendered":"<p>KONCERT ODPADE\/JE PRESTAVLJEN! \u201cUvrstil sem se v FINALE tekmovanja v San Marinu! To tekmovanje mi res pomeni ogromno in iskreno nisem pri\u010dakoval, da se bom ob tako mo\u010dni konkurenci uvrstil v finale. \u017dal pa finale poteka ravno danes, ko bi moral nastopiti v Lendavi. Koncerta se res zelo veselim, zato smo ga prestavili na najbli\u017eji [&hellip;]<\/p>\n","protected":false},"author":2,"featured_media":26133,"parent":0,"menu_order":0,"comment_status":"closed","ping_status":"closed","template":"","meta":{"footnotes":""},"class_list":["post-26216","page","type-page","status-publish","has-post-thumbnail","hentry","post","post-with-thumbnail","post-with-thumbnail-icon"],"_links":{"self":[{"href":"https:\/\/www1.kkl.si\/sl\/wp-json\/wp\/v2\/pages\/26216","targetHints":{"allow":["GET"]}}],"collection":[{"href":"https:\/\/www1.kkl.si\/sl\/wp-json\/wp\/v2\/pages"}],"about":[{"href":"https:\/\/www1.kkl.si\/sl\/wp-json\/wp\/v2\/types\/page"}],"author":[{"embeddable":true,"href":"https:\/\/www1.kkl.si\/sl\/wp-json\/wp\/v2\/users\/2"}],"replies":[{"embeddable":true,"href":"https:\/\/www1.kkl.si\/sl\/wp-json\/wp\/v2\/comments?post=26216"}],"version-history":[{"count":10,"href":"https:\/\/www1.kkl.si\/sl\/wp-json\/wp\/v2\/pages\/26216\/revisions"}],"predecessor-version":[{"id":26324,"href":"https:\/\/www1.kkl.si\/sl\/wp-json\/wp\/v2\/pages\/26216\/revisions\/26324"}],"wp:featuredmedia":[{"embeddable":true,"href":"https:\/\/www1.kkl.si\/sl\/wp-json\/wp\/v2\/media\/26133"}],"wp:attachment":[{"href":"https:\/\/www1.kkl.si\/sl\/wp-json\/wp\/v2\/media?parent=26216"}],"curies":[{"name":"wp","href":"https:\/\/api.w.org\/{rel}","templated":true}]}}