{"id":26222,"date":"2026-03-03T10:14:51","date_gmt":"2026-03-03T09:14:51","guid":{"rendered":"https:\/\/www1.kkl.si\/?page_id=26222"},"modified":"2026-03-26T08:24:26","modified_gmt":"2026-03-26T07:24:26","slug":"zaigrajmo-in-zapojmo-po-domace-2026","status":"publish","type":"page","link":"https:\/\/www1.kkl.si\/sl\/zaigrajmo-in-zapojmo-po-domace-2026\/","title":{"rendered":"Zaigrajmo in zapojmo po doma\u010de 2026"},"content":{"rendered":"<div class=\"opis\"><i class=\"fas fa-clock\"><\/i>\u00a0<strong>sobota, 28. marec 2026, ob 19.00<\/strong> | Gledali\u0161ka in koncertna dvorana Lendava <img loading=\"lazy\" decoding=\"async\" class=\"alignright\" title=\"Pla\u010dljiva prireditev\" src=\"https:\/\/www1.kkl.si\/wp-content\/uploads\/\/2020\/07\/spored_simb_placljiva-1.svg\" alt=\"placljiva\" width=\"30\" height=\"30\" \/><br \/>\n<i class=\"fas fa-chevron-circle-right\"><\/i> <strong>koncert, glasbeno-zabavna prireditev<\/strong><br \/>\n<i class=\"fas fa-ticket-alt\"><\/i> Cena vstopnice v predprodaji: <strong>25 \u20ac<\/strong>, na dan koncerta: <strong>29 \u20ac<\/strong>.<\/p>\n<hr \/>\n<p><i class=\"fas fa-info-circle\"><\/i> Vstopnice v predprodaji (od 16. februarja 2026 naprej) na blagajni GKD Lendava, telefon: <i class=\"fas fa-phone-alt\"><\/i> (0)2 577 60 24 in v <a href=\"https:\/\/gezasezeza.com\/kontaktirajte-nas\/\">Geza pub Beltinci<\/a>.<\/p>\n<hr \/>\n<p>Organizator: <a href=\"https:\/\/gezasezeza.com\/\">Grega Farka\u0161 s.p., Mladinska ulica 6, 9231 Beltinci<\/a><\/div>\n<p><strong><a href=\"https:\/\/www1.kkl.si\/wp-content\/uploads\/2026\/03\/ZIZPD_2026_Lendava.jpg\" data-lbwps-width=\"8350\" data-lbwps-height=\"11811\" data-lbwps-srcsmall=\"https:\/\/www1.kkl.si\/wp-content\/uploads\/2026\/03\/ZIZPD_2026_Lendava.jpg\"><img loading=\"lazy\" decoding=\"async\" class=\"slika alignleft wp-image-26380 size-medium\" src=\"https:\/\/www1.kkl.si\/wp-content\/uploads\/2026\/03\/ZIZPD_2026_Lendava-scaled-283x400.jpg\" alt=\"\" width=\"283\" height=\"400\" srcset=\"https:\/\/www1.kkl.si\/wp-content\/uploads\/2026\/03\/ZIZPD_2026_Lendava-scaled-283x400.jpg 283w, https:\/\/www1.kkl.si\/wp-content\/uploads\/2026\/03\/ZIZPD_2026_Lendava-scaled-1061x1500.jpg 1061w, https:\/\/www1.kkl.si\/wp-content\/uploads\/2026\/03\/ZIZPD_2026_Lendava-scaled.jpg 1810w\" sizes=\"auto, (max-width: 283px) 100vw, 283px\" \/><\/a>Na kratko o prireditvi<\/strong><\/p>\n<p><a href=\"https:\/\/www1.kkl.si\/wp-content\/uploads\/2023\/02\/geza2.jpg\" data-lbwps-width=\"1000\" data-lbwps-height=\"1544\" data-lbwps-srcsmall=\"https:\/\/www1.kkl.si\/wp-content\/uploads\/2023\/02\/geza2-259x400.jpg\"><img loading=\"lazy\" decoding=\"async\" class=\"slika alignright wp-image-11375 size-medium\" src=\"https:\/\/www1.kkl.si\/wp-content\/uploads\/2023\/02\/geza2-259x400.jpg\" alt=\"\" width=\"259\" height=\"400\" srcset=\"https:\/\/www1.kkl.si\/wp-content\/uploads\/2023\/02\/geza2-259x400.jpg 259w, https:\/\/www1.kkl.si\/wp-content\/uploads\/2023\/02\/geza2-972x1500.jpg 972w, https:\/\/www1.kkl.si\/wp-content\/uploads\/2023\/02\/geza2.jpg 1000w\" sizes=\"auto, (max-width: 259px) 100vw, 259px\" \/><\/a>Prireditev &#8221;Zaigrajmo in zapojmo po doma\u010de&#8221; v Murski Soboti je bila sprva, z za\u010detkom leta 1989, le oddaja na radiu, \u017ee novembra istega leta pa se je prelevila v veliko javno sre\u010danje. Prireditev je vodil Geza Farka\u0161, znan po sloganu &#8220;Geza se zeza&#8221;.<\/p>\n<p><em>\u00bbLeta 1989 mi je takratni urednik tukaj\u0161nje radijske postaje predlagal, da bi na radiu vodil kontaktno humoristi\u010dno oddajo in ob tem vrtel glasbo po \u017eeljah. Tej vsebini sem dal naslov &#8221;Zaigrajmo in zapojmo po doma\u010de&#8221;. Odziv poslu\u0161alcev je bil takoj velikanski.\u00ab<\/em><\/p>\n<p>\u017de jeseni je Geza radijski oddaji dodal velik koncert. Na njem vsakokrat nastopijo najbolj znani doma\u010di ansambli, tudi humoristi in drugi priljubljeni izvajalci. Obi\u010dajno se ga udele\u017ei pribli\u017eno tri tiso\u010d obiskovalcev.<\/p>\n<p><em>\u00bbTo je bil prvi koncert v Sloveniji, na katerem so obiskovalci prejeli nagrado \u2013 kaseto. Med letom se zvrsti od tri do pet prireditev v Prekmurju, Prlekiji in na \u0160tajerskem, sklepni koncert pa kot vrhunec in sklepni dogodek sezone pripravimo v Murski Soboti.\u00ab<\/em><\/p>\n<p><i class=\"fas fa-link\"><\/i> <a href=\"https:\/\/gezasezeza.com\/prireditve\/\">https:\/\/gezasezeza.com\/prireditve\/<\/a><br \/>\n<i class=\"fab fa-facebook-square\"><\/i> <a href=\"https:\/\/www.facebook.com\/GezaPub\">https:\/\/www.facebook.com\/GezaPub<\/a><\/p>\n<p><iframe loading=\"lazy\" title=\"Zaigrajmo in zapojmo po doma\u010de 2026 (promo video)\" width=\"563\" height=\"1000\" src=\"https:\/\/www.youtube.com\/embed\/prnZBZ4B9iA?feature=oembed\" frameborder=\"0\" allow=\"accelerometer; autoplay; clipboard-write; encrypted-media; gyroscope; picture-in-picture; web-share\" referrerpolicy=\"strict-origin-when-cross-origin\" allowfullscreen><\/iframe><\/p>\n<p><strong><span style=\"font-size: 24pt;\">Zaigrajmo in zapojmo po doma\u010de<\/span><br \/>\n<\/strong>sobota, 28. marec 2026, ob 19.00 v Gledali\u0161ki in koncertni dvorani Lendava<\/p>\n<p>&nbsp;<\/p>\n<p><strong>Nastopajo:<\/strong> Zlatko Pejakovi\u0107, Andrej Bergant &amp; Slakova dru\u017eina, Nova Legija, D&#8217;Kwaschen Retashy, Darko Domijan, Primorski fantje, Rudi \u0160antl, Andrej Bakreni, Ivan Mezga, Branko Petek, Timi, Geza se zezak<\/p>\n<hr \/>\n<p>VIDEO<\/p>\n<p><iframe loading=\"lazy\" title=\"Zlatko Pejakovi\u0107 - Tamburica i mandolina (MGNZ 2023)\" width=\"720\" height=\"405\" src=\"https:\/\/www.youtube.com\/embed\/qyAukjvgJnc?feature=oembed\" frameborder=\"0\" allow=\"accelerometer; autoplay; clipboard-write; encrypted-media; gyroscope; picture-in-picture; web-share\" referrerpolicy=\"strict-origin-when-cross-origin\" allowfullscreen><\/iframe><\/p>\n<p><iframe loading=\"lazy\" title=\"To smo mi, prijatelji - SLAKOVA GLASBA (Official video 2025)\" width=\"720\" height=\"405\" src=\"https:\/\/www.youtube.com\/embed\/0SPETeaItm0?feature=oembed\" frameborder=\"0\" allow=\"accelerometer; autoplay; clipboard-write; encrypted-media; gyroscope; picture-in-picture; web-share\" referrerpolicy=\"strict-origin-when-cross-origin\" allowfullscreen><\/iframe><\/p>\n<p><iframe loading=\"lazy\" title=\"Nova legija - Konje bele bom zapregel (MGNZ 2016)\" width=\"720\" height=\"405\" src=\"https:\/\/www.youtube.com\/embed\/5O0O2-cMyUk?feature=oembed\" frameborder=\"0\" allow=\"accelerometer; autoplay; clipboard-write; encrypted-media; gyroscope; picture-in-picture; web-share\" referrerpolicy=\"strict-origin-when-cross-origin\" allowfullscreen><\/iframe><\/p>\n<p><iframe loading=\"lazy\" title=\"D&#039;Kwaschen Retashy - Bou\u017eaj me [ 2025 Murska Sobota ]\" width=\"720\" height=\"405\" src=\"https:\/\/www.youtube.com\/embed\/am409601lU4?feature=oembed\" frameborder=\"0\" allow=\"accelerometer; autoplay; clipboard-write; encrypted-media; gyroscope; picture-in-picture; web-share\" referrerpolicy=\"strict-origin-when-cross-origin\" allowfullscreen><\/iframe><\/p>\n<p><iframe loading=\"lazy\" title=\"Primorski Fantje - Mi Manjka\u0161 (uradni videospot)\" width=\"720\" height=\"405\" src=\"https:\/\/www.youtube.com\/embed\/C8uzMXsFd3w?feature=oembed\" frameborder=\"0\" allow=\"accelerometer; autoplay; clipboard-write; encrypted-media; gyroscope; picture-in-picture; web-share\" referrerpolicy=\"strict-origin-when-cross-origin\" allowfullscreen><\/iframe><\/p>\n","protected":false},"excerpt":{"rendered":"<p>\u00a0sobota, 28. marec 2026, ob 19.00 | Gledali\u0161ka in koncertna dvorana Lendava koncert, glasbeno-zabavna prireditev Cena vstopnice v predprodaji: 25 \u20ac, na dan koncerta: 29 \u20ac. Vstopnice v predprodaji (od 16. februarja 2026 naprej) na blagajni GKD Lendava, telefon: (0)2 577 60 24 in v Geza pub Beltinci. Organizator: Grega Farka\u0161 s.p., Mladinska ulica 6, [&hellip;]<\/p>\n","protected":false},"author":2,"featured_media":0,"parent":0,"menu_order":0,"comment_status":"closed","ping_status":"closed","template":"","meta":{"footnotes":""},"class_list":["post-26222","page","type-page","status-publish","hentry","post"],"_links":{"self":[{"href":"https:\/\/www1.kkl.si\/sl\/wp-json\/wp\/v2\/pages\/26222","targetHints":{"allow":["GET"]}}],"collection":[{"href":"https:\/\/www1.kkl.si\/sl\/wp-json\/wp\/v2\/pages"}],"about":[{"href":"https:\/\/www1.kkl.si\/sl\/wp-json\/wp\/v2\/types\/page"}],"author":[{"embeddable":true,"href":"https:\/\/www1.kkl.si\/sl\/wp-json\/wp\/v2\/users\/2"}],"replies":[{"embeddable":true,"href":"https:\/\/www1.kkl.si\/sl\/wp-json\/wp\/v2\/comments?post=26222"}],"version-history":[{"count":6,"href":"https:\/\/www1.kkl.si\/sl\/wp-json\/wp\/v2\/pages\/26222\/revisions"}],"predecessor-version":[{"id":26535,"href":"https:\/\/www1.kkl.si\/sl\/wp-json\/wp\/v2\/pages\/26222\/revisions\/26535"}],"wp:attachment":[{"href":"https:\/\/www1.kkl.si\/sl\/wp-json\/wp\/v2\/media?parent=26222"}],"curies":[{"name":"wp","href":"https:\/\/api.w.org\/{rel}","templated":true}]}}