{"id":26796,"date":"2026-04-24T09:53:38","date_gmt":"2026-04-24T07:53:38","guid":{"rendered":"https:\/\/www1.kkl.si\/?page_id=26796"},"modified":"2026-04-24T09:53:38","modified_gmt":"2026-04-24T07:53:38","slug":"sng-nova-gorica-64","status":"publish","type":"page","link":"https:\/\/www1.kkl.si\/sl\/sng-nova-gorica-64\/","title":{"rendered":"SNG Nova Gorica: 64"},"content":{"rendered":"<div class=\"opis\"><i class=\"fas fa-clock\"><\/i> <strong>torek, 19. maj 2026, 19.00<\/strong>\u00a0| Gledali\u0161ka in koncertna dvorana Lendava<img loading=\"lazy\" decoding=\"async\" class=\"alignright\" title=\"Pla\u010dljiva prireditev\" src=\"https:\/\/www1.kkl.si\/wp-content\/uploads\/\/2020\/07\/spored_simb_placljiva-1.svg\" alt=\"placljiva\" width=\"30\" height=\"30\" \/><img loading=\"lazy\" decoding=\"async\" class=\"alignright\" title=\"Slovenski abonma\" src=\"https:\/\/www1.kkl.si\/wp-content\/uploads\/2020\/07\/spored_simb_abonma_si-1.svg\" alt=\"abonma_si\" width=\"30\" height=\"30\" \/><br \/>\n<i class=\"fas fa-chevron-circle-right\"><\/i> <strong>urbana drama z elementi humorja<\/strong><br \/>\n<i class=\"fas fa-ticket-alt\"><\/i>\u00a0Cena vstopnice: predprodaja <strong>15 \u20ac<\/strong>, na dan predstave <strong>18 \u20ac.<\/strong><br \/>\nBlagajna: <i class=\"fas fa-phone-alt\"><\/i> +386 (0)2 577 60 24.<br \/>\nOrganizator: <a href=\"https:\/\/www.kkl.si\/\">Knji\u017enica \u2013 Kulturni center Lendava \u2013 Lendvai K\u00f6nyvt\u00e1r \u00e9s Kultur\u00e1lis K\u00f6zpont<\/a><\/div>\n<p>SNG Nova Gorica:<\/p>\n<p><strong>64<\/strong>, <em>urbana drama z elementi humorja<\/em><\/p>\n<p>Re\u017eija: Nina \u0160orak<br \/>\nIgrajo: Nika Rozman k. g., Jure Kopu\u0161ar, Helena Per\u0161uh, Rado\u0161 Bol\u010dina, Ur\u0161ka Taufer, Gorazd Jakomini, Bla\u017e Vali\u010d, Brigita Gregori\u010d<\/p>\n<p><a href=\"https:\/\/www1.kkl.si\/wp-content\/uploads\/2025\/08\/64_arhiv_LowRes\u00a9PeterUhan_142.jpg\" data-lbwps-width=\"2500\" data-lbwps-height=\"1667\" data-lbwps-srcsmall=\"https:\/\/www1.kkl.si\/wp-content\/uploads\/2025\/08\/64_arhiv_LowRes\u00a9PeterUhan_142-400x267.jpg\"><img loading=\"lazy\" decoding=\"async\" class=\"alignnone size-large wp-image-22906\" src=\"https:\/\/www1.kkl.si\/wp-content\/uploads\/2025\/08\/64_arhiv_LowRes\u00a9PeterUhan_142-1500x1000.jpg\" alt=\"\" width=\"1500\" height=\"1000\" srcset=\"https:\/\/www1.kkl.si\/wp-content\/uploads\/2025\/08\/64_arhiv_LowRes\u00a9PeterUhan_142-1500x1000.jpg 1500w, https:\/\/www1.kkl.si\/wp-content\/uploads\/2025\/08\/64_arhiv_LowRes\u00a9PeterUhan_142-400x267.jpg 400w\" sizes=\"auto, (max-width: 1500px) 100vw, 1500px\" \/><\/a><\/p>\n<p>&nbsp;<\/p>\n<p><strong>Opis<\/strong><\/p>\n<p>Eva in Danijel sta par, ki si \u017eeli otroka, a je pri tem neuspe\u0161en. Oba se pribli\u017eujeta \u0161tiridesetemu letu, zaradi \u010desar je verjetnost za uspe\u0161no oploditev vedno manj\u0161a, pri \u010demer se \u0161e vedno borita za materialno eksistenco. Odlo\u010dita se za obravnavo v ambulanti za neplodnost in \u0161tevilo 64 v naslovu pomeni \u0161tevilo hormonskih injekcij, ki si jih mora Eva sama vbrizgati v spodnji del trebuha. Vendar tudi za ta iz\u010drpavajo\u010d postopek nih\u010de ne zagotavlja, da bo na koncu uspe\u0161en.<\/p>\n<p>64, eno zadnjih dramskih besedil sodobne hrva\u0161ke pisateljice Tene \u0160tivi\u010di\u0107, je urbana drama z elementi humorja in govori o izjemno aktualni te\u017eavi, ki se vse pogosteje pojavlja v zahodni dru\u017ebi. Pari se \u2013 najve\u010dkrat zaradi materialnih razlogov \u2013 vedno kasneje odlo\u010dajo za prvega otroka, kar povzro\u010di, da so zapleti pri nose\u010dnosti ali celo nezmo\u017enost zanositve \u010dedalje bolj prisotni. Vse pogostej\u0161a je tudi neplodnost pri mlaj\u0161ih. Statistika ka\u017ee, da v zahodni dru\u017ebi rodnost pada, vedno ve\u010d parov je neuspe\u0161nih pri naravni zanositvi, vedno manj je otrok. Re\u017eiserka Nina \u0160orak, sicer tudi dramaturginja in avtorica, pripada generaciji \u017eensk, ki je soo\u010dena z odlo\u010ditvijo: otrok ali kariera. Pere\u010de vpra\u0161anje, ki si ga kot dru\u017eba sploh ne bi smeli zastavljati, saj bi moral biti odgovor namesto \u00bbali\u2013ali\u00ab odlo\u010den \u00bbin\u00ab \u2026 A se kljub vsemu vedno znova znajde na dnevnem redu mladih \u017eensk, ki povrh vsega o tem niti ne smejo govoriti, saj je ta tematika prepredena tako s patriarhalnimi pri\u010dakovanji kot z radikalnimi feministi\u010dnimi re\u0161itvami. Z izjemno prodorno dru\u017ebeno kriti\u010dno uprizoritvijo \u017eelimo obravnavano temo podpreti v javnem diskurzu.<\/p>\n<hr \/>\n<p>Predstava traja 2 uri in nima odmora.<\/p>\n<hr \/>\n\n\t\t<style type=\"text\/css\">\n\t\t\t#gallery-1 {\n\t\t\t\tmargin: auto;\n\t\t\t}\n\t\t\t#gallery-1 .gallery-item {\n\t\t\t\tfloat: left;\n\t\t\t\tmargin-top: 10px;\n\t\t\t\ttext-align: center;\n\t\t\t\twidth: 16%;\n\t\t\t}\n\t\t\t#gallery-1 img {\n\t\t\t\tborder: 2px solid #cfcfcf;\n\t\t\t}\n\t\t\t#gallery-1 .gallery-caption {\n\t\t\t\tmargin-left: 0;\n\t\t\t}\n\t\t\t\/* see gallery_shortcode() in wp-includes\/media.php *\/\n\t\t<\/style>\n\t\t<div id='gallery-1' class='gallery galleryid-26796 gallery-columns-6 gallery-size-thumbnail'><dl class='gallery-item'>\n\t\t\t<dt class='gallery-icon landscape'>\n\t\t\t\t<a href='https:\/\/www1.kkl.si\/wp-content\/uploads\/2025\/08\/64_arhiv_LowRes\u00a9PeterUhan_009.jpg'><img loading=\"lazy\" decoding=\"async\" width=\"150\" height=\"150\" src=\"https:\/\/www1.kkl.si\/wp-content\/uploads\/2025\/08\/64_arhiv_LowRes\u00a9PeterUhan_009-150x150.jpg\" class=\"attachment-thumbnail size-thumbnail\" alt=\"\" \/><\/a>\n\t\t\t<\/dt><\/dl><dl class='gallery-item'>\n\t\t\t<dt class='gallery-icon landscape'>\n\t\t\t\t<a href='https:\/\/www1.kkl.si\/wp-content\/uploads\/2025\/08\/64_arhiv_LowRes\u00a9PeterUhan_017.jpg'><img loading=\"lazy\" decoding=\"async\" width=\"150\" height=\"150\" src=\"https:\/\/www1.kkl.si\/wp-content\/uploads\/2025\/08\/64_arhiv_LowRes\u00a9PeterUhan_017-150x150.jpg\" class=\"attachment-thumbnail size-thumbnail\" alt=\"\" \/><\/a>\n\t\t\t<\/dt><\/dl><dl class='gallery-item'>\n\t\t\t<dt class='gallery-icon landscape'>\n\t\t\t\t<a href='https:\/\/www1.kkl.si\/wp-content\/uploads\/2025\/08\/64_arhiv_LowRes\u00a9PeterUhan_049.jpg'><img loading=\"lazy\" decoding=\"async\" width=\"150\" height=\"150\" src=\"https:\/\/www1.kkl.si\/wp-content\/uploads\/2025\/08\/64_arhiv_LowRes\u00a9PeterUhan_049-150x150.jpg\" class=\"attachment-thumbnail size-thumbnail\" alt=\"\" \/><\/a>\n\t\t\t<\/dt><\/dl><dl class='gallery-item'>\n\t\t\t<dt class='gallery-icon landscape'>\n\t\t\t\t<a href='https:\/\/www1.kkl.si\/wp-content\/uploads\/2025\/08\/64_arhiv_LowRes\u00a9PeterUhan_054.jpg'><img loading=\"lazy\" decoding=\"async\" width=\"150\" height=\"150\" src=\"https:\/\/www1.kkl.si\/wp-content\/uploads\/2025\/08\/64_arhiv_LowRes\u00a9PeterUhan_054-150x150.jpg\" class=\"attachment-thumbnail size-thumbnail\" alt=\"\" \/><\/a>\n\t\t\t<\/dt><\/dl><dl class='gallery-item'>\n\t\t\t<dt class='gallery-icon landscape'>\n\t\t\t\t<a href='https:\/\/www1.kkl.si\/wp-content\/uploads\/2025\/08\/64_arhiv_LowRes\u00a9PeterUhan_084.jpg'><img loading=\"lazy\" decoding=\"async\" width=\"150\" height=\"150\" src=\"https:\/\/www1.kkl.si\/wp-content\/uploads\/2025\/08\/64_arhiv_LowRes\u00a9PeterUhan_084-150x150.jpg\" class=\"attachment-thumbnail size-thumbnail\" alt=\"\" \/><\/a>\n\t\t\t<\/dt><\/dl><dl class='gallery-item'>\n\t\t\t<dt class='gallery-icon landscape'>\n\t\t\t\t<a href='https:\/\/www1.kkl.si\/wp-content\/uploads\/2025\/08\/64_arhiv_LowRes\u00a9PeterUhan_097.jpg'><img loading=\"lazy\" decoding=\"async\" width=\"150\" height=\"150\" src=\"https:\/\/www1.kkl.si\/wp-content\/uploads\/2025\/08\/64_arhiv_LowRes\u00a9PeterUhan_097-150x150.jpg\" class=\"attachment-thumbnail size-thumbnail\" alt=\"\" \/><\/a>\n\t\t\t<\/dt><\/dl><br style=\"clear: both\" \/><dl class='gallery-item'>\n\t\t\t<dt class='gallery-icon landscape'>\n\t\t\t\t<a href='https:\/\/www1.kkl.si\/wp-content\/uploads\/2025\/08\/64_arhiv_LowRes\u00a9PeterUhan_104.jpg'><img loading=\"lazy\" decoding=\"async\" width=\"150\" height=\"150\" src=\"https:\/\/www1.kkl.si\/wp-content\/uploads\/2025\/08\/64_arhiv_LowRes\u00a9PeterUhan_104-150x150.jpg\" class=\"attachment-thumbnail size-thumbnail\" alt=\"\" \/><\/a>\n\t\t\t<\/dt><\/dl><dl class='gallery-item'>\n\t\t\t<dt class='gallery-icon landscape'>\n\t\t\t\t<a href='https:\/\/www1.kkl.si\/wp-content\/uploads\/2025\/08\/64_arhiv_LowRes\u00a9PeterUhan_121.jpg'><img loading=\"lazy\" decoding=\"async\" width=\"150\" height=\"150\" src=\"https:\/\/www1.kkl.si\/wp-content\/uploads\/2025\/08\/64_arhiv_LowRes\u00a9PeterUhan_121-150x150.jpg\" class=\"attachment-thumbnail size-thumbnail\" alt=\"\" \/><\/a>\n\t\t\t<\/dt><\/dl><dl class='gallery-item'>\n\t\t\t<dt class='gallery-icon landscape'>\n\t\t\t\t<a href='https:\/\/www1.kkl.si\/wp-content\/uploads\/2025\/08\/64_arhiv_LowRes\u00a9PeterUhan_138.jpg'><img loading=\"lazy\" decoding=\"async\" width=\"150\" height=\"150\" src=\"https:\/\/www1.kkl.si\/wp-content\/uploads\/2025\/08\/64_arhiv_LowRes\u00a9PeterUhan_138-150x150.jpg\" class=\"attachment-thumbnail size-thumbnail\" alt=\"\" \/><\/a>\n\t\t\t<\/dt><\/dl><dl class='gallery-item'>\n\t\t\t<dt class='gallery-icon landscape'>\n\t\t\t\t<a href='https:\/\/www1.kkl.si\/wp-content\/uploads\/2025\/08\/64_arhiv_LowRes\u00a9PeterUhan_156.jpg'><img loading=\"lazy\" decoding=\"async\" width=\"150\" height=\"150\" src=\"https:\/\/www1.kkl.si\/wp-content\/uploads\/2025\/08\/64_arhiv_LowRes\u00a9PeterUhan_156-150x150.jpg\" class=\"attachment-thumbnail size-thumbnail\" alt=\"\" \/><\/a>\n\t\t\t<\/dt><\/dl><dl class='gallery-item'>\n\t\t\t<dt class='gallery-icon landscape'>\n\t\t\t\t<a href='https:\/\/www1.kkl.si\/wp-content\/uploads\/2025\/08\/64_arhiv_LowRes\u00a9PeterUhan_173.jpg'><img loading=\"lazy\" decoding=\"async\" width=\"150\" height=\"150\" src=\"https:\/\/www1.kkl.si\/wp-content\/uploads\/2025\/08\/64_arhiv_LowRes\u00a9PeterUhan_173-150x150.jpg\" class=\"attachment-thumbnail size-thumbnail\" alt=\"\" \/><\/a>\n\t\t\t<\/dt><\/dl><dl class='gallery-item'>\n\t\t\t<dt class='gallery-icon landscape'>\n\t\t\t\t<a href='https:\/\/www1.kkl.si\/wp-content\/uploads\/2025\/08\/64_arhiv_LowRes\u00a9PeterUhan_181.jpg'><img loading=\"lazy\" decoding=\"async\" width=\"150\" height=\"150\" src=\"https:\/\/www1.kkl.si\/wp-content\/uploads\/2025\/08\/64_arhiv_LowRes\u00a9PeterUhan_181-150x150.jpg\" class=\"attachment-thumbnail size-thumbnail\" alt=\"\" \/><\/a>\n\t\t\t<\/dt><\/dl><br style=\"clear: both\" \/><dl class='gallery-item'>\n\t\t\t<dt class='gallery-icon landscape'>\n\t\t\t\t<a href='https:\/\/www1.kkl.si\/wp-content\/uploads\/2025\/08\/64_arhiv_LowRes\u00a9PeterUhan_189.jpg'><img loading=\"lazy\" decoding=\"async\" width=\"150\" height=\"150\" src=\"https:\/\/www1.kkl.si\/wp-content\/uploads\/2025\/08\/64_arhiv_LowRes\u00a9PeterUhan_189-150x150.jpg\" class=\"attachment-thumbnail size-thumbnail\" alt=\"\" \/><\/a>\n\t\t\t<\/dt><\/dl><dl class='gallery-item'>\n\t\t\t<dt class='gallery-icon landscape'>\n\t\t\t\t<a href='https:\/\/www1.kkl.si\/wp-content\/uploads\/2025\/08\/64_arhiv_LowRes\u00a9PeterUhan_204.jpg'><img loading=\"lazy\" decoding=\"async\" width=\"150\" height=\"150\" src=\"https:\/\/www1.kkl.si\/wp-content\/uploads\/2025\/08\/64_arhiv_LowRes\u00a9PeterUhan_204-150x150.jpg\" class=\"attachment-thumbnail size-thumbnail\" alt=\"\" \/><\/a>\n\t\t\t<\/dt><\/dl><dl class='gallery-item'>\n\t\t\t<dt class='gallery-icon landscape'>\n\t\t\t\t<a href='https:\/\/www1.kkl.si\/wp-content\/uploads\/2025\/08\/64_arhiv_LowRes\u00a9PeterUhan_208.jpg'><img loading=\"lazy\" decoding=\"async\" width=\"150\" height=\"150\" src=\"https:\/\/www1.kkl.si\/wp-content\/uploads\/2025\/08\/64_arhiv_LowRes\u00a9PeterUhan_208-150x150.jpg\" class=\"attachment-thumbnail size-thumbnail\" alt=\"\" \/><\/a>\n\t\t\t<\/dt><\/dl><dl class='gallery-item'>\n\t\t\t<dt class='gallery-icon landscape'>\n\t\t\t\t<a href='https:\/\/www1.kkl.si\/wp-content\/uploads\/2025\/08\/64_arhiv_LowRes\u00a9PeterUhan_228.jpg'><img loading=\"lazy\" decoding=\"async\" width=\"150\" height=\"150\" src=\"https:\/\/www1.kkl.si\/wp-content\/uploads\/2025\/08\/64_arhiv_LowRes\u00a9PeterUhan_228-150x150.jpg\" class=\"attachment-thumbnail size-thumbnail\" alt=\"\" \/><\/a>\n\t\t\t<\/dt><\/dl><dl class='gallery-item'>\n\t\t\t<dt class='gallery-icon landscape'>\n\t\t\t\t<a href='https:\/\/www1.kkl.si\/wp-content\/uploads\/2025\/08\/64_arhiv_LowRes\u00a9PeterUhan_233.jpg'><img loading=\"lazy\" decoding=\"async\" width=\"150\" height=\"150\" src=\"https:\/\/www1.kkl.si\/wp-content\/uploads\/2025\/08\/64_arhiv_LowRes\u00a9PeterUhan_233-150x150.jpg\" class=\"attachment-thumbnail size-thumbnail\" alt=\"\" \/><\/a>\n\t\t\t<\/dt><\/dl>\n\t\t\t<br style='clear: both' \/>\n\t\t<\/div>\n\n<p><span style=\"font-size: 10pt;\">Foto: Peter Uhan<\/span><\/p>\n<p><i class=\"fas fa-link\"><\/i> <a href=\"https:\/\/www.sng-ng.si\/sl\/repertoar\/arhiv-predstav\/64\/\">https:\/\/www.sng-ng.si\/sl\/repertoar\/arhiv-predstav\/64\/<\/a><\/p>\n<hr \/>\n<p>KKCL slovenski abonma &#8211; gledali\u0161ka sezona 2025\/2025<\/p>\n<p><a href=\"https:\/\/www1.kkl.si\/sl\/slovenski-abonma-2025-2026\/\"><img loading=\"lazy\" decoding=\"async\" class=\"alignnone wp-image-23229 size-large\" src=\"https:\/\/www1.kkl.si\/wp-content\/uploads\/2025\/08\/2025_08_27_SLO_abonma-1500x400.png\" alt=\"\" width=\"1500\" height=\"400\" srcset=\"https:\/\/www1.kkl.si\/wp-content\/uploads\/2025\/08\/2025_08_27_SLO_abonma.png 1500w, https:\/\/www1.kkl.si\/wp-content\/uploads\/2025\/08\/2025_08_27_SLO_abonma-400x107.png 400w\" sizes=\"auto, (max-width: 1500px) 100vw, 1500px\" \/><\/a><\/p>\n","protected":false},"excerpt":{"rendered":"<p>torek, 19. maj 2026, 19.00\u00a0| Gledali\u0161ka in koncertna dvorana Lendava urbana drama z elementi humorja \u00a0Cena vstopnice: predprodaja 15 \u20ac, na dan predstave 18 \u20ac. Blagajna: +386 (0)2 577 60 24. Organizator: Knji\u017enica \u2013 Kulturni center Lendava \u2013 Lendvai K\u00f6nyvt\u00e1r \u00e9s Kultur\u00e1lis K\u00f6zpont SNG Nova Gorica: 64, urbana drama z elementi humorja Re\u017eija: Nina \u0160orak [&hellip;]<\/p>\n","protected":false},"author":2,"featured_media":26776,"parent":0,"menu_order":0,"comment_status":"closed","ping_status":"closed","template":"","meta":{"footnotes":""},"class_list":["post-26796","page","type-page","status-publish","has-post-thumbnail","hentry","post","post-with-thumbnail","post-with-thumbnail-icon"],"_links":{"self":[{"href":"https:\/\/www1.kkl.si\/sl\/wp-json\/wp\/v2\/pages\/26796","targetHints":{"allow":["GET"]}}],"collection":[{"href":"https:\/\/www1.kkl.si\/sl\/wp-json\/wp\/v2\/pages"}],"about":[{"href":"https:\/\/www1.kkl.si\/sl\/wp-json\/wp\/v2\/types\/page"}],"author":[{"embeddable":true,"href":"https:\/\/www1.kkl.si\/sl\/wp-json\/wp\/v2\/users\/2"}],"replies":[{"embeddable":true,"href":"https:\/\/www1.kkl.si\/sl\/wp-json\/wp\/v2\/comments?post=26796"}],"version-history":[{"count":1,"href":"https:\/\/www1.kkl.si\/sl\/wp-json\/wp\/v2\/pages\/26796\/revisions"}],"predecessor-version":[{"id":26797,"href":"https:\/\/www1.kkl.si\/sl\/wp-json\/wp\/v2\/pages\/26796\/revisions\/26797"}],"wp:featuredmedia":[{"embeddable":true,"href":"https:\/\/www1.kkl.si\/sl\/wp-json\/wp\/v2\/media\/26776"}],"wp:attachment":[{"href":"https:\/\/www1.kkl.si\/sl\/wp-json\/wp\/v2\/media?parent=26796"}],"curies":[{"name":"wp","href":"https:\/\/api.w.org\/{rel}","templated":true}]}}