{"id":26852,"date":"2026-05-05T10:26:14","date_gmt":"2026-05-05T08:26:14","guid":{"rendered":"https:\/\/www1.kkl.si\/?page_id=26852"},"modified":"2026-05-05T14:06:52","modified_gmt":"2026-05-05T12:06:52","slug":"spored-2026-06","status":"publish","type":"page","link":"https:\/\/www1.kkl.si\/sl\/spored-2026-06\/","title":{"rendered":"SPORED: junij 2026"},"content":{"rendered":"<p><strong>Leto 2026:<\/strong> <a href=\"https:\/\/www1.kkl.si\/sl\/spored-2026-01\/\">januar<\/a> | <a href=\"https:\/\/www1.kkl.si\/sl\/spored-2026-02\/\">februar<\/a> | <a href=\"https:\/\/www1.kkl.si\/sl\/spored-2026-03\/\">marec<\/a> | <a href=\"https:\/\/www1.kkl.si\/sl\/spored-2026-04\/\">april<\/a> | <a href=\"https:\/\/www1.kkl.si\/sl\/spored-2026-05\/\">maj<\/a> | <a href=\"https:\/\/www1.kkl.si\/sl\/spored-2026-06\/\">junij<\/a> | julij | avgust | september | oktober | november | december | <a href=\"https:\/\/www1.kkl.si\/sl\/arhiv-sporeda\/\">ARHIV<\/a><\/p>\n<div style=\"overflow-x: auto;\">\n<table id=\"spored-legenda\" cellspacing=\"0\" cellpadding=\"5\">\n<tbody>\n<tr>\n<td><strong>LEGENDA<br \/>\nSIMBOLOV<\/strong><\/td>\n<td style=\"vertical-align: middle;\"><img loading=\"lazy\" decoding=\"async\" title=\"Slovenski abonma\" src=\"https:\/\/www1.kkl.si\/wp-content\/uploads\/2020\/07\/spored_simb_abonma_si-1.svg\" alt=\"abonma_si\" width=\"30\" height=\"30\" \/><\/td>\n<td>Slovenski<br \/>\nabonma<\/td>\n<td style=\"vertical-align: middle;\"><img loading=\"lazy\" decoding=\"async\" title=\"Mad\u017earski abonma\" src=\"https:\/\/www1.kkl.si\/wp-content\/uploads\/2020\/07\/spored_simb_abonma_hu-1.svg\" alt=\"abonma_hu\" width=\"30\" height=\"30\" \/><\/td>\n<td>Mad\u017earski<br \/>\nabonma<\/td>\n<td style=\"vertical-align: middle;\"><img loading=\"lazy\" decoding=\"async\" title=\"Zaklju\u010dena prireditev\" src=\"https:\/\/www1.kkl.si\/wp-content\/uploads\/2020\/07\/spored_simb_zakljucena-1.svg\" alt=\"zakljucena\" width=\"30\" height=\"30\" \/><\/td>\n<td>Zaklju\u010dena<br \/>\nprireditev<\/td>\n<td style=\"vertical-align: middle;\"><img loading=\"lazy\" decoding=\"async\" title=\"Brezpla\u010dna prireditev\" src=\"https:\/\/www1.kkl.si\/wp-content\/uploads\/2020\/07\/spored_simb_brezplacna-1.svg\" alt=\"brezplacna\" width=\"30\" height=\"30\" \/><\/td>\n<td>Brezpla\u010dna<br \/>\nprireditev<\/td>\n<td style=\"vertical-align: middle;\"><img loading=\"lazy\" decoding=\"async\" title=\"Pla\u010dljiva prireditev\" src=\"https:\/\/www1.kkl.si\/wp-content\/uploads\/2020\/07\/spored_simb_placljiva-1.svg\" alt=\"placljiva\" width=\"30\" height=\"30\" \/><\/td>\n<td>Pla\u010dljiva<br \/>\nprireditev<\/td>\n<td style=\"vertical-align: middle;\"><img loading=\"lazy\" decoding=\"async\" title=\"Novost, sprememba\" src=\"https:\/\/www1.kkl.si\/wp-content\/uploads\/2020\/07\/spored_simb_novost-1.svg\" alt=\"novost\" width=\"30\" height=\"30\" \/><\/td>\n<td>Novost,<br \/>\nsprememba<\/td>\n<\/tr>\n<\/tbody>\n<\/table>\n<\/div>\n<table id=\"sporedtabela\" style=\"width: 100%;\">\n<tbody>\n<tr>\n<td style=\"width: 14.9312%;\">\n<p style=\"text-align: center;\"><strong><span style=\"font-size: 24pt;\">1.<\/span><br \/>\n<\/strong><\/p>\n<p style=\"text-align: center;\">ponedeljek<\/p>\n<p><img loading=\"lazy\" decoding=\"async\" class=\"aligncenter\" title=\"Brezpla\u010dna prireditev\" src=\"https:\/\/www1.kkl.si\/wp-content\/uploads\/2020\/07\/spored_simb_brezplacna-1.svg\" alt=\"brezplacna\" width=\"30\" height=\"30\" \/><\/p>\n<\/td>\n<td style=\"width: 84.6758%;\">\n<p><i class=\"fas fa-clock\"><\/i> <strong>18.00<\/strong> | Gledali\u0161ka in koncertna dvorana Lendava<br \/>\n<strong>koncert<\/strong><\/p>\n<p><strong><span style=\"font-size: 24pt;\">Zaklju\u010dni koncert u\u010dencev Glasbene \u0161ole Lendava<\/span><\/strong><\/p>\n<p><span style=\"font-size: 10pt;\">Organizator: <a href=\"http:\/\/www.gs-lendava.si\/\">Glasbena \u0161ola Lendava\/Zeneiskola Lendva<\/a><\/span><\/p>\n<\/td>\n<\/tr>\n<tr>\n<td style=\"width: 14.9312%;\">\n<p style=\"text-align: center;\"><strong><span style=\"font-size: 24pt;\">7.<\/span><br \/>\n<\/strong><\/p>\n<p style=\"text-align: center;\">nedelja<\/p>\n<p><img loading=\"lazy\" decoding=\"async\" class=\"aligncenter\" title=\"Brezpla\u010dna prireditev\" src=\"https:\/\/www1.kkl.si\/wp-content\/uploads\/2020\/07\/spored_simb_brezplacna-1.svg\" alt=\"brezplacna\" width=\"30\" height=\"30\" \/><\/p>\n<\/td>\n<td style=\"width: 84.6758%;\">\n<p><a href=\"https:\/\/www1.kkl.si\/wp-content\/uploads\/2026\/05\/ujet_brez_izhoda_letak_splet.jpg\" data-lbwps-width=\"2852\" data-lbwps-height=\"4000\" data-lbwps-srcsmall=\"https:\/\/www1.kkl.si\/wp-content\/uploads\/2026\/05\/ujet_brez_izhoda_letak_splet.jpg\"><img loading=\"lazy\" decoding=\"async\" class=\"alignright size-thumbnail wp-image-26876\" src=\"https:\/\/www1.kkl.si\/wp-content\/uploads\/2026\/05\/ujet_brez_izhoda_letak_splet-scaled-e1777977102166-150x150.jpg\" alt=\"\" width=\"150\" height=\"150\" \/><\/a><i class=\"fas fa-clock\"><\/i> <strong>18.00<\/strong> | Gledali\u0161ka in koncertna dvorana Lendava<br \/>\n<strong>pogovorna prireditev v sodelovanju s komuno Reto center<\/strong><\/p>\n<p><strong><span style=\"font-size: 24pt;\">Ujet brez izhoda<br \/>\n<\/span><\/strong><span style=\"font-size: 18pt;\"><strong>\u0160e je upanje! Pogovorimo se o odvisnosti.<\/strong><\/span><\/p>\n<p><i class=\"fas fa-info-circle\"><\/i> <strong>Brezpla\u010dne vstopnice<\/strong> si lahko zagotovite predhodno v <a href=\"https:\/\/www.visitmurskasobota.si\/znamenitost\/gledalisce-park\/\">Gledali\u0161\u010du Park Murska Sobota<\/a>, v Gledali\u0161ki in koncertni dvorani Lendava (<i class=\"fas fa-phone-alt\"><\/i> 02 577 60 24) ter na telefonski \u0161tevilki <i class=\"fas fa-mobile-alt\" style=\"solid\"><\/i> 040 511 953!<\/p>\n<p>VSTOPNINE NI!<\/p>\n<p><span style=\"font-size: 10pt;\">Organizator: Arpad \u017doldo\u0161<\/span><\/p>\n<\/td>\n<\/tr>\n<tr>\n<td style=\"width: 14.9312%;\">\n<p style=\"text-align: center;\"><span style=\"font-size: 24pt;\"><strong>24.<br \/>\n<\/strong><\/span><\/p>\n<p style=\"text-align: center;\">sreda<\/p>\n<p><img loading=\"lazy\" decoding=\"async\" class=\"aligncenter\" title=\"Brezpla\u010dna prireditev\" src=\"https:\/\/www1.kkl.si\/wp-content\/uploads\/\/2020\/07\/spored_simb_brezplacna-1.svg\" alt=\"brezplacna\" width=\"30\" height=\"30\" \/><\/p>\n<\/td>\n<td style=\"width: 84.6758%;\">\n<p><i class=\"fas fa-clock\"><\/i> <strong>19.00<\/strong> | letni oder GKD Lendava<br \/>\n<strong>kulturna prireditev<\/strong><\/p>\n<p><span style=\"font-size: 24pt;\"><strong>Proslava od dnevu dr\u017eavnosti<\/strong><\/span><\/p>\n<p><span style=\"font-size: 10pt;\">Organizator: <a href=\"https:\/\/www.lendava.si\/\">Ob\u010dina Lendava\/Lendva K\u00f6zs\u00e9g<\/a>, v sodelovanju s: <a href=\"https:\/\/www.kkl.si\/\">Knji\u017enica \u2013 Kulturni center Lendava \u2013 Lendvai K\u00f6nyvt\u00e1r \u00e9s Kultur\u00e1lis K\u00f6zpont<\/a><\/span><\/p>\n<\/td>\n<\/tr>\n<\/tbody>\n<\/table>\n<p style=\"text-align: center;\"><span style=\"font-size: 10pt;\">Organizatorji si pridr\u017eujejo pravico do spremembe programa.<\/span><\/p>\n","protected":false},"excerpt":{"rendered":"<p>Leto 2026: januar | februar | marec | april | maj | junij | julij | avgust | september | oktober | november | december | ARHIV LEGENDA SIMBOLOV Slovenski abonma Mad\u017earski abonma Zaklju\u010dena prireditev Brezpla\u010dna prireditev Pla\u010dljiva prireditev Novost, sprememba 1. ponedeljek 18.00 | Gledali\u0161ka in koncertna dvorana Lendava koncert Zaklju\u010dni koncert u\u010dencev Glasbene [&hellip;]<\/p>\n","protected":false},"author":2,"featured_media":0,"parent":0,"menu_order":0,"comment_status":"closed","ping_status":"closed","template":"","meta":{"footnotes":""},"class_list":["post-26852","page","type-page","status-publish","hentry","post"],"_links":{"self":[{"href":"https:\/\/www1.kkl.si\/sl\/wp-json\/wp\/v2\/pages\/26852","targetHints":{"allow":["GET"]}}],"collection":[{"href":"https:\/\/www1.kkl.si\/sl\/wp-json\/wp\/v2\/pages"}],"about":[{"href":"https:\/\/www1.kkl.si\/sl\/wp-json\/wp\/v2\/types\/page"}],"author":[{"embeddable":true,"href":"https:\/\/www1.kkl.si\/sl\/wp-json\/wp\/v2\/users\/2"}],"replies":[{"embeddable":true,"href":"https:\/\/www1.kkl.si\/sl\/wp-json\/wp\/v2\/comments?post=26852"}],"version-history":[{"count":9,"href":"https:\/\/www1.kkl.si\/sl\/wp-json\/wp\/v2\/pages\/26852\/revisions"}],"predecessor-version":[{"id":26879,"href":"https:\/\/www1.kkl.si\/sl\/wp-json\/wp\/v2\/pages\/26852\/revisions\/26879"}],"wp:attachment":[{"href":"https:\/\/www1.kkl.si\/sl\/wp-json\/wp\/v2\/media?parent=26852"}],"curies":[{"name":"wp","href":"https:\/\/api.w.org\/{rel}","templated":true}]}}