{"id":2910,"date":"2021-06-16T12:53:40","date_gmt":"2021-06-16T10:53:40","guid":{"rendered":"https:\/\/www1.kkl.si\/?page_id=2910"},"modified":"2023-12-12T12:07:19","modified_gmt":"2023-12-12T11:07:19","slug":"pocastitev-30-obletnice-samostojne-republike-slovenije","status":"publish","type":"page","link":"https:\/\/www1.kkl.si\/sl\/pocastitev-30-obletnice-samostojne-republike-slovenije\/","title":{"rendered":"Po\u010dastitev 30. obletnice samostojne Republike Slovenije"},"content":{"rendered":"<div class=\"opis\"><i class=\"fas fa-calendar\"><\/i> <strong>Petek, 18. 6. 2021 | <span class=\"zanr\">kulturna prireditev, razstava<\/span><br \/>\n<\/strong><i class=\"fas fa-clock\"><\/i> <strong>od 18.00 naprej<br \/>\n<\/strong><i class=\"fas fa-map-marker\"><\/i> Prizori\u0161\u010de: Gledali\u0161ka in koncertne dvorane Lendava<br \/>\n<i class=\"fas fa-chevron-circle-right\"><\/i> Organizatorji: <a href=\"https:\/\/www.lendava.si\/\">Ob\u010dina Lendava \u2013 Lendva K\u00f6zs\u00e9g<\/a>, Obmo\u010dno zdru\u017eenje veteranov vojne za Slovenijo Lendava, <a href=\"https:\/\/www.gml.si\">Galerija \u2013 Muzej Lendava\/Gal\u00e9ria-M\u00fazuem Lendva (GML)<\/a>,\u00a0<a href=\"https:\/\/www.kkl.si\/\">Knji\u017enica \u2013 Kulturni center Lendava \u2013 Lendvai K\u00f6nyvt\u00e1r \u00e9s Kultur\u00e1lis K\u00f6zpont<\/a>,\u00a0<a href=\"https:\/\/www.dbus.si\/\">DBUS \u2013 Dru\u0161tvo baletnih umetnikov Slovenije<\/a><\/div>\n<p><a href=\"https:\/\/www1.kkl.si\/wp-content\/uploads\/2021\/06\/vabilo_dan_drzavnosti_2021_A3.png\" data-lbwps-width=\"2923\" data-lbwps-height=\"4134\" data-lbwps-srcsmall=\"https:\/\/www1.kkl.si\/wp-content\/uploads\/2021\/06\/vabilo_dan_drzavnosti_2021_A3-283x400.png\"><img loading=\"lazy\" decoding=\"async\" class=\"slika alignright wp-image-2919 size-medium\" src=\"https:\/\/www1.kkl.si\/wp-content\/uploads\/2021\/06\/vabilo_dan_drzavnosti_2021_A3-283x400.png\" alt=\"\" width=\"283\" height=\"400\" srcset=\"https:\/\/www1.kkl.si\/wp-content\/uploads\/2021\/06\/vabilo_dan_drzavnosti_2021_A3-283x400.png 283w, https:\/\/www1.kkl.si\/wp-content\/uploads\/2021\/06\/vabilo_dan_drzavnosti_2021_A3-1061x1500.png 1061w\" sizes=\"auto, (max-width: 283px) 100vw, 283px\" \/><\/a>VABILO<\/p>\n<p>V po\u010dastitev 30. obletnice samostojne Republike Slovenije vas vljudno vabimo na osrednjo ob\u010dinsko slovesnost ob dnevu dr\u017eavnosti ter predstavitev zbornika in otvoritev razstave, ki obujata spomine na dogodke ob osamosvojitvi:<\/p>\n<p>&nbsp;<\/p>\n<p><strong>\u2022 V petek, 18. junija 2021, ob 18. uri bo predstavitev zbornika <em>Ob\u010dina Lendava v soju osamosvojitvene vojne 1991<\/em>.<\/strong><\/p>\n<p>O dogodkih izpred 30 let bodo spregovorili urednik zbornika <strong>Milan Osterc<\/strong>, predsednik OZVVS Lendava <strong>Ljubo Dra\u017enik<\/strong>, aktivni udele\u017eenec dogodkov na mostu v Peti\u0161ovcih <strong>\u017divko Stani\u010d<\/strong>, poveljujo\u010di \u010dastnik na izpostavljenem poveljstvu v Lendavi <strong>Ivan Smodi\u0161<\/strong>, predsednik PVD SEVER za Pomurje <strong>Drago Riba\u0161<\/strong> in komandir takratne milice v Lendavi Ludvik Bokan.<\/p>\n<p><em>Lokacija: Gledali\u0161ka in koncertna dvorana Lendava<\/em><\/p>\n<hr \/>\n<p><strong>\u2022 V petek, 18. junija 2021 ob 19. uri bo otvoritev razstave <em>Spomini na osamosvojitev<\/em>.<\/strong><\/p>\n<p>Na otvoritvi razstave bo spregovoril <strong>Ladislav Bagladi<\/strong>, komandir takratne milice v Dolgi vasi.<\/p>\n<p><em>Lokacija: avla Gledali\u0161ke in koncertne dvorane Lendava<\/em><\/p>\n<hr \/>\n<p><strong>\u2022 V \u010detrtek, 24. junija 2021, ob 20. uri bo osrednja slovesnost ob dnevu dr\u017eavnosti.<\/strong><\/p>\n<p>Slavnostni govornik na slovesnosti bo <strong>Alan Geder<\/strong>, nekdanji na\u010delnik general\u0161taba Slovenske vojske in veteran vojne za Slovenijo.<\/p>\n<p>Ob tej prilo\u017enosti bomo podelili tudi priznanja Ob\u010dine Lendave za leto 2020, ki jih zaradi epidemi\u010dnih razmer ob ob\u010dinskem prazniku lansko leto nismo mogli.<\/p>\n<p>\u017de tradicionalno na predve\u010der praznika na letnem odru Gledali\u0161ke in koncertne dvorane Lendava gostimo <strong>Balet pod zvezdami<\/strong>, ki se bo pri\u010del ob <strong>21. uri<\/strong>.<\/p>\n<p><em>Lokacija: letni oder Gledali\u0161ke in koncertne dvorane Lendava<\/em><\/p>\n<p><a href=\"https:\/\/www1.kkl.si\/wp-content\/uploads\/2021\/06\/vabilo_dan_drzavnosti_2021_A5-1.png\" data-lbwps-width=\"2923\" data-lbwps-height=\"2067\" data-lbwps-srcsmall=\"https:\/\/www1.kkl.si\/wp-content\/uploads\/2021\/06\/vabilo_dan_drzavnosti_2021_A5-1-400x283.png\"><img loading=\"lazy\" decoding=\"async\" class=\"alignnone wp-image-2912\" src=\"https:\/\/www1.kkl.si\/wp-content\/uploads\/2021\/06\/vabilo_dan_drzavnosti_2021_A5-1-1500x1061.png\" alt=\"\" width=\"1200\" height=\"849\" srcset=\"https:\/\/www1.kkl.si\/wp-content\/uploads\/2021\/06\/vabilo_dan_drzavnosti_2021_A5-1-1500x1061.png 1500w, https:\/\/www1.kkl.si\/wp-content\/uploads\/2021\/06\/vabilo_dan_drzavnosti_2021_A5-1-400x283.png 400w\" sizes=\"auto, (max-width: 1200px) 100vw, 1200px\" \/><\/a><\/p>\n","protected":false},"excerpt":{"rendered":"<p>Petek, 18. 6. 2021 | kulturna prireditev, razstava od 18.00 naprej Prizori\u0161\u010de: Gledali\u0161ka in koncertne dvorane Lendava Organizatorji: Ob\u010dina Lendava \u2013 Lendva K\u00f6zs\u00e9g, Obmo\u010dno zdru\u017eenje veteranov vojne za Slovenijo Lendava, Galerija \u2013 Muzej Lendava\/Gal\u00e9ria-M\u00fazuem Lendva (GML),\u00a0Knji\u017enica \u2013 Kulturni center Lendava \u2013 Lendvai K\u00f6nyvt\u00e1r \u00e9s Kultur\u00e1lis K\u00f6zpont,\u00a0DBUS \u2013 Dru\u0161tvo baletnih umetnikov Slovenije VABILO V po\u010dastitev 30. [&hellip;]<\/p>\n","protected":false},"author":2,"featured_media":2994,"parent":0,"menu_order":0,"comment_status":"closed","ping_status":"closed","template":"","meta":{"footnotes":""},"class_list":["post-2910","page","type-page","status-publish","has-post-thumbnail","hentry","post","post-with-thumbnail","post-with-thumbnail-icon"],"_links":{"self":[{"href":"https:\/\/www1.kkl.si\/sl\/wp-json\/wp\/v2\/pages\/2910","targetHints":{"allow":["GET"]}}],"collection":[{"href":"https:\/\/www1.kkl.si\/sl\/wp-json\/wp\/v2\/pages"}],"about":[{"href":"https:\/\/www1.kkl.si\/sl\/wp-json\/wp\/v2\/types\/page"}],"author":[{"embeddable":true,"href":"https:\/\/www1.kkl.si\/sl\/wp-json\/wp\/v2\/users\/2"}],"replies":[{"embeddable":true,"href":"https:\/\/www1.kkl.si\/sl\/wp-json\/wp\/v2\/comments?post=2910"}],"version-history":[{"count":11,"href":"https:\/\/www1.kkl.si\/sl\/wp-json\/wp\/v2\/pages\/2910\/revisions"}],"predecessor-version":[{"id":3067,"href":"https:\/\/www1.kkl.si\/sl\/wp-json\/wp\/v2\/pages\/2910\/revisions\/3067"}],"wp:featuredmedia":[{"embeddable":true,"href":"https:\/\/www1.kkl.si\/sl\/wp-json\/wp\/v2\/media\/2994"}],"wp:attachment":[{"href":"https:\/\/www1.kkl.si\/sl\/wp-json\/wp\/v2\/media?parent=2910"}],"curies":[{"name":"wp","href":"https:\/\/api.w.org\/{rel}","templated":true}]}}