{"id":2986,"date":"2021-06-22T14:25:30","date_gmt":"2021-06-22T12:25:30","guid":{"rendered":"https:\/\/www1.kkl.si\/?page_id=2986"},"modified":"2023-12-12T12:05:36","modified_gmt":"2023-12-12T11:05:36","slug":"osrednja-obcinska-slovesnost-ob-dnevu-drzavnosti-2021","status":"publish","type":"page","link":"https:\/\/www1.kkl.si\/sl\/osrednja-obcinska-slovesnost-ob-dnevu-drzavnosti-2021\/","title":{"rendered":"Osrednja ob\u010dinska slovesnost ob dnevu dr\u017eavnosti"},"content":{"rendered":"<div class=\"opis\"><i class=\"fas fa-calendar\"><\/i> <strong>\u010cetrtek, 24. 6. 2021 | <span class=\"zanr\">kulturna prireditev, balet<\/span><\/strong><br \/>\n<i class=\"fas fa-clock\"><\/i> <strong>20.00<br \/>\n<\/strong><i class=\"fas fa-map-marker\"><\/i> Prizori\u0161\u010de: Gledali\u0161ka in koncertne dvorane Lendava<br \/>\n<i class=\"fas fa-chevron-circle-right\"><\/i> Organizatorji: <a href=\"https:\/\/www.lendava.si\/\">Ob\u010dina Lendava \u2013 Lendva K\u00f6zs\u00e9g<\/a>, <a href=\"https:\/\/www.gml.si\">Galerija \u2013 Muzej Lendava\/Gal\u00e9ria-M\u00fazuem Lendva (GML)<\/a>, <a href=\"https:\/\/www.kkl.si\/\">Knji\u017enica \u2013 Kulturni center Lendava \u2013 Lendvai K\u00f6nyvt\u00e1r \u00e9s Kultur\u00e1lis K\u00f6zpont<\/a>, <a href=\"https:\/\/www.dbus.si\/\">DBUS \u2013 Dru\u0161tvo baletnih umetnikov Slovenije<\/a><\/div>\n<p><a href=\"https:\/\/www1.kkl.si\/wp-content\/uploads\/2021\/06\/dan_drzavnosti_2021_izrez.png\" data-lbwps-width=\"1498\" data-lbwps-height=\"2121\" data-lbwps-srcsmall=\"https:\/\/www1.kkl.si\/wp-content\/uploads\/2021\/06\/dan_drzavnosti_2021_izrez-283x400.png\"><img loading=\"lazy\" decoding=\"async\" class=\"alignright wp-image-2994 size-medium\" src=\"https:\/\/www1.kkl.si\/wp-content\/uploads\/2021\/06\/dan_drzavnosti_2021_izrez-283x400.png\" alt=\"\" width=\"283\" height=\"400\" srcset=\"https:\/\/www1.kkl.si\/wp-content\/uploads\/2021\/06\/dan_drzavnosti_2021_izrez-283x400.png 283w, https:\/\/www1.kkl.si\/wp-content\/uploads\/2021\/06\/dan_drzavnosti_2021_izrez-1059x1500.png 1059w, https:\/\/www1.kkl.si\/wp-content\/uploads\/2021\/06\/dan_drzavnosti_2021_izrez.png 1498w\" sizes=\"auto, (max-width: 283px) 100vw, 283px\" \/><\/a>VABILO<\/p>\n<p>V po\u010dastitev 30. obletnice samostojne Republike Slovenije vas na predve\u010der dneva dr\u017eavnosti vljudno vabimo na osrednjo ob\u010dinsko slovesnost, ki bo ob <strong>20. uri<\/strong> na letnem odru Gledali\u0161ke in koncertne dvorane Lendava. Pred osrednjo slovesnostjo bomo ob <strong>19. uri<\/strong> odprli \u0161e likovno razstavo slik <strong>Janosa G\u00f6ncza<\/strong> v kupoli stolpa Vinarium Lendava.<\/p>\n<p><strong>Osrednja ob\u010dinska slovesnost ob dnevu dr\u017eavnosti bo v \u010detrtek, 24. junija 2021, ob 20. uri na letnem odru Gledali\u0161ke in koncertne dvorane Lendava.<\/strong><\/p>\n<ul>\n<li>Slavnostni govornik na slovesnosti bo <strong>Alan Geder<\/strong>, nekdanji na\u010delnik general\u0161taba Slovenske vojske in veteran vojne za Slovenijo.<\/li>\n<li>Ob tej prilo\u017enosti bomo podelili tudi priznanja Ob\u010dine Lendave za leto 2020, ki jih zaradi epidemi\u010dnih razmer ob ob\u010dinskem prazniku lansko leto nismo mogli.<\/li>\n<li>\u017de tradicionalno na predve\u010der praznika na letnem odru Gledali\u0161ke in koncertne dvorane Lendava gostimo <em>Balet pod zvezdami<\/em>, ki se bo pri\u010del ob <strong>21. uri<\/strong>.<\/li>\n<\/ul>\n<hr \/>\n<p>VIDEOPOSNETKI<\/p>\n<p><strong> Osrednja ob\u010dinska slovesnost ob dnevu dr\u017eavnosti<\/strong><\/p>\n<p>Ob tej prilo\u017enosti<strong> so bila podeljena priznanja Ob\u010dine Lendave za leto 2020<\/strong>, ki jih zaradi epidemiolo\u0161kih razmer ob lanskem ob\u010dinskem prazniku ni bilo mo\u017eno podeliti.<\/p>\n<p><iframe loading=\"lazy\" src=\"\/\/www.youtube.com\/embed\/KRAcXaVBAY0\" width=\"1000\" height=\"563\" frameborder=\"0\" allowfullscreen=\"allowfullscreen\" data-mce-fragment=\"1\"><\/iframe><\/p>\n<p>Slovesnost se je sklenila ob 21. uri z zdaj \u017ee tradicionalnim kulturnim pogramom, <strong>Balet pod zvezdami<\/strong>, ki ga je izvedlo <a href=\"https:\/\/www.dbus.si\/\">Dru\u0161tvo baletnih umetnikov Slovenije<\/a>.<\/p>\n<p>\n<iframe loading=\"lazy\" src=\"\/\/www.youtube.com\/embed\/UB7GIwPNpxY\" width=\"1000\" height=\"563\" frameborder=\"0\" allowfullscreen=\"allowfullscreen\" data-mce-fragment=\"1\"><\/iframe><br \/>\n<span style=\"font-size: 12px;\"><em>Video produkcija: Video studio Signal<\/em><\/span><\/p>\n<p><span class=\"header1\">\u010cestitke vsem ob dr\u017eavnem prazniku!<\/span><\/p>\n<p>Vir: <a href=\"https:\/\/www.lendava.si\/vsebina\/osrednja-obcinska-slovesnost-na-predvecer-drzavnega-praznika\">https:\/\/www.lendava.si\/vsebina\/osrednja-obcinska-slovesnost-na-predvecer-drzavnega-praznika<\/a><\/p>\n","protected":false},"excerpt":{"rendered":"<p>\u010cetrtek, 24. 6. 2021 | kulturna prireditev, balet 20.00 Prizori\u0161\u010de: Gledali\u0161ka in koncertne dvorane Lendava Organizatorji: Ob\u010dina Lendava \u2013 Lendva K\u00f6zs\u00e9g, Galerija \u2013 Muzej Lendava\/Gal\u00e9ria-M\u00fazuem Lendva (GML), Knji\u017enica \u2013 Kulturni center Lendava \u2013 Lendvai K\u00f6nyvt\u00e1r \u00e9s Kultur\u00e1lis K\u00f6zpont, DBUS \u2013 Dru\u0161tvo baletnih umetnikov Slovenije VABILO V po\u010dastitev 30. obletnice samostojne Republike Slovenije vas na predve\u010der [&hellip;]<\/p>\n","protected":false},"author":2,"featured_media":2994,"parent":0,"menu_order":0,"comment_status":"closed","ping_status":"closed","template":"","meta":{"footnotes":""},"class_list":["post-2986","page","type-page","status-publish","has-post-thumbnail","hentry","post","post-with-thumbnail","post-with-thumbnail-icon"],"_links":{"self":[{"href":"https:\/\/www1.kkl.si\/sl\/wp-json\/wp\/v2\/pages\/2986","targetHints":{"allow":["GET"]}}],"collection":[{"href":"https:\/\/www1.kkl.si\/sl\/wp-json\/wp\/v2\/pages"}],"about":[{"href":"https:\/\/www1.kkl.si\/sl\/wp-json\/wp\/v2\/types\/page"}],"author":[{"embeddable":true,"href":"https:\/\/www1.kkl.si\/sl\/wp-json\/wp\/v2\/users\/2"}],"replies":[{"embeddable":true,"href":"https:\/\/www1.kkl.si\/sl\/wp-json\/wp\/v2\/comments?post=2986"}],"version-history":[{"count":11,"href":"https:\/\/www1.kkl.si\/sl\/wp-json\/wp\/v2\/pages\/2986\/revisions"}],"predecessor-version":[{"id":3154,"href":"https:\/\/www1.kkl.si\/sl\/wp-json\/wp\/v2\/pages\/2986\/revisions\/3154"}],"wp:featuredmedia":[{"embeddable":true,"href":"https:\/\/www1.kkl.si\/sl\/wp-json\/wp\/v2\/media\/2994"}],"wp:attachment":[{"href":"https:\/\/www1.kkl.si\/sl\/wp-json\/wp\/v2\/media?parent=2986"}],"curies":[{"name":"wp","href":"https:\/\/api.w.org\/{rel}","templated":true}]}}