{"id":3030,"date":"2021-06-23T16:57:06","date_gmt":"2021-06-23T14:57:06","guid":{"rendered":"https:\/\/www1.kkl.si\/?page_id=3030"},"modified":"2021-06-23T19:33:18","modified_gmt":"2021-06-23T17:33:18","slug":"jasa-koceli-preblizu","status":"publish","type":"page","link":"https:\/\/www1.kkl.si\/sl\/jasa-koceli-preblizu\/","title":{"rendered":"Ja\u0161a Koceli: Preblizu"},"content":{"rendered":"<div><img loading=\"lazy\" decoding=\"async\" class=\"izrez alignnone wp-image-3046 size-full\" src=\"https:\/\/www1.kkl.si\/wp-content\/uploads\/2021\/06\/Preblizu_izrez-1.jpg\" alt=\"\" width=\"1500\" height=\"300\" srcset=\"https:\/\/www1.kkl.si\/wp-content\/uploads\/2021\/06\/Preblizu_izrez-1.jpg 1500w, https:\/\/www1.kkl.si\/wp-content\/uploads\/2021\/06\/Preblizu_izrez-1-400x80.jpg 400w\" sizes=\"auto, (max-width: 1500px) 100vw, 1500px\" \/><\/div>\n<div class=\"opis\"><img loading=\"lazy\" decoding=\"async\" class=\"wp-image-1585 alignright\" title=\"Slovenski abonma\" src=\"https:\/\/www1.kkl.si\/wp-content\/uploads\/2020\/07\/spored_simb_abonma_si-1.svg\" alt=\"abonma_si\" width=\"40\" height=\"40\" srcset=\"https:\/\/www1.kkl.si\/wp-content\/uploads\/\/2020\/07\/spored_simb_abonma_si-1.svg 150w, https:\/\/www1.kkl.si\/wp-content\/uploads\/\/2020\/07\/spored_simb_abonma_si-1.svg 400w, https:\/\/www1.kkl.si\/wp-content\/uploads\/\/2020\/07\/spored_simb_abonma_si-1.svg 1500w, https:\/\/www1.kkl.si\/wp-content\/uploads\/\/2020\/07\/spored_simb_abonma_si-1.svg 100w\" sizes=\"auto, (max-width: 40px) 100vw, 40px\" \/><img loading=\"lazy\" decoding=\"async\" class=\"wp-image-1591 alignright\" title=\"Pla\u010dljiva prireditev\" src=\"https:\/\/www1.kkl.si\/wp-content\/uploads\/2020\/07\/spored_simb_placljiva-1.svg\" alt=\"placljiva\" width=\"40\" height=\"40\" srcset=\"https:\/\/www1.kkl.si\/wp-content\/uploads\/\/2020\/07\/spored_simb_placljiva-1.svg 150w, https:\/\/www1.kkl.si\/wp-content\/uploads\/\/2020\/07\/spored_simb_placljiva-1.svg 400w, https:\/\/www1.kkl.si\/wp-content\/uploads\/\/2020\/07\/spored_simb_placljiva-1.svg 1500w, https:\/\/www1.kkl.si\/wp-content\/uploads\/\/2020\/07\/spored_simb_placljiva-1.svg 100w\" sizes=\"auto, (max-width: 40px) 100vw, 40px\" \/><i class=\"fas fa-calendar\"><\/i> <strong>Ponedeljek, 28. 6. 2021 | <span class=\"zanr\">SLOVENSKI ABONMA 2019\/2020: drama<\/span><\/strong><br \/>\n<i class=\"fas fa-clock\"><\/i> <strong>19.00<br \/>\n<\/strong><i class=\"fas fa-ticket-alt\" style=\"solid\"><\/i> Cena vstopnice: <strong>15,00 \u20ac<br \/>\n<\/strong><i class=\"fas fa-map-marker\"><\/i> Prizori\u0161\u010de: Gledali\u0161ka in koncertne dvorane Lendava<br \/>\n<i class=\"fas fa-chevron-circle-right\"><\/i> Organizator: <a href=\"https:\/\/www.kkl.si\/\">Knji\u017enica \u2013 Kulturni center Lendava \u2013 Lendvai K\u00f6nyvt\u00e1r \u00e9s Kultur\u00e1lis K\u00f6zpont<\/a><\/div>\n<p><a href=\"https:\/\/www1.kkl.si\/wp-content\/uploads\/2021\/06\/plakat_B2_abonma_preblizu_2021_splet.jpg\" data-lbwps-width=\"1078\" data-lbwps-height=\"1500\" data-lbwps-srcsmall=\"https:\/\/www1.kkl.si\/wp-content\/uploads\/2021\/06\/plakat_B2_abonma_preblizu_2021_splet-287x400.jpg\"><img loading=\"lazy\" decoding=\"async\" class=\"alignright size-medium wp-image-3035\" src=\"https:\/\/www1.kkl.si\/wp-content\/uploads\/2021\/06\/plakat_B2_abonma_preblizu_2021_splet-287x400.jpg\" alt=\"\" width=\"287\" height=\"400\" srcset=\"https:\/\/www1.kkl.si\/wp-content\/uploads\/2021\/06\/plakat_B2_abonma_preblizu_2021_splet-287x400.jpg 287w, https:\/\/www1.kkl.si\/wp-content\/uploads\/2021\/06\/plakat_B2_abonma_preblizu_2021_splet.jpg 1078w\" sizes=\"auto, (max-width: 287px) 100vw, 287px\" \/><\/a>Re\u017eiser in avtor besedila: <strong>Ja\u0161a Koceli<\/strong><br \/>\nIgralca: <strong>Lea Mihevc<\/strong> in <strong>Domen Vali\u010d<\/strong><br \/>\nScenograf: <strong>Darjan Mihajlovi\u0107 Cerar<\/strong><br \/>\nSkladatelj: <strong>Miha Petric<\/strong><br \/>\nKoreografinja: <strong>Tajda Podobnik<\/strong><br \/>\nFotografinja in avtorica projekcij: <strong>Mankica Kranjec<\/strong><br \/>\nKostumografinja: <strong>Branka Pavli\u010d<\/strong><br \/>\nOblikovalec svetlobe: <strong>David Andrej Francky<\/strong><br \/>\nLektor: <strong>Martin Vrta\u010dnik<\/strong><br \/>\nOblikovalka maske: <strong>Tina Prpar<\/strong><\/p>\n<h2>O PREDSTAVI<\/h2>\n<h2>Kako \u017eiveti sam s sabo in skupaj?<\/h2>\n<p>Preblizu je gledali\u0161ka predstava o milenijskem paru, \u017eenski in mo\u0161kem, ki se skupaj prebijata skozi pasti ve\u010dletne partnerske zveze. Sta pred prelomnimi \u017eivljenjskimi odlo\u010ditvami, kako \u017eiveti sama s sabo in skupaj. Do\u017eivljata eksistencialno krizo lastne in skupnostne identitete. Besedilo je napisal re\u017eiser in dramatik <strong>Ja\u0161a Koceli<\/strong>. V njem sve\u017ee in neposredno razvija temo odnosa in prepletenosti v paru. <strong>Domen Vali\u010d<\/strong> in <strong>Lea Mihevc<\/strong> v vlogi Eve in Iana na tehtnico dasta odnos, ki ni popoln, a je vseeno lep. Predstava Preblizu v koprodukciji Cankarjevega doma in zavoda Paviljon je vra\u010danje h koreninam gledali\u0161kega konflikta \u2013 v napet, eksploziven odnos para.<\/p>\n<blockquote>\n<p>Vsakdo se pri gradnji osebnosti prebija skozi enega ali ve\u010d razli\u010dnih partnerskih odnosov, v katerih se u\u010di odprtosti, poslu\u0161anja, potrpe\u017eljivosti, komuniciranja in razumevanja. Odnos ve\u010dkrat postane tudi bojno polje zamer, bole\u010dine, nadzorovanja in nasilja, kar se je v zadnjem letu, v pandemiji, samo stopnjevalo. V predstavi Preblizu bomo raziskovali lastnosti zelo tesnega odnosa ter iskali mejo med tem, kdaj je zveza zdrava in kdaj si par pride \u2013 preblizu. <\/p>\n<p><em>Ja\u0161a Koceli<\/em><\/p>\n<\/blockquote>\n<h2>Ob\u010dinstvo kot razsodnik med mehkobo in ostrino<\/h2>\n<p><a href=\"https:\/\/www1.kkl.si\/wp-content\/uploads\/2021\/06\/20210628_abonma_preblizu_Mankica_Kranjec7.jpg\" data-lbwps-width=\"1500\" data-lbwps-height=\"1001\" data-lbwps-srcsmall=\"https:\/\/www1.kkl.si\/wp-content\/uploads\/2021\/06\/20210628_abonma_preblizu_Mankica_Kranjec7-400x267.jpg\"><img loading=\"lazy\" decoding=\"async\" class=\"alignright size-medium wp-image-3087\" src=\"https:\/\/www1.kkl.si\/wp-content\/uploads\/2021\/06\/20210628_abonma_preblizu_Mankica_Kranjec7-400x267.jpg\" alt=\"\" width=\"400\" height=\"267\" srcset=\"https:\/\/www1.kkl.si\/wp-content\/uploads\/2021\/06\/20210628_abonma_preblizu_Mankica_Kranjec7-400x267.jpg 400w, https:\/\/www1.kkl.si\/wp-content\/uploads\/2021\/06\/20210628_abonma_preblizu_Mankica_Kranjec7.jpg 1500w\" sizes=\"auto, (max-width: 400px) 100vw, 400px\" \/><\/a>V Preblizu se prepletajo intimne osebne izpovedi z Evine in Ianove plati ter njuni dialogi in komentarji, ko se med seboj spopadata, odigravata minule dogodke in jih znova podo\u017eivljata. Na tretji ravni nagovarjata ob\u010dinstvo, da razsodi v prid enega ali drugega. Predstava tako gradi poseben suspenz v inovativni interakciji z ob\u010dinstvom. Skozi gibalne vaje sta igralca osvajala tehnike akro joge, posebne veje joge, pri kateri je polo\u017eaje vedno treba dose\u010di z uravnote\u017eenjem dveh teles. Akro joga predpostavlja odvisnost enega telesa od drugega in jo je \u017ee tako mogo\u010de razumeti kot metaforo zveze. Scenografija je zasnovana kot mehek kokon z ve\u010d kot tiso\u010d tristo metrov vise\u010de debele bomba\u017ene preje ter ponazarja navidezno varen mehur\u010dek odnosa in ujetosti vanj. Mehkoba materialov je v nasprotju z ostrimi dejanji, ki si jih med sabo zadajata protagonista.<\/p>\n<h2>Za ve\u010d svobode in strpnosti v zahtevnih razmerah<\/h2>\n<p>Sporo\u010dilo predstave Preblizu je, da se spla\u010da ve\u010d svobode in strpnosti, pa tudi ve\u010d odkritosti in konfliktnosti v medsebojnih odnosih, saj lahko tako rastemo skupaj in navdihujemo eden drugega. Ne spla\u010da se kar naprej preklapljati med odnosi kot med medijskimi napravami in vsebinami, kadar postanejo dolgo\u010dasni ali zahtevni. \u010ceprav trenutne razmere omejujejo gibanje in \u017eivljenje, si lahko v lastnem kokonu vedno izborimo ve\u010d svobode in lepote.<\/p>\n<hr \/>\n<p><i class=\"fas fa-link\" style=\"solid\"><\/i> <a href=\"https:\/\/www.cd-cc.si\/kultura\/gledalisce-in-ples\/jasa-koceli-preblizu\">Cankarjev dom &#8211; Ja\u0161a Koceli: Preblizu<\/a><\/p>\n<hr \/>\n<p>FOTOGALERIJA<\/p>\n\n\t\t<style type=\"text\/css\">\n\t\t\t#gallery-1 {\n\t\t\t\tmargin: auto;\n\t\t\t}\n\t\t\t#gallery-1 .gallery-item {\n\t\t\t\tfloat: left;\n\t\t\t\tmargin-top: 10px;\n\t\t\t\ttext-align: center;\n\t\t\t\twidth: 16%;\n\t\t\t}\n\t\t\t#gallery-1 img {\n\t\t\t\tborder: 2px solid #cfcfcf;\n\t\t\t}\n\t\t\t#gallery-1 .gallery-caption {\n\t\t\t\tmargin-left: 0;\n\t\t\t}\n\t\t\t\/* see gallery_shortcode() in wp-includes\/media.php *\/\n\t\t<\/style>\n\t\t<div id='gallery-1' class='gallery galleryid-3030 gallery-columns-6 gallery-size-thumbnail'><dl class='gallery-item'>\n\t\t\t<dt class='gallery-icon portrait'>\n\t\t\t\t<a href='https:\/\/www1.kkl.si\/wp-content\/uploads\/2021\/06\/20210628_abonma_preblizu_Mankica_Kranjec1.jpg'><img loading=\"lazy\" decoding=\"async\" width=\"150\" height=\"150\" src=\"https:\/\/www1.kkl.si\/wp-content\/uploads\/2021\/06\/20210628_abonma_preblizu_Mankica_Kranjec1-150x150.jpg\" class=\"attachment-thumbnail size-thumbnail\" alt=\"\" \/><\/a>\n\t\t\t<\/dt><\/dl><dl class='gallery-item'>\n\t\t\t<dt class='gallery-icon landscape'>\n\t\t\t\t<a href='https:\/\/www1.kkl.si\/wp-content\/uploads\/2021\/06\/20210628_abonma_preblizu_Mankica_Kranjec2.jpg'><img loading=\"lazy\" decoding=\"async\" width=\"150\" height=\"150\" src=\"https:\/\/www1.kkl.si\/wp-content\/uploads\/2021\/06\/20210628_abonma_preblizu_Mankica_Kranjec2-150x150.jpg\" class=\"attachment-thumbnail size-thumbnail\" alt=\"\" \/><\/a>\n\t\t\t<\/dt><\/dl><dl class='gallery-item'>\n\t\t\t<dt class='gallery-icon landscape'>\n\t\t\t\t<a href='https:\/\/www1.kkl.si\/wp-content\/uploads\/2021\/06\/20210628_abonma_preblizu_Mankica_Kranjec3.jpg'><img loading=\"lazy\" decoding=\"async\" width=\"150\" height=\"150\" src=\"https:\/\/www1.kkl.si\/wp-content\/uploads\/2021\/06\/20210628_abonma_preblizu_Mankica_Kranjec3-150x150.jpg\" class=\"attachment-thumbnail size-thumbnail\" alt=\"\" \/><\/a>\n\t\t\t<\/dt><\/dl><dl class='gallery-item'>\n\t\t\t<dt class='gallery-icon landscape'>\n\t\t\t\t<a href='https:\/\/www1.kkl.si\/wp-content\/uploads\/2021\/06\/20210628_abonma_preblizu_Mankica_Kranjec4.jpg'><img loading=\"lazy\" decoding=\"async\" width=\"150\" height=\"150\" src=\"https:\/\/www1.kkl.si\/wp-content\/uploads\/2021\/06\/20210628_abonma_preblizu_Mankica_Kranjec4-150x150.jpg\" class=\"attachment-thumbnail size-thumbnail\" alt=\"\" \/><\/a>\n\t\t\t<\/dt><\/dl><dl class='gallery-item'>\n\t\t\t<dt class='gallery-icon landscape'>\n\t\t\t\t<a href='https:\/\/www1.kkl.si\/wp-content\/uploads\/2021\/06\/20210628_abonma_preblizu_Mankica_Kranjec5.jpg'><img loading=\"lazy\" decoding=\"async\" width=\"150\" height=\"150\" src=\"https:\/\/www1.kkl.si\/wp-content\/uploads\/2021\/06\/20210628_abonma_preblizu_Mankica_Kranjec5-150x150.jpg\" class=\"attachment-thumbnail size-thumbnail\" alt=\"\" \/><\/a>\n\t\t\t<\/dt><\/dl><dl class='gallery-item'>\n\t\t\t<dt class='gallery-icon landscape'>\n\t\t\t\t<a href='https:\/\/www1.kkl.si\/wp-content\/uploads\/2021\/06\/20210628_abonma_preblizu_Mankica_Kranjec6.jpg'><img loading=\"lazy\" decoding=\"async\" width=\"150\" height=\"150\" src=\"https:\/\/www1.kkl.si\/wp-content\/uploads\/2021\/06\/20210628_abonma_preblizu_Mankica_Kranjec6-150x150.jpg\" class=\"attachment-thumbnail size-thumbnail\" alt=\"\" \/><\/a>\n\t\t\t<\/dt><\/dl><br style=\"clear: both\" \/>\n\t\t<\/div>\n\n","protected":false},"excerpt":{"rendered":"<p>Ponedeljek, 28. 6. 2021 | SLOVENSKI ABONMA 2019\/2020: drama 19.00 Cena vstopnice: 15,00 \u20ac Prizori\u0161\u010de: Gledali\u0161ka in koncertne dvorane Lendava Organizator: Knji\u017enica \u2013 Kulturni center Lendava \u2013 Lendvai K\u00f6nyvt\u00e1r \u00e9s Kultur\u00e1lis K\u00f6zpont Re\u017eiser in avtor besedila: Ja\u0161a Koceli Igralca: Lea Mihevc in Domen Vali\u010d Scenograf: Darjan Mihajlovi\u0107 Cerar Skladatelj: Miha Petric Koreografinja: Tajda Podobnik Fotografinja [&hellip;]<\/p>\n","protected":false},"author":2,"featured_media":0,"parent":0,"menu_order":0,"comment_status":"closed","ping_status":"closed","template":"","meta":{"footnotes":""},"class_list":["post-3030","page","type-page","status-publish","hentry","post"],"_links":{"self":[{"href":"https:\/\/www1.kkl.si\/sl\/wp-json\/wp\/v2\/pages\/3030","targetHints":{"allow":["GET"]}}],"collection":[{"href":"https:\/\/www1.kkl.si\/sl\/wp-json\/wp\/v2\/pages"}],"about":[{"href":"https:\/\/www1.kkl.si\/sl\/wp-json\/wp\/v2\/types\/page"}],"author":[{"embeddable":true,"href":"https:\/\/www1.kkl.si\/sl\/wp-json\/wp\/v2\/users\/2"}],"replies":[{"embeddable":true,"href":"https:\/\/www1.kkl.si\/sl\/wp-json\/wp\/v2\/comments?post=3030"}],"version-history":[{"count":24,"href":"https:\/\/www1.kkl.si\/sl\/wp-json\/wp\/v2\/pages\/3030\/revisions"}],"predecessor-version":[{"id":3102,"href":"https:\/\/www1.kkl.si\/sl\/wp-json\/wp\/v2\/pages\/3030\/revisions\/3102"}],"wp:attachment":[{"href":"https:\/\/www1.kkl.si\/sl\/wp-json\/wp\/v2\/media?parent=3030"}],"curies":[{"name":"wp","href":"https:\/\/api.w.org\/{rel}","templated":true}]}}