{"id":3403,"date":"2021-07-20T16:23:01","date_gmt":"2021-07-20T14:23:01","guid":{"rendered":"https:\/\/www1.kkl.si\/?page_id=3403"},"modified":"2021-07-27T15:23:21","modified_gmt":"2021-07-27T13:23:21","slug":"gledalisce-ku-kuc-mala-murska-deklica","status":"publish","type":"page","link":"https:\/\/www1.kkl.si\/sl\/gledalisce-ku-kuc-mala-murska-deklica\/","title":{"rendered":"Gledali\u0161\u010de KU-KUC: Mala Murska deklica"},"content":{"rendered":"<div><img loading=\"lazy\" decoding=\"async\" class=\"izrez wp-image-3417 size-full alignnone\" src=\"https:\/\/www1.kkl.si\/wp-content\/uploads\/2021\/07\/mala_murska_deklica_2020_glava.jpg\" alt=\"\" width=\"1200\" height=\"300\" srcset=\"https:\/\/www1.kkl.si\/wp-content\/uploads\/2021\/07\/mala_murska_deklica_2020_glava.jpg 1200w, https:\/\/www1.kkl.si\/wp-content\/uploads\/2021\/07\/mala_murska_deklica_2020_glava-400x100.jpg 400w\" sizes=\"auto, (max-width: 1200px) 100vw, 1200px\" \/><\/div>\n<div class=\"opis\"><strong><img loading=\"lazy\" decoding=\"async\" class=\"wp-image-1587 alignright\" title=\"Brezpla\u010dna prireditev\" src=\"https:\/\/www1.kkl.si\/wp-content\/uploads\/2020\/07\/spored_simb_brezplacna-1.svg\" sizes=\"auto, (max-width: 40px) 100vw, 40px\" srcset=\"https:\/\/www1.kkl.si\/wp-content\/uploads\/\/2020\/07\/spored_simb_brezplacna-1.svg 150w, https:\/\/www1.kkl.si\/wp-content\/uploads\/\/2020\/07\/spored_simb_brezplacna-1.svg 400w, https:\/\/www1.kkl.si\/wp-content\/uploads\/\/2020\/07\/spored_simb_brezplacna-1.svg 1500w, https:\/\/www1.kkl.si\/wp-content\/uploads\/\/2020\/07\/spored_simb_brezplacna-1.svg 100w\" alt=\"brezplacna\" width=\"40\" height=\"40\" \/><i class=\"fas fa-calendar\"><\/i> \u010cetrtek, 5. 8. 2021 | <span class=\"zanr\">otro\u0161ka predstava<\/span><br \/>\n<i class=\"fas fa-clock\"><\/i> 19.00<br \/>\n<\/strong><i class=\"fas fa-map-marker\"><\/i> Prizori\u0161\u010de: Letni oder Gledali\u0161ke in koncertne dvorane Lendava<br \/>\n<i class=\"fas fa-chevron-circle-right\"><\/i> Organizator: <a href=\"https:\/\/www.kkl.si\/\">Knji\u017enica \u2013 Kulturni center Lendava \u2013 Lendvai K\u00f6nyvt\u00e1r \u00e9s Kultur\u00e1lis K\u00f6zpont<\/a><\/div>\n<p>O AVTORJIH<\/p>\n<p><a href=\"https:\/\/www1.kkl.si\/wp-content\/uploads\/2021\/07\/plakat_B2_poleti_v_lendavo_2021_splet.jpg\" data-lbwps-width=\"1078\" data-lbwps-height=\"1500\" data-lbwps-srcsmall=\"https:\/\/www1.kkl.si\/wp-content\/uploads\/2021\/07\/plakat_B2_poleti_v_lendavo_2021_splet-287x400.jpg\"><img loading=\"lazy\" decoding=\"async\" class=\"alignright wp-image-3222\" src=\"https:\/\/www1.kkl.si\/wp-content\/uploads\/2021\/07\/plakat_B2_poleti_v_lendavo_2021_splet-287x400.jpg\" alt=\"\" width=\"250\" height=\"348\" srcset=\"https:\/\/www1.kkl.si\/wp-content\/uploads\/2021\/07\/plakat_B2_poleti_v_lendavo_2021_splet-287x400.jpg 287w, https:\/\/www1.kkl.si\/wp-content\/uploads\/2021\/07\/plakat_B2_poleti_v_lendavo_2021_splet.jpg 1078w\" sizes=\"auto, (max-width: 250px) 100vw, 250px\" \/><\/a>Zgodba in idejna zasnova: Ur\u0161ka Ra\u0161\u010dan<br \/>\nRe\u017eija: Ur\u0161ka Ra\u0161\u010dan<br \/>\nScenarij: Ur\u0161ka Ra\u0161\u010dan<br \/>\nIgrajo: Petra Jauk, Ga\u0161per Lenart, Ur\u0161ka Ra\u0161\u010dan<br \/>\nKostumografija: Sandra Horvat<br \/>\nScenografija in konstrukcija: Drago Kop\u0161e<br \/>\nScenski rekviziti: Drago Kop\u0161e, Petra Jauk<br \/>\nGlasba: Tja\u0161a Cigut, Dorina Gujt<\/p>\n<p><strong>Dom je tam, kjer je srce<\/strong><\/p>\n<p>Mala Murska deklica je doma pod re\u010dno gladino, tam, kjer mlin na Muri obra\u010da svoje kolesje dan za dnem in \u0161torklje pridno \u010duvajo svoja gnezda. Nekega dne pa si za\u017eeli potovanja. Za\u017eeli si videti kaj je \u00bbtam \u010dez hrib\u00ab, \u010de je voda morda bolj modra in, \u010de veter piha bolj zabavno in, \u010de sonce vzhaja bolj oran\u017eno.<\/p>\n<p>Zato zaprosi najve\u010djega pustolovca, po\u0161tarja \u0161trka Jo\u017eija, ki je videl \u017ee pol sveta, da jo vzame s seboj na pot.<\/p>\n<p>Mala Murska deklica zapusti doma\u010di kraj in se odpravi iskat zgodbe iz sveta. Do\u017eivi veliko lepega, na svoji poti spozna veliko prijateljev, novih zgodb in nekaj najbolj pomembnega, kar \u017eeli deliti z vami.<\/p>\n<p>Predstava odkriva lepote Prekmurja in drugih skritih koti\u010dkov Slovenije, zgodbe mest in prav posebno spoznanje, ki ga vsi poznamo, pa kljub temu potrebujemo Malo Mursko deklico, da nas na iskriv na\u010din spomni nanj. Pisano potovanje bo spremljala ljudska glasba, prirejena, kot je \u0161e niste sli\u0161ali, in pomagala preplesti tradicijo s sodobnostjo in vse to na na\u010din, ki je blizu najmlaj\u0161im. Lepo bo, veselo in \u010dustveno. Zagotovo vas bo zamikalo poiskati katero od pravljic, ki jih skriva de\u017eela Male Murske deklice.<\/p>\n<p>Trajanje: cca. 35 min<\/p>\n<hr \/>\n<p><i class=\"fas fa-link\" style=\"solid\"><\/i> <a href=\"https:\/\/kukucpredstave.com\/portfolio-item\/mala-murska-deklica\/\">https:\/\/kukucpredstave.com\/portfolio-item\/mala-murska-deklica\/<\/a><\/p>\n<hr \/>\n\n\t\t<style type=\"text\/css\">\n\t\t\t#gallery-1 {\n\t\t\t\tmargin: auto;\n\t\t\t}\n\t\t\t#gallery-1 .gallery-item {\n\t\t\t\tfloat: left;\n\t\t\t\tmargin-top: 10px;\n\t\t\t\ttext-align: center;\n\t\t\t\twidth: 16%;\n\t\t\t}\n\t\t\t#gallery-1 img {\n\t\t\t\tborder: 2px solid #cfcfcf;\n\t\t\t}\n\t\t\t#gallery-1 .gallery-caption {\n\t\t\t\tmargin-left: 0;\n\t\t\t}\n\t\t\t\/* see gallery_shortcode() in wp-includes\/media.php *\/\n\t\t<\/style>\n\t\t<div id='gallery-1' class='gallery galleryid-3403 gallery-columns-6 gallery-size-thumbnail'><dl class='gallery-item'>\n\t\t\t<dt class='gallery-icon landscape'>\n\t\t\t\t<a href='https:\/\/www1.kkl.si\/wp-content\/uploads\/2021\/07\/mala_murska_deklica_2020_05.jpg'><img loading=\"lazy\" decoding=\"async\" width=\"150\" height=\"150\" src=\"https:\/\/www1.kkl.si\/wp-content\/uploads\/2021\/07\/mala_murska_deklica_2020_05-150x150.jpg\" class=\"attachment-thumbnail size-thumbnail\" alt=\"\" \/><\/a>\n\t\t\t<\/dt><\/dl><dl class='gallery-item'>\n\t\t\t<dt class='gallery-icon landscape'>\n\t\t\t\t<a href='https:\/\/www1.kkl.si\/wp-content\/uploads\/2021\/07\/mala_murska_deklica_2020_02.jpg'><img loading=\"lazy\" decoding=\"async\" width=\"150\" height=\"150\" src=\"https:\/\/www1.kkl.si\/wp-content\/uploads\/2021\/07\/mala_murska_deklica_2020_02-150x150.jpg\" class=\"attachment-thumbnail size-thumbnail\" alt=\"\" \/><\/a>\n\t\t\t<\/dt><\/dl><dl class='gallery-item'>\n\t\t\t<dt class='gallery-icon landscape'>\n\t\t\t\t<a href='https:\/\/www1.kkl.si\/wp-content\/uploads\/2021\/07\/mala_murska_deklica_2020_06.jpg'><img loading=\"lazy\" decoding=\"async\" width=\"150\" height=\"150\" src=\"https:\/\/www1.kkl.si\/wp-content\/uploads\/2021\/07\/mala_murska_deklica_2020_06-150x150.jpg\" class=\"attachment-thumbnail size-thumbnail\" alt=\"\" \/><\/a>\n\t\t\t<\/dt><\/dl><dl class='gallery-item'>\n\t\t\t<dt class='gallery-icon landscape'>\n\t\t\t\t<a href='https:\/\/www1.kkl.si\/wp-content\/uploads\/2021\/07\/mala_murska_deklica_2020_07.jpg'><img loading=\"lazy\" decoding=\"async\" width=\"150\" height=\"150\" src=\"https:\/\/www1.kkl.si\/wp-content\/uploads\/2021\/07\/mala_murska_deklica_2020_07-150x150.jpg\" class=\"attachment-thumbnail size-thumbnail\" alt=\"\" \/><\/a>\n\t\t\t<\/dt><\/dl><dl class='gallery-item'>\n\t\t\t<dt class='gallery-icon landscape'>\n\t\t\t\t<a href='https:\/\/www1.kkl.si\/wp-content\/uploads\/2021\/07\/mala_murska_deklica_2020_04.jpg'><img loading=\"lazy\" decoding=\"async\" width=\"150\" height=\"150\" src=\"https:\/\/www1.kkl.si\/wp-content\/uploads\/2021\/07\/mala_murska_deklica_2020_04-150x150.jpg\" class=\"attachment-thumbnail size-thumbnail\" alt=\"\" \/><\/a>\n\t\t\t<\/dt><\/dl><dl class='gallery-item'>\n\t\t\t<dt class='gallery-icon landscape'>\n\t\t\t\t<a href='https:\/\/www1.kkl.si\/wp-content\/uploads\/2021\/07\/mala_murska_deklica_2020_03.jpg'><img loading=\"lazy\" decoding=\"async\" width=\"150\" height=\"150\" src=\"https:\/\/www1.kkl.si\/wp-content\/uploads\/2021\/07\/mala_murska_deklica_2020_03-150x150.jpg\" class=\"attachment-thumbnail size-thumbnail\" alt=\"\" \/><\/a>\n\t\t\t<\/dt><\/dl><br style=\"clear: both\" \/>\n\t\t<\/div>\n\n<p><img loading=\"lazy\" decoding=\"async\" class=\"alignnone size-full wp-image-3217\" src=\"https:\/\/www1.kkl.si\/wp-content\/uploads\/2021\/07\/2021_07_01_poleti_v_lendavo_2021.png\" alt=\"\" width=\"1500\" height=\"400\" srcset=\"https:\/\/www1.kkl.si\/wp-content\/uploads\/2021\/07\/2021_07_01_poleti_v_lendavo_2021.png 1500w, https:\/\/www1.kkl.si\/wp-content\/uploads\/2021\/07\/2021_07_01_poleti_v_lendavo_2021-400x107.png 400w\" sizes=\"auto, (max-width: 1500px) 100vw, 1500px\" \/><\/p>\n","protected":false},"excerpt":{"rendered":"<p>\u010cetrtek, 5. 8. 2021 | otro\u0161ka predstava 19.00 Prizori\u0161\u010de: Letni oder Gledali\u0161ke in koncertne dvorane Lendava Organizator: Knji\u017enica \u2013 Kulturni center Lendava \u2013 Lendvai K\u00f6nyvt\u00e1r \u00e9s Kultur\u00e1lis K\u00f6zpont O AVTORJIH Zgodba in idejna zasnova: Ur\u0161ka Ra\u0161\u010dan Re\u017eija: Ur\u0161ka Ra\u0161\u010dan Scenarij: Ur\u0161ka Ra\u0161\u010dan Igrajo: Petra Jauk, Ga\u0161per Lenart, Ur\u0161ka Ra\u0161\u010dan Kostumografija: Sandra Horvat Scenografija in konstrukcija: [&hellip;]<\/p>\n","protected":false},"author":2,"featured_media":0,"parent":0,"menu_order":0,"comment_status":"closed","ping_status":"closed","template":"","meta":{"footnotes":""},"class_list":["post-3403","page","type-page","status-publish","hentry","post"],"_links":{"self":[{"href":"https:\/\/www1.kkl.si\/sl\/wp-json\/wp\/v2\/pages\/3403","targetHints":{"allow":["GET"]}}],"collection":[{"href":"https:\/\/www1.kkl.si\/sl\/wp-json\/wp\/v2\/pages"}],"about":[{"href":"https:\/\/www1.kkl.si\/sl\/wp-json\/wp\/v2\/types\/page"}],"author":[{"embeddable":true,"href":"https:\/\/www1.kkl.si\/sl\/wp-json\/wp\/v2\/users\/2"}],"replies":[{"embeddable":true,"href":"https:\/\/www1.kkl.si\/sl\/wp-json\/wp\/v2\/comments?post=3403"}],"version-history":[{"count":7,"href":"https:\/\/www1.kkl.si\/sl\/wp-json\/wp\/v2\/pages\/3403\/revisions"}],"predecessor-version":[{"id":3564,"href":"https:\/\/www1.kkl.si\/sl\/wp-json\/wp\/v2\/pages\/3403\/revisions\/3564"}],"wp:attachment":[{"href":"https:\/\/www1.kkl.si\/sl\/wp-json\/wp\/v2\/media?parent=3403"}],"curies":[{"name":"wp","href":"https:\/\/api.w.org\/{rel}","templated":true}]}}