{"id":3423,"date":"2021-07-20T16:54:17","date_gmt":"2021-07-20T14:54:17","guid":{"rendered":"https:\/\/www1.kkl.si\/?page_id=3423"},"modified":"2021-07-27T16:16:45","modified_gmt":"2021-07-27T14:16:45","slug":"miskino-gledalisce-carobna-vililandija","status":"publish","type":"page","link":"https:\/\/www1.kkl.si\/sl\/miskino-gledalisce-carobna-vililandija\/","title":{"rendered":"Mi\u0161kino gledali\u0161\u010de: \u010carobna Vililandija"},"content":{"rendered":"<div><img loading=\"lazy\" decoding=\"async\" class=\"izrez alignnone wp-image-3428 size-full\" src=\"https:\/\/www1.kkl.si\/wp-content\/uploads\/2021\/07\/carobna_vililandija_izrez.jpg\" alt=\"\" width=\"1200\" height=\"300\" srcset=\"https:\/\/www1.kkl.si\/wp-content\/uploads\/2021\/07\/carobna_vililandija_izrez.jpg 1200w, https:\/\/www1.kkl.si\/wp-content\/uploads\/2021\/07\/carobna_vililandija_izrez-400x100.jpg 400w\" sizes=\"auto, (max-width: 1200px) 100vw, 1200px\" \/><\/div>\n<div class=\"opis\"><strong><img loading=\"lazy\" decoding=\"async\" class=\"wp-image-1587 alignright\" title=\"Brezpla\u010dna prireditev\" src=\"https:\/\/www1.kkl.si\/wp-content\/uploads\/2020\/07\/spored_simb_brezplacna-1.svg\" sizes=\"auto, (max-width: 40px) 100vw, 40px\" srcset=\"https:\/\/www1.kkl.si\/wp-content\/uploads\/\/2020\/07\/spored_simb_brezplacna-1.svg 150w, https:\/\/www1.kkl.si\/wp-content\/uploads\/\/2020\/07\/spored_simb_brezplacna-1.svg 400w, https:\/\/www1.kkl.si\/wp-content\/uploads\/\/2020\/07\/spored_simb_brezplacna-1.svg 1500w, https:\/\/www1.kkl.si\/wp-content\/uploads\/\/2020\/07\/spored_simb_brezplacna-1.svg 100w\" alt=\"brezplacna\" width=\"40\" height=\"40\" \/><i class=\"fas fa-calendar\"><\/i> \u010cetrtek, 12. 8. 2021 | <span class=\"zanr\">otro\u0161ka predstava<\/span><br \/>\n<i class=\"fas fa-clock\"><\/i> 19.00<br \/>\n<\/strong><i class=\"fas fa-map-marker\"><\/i> Prizori\u0161\u010de: Letni oder Gledali\u0161ke in koncertne dvorane Lendava<br \/>\n<i class=\"fas fa-chevron-circle-right\"><\/i> Organizator: <a href=\"https:\/\/www.kkl.si\/\">Knji\u017enica \u2013 Kulturni center Lendava \u2013 Lendvai K\u00f6nyvt\u00e1r \u00e9s Kultur\u00e1lis K\u00f6zpont<\/a><\/div>\n<p><a href=\"https:\/\/www1.kkl.si\/wp-content\/uploads\/2021\/07\/plakat_B2_poleti_v_lendavo_2021_splet.jpg\" data-lbwps-width=\"1078\" data-lbwps-height=\"1500\" data-lbwps-srcsmall=\"https:\/\/www1.kkl.si\/wp-content\/uploads\/2021\/07\/plakat_B2_poleti_v_lendavo_2021_splet-287x400.jpg\"><img loading=\"lazy\" decoding=\"async\" class=\"alignright wp-image-3222\" src=\"https:\/\/www1.kkl.si\/wp-content\/uploads\/2021\/07\/plakat_B2_poleti_v_lendavo_2021_splet-287x400.jpg\" alt=\"\" width=\"250\" height=\"348\" srcset=\"https:\/\/www1.kkl.si\/wp-content\/uploads\/2021\/07\/plakat_B2_poleti_v_lendavo_2021_splet-287x400.jpg 287w, https:\/\/www1.kkl.si\/wp-content\/uploads\/2021\/07\/plakat_B2_poleti_v_lendavo_2021_splet.jpg 1078w\" sizes=\"auto, (max-width: 250px) 100vw, 250px\" \/><\/a>O AVTORJIH<\/p>\n<p>Trajanje predstave: 35 min<br \/>\nIgralska zasedba: Mi\u0161a Geri\u010d \u0160pacapan, Ana Ra\u0161\u010dan in Luka Slavic<br \/>\nAvtorici besedila, re\u017eija: Mi\u0161a Geri\u010d \u0160pacapan, Ur\u0161ka Ra\u0161\u010dan<\/p>\n<p><strong>Predstava o pisanem svetu odra\u0161\u010danja kot ga vidijo otro\u0161ke o\u010di&#8230;<\/strong><\/p>\n<p>Pravlji\u010dna predstava nas popelje v \u010dude\u017eno de\u017eelo Vililandijo, kjer je vse mogo\u010de, tudi zrasti \u010dez no\u010d. A tako kot pri nas imajo tudi v Vililandiji pravila. In kdor ne uboga, mu zraste&#8230;<\/p>\n<p><a href=\"https:\/\/www1.kkl.si\/wp-content\/uploads\/2021\/07\/vili1.jpg\" data-lbwps-width=\"600\" data-lbwps-height=\"337\" data-lbwps-srcsmall=\"https:\/\/www1.kkl.si\/wp-content\/uploads\/2021\/07\/vili1-400x225.jpg\"><img loading=\"lazy\" decoding=\"async\" class=\"wp-image-3424 alignleft\" src=\"https:\/\/www1.kkl.si\/wp-content\/uploads\/2021\/07\/vili1-400x225.jpg\" alt=\"\" width=\"250\" height=\"140\" srcset=\"https:\/\/www1.kkl.si\/wp-content\/uploads\/2021\/07\/vili1-400x225.jpg 400w, https:\/\/www1.kkl.si\/wp-content\/uploads\/2021\/07\/vili1.jpg 600w\" sizes=\"auto, (max-width: 250px) 100vw, 250px\" \/><\/a>Zgodba o dveh Malinih, ki sta imela nenavadno \u017eeljo postati velika \u010dez no\u010d, vas bo nasmejala, hkrati pa spomnila, kako lepo je biti otrok. V de\u017eeli Vililandiji imajo namre\u010d \u010dude\u017eno napravo \u010cinku\u0161ampi, ki pri\u010dara prav vse in s katero lahko \u010darajo le Velini. A kljub temu, da je \u010dinkulinkanje za Maline prepovedano, se Malina odlo\u010dita, da se bosta za\u010dinkulinkala v Velina in \u010dez no\u010d zrasla.<\/p>\n<p>Ob nerodnih in hecnih pripetljajih s \u010cinku\u0161ampijem in strogim in velikim Gombo se boste zabavali in smejali tudi Velini. \u0160e dobro, da Malina lahko na pomo\u010d prikli\u010deta Veline iz ob\u010dinstva, ki dose\u017eejo velik rde\u010d bumblin in jima pomagajo od\u010dinkulinkati kar sta zakuhala.<\/p>\n<p><a href=\"https:\/\/www1.kkl.si\/wp-content\/uploads\/2021\/07\/vili2.jpg\" data-lbwps-width=\"600\" data-lbwps-height=\"338\" data-lbwps-srcsmall=\"https:\/\/www1.kkl.si\/wp-content\/uploads\/2021\/07\/vili2-400x225.jpg\"><img loading=\"lazy\" decoding=\"async\" class=\"alignright wp-image-3430\" src=\"https:\/\/www1.kkl.si\/wp-content\/uploads\/2021\/07\/vili2-400x225.jpg\" alt=\"\" width=\"250\" height=\"141\" srcset=\"https:\/\/www1.kkl.si\/wp-content\/uploads\/2021\/07\/vili2-400x225.jpg 400w, https:\/\/www1.kkl.si\/wp-content\/uploads\/2021\/07\/vili2.jpg 600w\" sizes=\"auto, (max-width: 250px) 100vw, 250px\" \/><\/a>Malina skozi napeto in sme\u0161no dogajanje spoznata, da bosta raj\u0161i ostala majhna in bosta velika neko\u010d, ko bosta velika. \u00bbNeko\u010d bova Velina, a do takrat bova Malina\u00ab, sta s pomo\u010djo prijateljev, skozi smeh in zabavne prigode spoznala Malina in se igrala naprej&#8230;<\/p>\n<p><em>Namenjena otrokom od dveh let naprej.<\/em><\/p>\n<hr \/>\n<p><i class=\"fas fa-link\" style=\"solid\"><\/i> <a href=\"https:\/\/www.miskinogledalisce.com\/\">https:\/\/www.miskinogledalisce.com\/<\/a><\/p>\n<hr \/>\n<p><img loading=\"lazy\" decoding=\"async\" class=\"alignnone size-full wp-image-3217\" src=\"https:\/\/www1.kkl.si\/wp-content\/uploads\/2021\/07\/2021_07_01_poleti_v_lendavo_2021.png\" alt=\"\" width=\"1500\" height=\"400\" srcset=\"https:\/\/www1.kkl.si\/wp-content\/uploads\/2021\/07\/2021_07_01_poleti_v_lendavo_2021.png 1500w, https:\/\/www1.kkl.si\/wp-content\/uploads\/2021\/07\/2021_07_01_poleti_v_lendavo_2021-400x107.png 400w\" sizes=\"auto, (max-width: 1500px) 100vw, 1500px\" \/><\/p>\n","protected":false},"excerpt":{"rendered":"<p>\u010cetrtek, 12. 8. 2021 | otro\u0161ka predstava 19.00 Prizori\u0161\u010de: Letni oder Gledali\u0161ke in koncertne dvorane Lendava Organizator: Knji\u017enica \u2013 Kulturni center Lendava \u2013 Lendvai K\u00f6nyvt\u00e1r \u00e9s Kultur\u00e1lis K\u00f6zpont O AVTORJIH Trajanje predstave: 35 min Igralska zasedba: Mi\u0161a Geri\u010d \u0160pacapan, Ana Ra\u0161\u010dan in Luka Slavic Avtorici besedila, re\u017eija: Mi\u0161a Geri\u010d \u0160pacapan, Ur\u0161ka Ra\u0161\u010dan Predstava o pisanem [&hellip;]<\/p>\n","protected":false},"author":2,"featured_media":3430,"parent":0,"menu_order":0,"comment_status":"closed","ping_status":"closed","template":"","meta":{"footnotes":""},"class_list":["post-3423","page","type-page","status-publish","has-post-thumbnail","hentry","post","post-with-thumbnail","post-with-thumbnail-icon"],"_links":{"self":[{"href":"https:\/\/www1.kkl.si\/sl\/wp-json\/wp\/v2\/pages\/3423","targetHints":{"allow":["GET"]}}],"collection":[{"href":"https:\/\/www1.kkl.si\/sl\/wp-json\/wp\/v2\/pages"}],"about":[{"href":"https:\/\/www1.kkl.si\/sl\/wp-json\/wp\/v2\/types\/page"}],"author":[{"embeddable":true,"href":"https:\/\/www1.kkl.si\/sl\/wp-json\/wp\/v2\/users\/2"}],"replies":[{"embeddable":true,"href":"https:\/\/www1.kkl.si\/sl\/wp-json\/wp\/v2\/comments?post=3423"}],"version-history":[{"count":5,"href":"https:\/\/www1.kkl.si\/sl\/wp-json\/wp\/v2\/pages\/3423\/revisions"}],"predecessor-version":[{"id":3434,"href":"https:\/\/www1.kkl.si\/sl\/wp-json\/wp\/v2\/pages\/3423\/revisions\/3434"}],"wp:featuredmedia":[{"embeddable":true,"href":"https:\/\/www1.kkl.si\/sl\/wp-json\/wp\/v2\/media\/3430"}],"wp:attachment":[{"href":"https:\/\/www1.kkl.si\/sl\/wp-json\/wp\/v2\/media?parent=3423"}],"curies":[{"name":"wp","href":"https:\/\/api.w.org\/{rel}","templated":true}]}}