{"id":3491,"date":"2021-07-27T10:29:55","date_gmt":"2021-07-27T08:29:55","guid":{"rendered":"https:\/\/www1.kkl.si\/?page_id=3491"},"modified":"2021-07-27T16:00:28","modified_gmt":"2021-07-27T14:00:28","slug":"film-veselo-gostivanje-1984","status":"publish","type":"page","link":"https:\/\/www1.kkl.si\/sl\/film-veselo-gostivanje-1984\/","title":{"rendered":"FILM: Veselo gostivanje (1984)"},"content":{"rendered":"<div><img loading=\"lazy\" decoding=\"async\" class=\"izrez alignnone wp-image-3494 size-full\" src=\"https:\/\/www1.kkl.si\/wp-content\/uploads\/2021\/07\/veselo_gostuvanje_glava.jpg\" alt=\"\" width=\"1200\" height=\"300\" srcset=\"https:\/\/www1.kkl.si\/wp-content\/uploads\/2021\/07\/veselo_gostuvanje_glava.jpg 1200w, https:\/\/www1.kkl.si\/wp-content\/uploads\/2021\/07\/veselo_gostuvanje_glava-400x100.jpg 400w\" sizes=\"auto, (max-width: 1200px) 100vw, 1200px\" \/><\/div>\n<div class=\"opis\"><strong><img loading=\"lazy\" decoding=\"async\" class=\"wp-image-1587 alignright\" title=\"Brezpla\u010dna prireditev\" src=\"https:\/\/www1.kkl.si\/wp-content\/uploads\/2020\/07\/spored_simb_brezplacna-1.svg\" sizes=\"auto, (max-width: 40px) 100vw, 40px\" srcset=\"https:\/\/www1.kkl.si\/wp-content\/uploads\/\/2020\/07\/spored_simb_brezplacna-1.svg 150w, https:\/\/www1.kkl.si\/wp-content\/uploads\/\/2020\/07\/spored_simb_brezplacna-1.svg 400w, https:\/\/www1.kkl.si\/wp-content\/uploads\/\/2020\/07\/spored_simb_brezplacna-1.svg 1500w, https:\/\/www1.kkl.si\/wp-content\/uploads\/\/2020\/07\/spored_simb_brezplacna-1.svg 100w\" alt=\"brezplacna\" width=\"40\" height=\"40\" \/><i class=\"fas fa-calendar\"><\/i> Petek, 6. 8. 2021 | <span class=\"zanr\">film: romanti\u010dna drama<\/span><br \/>\n<i class=\"fas fa-clock\"><\/i> 21.00<br \/>\n<\/strong><i class=\"fas fa-map-marker\"><\/i> Prizori\u0161\u010de: Letni oder Gledali\u0161ke in koncertne dvorane Lendava<br \/>\n<i class=\"fas fa-chevron-circle-right\"><\/i> Organizator: <a href=\"https:\/\/www.kkl.si\/\">Knji\u017enica \u2013 Kulturni center Lendava \u2013 Lendvai K\u00f6nyvt\u00e1r \u00e9s Kultur\u00e1lis K\u00f6zpont<\/a><\/div>\n<p><strong><a href=\"https:\/\/www1.kkl.si\/wp-content\/uploads\/2021\/07\/plakat_B2_poleti_v_lendavo_filmi_2021_1500px.jpg\" data-lbwps-width=\"1222\" data-lbwps-height=\"1700\" data-lbwps-srcsmall=\"https:\/\/www1.kkl.si\/wp-content\/uploads\/2021\/07\/plakat_B2_poleti_v_lendavo_filmi_2021_1500px-288x400.jpg\"><img loading=\"lazy\" decoding=\"async\" class=\"slika alignright wp-image-3388\" src=\"https:\/\/www1.kkl.si\/wp-content\/uploads\/2021\/07\/plakat_B2_poleti_v_lendavo_filmi_2021_1500px-288x400.jpg\" alt=\"\" width=\"250\" height=\"348\" srcset=\"https:\/\/www1.kkl.si\/wp-content\/uploads\/2021\/07\/plakat_B2_poleti_v_lendavo_filmi_2021_1500px-288x400.jpg 288w, https:\/\/www1.kkl.si\/wp-content\/uploads\/2021\/07\/plakat_B2_poleti_v_lendavo_filmi_2021_1500px-1078x1500.jpg 1078w, https:\/\/www1.kkl.si\/wp-content\/uploads\/2021\/07\/plakat_B2_poleti_v_lendavo_filmi_2021_1500px.jpg 1222w\" sizes=\"auto, (max-width: 250px) 100vw, 250px\" \/><\/a><\/strong>Festival prekmurskega filma v Lendavi<\/p>\n<p><strong>Veselo gostivanje (1984)<\/strong><\/p>\n<div class=\"movie-hero__summary\">\n<blockquote>\n<p>Celove\u010derni igrani film<br \/>\nTrajanje: 98 minut<br \/>\n<span class=\"movie__year\">Leto: 1984<br \/>\nDr\u017eava: <\/span><span class=\"movie-production-country movie-production-country--main\">Jugoslavija (Slovenija)<\/span><\/p>\n<\/blockquote>\n<\/div>\n<p>Veselo gostivanje je slovenski romanti\u010dno dramski film iz leta 1984 v re\u017eiji Franceta \u0160tiglica po scenariju Branka \u0160\u00f6mena in \u0160tiglica, posnet po poglavju Veselo gostivanje v romanu Strici so mi povedali Mi\u0161ka Kranjca. Filmsko dogajanje je postavljeno v Ljubljano v dvajseta leta, kjer se mlad \u0161tudent teologije odlo\u010di pustiti \u0161tudij in posvetiti glasbi.<\/p>\n<p><strong>Re\u017eija:<\/strong> France \u0160tiglic<\/p>\n<p><strong>Igralci<\/strong><br \/>\nBert Sotlar kot Tompa<br \/>\nDanilo Benedi\u010di\u010d kot stric Stevek<br \/>\nPolde Bibi\u010d kot stric Marko<br \/>\nIgor Samobor kot Mi\u0161ko<br \/>\nDarja Mo\u0161kotevc kot Sarika<br \/>\nMilena Muhi\u010d kot Sarikina mati<br \/>\nBoris Cavazza kot plebanus Klekl<br \/>\nIvanka Me\u017ean kot Manka<br \/>\nZvezdana Mlakar kot Magda<br \/>\nLojze Rozman<br \/>\nLidija Kozlovi\u010d<\/p>\n<hr \/>\n<p><i class=\"fas fa-link\" style=\"solid\"><\/i> <a href=\"https:\/\/bsf.si\/sl\/film\/veselo-gostivanje\/\">Baza slovenskih filmov (BSF)<\/a>\u00a0 <a href=\"https:\/\/sl.wikipedia.org\/wiki\/Veselo_gostivanje\">Wikipedia<\/a><\/p>\n<hr \/>\n<p>FOTOGRAFIJE<\/p>\n\n\t\t<style type=\"text\/css\">\n\t\t\t#gallery-1 {\n\t\t\t\tmargin: auto;\n\t\t\t}\n\t\t\t#gallery-1 .gallery-item {\n\t\t\t\tfloat: left;\n\t\t\t\tmargin-top: 10px;\n\t\t\t\ttext-align: center;\n\t\t\t\twidth: 50%;\n\t\t\t}\n\t\t\t#gallery-1 img {\n\t\t\t\tborder: 2px solid #cfcfcf;\n\t\t\t}\n\t\t\t#gallery-1 .gallery-caption {\n\t\t\t\tmargin-left: 0;\n\t\t\t}\n\t\t\t\/* see gallery_shortcode() in wp-includes\/media.php *\/\n\t\t<\/style>\n\t\t<div id='gallery-1' class='gallery galleryid-3491 gallery-columns-2 gallery-size-medium'><dl class='gallery-item'>\n\t\t\t<dt class='gallery-icon landscape'>\n\t\t\t\t<a href='https:\/\/www1.kkl.si\/wp-content\/uploads\/2021\/07\/veselo_gostuvanje1.jpg'><img loading=\"lazy\" decoding=\"async\" width=\"400\" height=\"281\" src=\"https:\/\/www1.kkl.si\/wp-content\/uploads\/2021\/07\/veselo_gostuvanje1-400x281.jpg\" class=\"attachment-medium size-medium\" alt=\"\" srcset=\"https:\/\/www1.kkl.si\/wp-content\/uploads\/2021\/07\/veselo_gostuvanje1-400x281.jpg 400w, https:\/\/www1.kkl.si\/wp-content\/uploads\/2021\/07\/veselo_gostuvanje1-1500x1055.jpg 1500w, https:\/\/www1.kkl.si\/wp-content\/uploads\/2021\/07\/veselo_gostuvanje1.jpg 1535w\" sizes=\"auto, (max-width: 400px) 100vw, 400px\" \/><\/a>\n\t\t\t<\/dt><\/dl><dl class='gallery-item'>\n\t\t\t<dt class='gallery-icon landscape'>\n\t\t\t\t<a href='https:\/\/www1.kkl.si\/wp-content\/uploads\/2021\/07\/veselo_gostuvanje2.jpg'><img loading=\"lazy\" decoding=\"async\" width=\"400\" height=\"256\" src=\"https:\/\/www1.kkl.si\/wp-content\/uploads\/2021\/07\/veselo_gostuvanje2-400x256.jpg\" class=\"attachment-medium size-medium\" alt=\"\" srcset=\"https:\/\/www1.kkl.si\/wp-content\/uploads\/2021\/07\/veselo_gostuvanje2-400x256.jpg 400w, https:\/\/www1.kkl.si\/wp-content\/uploads\/2021\/07\/veselo_gostuvanje2-1500x960.jpg 1500w, https:\/\/www1.kkl.si\/wp-content\/uploads\/2021\/07\/veselo_gostuvanje2.jpg 1688w\" sizes=\"auto, (max-width: 400px) 100vw, 400px\" \/><\/a>\n\t\t\t<\/dt><\/dl><br style=\"clear: both\" \/>\n\t\t<\/div>\n\n<hr \/>\n<p><img loading=\"lazy\" decoding=\"async\" class=\"alignnone wp-image-3492 size-full\" src=\"https:\/\/www1.kkl.si\/wp-content\/uploads\/2021\/07\/2021_07_27_poleti_v_lendavo_2021_2plakat.png\" alt=\"\" width=\"1500\" height=\"400\" srcset=\"https:\/\/www1.kkl.si\/wp-content\/uploads\/2021\/07\/2021_07_27_poleti_v_lendavo_2021_2plakat.png 1500w, https:\/\/www1.kkl.si\/wp-content\/uploads\/2021\/07\/2021_07_27_poleti_v_lendavo_2021_2plakat-400x107.png 400w\" sizes=\"auto, (max-width: 1500px) 100vw, 1500px\" \/><\/p>\n","protected":false},"excerpt":{"rendered":"<p>Petek, 6. 8. 2021 | film: romanti\u010dna drama 21.00 Prizori\u0161\u010de: Letni oder Gledali\u0161ke in koncertne dvorane Lendava Organizator: Knji\u017enica \u2013 Kulturni center Lendava \u2013 Lendvai K\u00f6nyvt\u00e1r \u00e9s Kultur\u00e1lis K\u00f6zpont Festival prekmurskega filma v Lendavi Veselo gostivanje (1984) Celove\u010derni igrani film Trajanje: 98 minut Leto: 1984 Dr\u017eava: Jugoslavija (Slovenija) Veselo gostivanje je slovenski romanti\u010dno dramski film [&hellip;]<\/p>\n","protected":false},"author":2,"featured_media":0,"parent":0,"menu_order":0,"comment_status":"closed","ping_status":"closed","template":"","meta":{"footnotes":""},"class_list":["post-3491","page","type-page","status-publish","hentry","post"],"_links":{"self":[{"href":"https:\/\/www1.kkl.si\/sl\/wp-json\/wp\/v2\/pages\/3491","targetHints":{"allow":["GET"]}}],"collection":[{"href":"https:\/\/www1.kkl.si\/sl\/wp-json\/wp\/v2\/pages"}],"about":[{"href":"https:\/\/www1.kkl.si\/sl\/wp-json\/wp\/v2\/types\/page"}],"author":[{"embeddable":true,"href":"https:\/\/www1.kkl.si\/sl\/wp-json\/wp\/v2\/users\/2"}],"replies":[{"embeddable":true,"href":"https:\/\/www1.kkl.si\/sl\/wp-json\/wp\/v2\/comments?post=3491"}],"version-history":[{"count":11,"href":"https:\/\/www1.kkl.si\/sl\/wp-json\/wp\/v2\/pages\/3491\/revisions"}],"predecessor-version":[{"id":3573,"href":"https:\/\/www1.kkl.si\/sl\/wp-json\/wp\/v2\/pages\/3491\/revisions\/3573"}],"wp:attachment":[{"href":"https:\/\/www1.kkl.si\/sl\/wp-json\/wp\/v2\/media?parent=3491"}],"curies":[{"name":"wp","href":"https:\/\/api.w.org\/{rel}","templated":true}]}}