{"id":381,"date":"2020-11-01T11:55:18","date_gmt":"2020-11-01T10:55:18","guid":{"rendered":"https:\/\/www1.kkl.si\/?page_id=381\/"},"modified":"2022-12-15T16:41:55","modified_gmt":"2022-12-15T15:41:55","slug":"spored-2021-06","status":"publish","type":"page","link":"https:\/\/www1.kkl.si\/sl\/spored-2021-06\/","title":{"rendered":"SPORED: junij 2021"},"content":{"rendered":"<p><strong>Leto 2021:<\/strong> <a href=\"https:\/\/www1.kkl.si\/sl\/spored-2021-06\/\">junij<\/a> | <a href=\"https:\/\/www1.kkl.si\/sl\/spored-2021-07\/\">julij<\/a> | <a href=\"https:\/\/www1.kkl.si\/sl\/spored-2021-08\/\">avgust<\/a> | <a href=\"https:\/\/www1.kkl.si\/sl\/spored-2021-09\/\">september<\/a> | <a href=\"https:\/\/www1.kkl.si\/sl\/spored-2021-10\/\">oktober<\/a> | <a href=\"https:\/\/www1.kkl.si\/sl\/spored-2021-11\/\">november<\/a> | <a href=\"https:\/\/www1.kkl.si\/sl\/spored-2021-12\/\">december<\/a> | <a href=\"https:\/\/www1.kkl.si\/sl\/arhiv-sporeda\/\">ARHIV<\/a><\/p>\n<table id=\"spored-legenda\" cellspacing=\"0\" cellpadding=\"5\">\n<tbody>\n<tr>\n<td><strong>LEGENDA<br \/>\nSIMBOLOV<\/strong><\/td>\n<td style=\"vertical-align: middle;\"><img loading=\"lazy\" decoding=\"async\" title=\"Slovenski abonma\" src=\"https:\/\/www1.kkl.si\/wp-content\/uploads\/2020\/07\/spored_simb_abonma_si-1.svg\" alt=\"abonma_si\" width=\"30\" height=\"30\" \/><\/td>\n<td>Slovenski<br \/>\nabonma<\/td>\n<td style=\"vertical-align: middle;\"><img loading=\"lazy\" decoding=\"async\" title=\"Mad\u017earski abonma\" src=\"https:\/\/www1.kkl.si\/wp-content\/uploads\/2020\/07\/spored_simb_abonma_hu-1.svg\" alt=\"abonma_hu\" width=\"30\" height=\"30\" \/><\/td>\n<td>Mad\u017earski<br \/>\nabonma<\/td>\n<td style=\"vertical-align: middle;\"><img loading=\"lazy\" decoding=\"async\" title=\"Zaklju\u010dena prireditev\" src=\"https:\/\/www1.kkl.si\/wp-content\/uploads\/2020\/07\/spored_simb_zakljucena-1.svg\" alt=\"zakljucena\" width=\"30\" height=\"30\" \/><\/td>\n<td>Zaklju\u010dena<br \/>\nprireditev<\/td>\n<td style=\"vertical-align: middle;\"><img loading=\"lazy\" decoding=\"async\" title=\"Brezpla\u010dna prireditev\" src=\"https:\/\/www1.kkl.si\/wp-content\/uploads\/2020\/07\/spored_simb_brezplacna-1.svg\" alt=\"brezplacna\" width=\"30\" height=\"30\" \/><\/td>\n<td>Brezpla\u010dna<br \/>\nprireditev<\/td>\n<td style=\"vertical-align: middle;\"><img loading=\"lazy\" decoding=\"async\" title=\"Pla\u010dljiva prireditev\" src=\"https:\/\/www1.kkl.si\/wp-content\/uploads\/2020\/07\/spored_simb_placljiva-1.svg\" alt=\"placljiva\" width=\"30\" height=\"30\" \/><\/td>\n<td>Pla\u010dljiva<br \/>\nprireditev<\/td>\n<td style=\"vertical-align: middle;\"><img loading=\"lazy\" decoding=\"async\" title=\"Novost, sprememba\" src=\"https:\/\/www1.kkl.si\/wp-content\/uploads\/2020\/07\/spored_simb_novost-1.svg\" alt=\"novost\" width=\"30\" height=\"30\" \/><\/td>\n<td>Novost,<br \/>\nsprememba<\/td>\n<\/tr>\n<\/tbody>\n<\/table>\n<table style=\"border-collapse: collapse; width: 100%;\">\n<tbody>\n<tr>\n<td style=\"width: 10%;\">\n<h6><a id=\"jun18\"><\/a> 18.<\/h6>\n<\/td>\n<td style=\"width: 90%;\">\n<p><img loading=\"lazy\" decoding=\"async\" class=\"wp-image-1587 alignright\" title=\"Brezpla\u010dna prireditev\" src=\"https:\/\/www1.kkl.si\/wp-content\/uploads\/2020\/07\/spored_simb_brezplacna-1.svg\" alt=\"brezplacna\" width=\"40\" height=\"40\" srcset=\"https:\/\/www1.kkl.si\/wp-content\/uploads\/\/2020\/07\/spored_simb_brezplacna-1.svg 150w, https:\/\/www1.kkl.si\/wp-content\/uploads\/\/2020\/07\/spored_simb_brezplacna-1.svg 400w, https:\/\/www1.kkl.si\/wp-content\/uploads\/\/2020\/07\/spored_simb_brezplacna-1.svg 1500w, https:\/\/www1.kkl.si\/wp-content\/uploads\/\/2020\/07\/spored_simb_brezplacna-1.svg 100w\" sizes=\"auto, (max-width: 40px) 100vw, 40px\" \/><strong><i class=\"fas fa-calendar\"><\/i> Petek, 18. 6. 2021 | <span class=\"zanr\">kulturna prireditev, razstava<\/span><br \/>\n<i class=\"fas fa-clock\"><\/i> od 18.00 naprej<br \/>\n<\/strong><\/p>\n<p>30 let samostojne Republike Slovenije<\/p>\n<p><a href=\"https:\/\/www1.kkl.si\/sl\/pocastitev-30-obletnice-samostojne-republike-slovenije\/\"><span style=\"font-size: 28px;\"><strong>Po\u010dastitev 30. obletnice samostojne Republike Slovenije<\/strong><\/span><\/a><\/p>\n<p>ob <strong>18. uri<\/strong> predstavitev zbornika <em>Ob\u010dina Lendava v soju osamosvojitvene vojne 1991<\/em><br \/>\nob <strong>19. uri<\/strong> otvoritev razstave <em>Spomini na osamosvojitev<\/em><\/p>\n<p><i class=\"fas fa-map-marker\"><\/i> Prizori\u0161\u010de: Gledali\u0161ka in koncertna dvorana Lendava<\/p>\n<p><i class=\"fas fa-chevron-circle-right\"><\/i> Organizatorji: <a href=\"https:\/\/www.lendava.si\/\">Ob\u010dina Lendava \u2013 Lendva K\u00f6zs\u00e9g<\/a>, Obmo\u010dno zdru\u017eenje veteranov vojne za Slovenijo Lendava, <a href=\"https:\/\/www.gml.si\">Galerija \u2013 Muzej Lendava\/Gal\u00e9ria-M\u00fazuem Lendva (GML)<\/a>,\u00a0<a href=\"https:\/\/www.kkl.si\/\">Knji\u017enica \u2013 Kulturni center Lendava \u2013 Lendvai K\u00f6nyvt\u00e1r \u00e9s Kultur\u00e1lis K\u00f6zpont<\/a>,\u00a0<a href=\"https:\/\/www.dbus.si\/\">DBUS \u2013 Dru\u0161tvo baletnih umetnikov Slovenije<\/a><\/p>\n<\/td>\n<\/tr>\n<tr>\n<td style=\"width: 10%;\">\n<h6><a id=\"jun19\"><\/a> 19.<\/h6>\n<\/td>\n<td style=\"width: 90%;\">\n<p><img loading=\"lazy\" decoding=\"async\" class=\"wp-image-1587 alignright\" title=\"Brezpla\u010dna prireditev\" src=\"https:\/\/www1.kkl.si\/wp-content\/uploads\/2020\/07\/spored_simb_brezplacna-1.svg\" alt=\"brezplacna\" width=\"40\" height=\"40\" srcset=\"https:\/\/www1.kkl.si\/wp-content\/uploads\/\/2020\/07\/spored_simb_brezplacna-1.svg 150w, https:\/\/www1.kkl.si\/wp-content\/uploads\/\/2020\/07\/spored_simb_brezplacna-1.svg 400w, https:\/\/www1.kkl.si\/wp-content\/uploads\/\/2020\/07\/spored_simb_brezplacna-1.svg 1500w, https:\/\/www1.kkl.si\/wp-content\/uploads\/\/2020\/07\/spored_simb_brezplacna-1.svg 100w\" sizes=\"auto, (max-width: 40px) 100vw, 40px\" \/><strong><i class=\"fas fa-calendar\"><\/i> Sobota, 19. 6. 2021 | <span class=\"zanr\">razstava<\/span><br \/>\n<i class=\"fas fa-clock\"><\/i> 9.00\u201313.00<\/strong><\/p>\n<p><a href=\"https:\/\/www1.kkl.si\/sl\/xv-mednarodno-srecanje-zbirateljev\/\"><span style=\"font-size: 28px;\"><strong>XV. Mednarodno sre\u010danje zbirateljev<\/strong><\/span><\/a><\/p>\n<p>Ob <strong>10. uri<\/strong> otvoritev razstave steklenih izdelkov z naslovom <strong>\u00bbRAPSODIJA V STEKLU\u00ab<\/strong> \u2013 na sledi pohorskih gla\u017eut, iz zbirke Tadeja Fale\u017ea iz Kamnice<\/p>\n<p><i class=\"fas fa-map-marker\"><\/i> Prizori\u0161\u010de: Gledali\u0161ka in koncertna dvorana Lendava<br \/>\n<i class=\"fas fa-chevron-circle-right\"><\/i> Organizator: <a href=\"https:\/\/www.facebook.com\/Lindva.drustvozbirateljevPomurja\/\">\u00bbLindva\u00ab dru\u0161tvo zbirateljev Pomurja \u2013 Muravid\u00e9ki r\u00e9gis\u00e9ggy\u0171jt\u00f6k egyes\u00fclete<\/a><\/p>\n<\/td>\n<\/tr>\n<tr>\n<td style=\"width: 10%;\">\n<h6><a id=\"jun24\"><\/a> 24.<\/h6>\n<\/td>\n<td style=\"width: 90%;\">\n<p><img loading=\"lazy\" decoding=\"async\" class=\"wp-image-1587 alignright\" title=\"Brezpla\u010dna prireditev\" src=\"https:\/\/www1.kkl.si\/wp-content\/uploads\/2020\/07\/spored_simb_brezplacna-1.svg\" alt=\"brezplacna\" width=\"40\" height=\"40\" srcset=\"https:\/\/www1.kkl.si\/wp-content\/uploads\/\/2020\/07\/spored_simb_brezplacna-1.svg 150w, https:\/\/www1.kkl.si\/wp-content\/uploads\/\/2020\/07\/spored_simb_brezplacna-1.svg 400w, https:\/\/www1.kkl.si\/wp-content\/uploads\/\/2020\/07\/spored_simb_brezplacna-1.svg 1500w, https:\/\/www1.kkl.si\/wp-content\/uploads\/\/2020\/07\/spored_simb_brezplacna-1.svg 100w\" sizes=\"auto, (max-width: 40px) 100vw, 40px\" \/><strong><i class=\"fas fa-calendar\"><\/i> \u010cetrtek, 24. 6. 2021 | <span class=\"zanr\">kulturna prireditev, balet<\/span><br \/>\n<i class=\"fas fa-clock\"><\/i> 20.00<br \/>\n<\/strong><\/p>\n<p>30 let samostojne Republike Slovenije<\/p>\n<p><a href=\"https:\/\/www1.kkl.si\/sl\/osrednja-obcinska-slovesnost-ob-dnevu-drzavnosti-2021\/\"><strong><span style=\"font-size: 28px;\">Osrednja ob\u010dinska slovesnost ob dnevu dr\u017eavnosti<\/span><\/strong><\/a><\/p>\n<p>ob <strong>21. uri<\/strong> <em>Balet pod zvezdami<\/em><\/p>\n<p><i class=\"fas fa-map-marker\"><\/i> Prizori\u0161\u010de: Letni oder Gledali\u0161ke in koncertne dvorane Lendava<\/p>\n<p><i class=\"fas fa-chevron-circle-right\"><\/i> Organizatorji: <a href=\"https:\/\/www.lendava.si\/\">Ob\u010dina Lendava \u2013 Lendva K\u00f6zs\u00e9g<\/a>, <a href=\"https:\/\/www.gml.si\">Galerija \u2013 Muzej Lendava\/Gal\u00e9ria-M\u00fazuem Lendva (GML)<\/a>,\u00a0<a href=\"https:\/\/www.kkl.si\/\">Knji\u017enica \u2013 Kulturni center Lendava \u2013 Lendvai K\u00f6nyvt\u00e1r \u00e9s Kultur\u00e1lis K\u00f6zpont<\/a>,\u00a0<a href=\"https:\/\/www.dbus.si\/\">DBUS \u2013 Dru\u0161tvo baletnih umetnikov Slovenije<\/a><\/p>\n<\/td>\n<\/tr>\n<tr>\n<td style=\"width: 10%;\">\n<h6><a id=\"jun28\"><\/a> 28.<\/h6>\n<\/td>\n<td style=\"width: 90%;\">\n<p><img loading=\"lazy\" decoding=\"async\" class=\"wp-image-1585 alignright\" title=\"Slovenski abonma\" src=\"https:\/\/www1.kkl.si\/wp-content\/uploads\/2020\/07\/spored_simb_abonma_si-1.svg\" alt=\"abonma_si\" width=\"40\" height=\"40\" srcset=\"https:\/\/www1.kkl.si\/wp-content\/uploads\/\/2020\/07\/spored_simb_abonma_si-1.svg 150w, https:\/\/www1.kkl.si\/wp-content\/uploads\/\/2020\/07\/spored_simb_abonma_si-1.svg 400w, https:\/\/www1.kkl.si\/wp-content\/uploads\/\/2020\/07\/spored_simb_abonma_si-1.svg 1500w, https:\/\/www1.kkl.si\/wp-content\/uploads\/\/2020\/07\/spored_simb_abonma_si-1.svg 100w\" sizes=\"auto, (max-width: 40px) 100vw, 40px\" \/><img loading=\"lazy\" decoding=\"async\" class=\"wp-image-1591 alignright\" title=\"Pla\u010dljiva prireditev\" src=\"https:\/\/www1.kkl.si\/wp-content\/uploads\/2020\/07\/spored_simb_placljiva-1.svg\" alt=\"placljiva\" width=\"40\" height=\"40\" srcset=\"https:\/\/www1.kkl.si\/wp-content\/uploads\/\/2020\/07\/spored_simb_placljiva-1.svg 150w, https:\/\/www1.kkl.si\/wp-content\/uploads\/\/2020\/07\/spored_simb_placljiva-1.svg 400w, https:\/\/www1.kkl.si\/wp-content\/uploads\/\/2020\/07\/spored_simb_placljiva-1.svg 1500w, https:\/\/www1.kkl.si\/wp-content\/uploads\/\/2020\/07\/spored_simb_placljiva-1.svg 100w\" sizes=\"auto, (max-width: 40px) 100vw, 40px\" \/><strong><i class=\"fas fa-calendar\"><\/i> Ponedeljek, 28. 6. 2021 | <span class=\"zanr\">SLOVENSKI ABONMA 2019\/2020: drama<\/span><br \/>\n<i class=\"fas fa-clock\"><\/i> 19.00<\/strong><strong><br \/>\n<\/strong><\/p>\n<p>Cankarjev dom v koprodukciji z Zavodom Paviljon<\/p>\n<p><span style=\"font-size: 28px;\"><a href=\"https:\/\/www1.kkl.si\/sl\/jasa-koceli-preblizu\/\"><strong>Ja\u0161a Koceli: Preblizu<\/strong><\/a><\/span><\/p>\n<p><strong><i class=\"fas fa-ticket-alt\" style=\"solid\"><\/i> <\/strong>Cena vstopnice: <strong>15,00 \u20ac<\/strong><br \/>\n<i class=\"fas fa-map-marker\"><\/i> Prizori\u0161\u010de: Gledali\u0161ka in koncertna dvorana Lendava<br \/>\n<i class=\"fas fa-chevron-circle-right\"><\/i> Organizator: <a href=\"https:\/\/www.kkl.si\/\">Knji\u017enica \u2013 Kulturni center Lendava \u2013 Lendvai K\u00f6nyvt\u00e1r \u00e9s Kultur\u00e1lis K\u00f6zpont<\/a><\/p>\n<\/td>\n<\/tr>\n<\/tbody>\n<\/table>\n<p style=\"text-align: center;\"><span style=\"font-size: 12px;\">Organizatorji si pridr\u017eujejo pravico do spremembe programa.<\/span><\/p>\n","protected":false},"excerpt":{"rendered":"<p>Leto 2021: junij | julij | avgust | september | oktober | november | december | ARHIV LEGENDA SIMBOLOV Slovenski abonma Mad\u017earski abonma Zaklju\u010dena prireditev Brezpla\u010dna prireditev Pla\u010dljiva prireditev Novost, sprememba 18. Petek, 18. 6. 2021 | kulturna prireditev, razstava od 18.00 naprej 30 let samostojne Republike Slovenije Po\u010dastitev 30. obletnice samostojne Republike Slovenije ob [&hellip;]<\/p>\n","protected":false},"author":2,"featured_media":0,"parent":0,"menu_order":0,"comment_status":"closed","ping_status":"closed","template":"","meta":{"footnotes":""},"class_list":["post-381","page","type-page","status-publish","hentry","post"],"_links":{"self":[{"href":"https:\/\/www1.kkl.si\/sl\/wp-json\/wp\/v2\/pages\/381","targetHints":{"allow":["GET"]}}],"collection":[{"href":"https:\/\/www1.kkl.si\/sl\/wp-json\/wp\/v2\/pages"}],"about":[{"href":"https:\/\/www1.kkl.si\/sl\/wp-json\/wp\/v2\/types\/page"}],"author":[{"embeddable":true,"href":"https:\/\/www1.kkl.si\/sl\/wp-json\/wp\/v2\/users\/2"}],"replies":[{"embeddable":true,"href":"https:\/\/www1.kkl.si\/sl\/wp-json\/wp\/v2\/comments?post=381"}],"version-history":[{"count":204,"href":"https:\/\/www1.kkl.si\/sl\/wp-json\/wp\/v2\/pages\/381\/revisions"}],"predecessor-version":[{"id":10832,"href":"https:\/\/www1.kkl.si\/sl\/wp-json\/wp\/v2\/pages\/381\/revisions\/10832"}],"wp:attachment":[{"href":"https:\/\/www1.kkl.si\/sl\/wp-json\/wp\/v2\/media?parent=381"}],"curies":[{"name":"wp","href":"https:\/\/api.w.org\/{rel}","templated":true}]}}