{"id":3900,"date":"2021-08-05T09:27:10","date_gmt":"2021-08-05T07:27:10","guid":{"rendered":"https:\/\/www1.kkl.si\/?page_id=3900"},"modified":"2021-08-05T09:27:10","modified_gmt":"2021-08-05T07:27:10","slug":"fogi-szinhaza-pan-peter","status":"publish","type":"page","link":"https:\/\/www1.kkl.si\/sl\/fogi-szinhaza-pan-peter\/","title":{"rendered":"Fogi Sz\u00ednh\u00e1za: P\u00e1n P\u00e9ter"},"content":{"rendered":"<div><img loading=\"lazy\" decoding=\"async\" class=\"izrez alignnone wp-image-3894 size-full\" src=\"https:\/\/www1.kkl.si\/wp-content\/uploads\/2021\/08\/pan_peter_glava.jpg\" alt=\"\" width=\"1200\" height=\"300\" srcset=\"https:\/\/www1.kkl.si\/wp-content\/uploads\/2021\/08\/pan_peter_glava.jpg 1200w, https:\/\/www1.kkl.si\/wp-content\/uploads\/2021\/08\/pan_peter_glava-400x100.jpg 400w\" sizes=\"auto, (max-width: 1200px) 100vw, 1200px\" \/><\/div>\n<div class=\"opis\"><strong><img loading=\"lazy\" decoding=\"async\" class=\"wp-image-1587 alignright\" title=\"Brezpla\u010dna prireditev\" src=\"https:\/\/www1.kkl.si\/wp-content\/uploads\/\/2020\/07\/spored_simb_brezplacna-1.svg\" sizes=\"auto, (max-width: 40px) 100vw, 40px\" srcset=\"https:\/\/www1.kkl.si\/wp-content\/uploads\/\/2020\/07\/spored_simb_brezplacna-1.svg 150w, https:\/\/www1.kkl.si\/wp-content\/uploads\/\/2020\/07\/spored_simb_brezplacna-1.svg 400w, https:\/\/www1.kkl.si\/wp-content\/uploads\/\/2020\/07\/spored_simb_brezplacna-1.svg 1500w, https:\/\/www1.kkl.si\/wp-content\/uploads\/\/2020\/07\/spored_simb_brezplacna-1.svg 100w\" alt=\"brezplacna\" width=\"40\" height=\"40\" \/><i class=\"fas fa-calendar\"><\/i> \u010cetrtek, 26. 8. 2021 | <span class=\"zanr\">otro\u0161ka predstava<\/span><br \/>\n<i class=\"fas fa-clock\"><\/i> 19.00<br \/>\n<\/strong><i class=\"fas fa-map-marker\"><\/i> Prizori\u0161\u010de: Letni oder Gledali\u0161ke in koncertne dvorane Lendava<br \/>\n<i class=\"fas fa-chevron-circle-right\"><\/i> Organizator: <a href=\"https:\/\/www.kkl.si\/\">Knji\u017enica \u2013 Kulturni center Lendava \u2013 Lendvai K\u00f6nyvt\u00e1r \u00e9s Kultur\u00e1lis K\u00f6zpont<\/a><\/div>\n<p><a href=\"https:\/\/www1.kkl.si\/wp-content\/uploads\/2021\/07\/plakat_B2_poleti_v_lendavo_2021_splet.jpg\" data-lbwps-width=\"1078\" data-lbwps-height=\"1500\" data-lbwps-srcsmall=\"https:\/\/www1.kkl.si\/wp-content\/uploads\/2021\/07\/plakat_B2_poleti_v_lendavo_2021_splet-287x400.jpg\"><img loading=\"lazy\" decoding=\"async\" class=\"slika alignright wp-image-3222\" src=\"https:\/\/www1.kkl.si\/wp-content\/uploads\/2021\/07\/plakat_B2_poleti_v_lendavo_2021_splet-287x400.jpg\" alt=\"\" width=\"250\" height=\"348\" srcset=\"https:\/\/www1.kkl.si\/wp-content\/uploads\/2021\/07\/plakat_B2_poleti_v_lendavo_2021_splet-287x400.jpg 287w, https:\/\/www1.kkl.si\/wp-content\/uploads\/2021\/07\/plakat_B2_poleti_v_lendavo_2021_splet.jpg 1078w\" sizes=\"auto, (max-width: 250px) 100vw, 250px\" \/><\/a>Otro\u0161ka predstava\/muzikal o svetovno znani pravljici Petru Panu, dru\u0161\u010dini in piratih v mad\u017earskem jeziku.<\/p>\n<p><strong>Mad\u017earski opis:<\/strong><\/p>\n<p>Harmath Imre \u2013 L\u00e9n\u00e1rt L\u00e1szl\u00f3<\/p>\n<p><span style=\"font-size: 24px;\"><strong>P\u00e1n P\u00e9ter<\/strong><\/span><\/p>\n<p><em>\u2013 mesemusical J. M. Barrie sz\u00edndarabja nyom\u00e1n \u2013<\/em><\/p>\n<p>P\u00e1n P\u00e9ter, ha ezt a c\u00edmet le\u00edrjuk, szinte m\u00e1r nem is kell hozz\u00e1 semmif\u00e9le magyar\u00e1zat, aj\u00e1nl\u00f3sz\u00f6veg. A klasszikus gyermekirodalom egyik halhatatlan, k\u00f6lt\u0151i remeke a feln\u0151ni nem akar\u00f3 P\u00e1n P\u00e9ter t\u00f6rt\u00e9nete. Ez a mese az\u00e9rt marad \u00f6r\u00f6k klasszikus, mert a minden emberben kit\u00f6r\u00f6lhetetlen\u00fcl megb\u00fav\u00f3, \u00e9l\u0151 v\u00e1gyat testes\u00edti meg: a visszav\u00e1gy\u00e1st a gyermekkor csod\u00e1kkal, kalandokkal teli vil\u00e1g\u00e1ba. Wendy Darling egy teljesen \u00e1tlagos londoni csal\u00e1dban \u00e9l k\u00e9t \u00f6ccs\u00e9vel, \u00e9desanyj\u00e1val \u00e9s j\u00f3raval\u00f3, de pipogya hivatalnok \u00e9desapj\u00e1val. P\u00e1n P\u00e9ter egy elvar\u00e1zsolt egzotikus helyen lakik, Sohaorsz\u00e1gban. A titok, hogy ott soha nem lesz feln\u0151tt. P\u00e9ter tud rep\u00fclni \u00e9s minden napja csupa t\u00f6m\u00e9ny kaland, mert van egy j\u00f3 kis csapata az E lveszett fi\u00fak, akikkel egy\u00fctt harcolnak a gonosz kal\u00f3zok ellen.\u00a0<\/p>\n<p>Nem csoda, hogy Wendy \u00e9s testv\u00e9rei boldogan csatlakoznak hozz\u00e1 \u00e9s egy\u00fctt indulnak Sohaorsz\u00e1gba.<\/p>\n<p>Itt azt\u00e1n pomp\u00e1s \u00e9s \u00f6nfeledt kalandokat \u00e9lnek \u00e1t, csakhogy P\u00e9ter eddigi h\u0171s\u00e9ges k\u00eds\u00e9r\u0151je, a piciny Csingiling f\u00e9lt\u00e9keny lesz Wendyre \u00e9s ebb\u0151l is t\u00e1mad bonyodalom. A fi\u00fak legnagyobb ellens\u00e9ge Hook kapit\u00e1ny, Hook kapit\u00e1ny\u00e9 pedig a krokodil, aki k\u00f6veti \u0151t sz\u00e1razon \u00e9s v\u00edzen.<\/p>\n<p><strong>P\u00e1n P\u00e9ter:<\/strong>\u00a0Boros \u00c1d\u00e1m<br \/>\n<strong>Wendy:<\/strong>\u00a0Schupp Gabriella\/Spergel Anna<br \/>\n<strong>M<a href=\"https:\/\/www1.kkl.si\/wp-content\/uploads\/2021\/08\/pan_peter_001.jpg\" data-lbwps-width=\"640\" data-lbwps-height=\"424\" data-lbwps-srcsmall=\"https:\/\/www1.kkl.si\/wp-content\/uploads\/2021\/08\/pan_peter_001-400x265.jpg\"><img loading=\"lazy\" decoding=\"async\" class=\"alignright wp-image-3872\" src=\"https:\/\/www1.kkl.si\/wp-content\/uploads\/2021\/08\/pan_peter_001-400x265.jpg\" alt=\"\" width=\"250\" height=\"166\" srcset=\"https:\/\/www1.kkl.si\/wp-content\/uploads\/2021\/08\/pan_peter_001-400x265.jpg 400w, https:\/\/www1.kkl.si\/wp-content\/uploads\/2021\/08\/pan_peter_001.jpg 640w\" sizes=\"auto, (max-width: 250px) 100vw, 250px\" \/><\/a>rs. Darling:<\/strong>\u00a0Fogarassy Bernadett<br \/>\n<strong>Mr. Darling<\/strong>: Fogarassy Andr\u00e1s<br \/>\n<strong>Hook kapit\u00e1ny:<\/strong>\u00a0L\u00e9n\u00e1rt L\u00e1szl\u00f3<br \/>\n<strong>John:<\/strong>\u00a0B\u00e1rk\u00e1ny Mikl\u00f3s\/Ondrik J\u00e1nos<br \/>\n<strong>Michael:<\/strong>\u00a0Pozsgai Zolt\u00e1n\/Beszterczey Attila<\/p>\n<p>tov\u00e1bb\u00e1 Csingiling, Mr. Smee<\/p>\n<p><strong>Zene:<\/strong> Harmath Imre<br \/>\n<strong>Dalsz\u00f6veg:<\/strong> L\u00e9n\u00e1rt l\u00e1szl\u00f3<br \/>\n<strong>D\u00edszlet:<\/strong> Hal\u00e1sz G. P\u00e9ter<br \/>\n<strong>Rendez\u0151:<\/strong> Moln\u00e1r Csaba<\/p>\n<p><em>M\u0171sorid\u0151: 60 perc\/Trajanje: 60 minut<br \/>\n<\/em><\/p>\n<hr \/>\n<p><i class=\"fas fa-link\" style=\"solid\"><\/i> <a href=\"https:\/\/fogiszinhaza.hu\/index.php?option=com_content&amp;view=article&amp;id=28&amp;Itemid=146\">https:\/\/fogiszinhaza.hu\/<\/a><\/p>\n<hr \/>\n<p>F\u00c9NYK\u00c9PEK\/FOTOGRAFIJE<\/p>\n\n\t\t<style type=\"text\/css\">\n\t\t\t#gallery-1 {\n\t\t\t\tmargin: auto;\n\t\t\t}\n\t\t\t#gallery-1 .gallery-item {\n\t\t\t\tfloat: left;\n\t\t\t\tmargin-top: 10px;\n\t\t\t\ttext-align: center;\n\t\t\t\twidth: 16%;\n\t\t\t}\n\t\t\t#gallery-1 img {\n\t\t\t\tborder: 2px solid #cfcfcf;\n\t\t\t}\n\t\t\t#gallery-1 .gallery-caption {\n\t\t\t\tmargin-left: 0;\n\t\t\t}\n\t\t\t\/* see gallery_shortcode() in wp-includes\/media.php *\/\n\t\t<\/style>\n\t\t<div id='gallery-1' class='gallery galleryid-3900 gallery-columns-6 gallery-size-thumbnail'><dl class='gallery-item'>\n\t\t\t<dt class='gallery-icon landscape'>\n\t\t\t\t<a href='https:\/\/www1.kkl.si\/wp-content\/uploads\/2021\/08\/pan_peter_001.jpg'><img loading=\"lazy\" decoding=\"async\" width=\"150\" height=\"150\" src=\"https:\/\/www1.kkl.si\/wp-content\/uploads\/2021\/08\/pan_peter_001-150x150.jpg\" class=\"attachment-thumbnail size-thumbnail\" alt=\"\" \/><\/a>\n\t\t\t<\/dt><\/dl><dl class='gallery-item'>\n\t\t\t<dt class='gallery-icon landscape'>\n\t\t\t\t<a href='https:\/\/www1.kkl.si\/wp-content\/uploads\/2021\/08\/pan_peter_010.jpg'><img loading=\"lazy\" decoding=\"async\" width=\"150\" height=\"150\" src=\"https:\/\/www1.kkl.si\/wp-content\/uploads\/2021\/08\/pan_peter_010-150x150.jpg\" class=\"attachment-thumbnail size-thumbnail\" alt=\"\" \/><\/a>\n\t\t\t<\/dt><\/dl><dl class='gallery-item'>\n\t\t\t<dt class='gallery-icon landscape'>\n\t\t\t\t<a href='https:\/\/www1.kkl.si\/wp-content\/uploads\/2021\/08\/pan_peter_009.jpg'><img loading=\"lazy\" decoding=\"async\" width=\"150\" height=\"150\" src=\"https:\/\/www1.kkl.si\/wp-content\/uploads\/2021\/08\/pan_peter_009-150x150.jpg\" class=\"attachment-thumbnail size-thumbnail\" alt=\"\" \/><\/a>\n\t\t\t<\/dt><\/dl><dl class='gallery-item'>\n\t\t\t<dt class='gallery-icon landscape'>\n\t\t\t\t<a href='https:\/\/www1.kkl.si\/wp-content\/uploads\/2021\/08\/pan_peter_008.jpg'><img loading=\"lazy\" decoding=\"async\" width=\"150\" height=\"150\" src=\"https:\/\/www1.kkl.si\/wp-content\/uploads\/2021\/08\/pan_peter_008-150x150.jpg\" class=\"attachment-thumbnail size-thumbnail\" alt=\"\" \/><\/a>\n\t\t\t<\/dt><\/dl><dl class='gallery-item'>\n\t\t\t<dt class='gallery-icon landscape'>\n\t\t\t\t<a href='https:\/\/www1.kkl.si\/wp-content\/uploads\/2021\/08\/pan_peter_007.jpg'><img loading=\"lazy\" decoding=\"async\" width=\"150\" height=\"150\" src=\"https:\/\/www1.kkl.si\/wp-content\/uploads\/2021\/08\/pan_peter_007-150x150.jpg\" class=\"attachment-thumbnail size-thumbnail\" alt=\"\" \/><\/a>\n\t\t\t<\/dt><\/dl><dl class='gallery-item'>\n\t\t\t<dt class='gallery-icon landscape'>\n\t\t\t\t<a href='https:\/\/www1.kkl.si\/wp-content\/uploads\/2021\/08\/pan_peter_006.jpg'><img loading=\"lazy\" decoding=\"async\" width=\"150\" height=\"150\" src=\"https:\/\/www1.kkl.si\/wp-content\/uploads\/2021\/08\/pan_peter_006-150x150.jpg\" class=\"attachment-thumbnail size-thumbnail\" alt=\"\" \/><\/a>\n\t\t\t<\/dt><\/dl><br style=\"clear: both\" \/><dl class='gallery-item'>\n\t\t\t<dt class='gallery-icon landscape'>\n\t\t\t\t<a href='https:\/\/www1.kkl.si\/wp-content\/uploads\/2021\/08\/pan_peter_005.jpg'><img loading=\"lazy\" decoding=\"async\" width=\"150\" height=\"150\" src=\"https:\/\/www1.kkl.si\/wp-content\/uploads\/2021\/08\/pan_peter_005-150x150.jpg\" class=\"attachment-thumbnail size-thumbnail\" alt=\"\" \/><\/a>\n\t\t\t<\/dt><\/dl><dl class='gallery-item'>\n\t\t\t<dt class='gallery-icon landscape'>\n\t\t\t\t<a href='https:\/\/www1.kkl.si\/wp-content\/uploads\/2021\/08\/pan_peter_004.jpg'><img loading=\"lazy\" decoding=\"async\" width=\"150\" height=\"150\" src=\"https:\/\/www1.kkl.si\/wp-content\/uploads\/2021\/08\/pan_peter_004-150x150.jpg\" class=\"attachment-thumbnail size-thumbnail\" alt=\"\" \/><\/a>\n\t\t\t<\/dt><\/dl><dl class='gallery-item'>\n\t\t\t<dt class='gallery-icon landscape'>\n\t\t\t\t<a href='https:\/\/www1.kkl.si\/wp-content\/uploads\/2021\/08\/pan_peter_003.jpg'><img loading=\"lazy\" decoding=\"async\" width=\"150\" height=\"150\" src=\"https:\/\/www1.kkl.si\/wp-content\/uploads\/2021\/08\/pan_peter_003-150x150.jpg\" class=\"attachment-thumbnail size-thumbnail\" alt=\"\" \/><\/a>\n\t\t\t<\/dt><\/dl><dl class='gallery-item'>\n\t\t\t<dt class='gallery-icon landscape'>\n\t\t\t\t<a href='https:\/\/www1.kkl.si\/wp-content\/uploads\/2021\/08\/pan_peter_002.jpg'><img loading=\"lazy\" decoding=\"async\" width=\"150\" height=\"150\" src=\"https:\/\/www1.kkl.si\/wp-content\/uploads\/2021\/08\/pan_peter_002-150x150.jpg\" class=\"attachment-thumbnail size-thumbnail\" alt=\"\" \/><\/a>\n\t\t\t<\/dt><\/dl>\n\t\t\t<br style='clear: both' \/>\n\t\t<\/div>\n\n<p>VIDE\u00d3\/VIDEO<\/p>\n<p><iframe loading=\"lazy\" src=\"\/\/www.youtube.com\/embed\/9b246ggxHsc\" width=\"640\" height=\"359\" allowfullscreen=\"allowfullscreen\" data-mce-fragment=\"1\"><\/iframe><\/p>\n<p><img loading=\"lazy\" decoding=\"async\" class=\"alignnone size-full wp-image-3218\" src=\"https:\/\/www1.kkl.si\/wp-content\/uploads\/2021\/07\/2021_07_01_poleti_v_lendavo_2021.png\" alt=\"\" width=\"1500\" height=\"400\" srcset=\"https:\/\/www1.kkl.si\/wp-content\/uploads\/2021\/07\/2021_07_01_poleti_v_lendavo_2021.png 1500w, https:\/\/www1.kkl.si\/wp-content\/uploads\/2021\/07\/2021_07_01_poleti_v_lendavo_2021-400x107.png 400w\" sizes=\"auto, (max-width: 1500px) 100vw, 1500px\" \/><\/p>\n","protected":false},"excerpt":{"rendered":"<p>\u010cetrtek, 26. 8. 2021 | otro\u0161ka predstava 19.00 Prizori\u0161\u010de: Letni oder Gledali\u0161ke in koncertne dvorane Lendava Organizator: Knji\u017enica \u2013 Kulturni center Lendava \u2013 Lendvai K\u00f6nyvt\u00e1r \u00e9s Kultur\u00e1lis K\u00f6zpont Otro\u0161ka predstava\/muzikal o svetovno znani pravljici Petru Panu, dru\u0161\u010dini in piratih v mad\u017earskem jeziku. Mad\u017earski opis: Harmath Imre \u2013 L\u00e9n\u00e1rt L\u00e1szl\u00f3 P\u00e1n P\u00e9ter \u2013 mesemusical J. M. [&hellip;]<\/p>\n","protected":false},"author":2,"featured_media":0,"parent":0,"menu_order":0,"comment_status":"closed","ping_status":"closed","template":"","meta":{"footnotes":""},"class_list":["post-3900","page","type-page","status-publish","hentry","post"],"_links":{"self":[{"href":"https:\/\/www1.kkl.si\/sl\/wp-json\/wp\/v2\/pages\/3900","targetHints":{"allow":["GET"]}}],"collection":[{"href":"https:\/\/www1.kkl.si\/sl\/wp-json\/wp\/v2\/pages"}],"about":[{"href":"https:\/\/www1.kkl.si\/sl\/wp-json\/wp\/v2\/types\/page"}],"author":[{"embeddable":true,"href":"https:\/\/www1.kkl.si\/sl\/wp-json\/wp\/v2\/users\/2"}],"replies":[{"embeddable":true,"href":"https:\/\/www1.kkl.si\/sl\/wp-json\/wp\/v2\/comments?post=3900"}],"version-history":[{"count":1,"href":"https:\/\/www1.kkl.si\/sl\/wp-json\/wp\/v2\/pages\/3900\/revisions"}],"predecessor-version":[{"id":3901,"href":"https:\/\/www1.kkl.si\/sl\/wp-json\/wp\/v2\/pages\/3900\/revisions\/3901"}],"wp:attachment":[{"href":"https:\/\/www1.kkl.si\/sl\/wp-json\/wp\/v2\/media?parent=3900"}],"curies":[{"name":"wp","href":"https:\/\/api.w.org\/{rel}","templated":true}]}}