{"id":3972,"date":"2021-08-07T09:17:17","date_gmt":"2021-08-07T07:17:17","guid":{"rendered":"https:\/\/www1.kkl.si\/?page_id=3972"},"modified":"2021-08-29T14:51:19","modified_gmt":"2021-08-29T12:51:19","slug":"vse-najboljse-moja-slovenija","status":"publish","type":"page","link":"https:\/\/www1.kkl.si\/sl\/vse-najboljse-moja-slovenija\/","title":{"rendered":"Vse najbolj\u0161e MOJA Slovenija!"},"content":{"rendered":"<div><img loading=\"lazy\" decoding=\"async\" class=\"izrez alignnone wp-image-3982 size-full\" src=\"https:\/\/www1.kkl.si\/wp-content\/uploads\/2021\/08\/vse_najboljse_SLO_glava.jpg\" alt=\"\" width=\"1200\" height=\"300\" srcset=\"https:\/\/www1.kkl.si\/wp-content\/uploads\/2021\/08\/vse_najboljse_SLO_glava.jpg 1200w, https:\/\/www1.kkl.si\/wp-content\/uploads\/2021\/08\/vse_najboljse_SLO_glava-400x100.jpg 400w\" sizes=\"auto, (max-width: 1200px) 100vw, 1200px\" \/><\/div>\n<div class=\"opis\"><strong><img loading=\"lazy\" decoding=\"async\" class=\"wp-image-1587 alignright\" title=\"Brezpla\u010dna prireditev\" src=\"https:\/\/www1.kkl.si\/wp-content\/uploads\/\/2020\/07\/spored_simb_brezplacna-1.svg\" sizes=\"auto, (max-width: 40px) 100vw, 40px\" srcset=\"https:\/\/www1.kkl.si\/wp-content\/uploads\/\/2020\/07\/spored_simb_brezplacna-1.svg 150w, https:\/\/www1.kkl.si\/wp-content\/uploads\/\/2020\/07\/spored_simb_brezplacna-1.svg 400w, https:\/\/www1.kkl.si\/wp-content\/uploads\/\/2020\/07\/spored_simb_brezplacna-1.svg 1500w, https:\/\/www1.kkl.si\/wp-content\/uploads\/\/2020\/07\/spored_simb_brezplacna-1.svg 100w\" alt=\"brezplacna\" width=\"40\" height=\"40\" \/><i class=\"fas fa-calendar\"><\/i> Nedelja, 29. 8. 2021 | <span class=\"zanr\">kulturna prireditev\/koncert<\/span><br \/>\n<i class=\"fas fa-clock\"><\/i> 17.00<br \/>\n<\/strong><i class=\"fas fa-map-marker\"><\/i> Prizori\u0161\u010de: Gledali\u0161ka in koncertna dvorana Lendava<br \/>\n<i class=\"fas fa-chevron-circle-right\"><\/i> Organizator: <a href=\"https:\/\/www.lendava.si\/\">Ob\u010dina Lendava \u2013 Lendva K\u00f6zs\u00e9g<\/a> in portal <a href=\"https:\/\/e-maribor.si\">eMaribor<\/a><\/div>\n<p><a href=\"https:\/\/www1.kkl.si\/wp-content\/uploads\/2021\/07\/plakat_B2_poleti_v_lendavo_2021_splet.jpg\" data-lbwps-width=\"1078\" data-lbwps-height=\"1500\" data-lbwps-srcsmall=\"https:\/\/www1.kkl.si\/wp-content\/uploads\/2021\/07\/plakat_B2_poleti_v_lendavo_2021_splet-287x400.jpg\"><img loading=\"lazy\" decoding=\"async\" class=\"slika alignright wp-image-3222\" src=\"https:\/\/www1.kkl.si\/wp-content\/uploads\/2021\/07\/plakat_B2_poleti_v_lendavo_2021_splet-287x400.jpg\" alt=\"\" width=\"250\" height=\"348\" srcset=\"https:\/\/www1.kkl.si\/wp-content\/uploads\/2021\/07\/plakat_B2_poleti_v_lendavo_2021_splet-287x400.jpg 287w, https:\/\/www1.kkl.si\/wp-content\/uploads\/2021\/07\/plakat_B2_poleti_v_lendavo_2021_splet.jpg 1078w\" sizes=\"auto, (max-width: 250px) 100vw, 250px\" \/><\/a><strong>O KONCERTU<\/strong><\/p>\n<p><span style=\"font-size: 24px;\"><strong>Vse najbolj\u0161e MOJA Slovenija! \u2013 Koncert domoljubnih pesmi<\/strong><\/span><\/p>\n<p>Ob 30-letnici dr\u017eave Slovenije bomo po Sloveniji izvedli skupek koncertov z naslovom <em>Vse najbolj\u0161e MOJA Slovenija<\/em>.<\/p>\n<p>Vse do konca leta 2021 se bo po Sloveniji izvedlo kar nekaj koncertov, kjer bodo prevladovale pesmi o Sloveniji. Sodelovali bodo ansambli, pevci, zbori in posamezniki. Enotno sporo\u010dilo koncertov pa bo praznovanje 30-letnice na\u0161e dr\u017eave.<\/p>\n<p>V Lendavi bomo Sloveniji s pesmijo nazdravili ob zaklju\u010dku poletja 29. avgusta 2021, v Gledali\u0161ki in koncertni dvorani. Pripravili bomo pester program.<\/p>\n<p>Vse prireditve bo v svojem programu predvajala tudi <a href=\"https:\/\/nova24tv.si\/\">Nova24TV<\/a>.<\/p>\n<hr \/>\n<p><a href=\"https:\/\/www1.kkl.si\/wp-content\/uploads\/2021\/08\/vse_najboljse_SLO_1_velik.jpg\" data-lbwps-width=\"1500\" data-lbwps-height=\"921\" data-lbwps-srcsmall=\"https:\/\/www1.kkl.si\/wp-content\/uploads\/2021\/08\/vse_najboljse_SLO_1_velik-400x246.jpg\"><img loading=\"lazy\" decoding=\"async\" class=\"slika alignright wp-image-3988\" src=\"https:\/\/www1.kkl.si\/wp-content\/uploads\/2021\/08\/vse_najboljse_SLO_1_velik-400x246.jpg\" alt=\"\" width=\"250\" height=\"154\" srcset=\"https:\/\/www1.kkl.si\/wp-content\/uploads\/2021\/08\/vse_najboljse_SLO_1_velik-400x246.jpg 400w, https:\/\/www1.kkl.si\/wp-content\/uploads\/2021\/08\/vse_najboljse_SLO_1_velik.jpg 1500w\" sizes=\"auto, (max-width: 250px) 100vw, 250px\" \/><\/a><i class=\"fas fa-link\" style=\"solid\"><\/i> <a href=\"https:\/\/www.lendava.si\/\">https:\/\/www.lendava.si\/<\/a><br \/>\n<i class=\"fab fa-facebook\"><\/i> <a href=\"https:\/\/www.facebook.com\/obcinalendava\/\">https:\/\/www.facebook.com\/obcinalendava\/<\/a><\/p>\n<p><i class=\"fas fa-link\" style=\"solid\"><\/i> <a href=\"https:\/\/e-maribor.si\">https:\/\/e-maribor.si<\/a><br \/>\n<i class=\"fab fa-facebook\"><\/i> <a href=\"https:\/\/www.facebook.com\/eMaribor\">https:\/\/www.facebook.com\/eMaribor<\/a><br \/>\n<i class=\"fab fa-twitter\"><\/i> <a href=\"https:\/\/twitter.com\/e_maribor\">https:\/\/twitter.com\/e_maribor<\/a><\/p>\n<p><i class=\"fas fa-link\" style=\"solid\"><\/i> <a href=\"https:\/\/pomurske-novice.si\/\">https:\/\/pomurske-novice.si\/<\/a><\/p>\n<hr \/>\n<p>PLAKAT PRIREDITVE<\/p>\n<p><a href=\"https:\/\/www1.kkl.si\/wp-content\/uploads\/2021\/08\/vse_najboljse_slovenija_uradni_plakat_2021-08-29.jpg\" data-lbwps-width=\"830\" data-lbwps-height=\"1045\" data-lbwps-srcsmall=\"https:\/\/www1.kkl.si\/wp-content\/uploads\/2021\/08\/vse_najboljse_slovenija_uradni_plakat_2021-08-29-318x400.jpg\"><img loading=\"lazy\" decoding=\"async\" class=\"alignnone size-full wp-image-4371\" src=\"https:\/\/www1.kkl.si\/wp-content\/uploads\/2021\/08\/vse_najboljse_slovenija_uradni_plakat_2021-08-29.jpg\" alt=\"\" width=\"830\" height=\"1045\" srcset=\"https:\/\/www1.kkl.si\/wp-content\/uploads\/2021\/08\/vse_najboljse_slovenija_uradni_plakat_2021-08-29.jpg 830w, https:\/\/www1.kkl.si\/wp-content\/uploads\/2021\/08\/vse_najboljse_slovenija_uradni_plakat_2021-08-29-318x400.jpg 318w\" sizes=\"auto, (max-width: 830px) 100vw, 830px\" \/><\/a><\/p>\n<p>&nbsp;<\/p>\n<hr \/>\n<p>FOTOGRAFIJE<\/p>\n\n\t\t<style type=\"text\/css\">\n\t\t\t#gallery-1 {\n\t\t\t\tmargin: auto;\n\t\t\t}\n\t\t\t#gallery-1 .gallery-item {\n\t\t\t\tfloat: left;\n\t\t\t\tmargin-top: 10px;\n\t\t\t\ttext-align: center;\n\t\t\t\twidth: 50%;\n\t\t\t}\n\t\t\t#gallery-1 img {\n\t\t\t\tborder: 2px solid #cfcfcf;\n\t\t\t}\n\t\t\t#gallery-1 .gallery-caption {\n\t\t\t\tmargin-left: 0;\n\t\t\t}\n\t\t\t\/* see gallery_shortcode() in wp-includes\/media.php *\/\n\t\t<\/style>\n\t\t<div id='gallery-1' class='gallery galleryid-3972 gallery-columns-2 gallery-size-medium'><dl class='gallery-item'>\n\t\t\t<dt class='gallery-icon landscape'>\n\t\t\t\t<a href='https:\/\/www1.kkl.si\/wp-content\/uploads\/2021\/08\/vse_najboljse_SLO_2.jpg'><img loading=\"lazy\" decoding=\"async\" width=\"400\" height=\"173\" src=\"https:\/\/www1.kkl.si\/wp-content\/uploads\/2021\/08\/vse_najboljse_SLO_2-400x173.jpg\" class=\"attachment-medium size-medium\" alt=\"\" srcset=\"https:\/\/www1.kkl.si\/wp-content\/uploads\/2021\/08\/vse_najboljse_SLO_2-400x173.jpg 400w, https:\/\/www1.kkl.si\/wp-content\/uploads\/2021\/08\/vse_najboljse_SLO_2-1500x649.jpg 1500w, https:\/\/www1.kkl.si\/wp-content\/uploads\/2021\/08\/vse_najboljse_SLO_2.jpg 1652w\" sizes=\"auto, (max-width: 400px) 100vw, 400px\" \/><\/a>\n\t\t\t<\/dt><\/dl><dl class='gallery-item'>\n\t\t\t<dt class='gallery-icon landscape'>\n\t\t\t\t<a href='https:\/\/www1.kkl.si\/wp-content\/uploads\/2021\/08\/vse_najboljse_SLO_3.jpg'><img loading=\"lazy\" decoding=\"async\" width=\"400\" height=\"197\" src=\"https:\/\/www1.kkl.si\/wp-content\/uploads\/2021\/08\/vse_najboljse_SLO_3-400x197.jpg\" class=\"attachment-medium size-medium\" alt=\"\" srcset=\"https:\/\/www1.kkl.si\/wp-content\/uploads\/2021\/08\/vse_najboljse_SLO_3-400x197.jpg 400w, https:\/\/www1.kkl.si\/wp-content\/uploads\/2021\/08\/vse_najboljse_SLO_3-1500x740.jpg 1500w, https:\/\/www1.kkl.si\/wp-content\/uploads\/2021\/08\/vse_najboljse_SLO_3.jpg 1722w\" sizes=\"auto, (max-width: 400px) 100vw, 400px\" \/><\/a>\n\t\t\t<\/dt><\/dl><br style=\"clear: both\" \/>\n\t\t<\/div>\n\n<p><img loading=\"lazy\" decoding=\"async\" class=\"alignnone size-full wp-image-3218\" src=\"https:\/\/www1.kkl.si\/wp-content\/uploads\/2021\/07\/2021_07_01_poleti_v_lendavo_2021.png\" alt=\"\" width=\"1500\" height=\"400\" srcset=\"https:\/\/www1.kkl.si\/wp-content\/uploads\/2021\/07\/2021_07_01_poleti_v_lendavo_2021.png 1500w, https:\/\/www1.kkl.si\/wp-content\/uploads\/2021\/07\/2021_07_01_poleti_v_lendavo_2021-400x107.png 400w\" sizes=\"auto, (max-width: 1500px) 100vw, 1500px\" \/><\/p>\n","protected":false},"excerpt":{"rendered":"<p>Nedelja, 29. 8. 2021 | kulturna prireditev\/koncert 17.00 Prizori\u0161\u010de: Gledali\u0161ka in koncertna dvorana Lendava Organizator: Ob\u010dina Lendava \u2013 Lendva K\u00f6zs\u00e9g in portal eMaribor O KONCERTU Vse najbolj\u0161e MOJA Slovenija! \u2013 Koncert domoljubnih pesmi Ob 30-letnici dr\u017eave Slovenije bomo po Sloveniji izvedli skupek koncertov z naslovom Vse najbolj\u0161e MOJA Slovenija. Vse do konca leta 2021 se [&hellip;]<\/p>\n","protected":false},"author":2,"featured_media":3988,"parent":0,"menu_order":0,"comment_status":"closed","ping_status":"closed","template":"","meta":{"footnotes":""},"class_list":["post-3972","page","type-page","status-publish","has-post-thumbnail","hentry","post","post-with-thumbnail","post-with-thumbnail-icon"],"_links":{"self":[{"href":"https:\/\/www1.kkl.si\/sl\/wp-json\/wp\/v2\/pages\/3972","targetHints":{"allow":["GET"]}}],"collection":[{"href":"https:\/\/www1.kkl.si\/sl\/wp-json\/wp\/v2\/pages"}],"about":[{"href":"https:\/\/www1.kkl.si\/sl\/wp-json\/wp\/v2\/types\/page"}],"author":[{"embeddable":true,"href":"https:\/\/www1.kkl.si\/sl\/wp-json\/wp\/v2\/users\/2"}],"replies":[{"embeddable":true,"href":"https:\/\/www1.kkl.si\/sl\/wp-json\/wp\/v2\/comments?post=3972"}],"version-history":[{"count":15,"href":"https:\/\/www1.kkl.si\/sl\/wp-json\/wp\/v2\/pages\/3972\/revisions"}],"predecessor-version":[{"id":4377,"href":"https:\/\/www1.kkl.si\/sl\/wp-json\/wp\/v2\/pages\/3972\/revisions\/4377"}],"wp:featuredmedia":[{"embeddable":true,"href":"https:\/\/www1.kkl.si\/sl\/wp-json\/wp\/v2\/media\/3988"}],"wp:attachment":[{"href":"https:\/\/www1.kkl.si\/sl\/wp-json\/wp\/v2\/media?parent=3972"}],"curies":[{"name":"wp","href":"https:\/\/api.w.org\/{rel}","templated":true}]}}