{"id":4178,"date":"2021-08-24T07:53:13","date_gmt":"2021-08-24T05:53:13","guid":{"rendered":"https:\/\/www1.kkl.si\/?page_id=4178"},"modified":"2021-08-24T11:34:30","modified_gmt":"2021-08-24T09:34:30","slug":"kontra-kvartet","status":"publish","type":"page","link":"https:\/\/www1.kkl.si\/sl\/kontra-kvartet\/","title":{"rendered":"Kontra Kvartet"},"content":{"rendered":"<div><img loading=\"lazy\" decoding=\"async\" class=\"izrez alignnone wp-image-4184 size-full\" src=\"https:\/\/www1.kkl.si\/wp-content\/uploads\/2021\/08\/Kontra_kvartet_glava.jpg\" alt=\"\" width=\"1200\" height=\"300\" srcset=\"https:\/\/www1.kkl.si\/wp-content\/uploads\/2021\/08\/Kontra_kvartet_glava.jpg 1200w, https:\/\/www1.kkl.si\/wp-content\/uploads\/2021\/08\/Kontra_kvartet_glava-400x100.jpg 400w\" sizes=\"auto, (max-width: 1200px) 100vw, 1200px\" \/><\/div>\n<div class=\"opis\"><strong><img loading=\"lazy\" decoding=\"async\" class=\"wp-image-1587 alignright\" title=\"Brezpla\u010dna prireditev\" src=\"https:\/\/www1.kkl.si\/wp-content\/uploads\/\/2020\/07\/spored_simb_brezplacna-1.svg\" sizes=\"auto, (max-width: 40px) 100vw, 40px\" srcset=\"https:\/\/www1.kkl.si\/wp-content\/uploads\/\/2020\/07\/spored_simb_brezplacna-1.svg 150w, https:\/\/www1.kkl.si\/wp-content\/uploads\/\/2020\/07\/spored_simb_brezplacna-1.svg 400w, https:\/\/www1.kkl.si\/wp-content\/uploads\/\/2020\/07\/spored_simb_brezplacna-1.svg 1500w, https:\/\/www1.kkl.si\/wp-content\/uploads\/\/2020\/07\/spored_simb_brezplacna-1.svg 100w\" alt=\"brezplacna\" width=\"40\" height=\"40\" \/><i class=\"fas fa-calendar\"><\/i> Nedelja, 5. 9. 2021 | <span class=\"zanr\">koncert klezmer glasbe<\/span><br \/>\n<i class=\"fas fa-clock\"><\/i> 20.00<br \/>\n<\/strong><i class=\"fas fa-map-marker\"><\/i> Prizori\u0161\u010de: Letni oder Gledali\u0161ke in koncertne dvorane Lendava<br \/>\n<i class=\"fas fa-chevron-circle-right\"><\/i> Organizator: <a href=\"https:\/\/www.kkl.si\/\">Knji\u017enica \u2013 Kulturni center Lendava \u2013 Lendvai K\u00f6nyvt\u00e1r \u00e9s Kultur\u00e1lis K\u00f6zpont<\/a><\/div>\n<p><a href=\"https:\/\/www1.kkl.si\/wp-content\/uploads\/2021\/07\/plakat_B2_poleti_v_lendavo_2021_splet.jpg\" data-lbwps-width=\"1078\" data-lbwps-height=\"1500\" data-lbwps-srcsmall=\"https:\/\/www1.kkl.si\/wp-content\/uploads\/2021\/07\/plakat_B2_poleti_v_lendavo_2021_splet-287x400.jpg\"><img loading=\"lazy\" decoding=\"async\" class=\"slika alignright wp-image-3222\" src=\"https:\/\/www1.kkl.si\/wp-content\/uploads\/2021\/07\/plakat_B2_poleti_v_lendavo_2021_splet-287x400.jpg\" alt=\"\" width=\"250\" height=\"348\" srcset=\"https:\/\/www1.kkl.si\/wp-content\/uploads\/2021\/07\/plakat_B2_poleti_v_lendavo_2021_splet-287x400.jpg 287w, https:\/\/www1.kkl.si\/wp-content\/uploads\/2021\/07\/plakat_B2_poleti_v_lendavo_2021_splet.jpg 1078w\" sizes=\"auto, (max-width: 250px) 100vw, 250px\" \/><\/a><strong>Kontra kvartet<\/strong><\/p>\n<p>Vesna \u010cobal, violina<br \/>\nDaniel Marini\u010d, harmonika<br \/>\nBranko Smrtnik, kontrabas<br \/>\nDomen Marn, klarinet<\/p>\n<p><a href=\"https:\/\/www1.kkl.si\/wp-content\/uploads\/2021\/08\/Kontra_kvartet.jpg\" data-lbwps-width=\"1300\" data-lbwps-height=\"1040\" data-lbwps-srcsmall=\"https:\/\/www1.kkl.si\/wp-content\/uploads\/2021\/08\/Kontra_kvartet-400x320.jpg\"><img loading=\"lazy\" decoding=\"async\" class=\"alignleft wp-image-4180\" src=\"https:\/\/www1.kkl.si\/wp-content\/uploads\/2021\/08\/Kontra_kvartet-400x320.jpg\" alt=\"\" width=\"250\" height=\"200\" srcset=\"https:\/\/www1.kkl.si\/wp-content\/uploads\/2021\/08\/Kontra_kvartet-400x320.jpg 400w, https:\/\/www1.kkl.si\/wp-content\/uploads\/2021\/08\/Kontra_kvartet.jpg 1300w\" sizes=\"auto, (max-width: 250px) 100vw, 250px\" \/><\/a>Akusti\u010dna skupina <strong>Kontra Kvartet<\/strong> je ena redkih slovenskih skupin, ki izvaja tradicionalno <em>klezmer<\/em> glasbo.<\/p>\n<p>Klezmer, veselja\u0161ka godba a\u0161kena\u0161kih Judov iz jugovzhodne Evrope, se zaradi izjemne posko\u010dnosti in pridiha ciganskosti odli\u010dno prodaja povsod, kamor jo zanese.<\/p>\n<p>Klezmer godbe so zmeraj zasedale eno najpomembnej\u0161ih pozicij v judovski kulturi, prisotne so bile ob vseh pomembnej\u0161ih veselih dogodkih kot so poroke in druga praznovanja. Izvajali so ga profesionalni glasbeniki klezmorimi, temeljna zna\u010dilnost te glasbe pa so \u017eivahnost, melodi\u010dnost, \u010dutnost in nebrzdano veselje. Klezmer je zmeraj tudi zelo dramati\u010dna muzika; preplavljena je s strastjo in melanholijo, ves \u010das je v igri drama. Podobno kot ciganska glasba tudi klezmer poslu\u0161alcev nikoli ne pusti ravnodu\u0161nih in prav na tak na\u010din skupina Kontra Kvartet poustvarja to strastno glasbo, ki si je v srcih ljudi zagotovila ve\u010dni obstoj.<\/p>\n<hr \/>\n<p><i class=\"fab fa-facebook-square\"><\/i> <a href=\"https:\/\/www.facebook.com\/Kontra-Kvartet-376150459115467\/\">https:\/\/www.facebook.com\/Kontra-Kvartet-376150459115467\/<\/a><\/p>\n<hr \/>\n<p><iframe loading=\"lazy\" src=\"\/\/www.youtube.com\/embed\/N60itqTX5bM\" width=\"1200\" height=\"673\" allowfullscreen=\"allowfullscreen\"><\/iframe><\/p>\n<p><img loading=\"lazy\" decoding=\"async\" class=\"alignnone size-full wp-image-3218\" src=\"https:\/\/www1.kkl.si\/wp-content\/uploads\/2021\/07\/2021_07_01_poleti_v_lendavo_2021.png\" alt=\"\" width=\"1500\" height=\"400\" srcset=\"https:\/\/www1.kkl.si\/wp-content\/uploads\/2021\/07\/2021_07_01_poleti_v_lendavo_2021.png 1500w, https:\/\/www1.kkl.si\/wp-content\/uploads\/2021\/07\/2021_07_01_poleti_v_lendavo_2021-400x107.png 400w\" sizes=\"auto, (max-width: 1500px) 100vw, 1500px\" \/><\/p>\n","protected":false},"excerpt":{"rendered":"<p>Nedelja, 5. 9. 2021 | koncert klezmer glasbe 20.00 Prizori\u0161\u010de: Letni oder Gledali\u0161ke in koncertne dvorane Lendava Organizator: Knji\u017enica \u2013 Kulturni center Lendava \u2013 Lendvai K\u00f6nyvt\u00e1r \u00e9s Kultur\u00e1lis K\u00f6zpont Kontra kvartet Vesna \u010cobal, violina Daniel Marini\u010d, harmonika Branko Smrtnik, kontrabas Domen Marn, klarinet Akusti\u010dna skupina Kontra Kvartet je ena redkih slovenskih skupin, ki izvaja tradicionalno [&hellip;]<\/p>\n","protected":false},"author":2,"featured_media":0,"parent":0,"menu_order":0,"comment_status":"closed","ping_status":"closed","template":"","meta":{"footnotes":""},"class_list":["post-4178","page","type-page","status-publish","hentry","post"],"_links":{"self":[{"href":"https:\/\/www1.kkl.si\/sl\/wp-json\/wp\/v2\/pages\/4178","targetHints":{"allow":["GET"]}}],"collection":[{"href":"https:\/\/www1.kkl.si\/sl\/wp-json\/wp\/v2\/pages"}],"about":[{"href":"https:\/\/www1.kkl.si\/sl\/wp-json\/wp\/v2\/types\/page"}],"author":[{"embeddable":true,"href":"https:\/\/www1.kkl.si\/sl\/wp-json\/wp\/v2\/users\/2"}],"replies":[{"embeddable":true,"href":"https:\/\/www1.kkl.si\/sl\/wp-json\/wp\/v2\/comments?post=4178"}],"version-history":[{"count":8,"href":"https:\/\/www1.kkl.si\/sl\/wp-json\/wp\/v2\/pages\/4178\/revisions"}],"predecessor-version":[{"id":4191,"href":"https:\/\/www1.kkl.si\/sl\/wp-json\/wp\/v2\/pages\/4178\/revisions\/4191"}],"wp:attachment":[{"href":"https:\/\/www1.kkl.si\/sl\/wp-json\/wp\/v2\/media?parent=4178"}],"curies":[{"name":"wp","href":"https:\/\/api.w.org\/{rel}","templated":true}]}}