{"id":4337,"date":"2021-08-29T10:15:58","date_gmt":"2021-08-29T08:15:58","guid":{"rendered":"https:\/\/www1.kkl.si\/?page_id=4337"},"modified":"2021-08-30T18:18:20","modified_gmt":"2021-08-30T16:18:20","slug":"tedni-vsezivljenskega-ucenja-2021-nacionalno-odprtje-tednov-vsezivljenjskega-ucenja-2021","status":"publish","type":"page","link":"https:\/\/www1.kkl.si\/sl\/tedni-vsezivljenskega-ucenja-2021-nacionalno-odprtje-tednov-vsezivljenjskega-ucenja-2021\/","title":{"rendered":"TEDNI VSE\u017dIVLJENSKEGA U\u010cENJA 2021: Nacionalno odprtje Tednov vse\u017eivljenjskega u\u010denja 2021"},"content":{"rendered":"<div><img loading=\"lazy\" decoding=\"async\" class=\"izrez alignnone wp-image-4343 size-full\" src=\"https:\/\/www1.kkl.si\/wp-content\/uploads\/2021\/08\/TVU2021_glava.jpg\" alt=\"\" width=\"1200\" height=\"300\" srcset=\"https:\/\/www1.kkl.si\/wp-content\/uploads\/2021\/08\/TVU2021_glava.jpg 1200w, https:\/\/www1.kkl.si\/wp-content\/uploads\/2021\/08\/TVU2021_glava-400x100.jpg 400w\" sizes=\"auto, (max-width: 1200px) 100vw, 1200px\" \/><\/div>\n<div class=\"opis\"><strong><img loading=\"lazy\" decoding=\"async\" class=\"wp-image-1587 alignright\" title=\"Brezpla\u010dna prireditev\" src=\"https:\/\/www1.kkl.si\/wp-content\/uploads\/\/2020\/07\/spored_simb_brezplacna-1.svg\" sizes=\"auto, (max-width: 40px) 100vw, 40px\" srcset=\"https:\/\/www1.kkl.si\/wp-content\/uploads\/\/2020\/07\/spored_simb_brezplacna-1.svg 150w, https:\/\/www1.kkl.si\/wp-content\/uploads\/\/2020\/07\/spored_simb_brezplacna-1.svg 400w, https:\/\/www1.kkl.si\/wp-content\/uploads\/\/2020\/07\/spored_simb_brezplacna-1.svg 1500w, https:\/\/www1.kkl.si\/wp-content\/uploads\/\/2020\/07\/spored_simb_brezplacna-1.svg 100w\" alt=\"brezplacna\" width=\"40\" height=\"40\" \/><i class=\"fas fa-calendar\"><\/i> Petek, 3. 9. 2021 | <span class=\"zanr\">prireditev<\/span><br \/>\n<i class=\"fas fa-clock\"><\/i> 11.00<br \/>\n<\/strong><i class=\"fas fa-map-marker\"><\/i> Prizori\u0161\u010de: Gledali\u0161ka in koncertna dvorana Lendava<br \/>\n<i class=\"fas fa-chevron-circle-right\"><\/i> Organizator: <a href=\"https:\/\/www.lulendava.si\/\">Ljudska univerza Lendava-N\u00e9pi Egyetem Lendva<\/a><\/div>\n<p><em><a href=\"https:\/\/www1.kkl.si\/wp-content\/uploads\/2021\/08\/TVU2021_odprtje_plakat.jpg\" data-lbwps-width=\"1133\" data-lbwps-height=\"1605\" data-lbwps-srcsmall=\"https:\/\/www1.kkl.si\/wp-content\/uploads\/2021\/08\/TVU2021_odprtje_plakat-282x400.jpg\"><img loading=\"lazy\" decoding=\"async\" class=\"alignright size-medium wp-image-4245\" src=\"https:\/\/www1.kkl.si\/wp-content\/uploads\/2021\/08\/TVU2021_odprtje_plakat-282x400.jpg\" alt=\"\" width=\"282\" height=\"400\" srcset=\"https:\/\/www1.kkl.si\/wp-content\/uploads\/2021\/08\/TVU2021_odprtje_plakat-282x400.jpg 282w, https:\/\/www1.kkl.si\/wp-content\/uploads\/2021\/08\/TVU2021_odprtje_plakat-1059x1500.jpg 1059w, https:\/\/www1.kkl.si\/wp-content\/uploads\/2021\/08\/TVU2021_odprtje_plakat.jpg 1133w\" sizes=\"auto, (max-width: 282px) 100vw, 282px\" \/><\/a>Slovenija, u\u010de\u010da se de\u017eela, 6. sep.\u201310. okt. 2021<\/em><strong><br \/>\n<\/strong><i class=\"fas fa-link\"><\/i> <a href=\"https:\/\/tvu.acs.si\">https:\/\/tvu.acs.si<\/a><br \/>\n<i class=\"fas fa-link\"><\/i> <a href=\"https:\/\/www.lulendava.si\/\">https:\/\/www.lulendava.si\/<\/a><\/p>\n<p>Nacionalno odprtje Tednov vse\u017eivljenjskega u\u010denja 2021<br \/>\n<strong>3. september 2021 ob 11. uri<\/strong><br \/>\nGledali\u0161ka in koncertna dvorana Lendava<\/p>\n<p>\u2013 \u2013 \u2013<\/p>\n<p>Etnosikano puteripe kurkonesko sa e trajimaske si\u010darimasko<br \/>\n<strong>3. septemberi 2021, 11.00<\/strong><br \/>\nKulturako kher Lendava<\/p>\n<p>\u2013 \u2013 \u2013<\/p>\n<p><em>Praznujte z nami &#8211; tokrat spet V \u017dIVO!<\/em><\/p>\n<p>Pri\u010dakujemo vas:<br \/>\n\u2022 vidni govorci in podporniki vse\u017eivljenjskega u\u010denja,<br \/>\n\u2022 izvajalci ve\u010dnarodnostnega in ve\u010djezi\u010dnega kulturnega programa,<br \/>\n\u2022 zgledni u\u010de\u010di se \u2013 ambasadorji vse\u017eivljenjskega u\u010denja iz pomurske regije ter<br \/>\n\u2022 gostitelji \u2013 soustvarjalci dogodka: sodelavci Ljudske univerze Lendava, obmo\u010dnega koordinatorja, ter Andrago\u0161kega centra Slovenije, nacionalnega koordinatorja TVU.<\/p>\n<p>Prireditev bo potekala skladno z ukrepi za zajezitev \u0161irjenja novega koronavirusa, veljavnimi na dan prireditve.<\/p>\n<p>Prosimo, da ste na prizori\u0161\u010du pred 11. uro, \u0161e posebno, \u010de potrebujete testiranje za vstop v dvorano. Slednje bo zagotovljeno.<\/p>\n<p>Tako kot TVU v celoti je tudi nacionalno odprtje med spremljevalnimi dogodki slovenskega predsedovanja Svetu EU, kar prireditvi daje dodaten pomen.<\/p>\n<p>\u270d Udele\u017ebo prijavite v obrazcu na <a href=\"https:\/\/tvu.acs.si\/sl\/odprtje2021\">https:\/\/tvu.acs.si\/sl\/odprtje2021<\/a>.<\/p>\n<p><span style=\"font-size: 24px;\">PROGRAM<\/span><\/p>\n<p><a href=\"https:\/\/www1.kkl.si\/wp-content\/uploads\/2021\/08\/TVU_program.png\" data-lbwps-width=\"1448\" data-lbwps-height=\"2048\" data-lbwps-srcsmall=\"https:\/\/www1.kkl.si\/wp-content\/uploads\/2021\/08\/TVU_program-283x400.png\"><img loading=\"lazy\" decoding=\"async\" class=\"alignright size-medium wp-image-4459\" src=\"https:\/\/www1.kkl.si\/wp-content\/uploads\/2021\/08\/TVU_program.png\" alt=\"\" width=\"283\" height=\"400\" srcset=\"https:\/\/www1.kkl.si\/wp-content\/uploads\/2021\/08\/TVU_program.png 1448w, https:\/\/www1.kkl.si\/wp-content\/uploads\/2021\/08\/TVU_program-283x400.png 283w, https:\/\/www1.kkl.si\/wp-content\/uploads\/2021\/08\/TVU_program-1061x1500.png 1061w\" sizes=\"auto, (max-width: 283px) 100vw, 283px\" \/><\/a>Kulturni program <br \/>\n<strong>Vrtec Lendava, enota Gaberje<\/strong><br \/>\n<em>Cifra palota<\/em><br \/>\n<em>Ce si slabe volje<\/em><\/p>\n<p>Nagovor gostitelja<br \/>\n<strong>Janez Magyar<\/strong>, \u017eupan Ob\u010dine Lendava<\/p>\n<p>Kulturni program <br \/>\n<strong>Vokalna skupina Aeternum<\/strong><br \/>\n<em>Ne bodi kot drugi<\/em><\/p>\n<p>Otvoritveni nagovor <br \/>\n<strong>Mateja Ribi\u010d<\/strong>, dr\u017eavna sekretarka na Ministrstvu za delo, dru\u017eino, socialne zadeve in enake mo\u017enosti<\/p>\n<p>Kulturni program <br \/>\n<strong>P\u00e9ter P\u00e1l<\/strong><br \/>\n<em>Shallow<\/em><\/p>\n<p>Govor nacionalnega koordinatorja TVU<br \/>\n<strong>dr. Nata\u0161a Poto\u010dnik<\/strong>, direktorica\u00a0Andrago\u0161kega centra Slovenije<\/p>\n<p>Kulturni program <br \/>\n<strong>Romano glauso<\/strong><br \/>\n<em>La\u010dhi rat<\/em><\/p>\n<p>Slavnostni govor<br \/>\n<strong>\u0160tefan Kardo\u0161<\/strong>, pisatelj, dobitnik Kersnika in u\u010ditelj na DS\u0160 Lendava<\/p>\n<p>Podelitev priznanj 2021 &#8211; 1. del\u00a0<br \/>\n<strong>Ur\u0161ka Fartelj<\/strong>, Murska Sobota<br \/>\n<strong>Ferenc Horvath<\/strong>, Lendava<br \/>\n<strong>Cilka Jakelj<\/strong>, Ljutomer<\/p>\n<p>Kulturni program <br \/>\n<strong>P\u00e9ter P\u00e1l<\/strong><br \/>\n<em>Sz\u00e1zezer nap<\/em><\/p>\n<p>Podelitev priznanj 2021 &#8211; 2. del<br \/>\n<strong>Anna Car<\/strong>, Dobrovnik<br \/>\n<strong>Laura Kova\u010d<\/strong>, Lendava<\/p>\n<p>Zahvala soorganizatorja<br \/>\n<strong>Rahela Hojnik Kelenc<\/strong>, direktorica Ljudske univerze Lendava<\/p>\n<p>Kulturni program<br \/>\n<strong>Nina Brasseur<\/strong><br \/>\n<em>Med iskrenimi ljudmi<\/em><\/p>\n<p>Program povezujeta Sandi Horvat in Borut \u0160antak.<\/p>\n","protected":false},"excerpt":{"rendered":"<p>Petek, 3. 9. 2021 | prireditev 11.00 Prizori\u0161\u010de: Gledali\u0161ka in koncertna dvorana Lendava Organizator: Ljudska univerza Lendava-N\u00e9pi Egyetem Lendva Slovenija, u\u010de\u010da se de\u017eela, 6. sep.\u201310. okt. 2021 https:\/\/tvu.acs.si https:\/\/www.lulendava.si\/ Nacionalno odprtje Tednov vse\u017eivljenjskega u\u010denja 2021 3. september 2021 ob 11. uri Gledali\u0161ka in koncertna dvorana Lendava \u2013 \u2013 \u2013 Etnosikano puteripe kurkonesko sa e trajimaske [&hellip;]<\/p>\n","protected":false},"author":2,"featured_media":4245,"parent":0,"menu_order":0,"comment_status":"closed","ping_status":"closed","template":"","meta":{"footnotes":""},"class_list":["post-4337","page","type-page","status-publish","has-post-thumbnail","hentry","post","post-with-thumbnail","post-with-thumbnail-icon"],"_links":{"self":[{"href":"https:\/\/www1.kkl.si\/sl\/wp-json\/wp\/v2\/pages\/4337","targetHints":{"allow":["GET"]}}],"collection":[{"href":"https:\/\/www1.kkl.si\/sl\/wp-json\/wp\/v2\/pages"}],"about":[{"href":"https:\/\/www1.kkl.si\/sl\/wp-json\/wp\/v2\/types\/page"}],"author":[{"embeddable":true,"href":"https:\/\/www1.kkl.si\/sl\/wp-json\/wp\/v2\/users\/2"}],"replies":[{"embeddable":true,"href":"https:\/\/www1.kkl.si\/sl\/wp-json\/wp\/v2\/comments?post=4337"}],"version-history":[{"count":7,"href":"https:\/\/www1.kkl.si\/sl\/wp-json\/wp\/v2\/pages\/4337\/revisions"}],"predecessor-version":[{"id":4462,"href":"https:\/\/www1.kkl.si\/sl\/wp-json\/wp\/v2\/pages\/4337\/revisions\/4462"}],"wp:featuredmedia":[{"embeddable":true,"href":"https:\/\/www1.kkl.si\/sl\/wp-json\/wp\/v2\/media\/4245"}],"wp:attachment":[{"href":"https:\/\/www1.kkl.si\/sl\/wp-json\/wp\/v2\/media?parent=4337"}],"curies":[{"name":"wp","href":"https:\/\/api.w.org\/{rel}","templated":true}]}}