{"id":4404,"date":"2021-08-30T14:28:40","date_gmt":"2021-08-30T12:28:40","guid":{"rendered":"https:\/\/www1.kkl.si\/?page_id=4404"},"modified":"2021-08-30T19:36:47","modified_gmt":"2021-08-30T17:36:47","slug":"festival-vinarium-2021-novosadsko-srbski-etno-vecer","status":"publish","type":"page","link":"https:\/\/www1.kkl.si\/sl\/festival-vinarium-2021-novosadsko-srbski-etno-vecer\/","title":{"rendered":"Festival Vinarium 2021: Novosadsko-srbski etno ve\u010der"},"content":{"rendered":"<div><img loading=\"lazy\" decoding=\"async\" class=\"izrez alignnone wp-image-4414 size-full\" src=\"https:\/\/www1.kkl.si\/wp-content\/uploads\/2021\/08\/etno_vecer_novosadsko-srbski_glava.jpg\" alt=\"\" width=\"1200\" height=\"300\" srcset=\"https:\/\/www1.kkl.si\/wp-content\/uploads\/2021\/08\/etno_vecer_novosadsko-srbski_glava.jpg 1200w, https:\/\/www1.kkl.si\/wp-content\/uploads\/2021\/08\/etno_vecer_novosadsko-srbski_glava-400x100.jpg 400w\" sizes=\"auto, (max-width: 1200px) 100vw, 1200px\" \/><\/div>\n<div class=\"opis\"><strong><i class=\"fas fa-calendar\"><\/i> Sreda, 1. 9. 2021 | <span class=\"zanr\">kulturna prireditev<\/span><br \/>\n<i class=\"fas fa-clock\"><\/i> 18.00<br \/>\n<\/strong><i class=\"fas fa-map-marker\"><\/i> Prizori\u0161\u010de: Letni oder Gledali\u0161ke in koncertne dvorane Lendava<br \/>\n<i class=\"fas fa-chevron-circle-right\"><\/i> Organizatorja: KTD Novi Sad-Lendava in SKD Jovan Jovanovi\u0107 Zmaj<\/div>\n<p><a href=\"https:\/\/www1.kkl.si\/wp-content\/uploads\/2021\/08\/etno_vecer_novosadsko-srbski.jpg\" data-lbwps-width=\"679\" data-lbwps-height=\"960\" data-lbwps-srcsmall=\"https:\/\/www1.kkl.si\/wp-content\/uploads\/2021\/08\/etno_vecer_novosadsko-srbski-283x400.jpg\"><img loading=\"lazy\" decoding=\"async\" class=\"size-medium wp-image-4408 alignright\" src=\"https:\/\/www1.kkl.si\/wp-content\/uploads\/2021\/08\/etno_vecer_novosadsko-srbski-283x400.jpg\" alt=\"\" width=\"283\" height=\"400\" srcset=\"https:\/\/www1.kkl.si\/wp-content\/uploads\/2021\/08\/etno_vecer_novosadsko-srbski-283x400.jpg 283w, https:\/\/www1.kkl.si\/wp-content\/uploads\/2021\/08\/etno_vecer_novosadsko-srbski.jpg 679w\" sizes=\"auto, (max-width: 283px) 100vw, 283px\" \/><\/a>KTD Novi Sad-Lendava <br \/>\nv sodelovanju s SKD Jovan Jovanovi\u0107 Zmaj <br \/>\nvas vabita na Novosadsko-srbski etno ve\u010der, <br \/>\nki bo 1. 9. 2021, ob 18.00 <br \/>\nna letnem odru Gledali\u0161ke in koncertne dvorane v Lendavi.<\/p>\n<p><strong>Nastopajo:<\/strong><br \/>\n&#8211; folklorni nastop AKUD Milica Stojadinovi\u0107 Srpkinja<br \/>\n&#8211; pevski nastop zvezde Damiana Roia<\/p>\n<p>Za kulinari\u010dne dobrote bo poskrbelo Turisti\u010dno in okoljevarstveno dru\u0161tvo Peti\u0161ovci<\/p>\n<p><strong>Povezave:<\/strong><\/p>\n<p><i class=\"fas fa-link\"><\/i> <a href=\"http:\/\/lendava-lendva.si\/\">http:\/\/lendava-lendva.si\/<\/a><br \/>\n<i class=\"fas fa-link\"><\/i> <a href=\"https:\/\/www.lendava.si\/\">https:\/\/www.lendava.si\/<\/a><br \/>\n<i class=\"fas fa-link\"><\/i> <a href=\"http:\/\/www.zkd-lendava.com\/\">http:\/\/www.zkd-lendava.com\/<\/a><\/p>\n<hr \/>\n<p>NOVI SAD\u00a0 &#8211; promocijska slika<\/p>\n<p><a href=\"https:\/\/www1.kkl.si\/wp-content\/uploads\/2021\/08\/novi_sad.jpg\" data-lbwps-width=\"960\" data-lbwps-height=\"626\" data-lbwps-srcsmall=\"https:\/\/www1.kkl.si\/wp-content\/uploads\/2021\/08\/novi_sad-400x261.jpg\"><img loading=\"lazy\" decoding=\"async\" class=\"alignnone wp-image-4431\" src=\"https:\/\/www1.kkl.si\/wp-content\/uploads\/2021\/08\/novi_sad-960x626.jpg\" alt=\"\" width=\"1200\" height=\"783\" srcset=\"https:\/\/www1.kkl.si\/wp-content\/uploads\/2021\/08\/novi_sad.jpg 960w, https:\/\/www1.kkl.si\/wp-content\/uploads\/2021\/08\/novi_sad-400x261.jpg 400w\" sizes=\"auto, (max-width: 1200px) 100vw, 1200px\" \/><\/a><\/p>\n<p>LETAK<\/p>\n<p><a href=\"https:\/\/www1.kkl.si\/wp-content\/uploads\/2021\/08\/202108_letak_Fest_Vinarium_A5_SLO-1.jpg\" data-lbwps-width=\"1748\" data-lbwps-height=\"2480\" data-lbwps-srcsmall=\"https:\/\/www1.kkl.si\/wp-content\/uploads\/2021\/08\/202108_letak_Fest_Vinarium_A5_SLO-1-282x400.jpg\"><img loading=\"lazy\" decoding=\"async\" class=\"slika alignleft wp-image-4211\" src=\"https:\/\/www1.kkl.si\/wp-content\/uploads\/2021\/08\/202108_letak_Fest_Vinarium_A5_SLO-1-1057x1500.jpg\" alt=\"\" width=\"470\" height=\"667\" srcset=\"https:\/\/www1.kkl.si\/wp-content\/uploads\/2021\/08\/202108_letak_Fest_Vinarium_A5_SLO-1-1057x1500.jpg 1057w, https:\/\/www1.kkl.si\/wp-content\/uploads\/2021\/08\/202108_letak_Fest_Vinarium_A5_SLO-1-282x400.jpg 282w, https:\/\/www1.kkl.si\/wp-content\/uploads\/2021\/08\/202108_letak_Fest_Vinarium_A5_SLO-1.jpg 1748w\" sizes=\"auto, (max-width: 470px) 100vw, 470px\" \/><\/a><a href=\"https:\/\/www1.kkl.si\/wp-content\/uploads\/2021\/08\/202108_letak_Fest_Vinarium_A5_SLO-2.jpg\" data-lbwps-width=\"1748\" data-lbwps-height=\"2480\" data-lbwps-srcsmall=\"https:\/\/www1.kkl.si\/wp-content\/uploads\/2021\/08\/202108_letak_Fest_Vinarium_A5_SLO-2-282x400.jpg\"><img loading=\"lazy\" decoding=\"async\" class=\"slika alignleft wp-image-4213\" src=\"https:\/\/www1.kkl.si\/wp-content\/uploads\/2021\/08\/202108_letak_Fest_Vinarium_A5_SLO-2.jpg\" alt=\"\" width=\"470\" height=\"667\" srcset=\"https:\/\/www1.kkl.si\/wp-content\/uploads\/2021\/08\/202108_letak_Fest_Vinarium_A5_SLO-2.jpg 1748w, https:\/\/www1.kkl.si\/wp-content\/uploads\/2021\/08\/202108_letak_Fest_Vinarium_A5_SLO-2-282x400.jpg 282w, https:\/\/www1.kkl.si\/wp-content\/uploads\/2021\/08\/202108_letak_Fest_Vinarium_A5_SLO-2-1057x1500.jpg 1057w\" sizes=\"auto, (max-width: 470px) 100vw, 470px\" \/><\/a><\/p>\n","protected":false},"excerpt":{"rendered":"<p>Sreda, 1. 9. 2021 | kulturna prireditev 18.00 Prizori\u0161\u010de: Letni oder Gledali\u0161ke in koncertne dvorane Lendava Organizatorja: KTD Novi Sad-Lendava in SKD Jovan Jovanovi\u0107 Zmaj KTD Novi Sad-Lendava v sodelovanju s SKD Jovan Jovanovi\u0107 Zmaj vas vabita na Novosadsko-srbski etno ve\u010der, ki bo 1. 9. 2021, ob 18.00 na letnem odru Gledali\u0161ke in koncertne dvorane [&hellip;]<\/p>\n","protected":false},"author":2,"featured_media":4408,"parent":0,"menu_order":0,"comment_status":"closed","ping_status":"closed","template":"","meta":{"footnotes":""},"class_list":["post-4404","page","type-page","status-publish","has-post-thumbnail","hentry","post","post-with-thumbnail","post-with-thumbnail-icon"],"_links":{"self":[{"href":"https:\/\/www1.kkl.si\/sl\/wp-json\/wp\/v2\/pages\/4404","targetHints":{"allow":["GET"]}}],"collection":[{"href":"https:\/\/www1.kkl.si\/sl\/wp-json\/wp\/v2\/pages"}],"about":[{"href":"https:\/\/www1.kkl.si\/sl\/wp-json\/wp\/v2\/types\/page"}],"author":[{"embeddable":true,"href":"https:\/\/www1.kkl.si\/sl\/wp-json\/wp\/v2\/users\/2"}],"replies":[{"embeddable":true,"href":"https:\/\/www1.kkl.si\/sl\/wp-json\/wp\/v2\/comments?post=4404"}],"version-history":[{"count":17,"href":"https:\/\/www1.kkl.si\/sl\/wp-json\/wp\/v2\/pages\/4404\/revisions"}],"predecessor-version":[{"id":4466,"href":"https:\/\/www1.kkl.si\/sl\/wp-json\/wp\/v2\/pages\/4404\/revisions\/4466"}],"wp:featuredmedia":[{"embeddable":true,"href":"https:\/\/www1.kkl.si\/sl\/wp-json\/wp\/v2\/media\/4408"}],"wp:attachment":[{"href":"https:\/\/www1.kkl.si\/sl\/wp-json\/wp\/v2\/media?parent=4404"}],"curies":[{"name":"wp","href":"https:\/\/api.w.org\/{rel}","templated":true}]}}