{"id":4477,"date":"2021-08-31T10:18:46","date_gmt":"2021-08-31T08:18:46","guid":{"rendered":"https:\/\/www1.kkl.si\/?page_id=4477"},"modified":"2021-08-31T13:54:34","modified_gmt":"2021-08-31T11:54:34","slug":"spomin-na-izsa-hajosa-in-njegove-poti","status":"publish","type":"page","link":"https:\/\/www1.kkl.si\/sl\/spomin-na-izsa-hajosa-in-njegove-poti\/","title":{"rendered":"Spomin na Izsa Haj\u00f3sa in njegove poti"},"content":{"rendered":"<div><img loading=\"lazy\" decoding=\"async\" class=\"izrez alignnone wp-image-4387\" src=\"https:\/\/www1.kkl.si\/wp-content\/uploads\/2021\/08\/2021-09-05_EDJK2021_slo-1500x400.png\" alt=\"\" width=\"1200\" height=\"320\" srcset=\"https:\/\/www1.kkl.si\/wp-content\/uploads\/2021\/08\/2021-09-05_EDJK2021_slo.png 1500w, https:\/\/www1.kkl.si\/wp-content\/uploads\/2021\/08\/2021-09-05_EDJK2021_slo-400x107.png 400w\" sizes=\"auto, (max-width: 1200px) 100vw, 1200px\" \/><\/div>\n<div class=\"opis\"><strong><img loading=\"lazy\" decoding=\"async\" class=\"wp-image-1587 alignright\" title=\"Brezpla\u010dna prireditev\" src=\"https:\/\/www1.kkl.si\/wp-content\/uploads\/\/2020\/07\/spored_simb_brezplacna-1.svg\" sizes=\"auto, (max-width: 40px) 100vw, 40px\" srcset=\"https:\/\/www1.kkl.si\/wp-content\/uploads\/\/2020\/07\/spored_simb_brezplacna-1.svg 150w, https:\/\/www1.kkl.si\/wp-content\/uploads\/\/2020\/07\/spored_simb_brezplacna-1.svg 400w, https:\/\/www1.kkl.si\/wp-content\/uploads\/\/2020\/07\/spored_simb_brezplacna-1.svg 1500w, https:\/\/www1.kkl.si\/wp-content\/uploads\/\/2020\/07\/spored_simb_brezplacna-1.svg 100w\" alt=\"brezplacna\" width=\"40\" height=\"40\" \/><i class=\"fas fa-calendar\"><\/i> <span class=\"zanr\">Torek, 7. 9. 2021 | predavanje, pogovor<\/span><br \/>\n<i class=\"fas fa-clock\"><\/i> 18.00<br \/>\n<\/strong><i class=\"fas fa-map-marker\"><\/i> Prizori\u0161\u010de: Sinagoga Lendava<br \/>\n<i class=\"fas fa-chevron-circle-right\"><\/i> Organizator: <a href=\"https:\/\/www.kkl.si\/\">Knji\u017enica \u2013 Kulturni center Lendava \u2013 Lendvai K\u00f6nyvt\u00e1r \u00e9s Kultur\u00e1lis K\u00f6zpont<\/a><\/div>\n<p>Evropski dnevi judovske kulture 2021<\/p>\n<p><strong><span style=\"font-size: 24px;\">Spomin na Izsa Haj\u00f3sa in njegove poti,<\/span> <\/strong><br \/>\n<strong>pogovor z raziskovalcema dr.\u00a0Judit Z\u00e1gorec Csuka in Dejanom S\u00fc\u010dem<\/strong><\/p>\n<p>Izs\u00f3 Haj\u00f3s je bil prav gotovo ena od zanimivej\u0161ih oseb iz kulturne zgodovine Dolnje Lendave. Kljub temu, da je v mestu bival le nekaj let pa je zapustil svojevrstno literarno dedi\u0161\u010dino, ki bo predstavljena s strani pisateljice in raziskovalke dr. Judit Z\u00e1gorec Csuka.<\/p>\n<p>Dru\u017einsko ozadje ter \u017eivljenjska zgodba Izsa Haj\u00f3sa bosta predstavljena s strani zgodovinarja Dejana S\u00fc\u010da.<\/p>\n\n\t\t<style type=\"text\/css\">\n\t\t\t#gallery-1 {\n\t\t\t\tmargin: auto;\n\t\t\t}\n\t\t\t#gallery-1 .gallery-item {\n\t\t\t\tfloat: left;\n\t\t\t\tmargin-top: 10px;\n\t\t\t\ttext-align: center;\n\t\t\t\twidth: 50%;\n\t\t\t}\n\t\t\t#gallery-1 img {\n\t\t\t\tborder: 2px solid #cfcfcf;\n\t\t\t}\n\t\t\t#gallery-1 .gallery-caption {\n\t\t\t\tmargin-left: 0;\n\t\t\t}\n\t\t\t\/* see gallery_shortcode() in wp-includes\/media.php *\/\n\t\t<\/style>\n\t\t<div id='gallery-1' class='gallery galleryid-4477 gallery-columns-2 gallery-size-medium'><dl class='gallery-item'>\n\t\t\t<dt class='gallery-icon portrait'>\n\t\t\t\t<a href='https:\/\/www1.kkl.si\/wp-content\/uploads\/2021\/08\/hajos_izso.jpg'><img loading=\"lazy\" decoding=\"async\" width=\"289\" height=\"400\" src=\"https:\/\/www1.kkl.si\/wp-content\/uploads\/2021\/08\/hajos_izso-289x400.jpg\" class=\"attachment-medium size-medium\" alt=\"\" srcset=\"https:\/\/www1.kkl.si\/wp-content\/uploads\/2021\/08\/hajos_izso-289x400.jpg 289w, https:\/\/www1.kkl.si\/wp-content\/uploads\/2021\/08\/hajos_izso.jpg 1000w\" sizes=\"auto, (max-width: 289px) 100vw, 289px\" \/><\/a>\n\t\t\t<\/dt><\/dl><dl class='gallery-item'>\n\t\t\t<dt class='gallery-icon portrait'>\n\t\t\t\t<a href='https:\/\/www1.kkl.si\/wp-content\/uploads\/2021\/08\/plakat_OKNO_EDJK_2021_splet.jpg'><img loading=\"lazy\" decoding=\"async\" width=\"246\" height=\"400\" src=\"https:\/\/www1.kkl.si\/wp-content\/uploads\/2021\/08\/plakat_OKNO_EDJK_2021_splet-246x400.jpg\" class=\"attachment-medium size-medium\" alt=\"\" srcset=\"https:\/\/www1.kkl.si\/wp-content\/uploads\/2021\/08\/plakat_OKNO_EDJK_2021_splet-246x400.jpg 246w, https:\/\/www1.kkl.si\/wp-content\/uploads\/2021\/08\/plakat_OKNO_EDJK_2021_splet-923x1500.jpg 923w, https:\/\/www1.kkl.si\/wp-content\/uploads\/2021\/08\/plakat_OKNO_EDJK_2021_splet.jpg 1230w\" sizes=\"auto, (max-width: 246px) 100vw, 246px\" \/><\/a>\n\t\t\t<\/dt><\/dl><br style=\"clear: both\" \/>\n\t\t<\/div>\n\n<p>&nbsp;<\/p>\n","protected":false},"excerpt":{"rendered":"<p>Torek, 7. 9. 2021 | predavanje, pogovor 18.00 Prizori\u0161\u010de: Sinagoga Lendava Organizator: Knji\u017enica \u2013 Kulturni center Lendava \u2013 Lendvai K\u00f6nyvt\u00e1r \u00e9s Kultur\u00e1lis K\u00f6zpont Evropski dnevi judovske kulture 2021 Spomin na Izsa Haj\u00f3sa in njegove poti, pogovor z raziskovalcema dr.\u00a0Judit Z\u00e1gorec Csuka in Dejanom S\u00fc\u010dem Izs\u00f3 Haj\u00f3s je bil prav gotovo ena od zanimivej\u0161ih oseb iz [&hellip;]<\/p>\n","protected":false},"author":2,"featured_media":0,"parent":0,"menu_order":0,"comment_status":"closed","ping_status":"closed","template":"","meta":{"footnotes":""},"class_list":["post-4477","page","type-page","status-publish","hentry","post"],"_links":{"self":[{"href":"https:\/\/www1.kkl.si\/sl\/wp-json\/wp\/v2\/pages\/4477","targetHints":{"allow":["GET"]}}],"collection":[{"href":"https:\/\/www1.kkl.si\/sl\/wp-json\/wp\/v2\/pages"}],"about":[{"href":"https:\/\/www1.kkl.si\/sl\/wp-json\/wp\/v2\/types\/page"}],"author":[{"embeddable":true,"href":"https:\/\/www1.kkl.si\/sl\/wp-json\/wp\/v2\/users\/2"}],"replies":[{"embeddable":true,"href":"https:\/\/www1.kkl.si\/sl\/wp-json\/wp\/v2\/comments?post=4477"}],"version-history":[{"count":4,"href":"https:\/\/www1.kkl.si\/sl\/wp-json\/wp\/v2\/pages\/4477\/revisions"}],"predecessor-version":[{"id":4508,"href":"https:\/\/www1.kkl.si\/sl\/wp-json\/wp\/v2\/pages\/4477\/revisions\/4508"}],"wp:attachment":[{"href":"https:\/\/www1.kkl.si\/sl\/wp-json\/wp\/v2\/media?parent=4477"}],"curies":[{"name":"wp","href":"https:\/\/api.w.org\/{rel}","templated":true}]}}