{"id":4537,"date":"2021-09-03T09:03:23","date_gmt":"2021-09-03T07:03:23","guid":{"rendered":"https:\/\/www1.kkl.si\/?page_id=4537"},"modified":"2021-09-03T13:30:39","modified_gmt":"2021-09-03T11:30:39","slug":"vokalni-ansambel-elinor","status":"publish","type":"page","link":"https:\/\/www1.kkl.si\/sl\/vokalni-ansambel-elinor\/","title":{"rendered":"Vokalni ansambel Elinor"},"content":{"rendered":"<div><img loading=\"lazy\" decoding=\"async\" class=\"izrez alignnone wp-image-4541 size-full\" src=\"https:\/\/www1.kkl.si\/wp-content\/uploads\/2021\/09\/elinor_glava.jpg\" alt=\"\" width=\"1200\" height=\"300\" srcset=\"https:\/\/www1.kkl.si\/wp-content\/uploads\/2021\/09\/elinor_glava.jpg 1200w, https:\/\/www1.kkl.si\/wp-content\/uploads\/2021\/09\/elinor_glava-400x100.jpg 400w\" sizes=\"auto, (max-width: 1200px) 100vw, 1200px\" \/><\/div>\n<div class=\"opis\"><strong><img loading=\"lazy\" decoding=\"async\" class=\"wp-image-1587 alignright\" title=\"Brezpla\u010dna prireditev\" src=\"https:\/\/www1.kkl.si\/wp-content\/uploads\/\/2020\/07\/spored_simb_brezplacna-1.svg\" sizes=\"auto, (max-width: 40px) 100vw, 40px\" srcset=\"https:\/\/www1.kkl.si\/wp-content\/uploads\/\/2020\/07\/spored_simb_brezplacna-1.svg 150w, https:\/\/www1.kkl.si\/wp-content\/uploads\/\/2020\/07\/spored_simb_brezplacna-1.svg 400w, https:\/\/www1.kkl.si\/wp-content\/uploads\/\/2020\/07\/spored_simb_brezplacna-1.svg 1500w, https:\/\/www1.kkl.si\/wp-content\/uploads\/\/2020\/07\/spored_simb_brezplacna-1.svg 100w\" alt=\"brezplacna\" width=\"40\" height=\"40\" \/><i class=\"fas fa-calendar\"><\/i> \u010cetrtek, 9. 9. 2021 | <span class=\"zanr\">koncert<\/span><br \/>\n<i class=\"fas fa-clock\"><\/i> 19.00<br \/>\n<\/strong><i class=\"fas fa-map-marker\"><\/i> Prizori\u0161\u010de: Sinagoga Lendava<br \/>\n<i class=\"fas fa-chevron-circle-right\"><\/i> Organizator: <a href=\"https:\/\/www.kkl.si\/\">Knji\u017enica \u2013 Kulturni center Lendava \u2013 Lendvai K\u00f6nyvt\u00e1r \u00e9s Kultur\u00e1lis K\u00f6zpont<\/a> <br \/>\n<i class=\"fas fa-ticket-alt\"><\/i> Vstop je brezpla\u010den<\/div>\n<p><span style=\"font-size: 24px;\"><a href=\"https:\/\/www1.kkl.si\/wp-content\/uploads\/2021\/07\/plakat_B2_poleti_v_lendavo_filmi_2021_1500px.jpg\" data-lbwps-width=\"1222\" data-lbwps-height=\"1700\" data-lbwps-srcsmall=\"https:\/\/www1.kkl.si\/wp-content\/uploads\/2021\/07\/plakat_B2_poleti_v_lendavo_filmi_2021_1500px-288x400.jpg\"><img loading=\"lazy\" decoding=\"async\" class=\"slika alignright wp-image-3388 size-medium\" src=\"https:\/\/www1.kkl.si\/wp-content\/uploads\/2021\/07\/plakat_B2_poleti_v_lendavo_filmi_2021_1500px-288x400.jpg\" alt=\"\" width=\"288\" height=\"400\" srcset=\"https:\/\/www1.kkl.si\/wp-content\/uploads\/2021\/07\/plakat_B2_poleti_v_lendavo_filmi_2021_1500px-288x400.jpg 288w, https:\/\/www1.kkl.si\/wp-content\/uploads\/2021\/07\/plakat_B2_poleti_v_lendavo_filmi_2021_1500px-1078x1500.jpg 1078w, https:\/\/www1.kkl.si\/wp-content\/uploads\/2021\/07\/plakat_B2_poleti_v_lendavo_filmi_2021_1500px.jpg 1222w\" sizes=\"auto, (max-width: 288px) 100vw, 288px\" \/><\/a>KONCERT \/<strong> TRENUTEK<\/strong><\/span><br \/>\n<em><span style=\"font-size: 24px;\">Uglasbena poezija slovenskih avtorjev<\/span><\/em><\/p>\n<p>Vokalni ansambel Elinor deluje pod okriljem Bazilike Matere Usmiljenja v Mariboru. Zbrani pevci in pevke izvajajo koncertne sporede, primerne za kvalitetno obogatitev sakralnih, protokolarnih, koncertnih in drugih dogodkov. Sestav poustvarja pod umetni\u0161kim vodstvom Roberta Fegu\u0161a in stremi k doseganju pevskega izvajanja, ki omogo\u010da snemanje tematsko razvr\u0161\u010denih programov, koncertiranje v odli\u010dnih dvoranah ter sodelovanje na dr\u017eavnih in mednarodnih glasbenih festivalih.<\/p>\n<p><strong>ZASEDBA<\/strong><\/p>\n<p>Pia Rener &#8211; sopran<br \/>\nAldina Clarisa Ban &#8211; alt,3<br \/>\nLea Arnej\u010di\u010d &#8211; alt<br \/>\nLuka Gojko\u0161ek &#8211; bariton<br \/>\nKristjan Furman &#8211; bas<br \/>\nRobert Fegu\u0161 &#8211; tenor<br \/>\nMarko \u017dagar &#8211; bas<\/p>\n<p><strong>PROGRAM<\/strong><\/p>\n<p>Tokratni program obsega uglasbeno poezijo Sre\u010dka Kosovela, Josipa Murna, Antona Medveda, Toneta Kuntnerja in Antona Martina Slom\u0161ka.<\/p>\n<p>Poeti\u010dno govorico so glasbeno opremili doma\u010di skladatelji Marij Kogoj, Vilko Ukmar, Samo Vrem\u0161ak, Alojz Srebotnjak, Anton Lajovic in Luka Gojko\u0161ek.<\/p>\n<p>VIDEO<\/p>\n<div class=\"_90jj\"><i class=\"fab fa-facebook-square\"><\/i> <a href=\"http:\/\/www.facebook.com\/watch\/?v=574518793215004\">www.facebook.com\/watch\/?v=574518793215004<\/a><\/div>\n<div>\n<div class=\"_90jj\"><i class=\"fab fa-facebook-square\"><\/i> <a href=\"https:\/\/www.facebook.com\/elinor.ensemble\/videos\/574518793215004\/\">https:\/\/www.facebook.com\/elinor.ensemble\/videos\/574518793215004\/<\/a><\/div>\n<\/div>\n<p><iframe loading=\"lazy\" src=\"\/\/player.vimeo.com\/video\/487539367?title=0&amp;amp;byline=0\" width=\"1200\" height=\"670\" allowfullscreen=\"allowfullscreen\"><span style=\"display: inline-block; width: 0px; overflow: hidden; line-height: 0;\" data-mce-type=\"bookmark\" class=\"mce_SELRES_start\">\ufeff<\/span><span style=\"display: inline-block; width: 0px; overflow: hidden; line-height: 0;\" data-mce-type=\"bookmark\" class=\"mce_SELRES_start\">\ufeff<\/span><span style=\"display: inline-block; width: 0px; overflow: hidden; line-height: 0;\" data-mce-type=\"bookmark\" class=\"mce_SELRES_start\">\ufeff<\/span><\/iframe><\/p>\n<hr \/>\n<p><i class=\"fas fa-link\"><\/i> <a href=\"https:\/\/petje.pro\/ansambel\/dobrodosli.html\">https:\/\/petje.pro\/ansambel\/dobrodosli.html<\/a><\/p>\n<hr \/>\n<p>FOTOGRAFIJE<\/p>\n\n\t\t<style type=\"text\/css\">\n\t\t\t#gallery-1 {\n\t\t\t\tmargin: auto;\n\t\t\t}\n\t\t\t#gallery-1 .gallery-item {\n\t\t\t\tfloat: left;\n\t\t\t\tmargin-top: 10px;\n\t\t\t\ttext-align: center;\n\t\t\t\twidth: 33%;\n\t\t\t}\n\t\t\t#gallery-1 img {\n\t\t\t\tborder: 2px solid #cfcfcf;\n\t\t\t}\n\t\t\t#gallery-1 .gallery-caption {\n\t\t\t\tmargin-left: 0;\n\t\t\t}\n\t\t\t\/* see gallery_shortcode() in wp-includes\/media.php *\/\n\t\t<\/style>\n\t\t<div id='gallery-1' class='gallery galleryid-4537 gallery-columns-3 gallery-size-thumbnail'><dl class='gallery-item'>\n\t\t\t<dt class='gallery-icon landscape'>\n\t\t\t\t<a href='https:\/\/www1.kkl.si\/wp-content\/uploads\/2021\/09\/elinor.jpg'><img loading=\"lazy\" decoding=\"async\" width=\"150\" height=\"150\" src=\"https:\/\/www1.kkl.si\/wp-content\/uploads\/2021\/09\/elinor-150x150.jpg\" class=\"attachment-thumbnail size-thumbnail\" alt=\"\" \/><\/a>\n\t\t\t<\/dt><\/dl><dl class='gallery-item'>\n\t\t\t<dt class='gallery-icon landscape'>\n\t\t\t\t<a href='https:\/\/www1.kkl.si\/wp-content\/uploads\/2021\/09\/elinor_slika.png'><img loading=\"lazy\" decoding=\"async\" width=\"150\" height=\"150\" src=\"https:\/\/www1.kkl.si\/wp-content\/uploads\/2021\/09\/elinor_slika-150x150.png\" class=\"attachment-thumbnail size-thumbnail\" alt=\"\" srcset=\"https:\/\/www1.kkl.si\/wp-content\/uploads\/2021\/09\/elinor_slika-150x150.png 150w, https:\/\/www1.kkl.si\/wp-content\/uploads\/2021\/09\/elinor_slika-400x400.png 400w, https:\/\/www1.kkl.si\/wp-content\/uploads\/2021\/09\/elinor_slika-1500x1500.png 1500w, https:\/\/www1.kkl.si\/wp-content\/uploads\/2021\/09\/elinor_slika.png 1734w\" sizes=\"auto, (max-width: 150px) 100vw, 150px\" \/><\/a>\n\t\t\t<\/dt><\/dl><dl class='gallery-item'>\n\t\t\t<dt class='gallery-icon landscape'>\n\t\t\t\t<a href='https:\/\/www1.kkl.si\/wp-content\/uploads\/2021\/09\/vokalni_ansambel_elinor1.jpg'><img loading=\"lazy\" decoding=\"async\" width=\"150\" height=\"150\" src=\"https:\/\/www1.kkl.si\/wp-content\/uploads\/2021\/09\/vokalni_ansambel_elinor1-150x150.jpg\" class=\"attachment-thumbnail size-thumbnail\" alt=\"\" \/><\/a>\n\t\t\t<\/dt><\/dl><br style=\"clear: both\" \/>\n\t\t<\/div>\n\n<p><img loading=\"lazy\" decoding=\"async\" class=\"alignnone wp-image-3492\" src=\"https:\/\/www1.kkl.si\/wp-content\/uploads\/2021\/07\/2021_07_27_poleti_v_lendavo_2021_2plakat.png\" alt=\"\" width=\"1200\" height=\"320\" srcset=\"https:\/\/www1.kkl.si\/wp-content\/uploads\/2021\/07\/2021_07_27_poleti_v_lendavo_2021_2plakat.png 1500w, https:\/\/www1.kkl.si\/wp-content\/uploads\/2021\/07\/2021_07_27_poleti_v_lendavo_2021_2plakat-400x107.png 400w\" sizes=\"auto, (max-width: 1200px) 100vw, 1200px\" \/><\/p>\n","protected":false},"excerpt":{"rendered":"<p>\u010cetrtek, 9. 9. 2021 | koncert 19.00 Prizori\u0161\u010de: Sinagoga Lendava Organizator: Knji\u017enica \u2013 Kulturni center Lendava \u2013 Lendvai K\u00f6nyvt\u00e1r \u00e9s Kultur\u00e1lis K\u00f6zpont Vstop je brezpla\u010den KONCERT \/ TRENUTEK Uglasbena poezija slovenskih avtorjev Vokalni ansambel Elinor deluje pod okriljem Bazilike Matere Usmiljenja v Mariboru. Zbrani pevci in pevke izvajajo koncertne sporede, primerne za kvalitetno obogatitev sakralnih, [&hellip;]<\/p>\n","protected":false},"author":2,"featured_media":4547,"parent":0,"menu_order":0,"comment_status":"closed","ping_status":"closed","template":"","meta":{"footnotes":""},"class_list":["post-4537","page","type-page","status-publish","has-post-thumbnail","hentry","post","post-with-thumbnail","post-with-thumbnail-icon"],"_links":{"self":[{"href":"https:\/\/www1.kkl.si\/sl\/wp-json\/wp\/v2\/pages\/4537","targetHints":{"allow":["GET"]}}],"collection":[{"href":"https:\/\/www1.kkl.si\/sl\/wp-json\/wp\/v2\/pages"}],"about":[{"href":"https:\/\/www1.kkl.si\/sl\/wp-json\/wp\/v2\/types\/page"}],"author":[{"embeddable":true,"href":"https:\/\/www1.kkl.si\/sl\/wp-json\/wp\/v2\/users\/2"}],"replies":[{"embeddable":true,"href":"https:\/\/www1.kkl.si\/sl\/wp-json\/wp\/v2\/comments?post=4537"}],"version-history":[{"count":17,"href":"https:\/\/www1.kkl.si\/sl\/wp-json\/wp\/v2\/pages\/4537\/revisions"}],"predecessor-version":[{"id":4579,"href":"https:\/\/www1.kkl.si\/sl\/wp-json\/wp\/v2\/pages\/4537\/revisions\/4579"}],"wp:featuredmedia":[{"embeddable":true,"href":"https:\/\/www1.kkl.si\/sl\/wp-json\/wp\/v2\/media\/4547"}],"wp:attachment":[{"href":"https:\/\/www1.kkl.si\/sl\/wp-json\/wp\/v2\/media?parent=4537"}],"curies":[{"name":"wp","href":"https:\/\/api.w.org\/{rel}","templated":true}]}}