{"id":4807,"date":"2021-09-21T09:18:01","date_gmt":"2021-09-21T07:18:01","guid":{"rendered":"https:\/\/www1.kkl.si\/?page_id=4807"},"modified":"2022-12-15T16:39:43","modified_gmt":"2022-12-15T15:39:43","slug":"spored-2021-10","status":"publish","type":"page","link":"https:\/\/www1.kkl.si\/sl\/spored-2021-10\/","title":{"rendered":"SPORED: oktober 2021"},"content":{"rendered":"<p><strong>Leto 2021:<\/strong> <a href=\"https:\/\/www1.kkl.si\/sl\/spored-2021-06\/\">junij<\/a> | <a href=\"https:\/\/www1.kkl.si\/sl\/spored-2021-07\/\">julij<\/a> | <a href=\"https:\/\/www1.kkl.si\/sl\/spored-2021-08\/\">avgust<\/a> | <a href=\"https:\/\/www1.kkl.si\/sl\/spored-2021-09\/\">september<\/a> | <a href=\"https:\/\/www1.kkl.si\/sl\/spored-2021-10\/\">oktober<\/a> | <a href=\"https:\/\/www1.kkl.si\/sl\/spored-2021-11\/\">november<\/a> | <a href=\"https:\/\/www1.kkl.si\/sl\/spored-2021-12\/\">december<\/a> | <a href=\"https:\/\/www1.kkl.si\/sl\/arhiv-sporeda\/\">ARHIV<\/a><\/p>\n<table id=\"spored-legenda\" cellspacing=\"0\" cellpadding=\"5\">\n<tbody>\n<tr>\n<td><strong>LEGENDA<br \/>\nSIMBOLOV<\/strong><\/td>\n<td style=\"vertical-align: middle;\"><img loading=\"lazy\" decoding=\"async\" title=\"Slovenski abonma\" src=\"https:\/\/www1.kkl.si\/wp-content\/uploads\/2020\/07\/spored_simb_abonma_si-1.svg\" alt=\"abonma_si\" width=\"30\" height=\"30\" \/><\/td>\n<td>Slovenski<br \/>\nabonma<\/td>\n<td style=\"vertical-align: middle;\"><img loading=\"lazy\" decoding=\"async\" title=\"Mad\u017earski abonma\" src=\"https:\/\/www1.kkl.si\/wp-content\/uploads\/2020\/07\/spored_simb_abonma_hu-1.svg\" alt=\"abonma_hu\" width=\"30\" height=\"30\" \/><\/td>\n<td>Mad\u017earski<br \/>\nabonma<\/td>\n<td style=\"vertical-align: middle;\"><img loading=\"lazy\" decoding=\"async\" title=\"Zaklju\u010dena prireditev\" src=\"https:\/\/www1.kkl.si\/wp-content\/uploads\/2020\/07\/spored_simb_zakljucena-1.svg\" alt=\"zakljucena\" width=\"30\" height=\"30\" \/><\/td>\n<td>Zaklju\u010dena<br \/>\nprireditev<\/td>\n<td style=\"vertical-align: middle;\"><img loading=\"lazy\" decoding=\"async\" title=\"Brezpla\u010dna prireditev\" src=\"https:\/\/www1.kkl.si\/wp-content\/uploads\/2020\/07\/spored_simb_brezplacna-1.svg\" alt=\"brezplacna\" width=\"30\" height=\"30\" \/><\/td>\n<td>Brezpla\u010dna<br \/>\nprireditev<\/td>\n<td style=\"vertical-align: middle;\"><img loading=\"lazy\" decoding=\"async\" title=\"Pla\u010dljiva prireditev\" src=\"https:\/\/www1.kkl.si\/wp-content\/uploads\/2020\/07\/spored_simb_placljiva-1.svg\" alt=\"placljiva\" width=\"30\" height=\"30\" \/><\/td>\n<td>Pla\u010dljiva<br \/>\nprireditev<\/td>\n<td style=\"vertical-align: middle;\"><img loading=\"lazy\" decoding=\"async\" title=\"Novost, sprememba\" src=\"https:\/\/www1.kkl.si\/wp-content\/uploads\/2020\/07\/spored_simb_novost-1.svg\" alt=\"novost\" width=\"30\" height=\"30\" \/><\/td>\n<td>Novost,<br \/>\nsprememba<\/td>\n<\/tr>\n<\/tbody>\n<\/table>\n<table style=\"border-collapse: collapse; width: 100%;\">\n<tbody>\n<tr>\n<td style=\"width: 9.98238%;\">\n<h6><a id=\"okt01\"><\/a>1.<\/h6>\n<\/td>\n<td style=\"width: 89.9589%;\">\n<p><strong><a href=\"https:\/\/www1.kkl.si\/wp-content\/uploads\/2021\/09\/plakat_B2_ABONMA_tadej_tos_2021_splet.jpg\" data-lbwps-width=\"1437\" data-lbwps-height=\"2000\" data-lbwps-srcsmall=\"https:\/\/www1.kkl.si\/wp-content\/uploads\/2021\/09\/plakat_B2_ABONMA_tadej_tos_2021_splet-287x400.jpg\"><img loading=\"lazy\" decoding=\"async\" class=\"alignright wp-image-4835\" src=\"https:\/\/www1.kkl.si\/wp-content\/uploads\/2021\/09\/plakat_B2_ABONMA_tadej_tos_2021_splet-287x400.jpg\" alt=\"\" width=\"150\" height=\"209\" srcset=\"https:\/\/www1.kkl.si\/wp-content\/uploads\/2021\/09\/plakat_B2_ABONMA_tadej_tos_2021_splet-287x400.jpg 287w, https:\/\/www1.kkl.si\/wp-content\/uploads\/2021\/09\/plakat_B2_ABONMA_tadej_tos_2021_splet-1078x1500.jpg 1078w, https:\/\/www1.kkl.si\/wp-content\/uploads\/2021\/09\/plakat_B2_ABONMA_tadej_tos_2021_splet.jpg 1437w\" sizes=\"auto, (max-width: 150px) 100vw, 150px\" \/><\/a><i class=\"fas fa-calendar\"><\/i> Petek, 1. 10. 2021 | <span class=\"zanr\">SLOVENSKI ABONMA: stand up komedija<\/span><img loading=\"lazy\" decoding=\"async\" class=\"wp-image-1591 alignright\" title=\"Pla\u010dljiva prireditev\" src=\"https:\/\/www1.kkl.si\/wp-content\/uploads\/2020\/07\/spored_simb_placljiva-1.svg\" alt=\"placljiva\" width=\"40\" height=\"40\" srcset=\"https:\/\/www1.kkl.si\/wp-content\/uploads\/\/2020\/07\/spored_simb_placljiva-1.svg 150w, https:\/\/www1.kkl.si\/wp-content\/uploads\/\/2020\/07\/spored_simb_placljiva-1.svg 400w, https:\/\/www1.kkl.si\/wp-content\/uploads\/\/2020\/07\/spored_simb_placljiva-1.svg 1500w, https:\/\/www1.kkl.si\/wp-content\/uploads\/\/2020\/07\/spored_simb_placljiva-1.svg 100w\" sizes=\"auto, (max-width: 40px) 100vw, 40px\" \/><img loading=\"lazy\" decoding=\"async\" class=\"wp-image-1585 alignright\" title=\"Slovenski abonma\" src=\"https:\/\/www1.kkl.si\/wp-content\/uploads\/2020\/07\/spored_simb_abonma_si-1.svg\" alt=\"abonma_si\" width=\"40\" height=\"40\" srcset=\"https:\/\/www1.kkl.si\/wp-content\/uploads\/\/2020\/07\/spored_simb_abonma_si-1.svg 150w, https:\/\/www1.kkl.si\/wp-content\/uploads\/\/2020\/07\/spored_simb_abonma_si-1.svg 400w, https:\/\/www1.kkl.si\/wp-content\/uploads\/\/2020\/07\/spored_simb_abonma_si-1.svg 1500w, https:\/\/www1.kkl.si\/wp-content\/uploads\/\/2020\/07\/spored_simb_abonma_si-1.svg 100w\" sizes=\"auto, (max-width: 40px) 100vw, 40px\" \/><br \/>\n<i class=\"fas fa-clock\"><\/i> 19.00<\/strong><\/p>\n<p><a href=\"https:\/\/www1.kkl.si\/sl\/tadej-tos-jela-nas-korona\/\"><span style=\"font-size: 28px;\"><strong>Tadej To\u0161: Je**la nas korona<\/strong><\/span><\/a><\/p>\n<p><i class=\"fas fa-ticket-alt\"><\/i> Cena vstopnice v predprodaji: <strong>10 \u20ac<\/strong><br \/>\n<i class=\"fas fa-ticket-alt\"><\/i> Na dan predstave: <strong>12 \u20ac<\/strong><br \/>\n<i class=\"fas fa-map-marker\"><\/i> Prizori\u0161\u010de: Gledali\u0161ka in koncertna dvorana Lendava<br \/>\n<i class=\"fas fa-chevron-circle-right\"><\/i> Organizator: <a href=\"https:\/\/www.kkl.si\/\">Knji\u017enica \u2013 Kulturni center Lendava \u2013 Lendvai K\u00f6nyvt\u00e1r \u00e9s Kultur\u00e1lis K\u00f6zpont<\/a><\/p>\n<\/td>\n<\/tr>\n<tr>\n<td style=\"width: 9.98238%;\">\n<h6><a id=\"okt05\"><\/a>5.<\/h6>\n<\/td>\n<td style=\"width: 89.9589%;\">\n<p><strong><a href=\"https:\/\/www1.kkl.si\/wp-content\/uploads\/2021\/09\/Vabilo_Pal_Franc_splet.jpg\" data-lbwps-width=\"1666\" data-lbwps-height=\"2500\" data-lbwps-srcsmall=\"https:\/\/www1.kkl.si\/wp-content\/uploads\/2021\/09\/Vabilo_Pal_Franc_splet-267x400.jpg\"><img loading=\"lazy\" decoding=\"async\" class=\"slika alignright wp-image-4956\" src=\"https:\/\/www1.kkl.si\/wp-content\/uploads\/2021\/09\/Vabilo_Pal_Franc_splet-267x400.jpg\" alt=\"\" width=\"150\" height=\"225\" srcset=\"https:\/\/www1.kkl.si\/wp-content\/uploads\/2021\/09\/Vabilo_Pal_Franc_splet-267x400.jpg 267w, https:\/\/www1.kkl.si\/wp-content\/uploads\/2021\/09\/Vabilo_Pal_Franc_splet-1000x1500.jpg 1000w, https:\/\/www1.kkl.si\/wp-content\/uploads\/2021\/09\/Vabilo_Pal_Franc_splet.jpg 1666w\" sizes=\"auto, (max-width: 150px) 100vw, 150px\" \/><\/a><img loading=\"lazy\" decoding=\"async\" class=\"wp-image-1587 alignright\" title=\"Brezpla\u010dna prireditev\" src=\"https:\/\/www1.kkl.si\/wp-content\/uploads\/2020\/07\/spored_simb_brezplacna-1.svg\" alt=\"brezplacna\" width=\"40\" height=\"40\" srcset=\"https:\/\/www1.kkl.si\/wp-content\/uploads\/\/2020\/07\/spored_simb_brezplacna-1.svg 150w, https:\/\/www1.kkl.si\/wp-content\/uploads\/\/2020\/07\/spored_simb_brezplacna-1.svg 400w, https:\/\/www1.kkl.si\/wp-content\/uploads\/\/2020\/07\/spored_simb_brezplacna-1.svg 1500w, https:\/\/www1.kkl.si\/wp-content\/uploads\/\/2020\/07\/spored_simb_brezplacna-1.svg 100w\" sizes=\"auto, (max-width: 40px) 100vw, 40px\" \/><i class=\"fas fa-calendar\"><\/i> Torek, 5. 10. 2021 | <span class=\"zanr\">RAZSTAVA<\/span><br \/>\n<i class=\"fas fa-clock\"><\/i> 18.00<\/strong><\/p>\n<p><a href=\"https:\/\/www1.kkl.si\/sl\/predstavitev-lesenih-izdelkov-modelarja-franca-pala\/\"><span style=\"font-size: 28px;\"><strong>Predstavitev lesenih izdelkov modelarja Franca Pala<\/strong><\/span><\/a><\/p>\n<p><i class=\"fas fa-map-marker\"><\/i> Prizori\u0161\u010de: preddverje Gledali\u0161ke in koncertne dvorane Lendava<br \/>\n<i class=\"fas fa-chevron-circle-right\"><\/i> Organizator: <a href=\"http:\/\/www.zkd-lendava.com\/\">ZKD Lendava-KKSz Lendva<\/a><\/p>\n<\/td>\n<\/tr>\n<tr>\n<td style=\"width: 9.98238%;\">\n<h6><a id=\"okt18\"><\/a>17.<\/h6>\n<\/td>\n<td style=\"width: 89.9589%;\">\n<p><strong><a href=\"https:\/\/www1.kkl.si\/wp-content\/uploads\/2021\/10\/osamostvojitev_enotni_v_zmagi.jpg\" data-lbwps-width=\"980\" data-lbwps-height=\"720\" data-lbwps-srcsmall=\"https:\/\/www1.kkl.si\/wp-content\/uploads\/2021\/10\/osamostvojitev_enotni_v_zmagi-400x294.jpg\"><img loading=\"lazy\" decoding=\"async\" class=\"alignright wp-image-5085\" src=\"https:\/\/www1.kkl.si\/wp-content\/uploads\/2021\/10\/osamostvojitev_enotni_v_zmagi-400x294.jpg\" alt=\"\" width=\"150\" height=\"110\" srcset=\"https:\/\/www1.kkl.si\/wp-content\/uploads\/2021\/10\/osamostvojitev_enotni_v_zmagi-400x294.jpg 400w, https:\/\/www1.kkl.si\/wp-content\/uploads\/2021\/10\/osamostvojitev_enotni_v_zmagi.jpg 980w\" sizes=\"auto, (max-width: 150px) 100vw, 150px\" \/><\/a><img loading=\"lazy\" decoding=\"async\" class=\"wp-image-1587 alignright\" title=\"Brezpla\u010dna prireditev\" src=\"https:\/\/www1.kkl.si\/wp-content\/uploads\/2020\/07\/spored_simb_brezplacna-1.svg\" alt=\"brezplacna\" width=\"40\" height=\"40\" srcset=\"https:\/\/www1.kkl.si\/wp-content\/uploads\/\/2020\/07\/spored_simb_brezplacna-1.svg 150w, https:\/\/www1.kkl.si\/wp-content\/uploads\/\/2020\/07\/spored_simb_brezplacna-1.svg 400w, https:\/\/www1.kkl.si\/wp-content\/uploads\/\/2020\/07\/spored_simb_brezplacna-1.svg 1500w, https:\/\/www1.kkl.si\/wp-content\/uploads\/\/2020\/07\/spored_simb_brezplacna-1.svg 100w\" sizes=\"auto, (max-width: 40px) 100vw, 40px\" \/><i class=\"fas fa-calendar\"><\/i> Nedelja, 17. 10. 2021 | <span class=\"zanr\">kulturna prireditev<\/span><br \/>\n<i class=\"fas fa-clock\"><\/i> 17.00<\/strong><\/p>\n<p>Prireditev ob 30. obletnici slovenske dr\u017eavnosti in dnevu suverenosti<br \/>\n<a href=\"https:\/\/www1.kkl.si\/sl\/domovinski-dan-praznujmo-skupaj-jutra-so-najlepsa-zjutraj\/\"><strong><span style=\"font-size: 28px;\">DOMOVINSKI DAN &#8211; PRAZNUJMO SKUPAJ*<br \/>\n\u00bbJutra so najlep\u0161a zjutraj\u00ab<\/span><\/strong><\/a><\/p>\n<p><i class=\"fas fa-map-marker\"><\/i> Prizori\u0161\u010de: Gledali\u0161ka in koncertna dvorana Lendava<br \/>\n<i class=\"fas fa-chevron-circle-right\"><\/i> Organizator: <a href=\"https:\/\/www.lendava.si\/\">Ob\u010dina Lendava<\/a> v sodelovanju z <a href=\"https:\/\/moris.si\/\">Dru\u0161tvom MORiS Ko\u010devska Reka<\/a>, <a href=\"https:\/\/vso.si\/\">Zdru\u017eenjem za vrednote slovenske osamosvojitve<\/a> in <a href=\"http:\/\/www.skud-matidomovina.si\/\">SKUD &#8211; Mati domovina<\/a><\/p>\n<\/td>\n<\/tr>\n<tr>\n<td style=\"width: 9.98238%;\">\n<h6><a id=\"okt18\"><\/a>18.<\/h6>\n<\/td>\n<td style=\"width: 89.9589%;\">\n<p><strong><a href=\"https:\/\/www1.kkl.si\/wp-content\/uploads\/2021\/10\/fedak_sari_56_plakat.jpg\" data-lbwps-width=\"1418\" data-lbwps-height=\"1949\" data-lbwps-srcsmall=\"https:\/\/www1.kkl.si\/wp-content\/uploads\/2021\/10\/fedak_sari_56_plakat-291x400.jpg\"><img loading=\"lazy\" decoding=\"async\" class=\"slika alignright wp-image-5018\" src=\"https:\/\/www1.kkl.si\/wp-content\/uploads\/2021\/10\/fedak_sari_56_plakat-291x400.jpg\" alt=\"\" width=\"150\" height=\"206\" srcset=\"https:\/\/www1.kkl.si\/wp-content\/uploads\/2021\/10\/fedak_sari_56_plakat-291x400.jpg 291w, https:\/\/www1.kkl.si\/wp-content\/uploads\/2021\/10\/fedak_sari_56_plakat-1091x1500.jpg 1091w, https:\/\/www1.kkl.si\/wp-content\/uploads\/2021\/10\/fedak_sari_56_plakat.jpg 1418w\" sizes=\"auto, (max-width: 150px) 100vw, 150px\" \/><\/a><img loading=\"lazy\" decoding=\"async\" class=\"wp-image-1587 alignright\" title=\"Brezpla\u010dna prireditev\" src=\"https:\/\/www1.kkl.si\/wp-content\/uploads\/2020\/07\/spored_simb_brezplacna-1.svg\" alt=\"brezplacna\" width=\"40\" height=\"40\" srcset=\"https:\/\/www1.kkl.si\/wp-content\/uploads\/\/2020\/07\/spored_simb_brezplacna-1.svg 150w, https:\/\/www1.kkl.si\/wp-content\/uploads\/\/2020\/07\/spored_simb_brezplacna-1.svg 400w, https:\/\/www1.kkl.si\/wp-content\/uploads\/\/2020\/07\/spored_simb_brezplacna-1.svg 1500w, https:\/\/www1.kkl.si\/wp-content\/uploads\/\/2020\/07\/spored_simb_brezplacna-1.svg 100w\" sizes=\"auto, (max-width: 40px) 100vw, 40px\" \/><i class=\"fas fa-calendar\"><\/i> Ponedeljek, 18. 10. 2021 | <span class=\"zanr\">kulturna prireditev in monodrama<\/span><br \/>\n<i class=\"fas fa-clock\"><\/i> 19.00<\/strong><\/p>\n<p>Spominska prireditev na mad\u017earsko revolucijo leta 1956<br \/>\nNemzeti Sz\u00ednh\u00e1z<strong><br \/>\n<span style=\"font-size: 28px;\">Fed\u00e1k S\u00e1ri \u2013 Sz\u0171cs Nelli \u00f6n\u00e1ll\u00f3 estje \u2013 &#8217;56-os megeml\u00e9kez\u00e9s<\/span><\/strong><\/p>\n<p><i class=\"fas fa-map-marker\"><\/i> Prizori\u0161\u010de: Gledali\u0161ka in koncertna dvorana Lendava<br \/>\n<i class=\"fas fa-chevron-circle-right\"><\/i> Organizator: <a href=\"https:\/\/www.mnmi-zkmn.si\/\">MNMI-ZKMN<\/a><\/p>\n<\/td>\n<\/tr>\n<tr>\n<td style=\"width: 9.98238%;\">\n<h6><a id=\"okt23\"><\/a>23.<\/h6>\n<\/td>\n<td style=\"width: 89.9589%;\">\n<p><strong><img loading=\"lazy\" decoding=\"async\" class=\"wp-image-1591 alignright\" title=\"Pla\u010dljiva prireditev\" src=\"https:\/\/www1.kkl.si\/wp-content\/uploads\/2020\/07\/spored_simb_placljiva-1.svg\" alt=\"placljiva\" width=\"40\" height=\"40\" srcset=\"https:\/\/www1.kkl.si\/wp-content\/uploads\/\/2020\/07\/spored_simb_placljiva-1.svg 150w, https:\/\/www1.kkl.si\/wp-content\/uploads\/\/2020\/07\/spored_simb_placljiva-1.svg 400w, https:\/\/www1.kkl.si\/wp-content\/uploads\/\/2020\/07\/spored_simb_placljiva-1.svg 1500w, https:\/\/www1.kkl.si\/wp-content\/uploads\/\/2020\/07\/spored_simb_placljiva-1.svg 100w\" sizes=\"auto, (max-width: 40px) 100vw, 40px\" \/><i class=\"fas fa-calendar\"><\/i> Sobota, 23. 10. 2021 | <span class=\"zanr\">baletno tekmovanje<\/span><br \/>\n<i class=\"fas fa-clock\"><\/i> celodnevni program, od 8.15 naprej<br \/>\n<\/strong><\/p>\n<p><a href=\"https:\/\/www1.kkl.si\/sl\/tutu-2021-baletno-tekmovanje-1-dan\/\"><strong><span style=\"font-size: 28px;\">TUTU 2021, baletno tekmovanje, 1. dan<\/span><\/strong><\/a><\/p>\n<p><i class=\"fas fa-ticket-alt\"><\/i> Cena vstopnice (ogled tekmovanja ob 16.00): <strong>3 \u20ac<\/strong><br \/>\n<i class=\"fas fa-map-marker\"><\/i> Prizori\u0161\u010de: Gledali\u0161ka in koncertna dvorana Lendava<br \/>\n<i class=\"fas fa-chevron-circle-right\"><\/i> Organizator: <a href=\"https:\/\/www.dbus.si\/\">Dru\u0161tvo baletnih umetnikov Slovenije<\/a><\/p>\n<\/td>\n<\/tr>\n<tr>\n<td style=\"width: 9.98238%;\">\n<h6><a id=\"okt24\"><\/a>24.<\/h6>\n<\/td>\n<td style=\"width: 89.9589%;\">\n<p><strong><img loading=\"lazy\" decoding=\"async\" class=\"wp-image-1591 alignright\" title=\"Pla\u010dljiva prireditev\" src=\"https:\/\/www1.kkl.si\/wp-content\/uploads\/2020\/07\/spored_simb_placljiva-1.svg\" alt=\"placljiva\" width=\"40\" height=\"40\" srcset=\"https:\/\/www1.kkl.si\/wp-content\/uploads\/\/2020\/07\/spored_simb_placljiva-1.svg 150w, https:\/\/www1.kkl.si\/wp-content\/uploads\/\/2020\/07\/spored_simb_placljiva-1.svg 400w, https:\/\/www1.kkl.si\/wp-content\/uploads\/\/2020\/07\/spored_simb_placljiva-1.svg 1500w, https:\/\/www1.kkl.si\/wp-content\/uploads\/\/2020\/07\/spored_simb_placljiva-1.svg 100w\" sizes=\"auto, (max-width: 40px) 100vw, 40px\" \/><i class=\"fas fa-calendar\"><\/i> Nedelja, 24. 10. 2021 | <span class=\"zanr\">baletno tekmovanje<\/span><br \/>\n<i class=\"fas fa-clock\"><\/i> celodnevni program, od 8.15 naprej<br \/>\n<\/strong><\/p>\n<p><a href=\"https:\/\/www1.kkl.si\/sl\/tutu-2021-baletno-tekmovanje-2-dan\/\"><span style=\"font-size: 28px;\"><strong>TUTU 2021, baletno tekmovanje, 2. dan<\/strong><\/span><\/a><\/p>\n<p><i class=\"fas fa-ticket-alt\"><\/i> Cena vstopnice (ogled tekmovanja ob 15.00): <strong>3 \u20ac<\/strong><br \/>\n<i class=\"fas fa-ticket-alt\"><\/i> Cena vstopnice (ogled sve\u010danega koncert ob 18.00): <strong>5 \u20ac<\/strong><br \/>\n<i class=\"fas fa-map-marker\"><\/i> Prizori\u0161\u010de: Gledali\u0161ka in koncertna dvorana Lendava<br \/>\n<i class=\"fas fa-chevron-circle-right\"><\/i> Organizator: <a href=\"https:\/\/www.dbus.si\/\">Dru\u0161tvo baletnih umetnikov Slovenije<\/a><\/p>\n<\/td>\n<\/tr>\n<tr>\n<td style=\"width: 9.98238%;\">\n<h6><a id=\"okt25\"><\/a>25.<\/h6>\n<\/td>\n<td style=\"width: 89.9589%;\">\n<p><strong><a href=\"https:\/\/www1.kkl.si\/wp-content\/uploads\/2021\/10\/2021_10_25-Bralni_krog-Olvasokor-B.jpg\" data-lbwps-width=\"1500\" data-lbwps-height=\"2120\" data-lbwps-srcsmall=\"https:\/\/www1.kkl.si\/wp-content\/uploads\/2021\/10\/2021_10_25-Bralni_krog-Olvasokor-B-283x400.jpg\"><img loading=\"lazy\" decoding=\"async\" class=\"alignright wp-image-5124\" src=\"https:\/\/www1.kkl.si\/wp-content\/uploads\/2021\/10\/2021_10_25-Bralni_krog-Olvasokor-B-283x400.jpg\" alt=\"\" width=\"150\" height=\"212\" srcset=\"https:\/\/www1.kkl.si\/wp-content\/uploads\/2021\/10\/2021_10_25-Bralni_krog-Olvasokor-B-283x400.jpg 283w, https:\/\/www1.kkl.si\/wp-content\/uploads\/2021\/10\/2021_10_25-Bralni_krog-Olvasokor-B-1061x1500.jpg 1061w, https:\/\/www1.kkl.si\/wp-content\/uploads\/2021\/10\/2021_10_25-Bralni_krog-Olvasokor-B.jpg 1500w\" sizes=\"auto, (max-width: 150px) 100vw, 150px\" \/><\/a><img loading=\"lazy\" decoding=\"async\" class=\"wp-image-1587 alignright\" title=\"Brezpla\u010dna prireditev\" src=\"https:\/\/www1.kkl.si\/wp-content\/uploads\/2020\/07\/spored_simb_brezplacna-1.svg\" alt=\"brezplacna\" width=\"40\" height=\"40\" srcset=\"https:\/\/www1.kkl.si\/wp-content\/uploads\/\/2020\/07\/spored_simb_brezplacna-1.svg 150w, https:\/\/www1.kkl.si\/wp-content\/uploads\/\/2020\/07\/spored_simb_brezplacna-1.svg 400w, https:\/\/www1.kkl.si\/wp-content\/uploads\/\/2020\/07\/spored_simb_brezplacna-1.svg 1500w, https:\/\/www1.kkl.si\/wp-content\/uploads\/\/2020\/07\/spored_simb_brezplacna-1.svg 100w\" sizes=\"auto, (max-width: 40px) 100vw, 40px\" \/><i class=\"fas fa-calendar\"><\/i> Ponedeljek, 25. 10. 2021 | <span class=\"zanr\">simpozij<\/span><br \/>\n<i class=\"fas fa-clock\"><\/i> 10.00<br \/>\n<\/strong><\/p>\n<p><a href=\"https:\/\/www1.kkl.si\/sl\/simpozij-ob-150-letnici-ustanovitve-prvega-bralnega-kroga-v-lendavi\/\"><span style=\"font-size: 28px; font-weight: bold;\">Simpozij ob 150-letnici ustanovitve prvega bralnega kroga v Lendavi<\/span><\/a><\/p>\n<p><i class=\"fas fa-map-marker\"><\/i> Prizori\u0161\u010de: Gledali\u0161ka in koncertna dvorana Lendava in avla<br \/>\n<i class=\"fas fa-chevron-circle-right\"><\/i> Organizator: <a href=\"https:\/\/www.kkl.si\/\">Knji\u017enica \u2013 Kulturni center Lendava \u2013 Lendvai K\u00f6nyvt\u00e1r \u00e9s Kultur\u00e1lis K\u00f6zpont<\/a><\/p>\n<\/td>\n<\/tr>\n<tr>\n<td style=\"width: 9.98238%;\">\n<h6><a id=\"okt29\"><\/a>29.<\/h6>\n<\/td>\n<td style=\"width: 89.9589%;\">\n<p><strong><a href=\"https:\/\/www1.kkl.si\/wp-content\/uploads\/2021\/10\/vabilo_25obc_praznik_2021_1_naslovna.png\" data-lbwps-width=\"1771\" data-lbwps-height=\"1771\" data-lbwps-srcsmall=\"https:\/\/www1.kkl.si\/wp-content\/uploads\/2021\/10\/vabilo_25obc_praznik_2021_1_naslovna-400x400.png\"><img loading=\"lazy\" decoding=\"async\" class=\"size-thumbnail wp-image-5183 alignright\" src=\"https:\/\/www1.kkl.si\/wp-content\/uploads\/2021\/10\/vabilo_25obc_praznik_2021_1_naslovna-150x150.png\" alt=\"\" width=\"150\" height=\"150\" srcset=\"https:\/\/www1.kkl.si\/wp-content\/uploads\/2021\/10\/vabilo_25obc_praznik_2021_1_naslovna-150x150.png 150w, https:\/\/www1.kkl.si\/wp-content\/uploads\/2021\/10\/vabilo_25obc_praznik_2021_1_naslovna-400x400.png 400w, https:\/\/www1.kkl.si\/wp-content\/uploads\/2021\/10\/vabilo_25obc_praznik_2021_1_naslovna-1500x1500.png 1500w, https:\/\/www1.kkl.si\/wp-content\/uploads\/2021\/10\/vabilo_25obc_praznik_2021_1_naslovna.png 1771w\" sizes=\"auto, (max-width: 150px) 100vw, 150px\" \/><\/a><img loading=\"lazy\" decoding=\"async\" class=\"wp-image-1587 alignright\" title=\"Brezpla\u010dna prireditev\" src=\"https:\/\/www1.kkl.si\/wp-content\/uploads\/2020\/07\/spored_simb_brezplacna-1.svg\" alt=\"brezplacna\" width=\"40\" height=\"40\" srcset=\"https:\/\/www1.kkl.si\/wp-content\/uploads\/\/2020\/07\/spored_simb_brezplacna-1.svg 150w, https:\/\/www1.kkl.si\/wp-content\/uploads\/\/2020\/07\/spored_simb_brezplacna-1.svg 400w, https:\/\/www1.kkl.si\/wp-content\/uploads\/\/2020\/07\/spored_simb_brezplacna-1.svg 1500w, https:\/\/www1.kkl.si\/wp-content\/uploads\/\/2020\/07\/spored_simb_brezplacna-1.svg 100w\" sizes=\"auto, (max-width: 40px) 100vw, 40px\" \/><i class=\"fas fa-calendar\"><\/i> Petek, 29. 10. 2021 | <span class=\"zanr\">kulturna prireditev<\/span><br \/>\n<i class=\"fas fa-clock\"><\/i> 17.00<br \/>\n<\/strong><\/p>\n<p><a href=\"https:\/\/www1.kkl.si\/sl\/25-praznik-obcine-lendava\/\"><span style=\"font-size: 28px;\"><strong>25. praznik Ob\u010dine Lendava, kulturni program s podelitvijo ob\u010dinskih priznanj*<\/strong><\/span><\/a><\/p>\n<p><i class=\"fas fa-map-marker\"><\/i> Prizori\u0161\u010de: Gledali\u0161ka in koncertna dvorana Lendava<br \/>\n<i class=\"fas fa-chevron-circle-right\"><\/i> Organizator: <a href=\"https:\/\/www.lendava.si\/\">Ob\u010dina Lendava<\/a><\/p>\n<\/td>\n<\/tr>\n<\/tbody>\n<\/table>\n<p style=\"text-align: center;\"><span style=\"font-size: 12px;\">Organizatorji si pridr\u017eujejo pravico do spremembe programa.<\/span><\/p>\n","protected":false},"excerpt":{"rendered":"<p>Leto 2021: junij | julij | avgust | september | oktober | november | december | ARHIV LEGENDA SIMBOLOV Slovenski abonma Mad\u017earski abonma Zaklju\u010dena prireditev Brezpla\u010dna prireditev Pla\u010dljiva prireditev Novost, sprememba 1. Petek, 1. 10. 2021 | SLOVENSKI ABONMA: stand up komedija 19.00 Tadej To\u0161: Je**la nas korona Cena vstopnice v predprodaji: 10 \u20ac Na [&hellip;]<\/p>\n","protected":false},"author":2,"featured_media":0,"parent":0,"menu_order":0,"comment_status":"closed","ping_status":"closed","template":"","meta":{"footnotes":""},"class_list":["post-4807","page","type-page","status-publish","hentry","post"],"_links":{"self":[{"href":"https:\/\/www1.kkl.si\/sl\/wp-json\/wp\/v2\/pages\/4807","targetHints":{"allow":["GET"]}}],"collection":[{"href":"https:\/\/www1.kkl.si\/sl\/wp-json\/wp\/v2\/pages"}],"about":[{"href":"https:\/\/www1.kkl.si\/sl\/wp-json\/wp\/v2\/types\/page"}],"author":[{"embeddable":true,"href":"https:\/\/www1.kkl.si\/sl\/wp-json\/wp\/v2\/users\/2"}],"replies":[{"embeddable":true,"href":"https:\/\/www1.kkl.si\/sl\/wp-json\/wp\/v2\/comments?post=4807"}],"version-history":[{"count":61,"href":"https:\/\/www1.kkl.si\/sl\/wp-json\/wp\/v2\/pages\/4807\/revisions"}],"predecessor-version":[{"id":10828,"href":"https:\/\/www1.kkl.si\/sl\/wp-json\/wp\/v2\/pages\/4807\/revisions\/10828"}],"wp:attachment":[{"href":"https:\/\/www1.kkl.si\/sl\/wp-json\/wp\/v2\/media?parent=4807"}],"curies":[{"name":"wp","href":"https:\/\/api.w.org\/{rel}","templated":true}]}}