{"id":4949,"date":"2021-09-29T10:33:32","date_gmt":"2021-09-29T08:33:32","guid":{"rendered":"https:\/\/www1.kkl.si\/?page_id=4949"},"modified":"2021-09-29T11:37:50","modified_gmt":"2021-09-29T09:37:50","slug":"predstavitev-lesenih-izdelkov-modelarja-franca-pala","status":"publish","type":"page","link":"https:\/\/www1.kkl.si\/sl\/predstavitev-lesenih-izdelkov-modelarja-franca-pala\/","title":{"rendered":"Predstavitev lesenih izdelkov modelarja Franca Pala"},"content":{"rendered":"<div><img loading=\"lazy\" decoding=\"async\" class=\"izrez alignnone wp-image-4981 size-full\" src=\"https:\/\/www1.kkl.si\/wp-content\/uploads\/2021\/09\/casovni_stroj_GEO_3021_glava_izrez.jpg\" alt=\"\" width=\"1200\" height=\"300\" srcset=\"https:\/\/www1.kkl.si\/wp-content\/uploads\/2021\/09\/casovni_stroj_GEO_3021_glava_izrez.jpg 1200w, https:\/\/www1.kkl.si\/wp-content\/uploads\/2021\/09\/casovni_stroj_GEO_3021_glava_izrez-400x100.jpg 400w\" sizes=\"auto, (max-width: 1200px) 100vw, 1200px\" \/><\/div>\n<div class=\"opis\"><strong><img loading=\"lazy\" decoding=\"async\" class=\"wp-image-1587 alignright\" title=\"Brezpla\u010dna prireditev\" src=\"https:\/\/www1.kkl.si\/wp-content\/uploads\/2020\/07\/spored_simb_brezplacna-1.svg\" sizes=\"auto, (max-width: 40px) 100vw, 40px\" srcset=\"https:\/\/www1.kkl.si\/wp-content\/uploads\/\/2020\/07\/spored_simb_brezplacna-1.svg 150w, https:\/\/www1.kkl.si\/wp-content\/uploads\/\/2020\/07\/spored_simb_brezplacna-1.svg 400w, https:\/\/www1.kkl.si\/wp-content\/uploads\/\/2020\/07\/spored_simb_brezplacna-1.svg 1500w, https:\/\/www1.kkl.si\/wp-content\/uploads\/\/2020\/07\/spored_simb_brezplacna-1.svg 100w\" alt=\"brezplacna\" width=\"40\" height=\"40\" \/><i class=\"fas fa-calendar\"><\/i> Torek, 5. 10. 2021 | <span class=\"zanr\">RAZSTAVA<\/span><br \/>\n<i class=\"fas fa-clock\"><\/i> 18.00<br \/>\n<\/strong><i class=\"fas fa-map-marker\"><\/i> Prizori\u0161\u010de: preddverje Gledali\u0161ke in koncertne dvorane Lendava<br \/>\n<i class=\"fas fa-chevron-circle-right\"><\/i> Organizator: <a href=\"http:\/\/www.zkd-lendava.com\/\">ZKD Lendava-KKSz Lendva<\/a><\/div>\n<p><a href=\"https:\/\/www1.kkl.si\/wp-content\/uploads\/2021\/09\/Vabilo_Pal_Franc_splet.jpg\" data-lbwps-width=\"1666\" data-lbwps-height=\"2500\" data-lbwps-srcsmall=\"https:\/\/www1.kkl.si\/wp-content\/uploads\/2021\/09\/Vabilo_Pal_Franc_splet-267x400.jpg\"><img loading=\"lazy\" decoding=\"async\" class=\"alignright size-medium wp-image-4956\" src=\"https:\/\/www1.kkl.si\/wp-content\/uploads\/2021\/09\/Vabilo_Pal_Franc_splet-267x400.jpg\" alt=\"\" width=\"267\" height=\"400\" srcset=\"https:\/\/www1.kkl.si\/wp-content\/uploads\/2021\/09\/Vabilo_Pal_Franc_splet-267x400.jpg 267w, https:\/\/www1.kkl.si\/wp-content\/uploads\/2021\/09\/Vabilo_Pal_Franc_splet-1000x1500.jpg 1000w, https:\/\/www1.kkl.si\/wp-content\/uploads\/2021\/09\/Vabilo_Pal_Franc_splet.jpg 1666w\" sizes=\"auto, (max-width: 267px) 100vw, 267px\" \/><\/a>ZVEZA KULTURNIH DRU\u0160TEV LENDAVA<br \/>\nVas vljudno vabi na<\/p>\n<p><strong>PREDSTAVITEV LESENIH IZDELKOV MODELARJA FRANCA PALA<\/strong>,<\/p>\n<p>ki bo v torek, <strong>5. oktobra 2021<\/strong>, s pri\u010detkom ob <strong>18.00<\/strong> uri <br \/>\nv preddverju Gledali\u0161ke in koncertne dvorane v Lendavi.<\/p>\n<p><span style=\"font-size: 24px;\">IZBOR LESENIH IZDELKOV<\/span><\/p>\n<p><strong><a href=\"https:\/\/www1.kkl.si\/wp-content\/uploads\/2021\/09\/casovni_stroj_GEO_3018.jpg\" data-lbwps-width=\"1218\" data-lbwps-height=\"2000\" data-lbwps-srcsmall=\"https:\/\/www1.kkl.si\/wp-content\/uploads\/2021\/09\/casovni_stroj_GEO_3018-244x400.jpg\"><img loading=\"lazy\" decoding=\"async\" class=\"alignleft wp-image-4961\" src=\"https:\/\/www1.kkl.si\/wp-content\/uploads\/2021\/09\/casovni_stroj_GEO_3018-244x400.jpg\" alt=\"\" width=\"150\" height=\"246\" srcset=\"https:\/\/www1.kkl.si\/wp-content\/uploads\/2021\/09\/casovni_stroj_GEO_3018-244x400.jpg 244w, https:\/\/www1.kkl.si\/wp-content\/uploads\/2021\/09\/casovni_stroj_GEO_3018-914x1500.jpg 914w, https:\/\/www1.kkl.si\/wp-content\/uploads\/2021\/09\/casovni_stroj_GEO_3018.jpg 1218w\" sizes=\"auto, (max-width: 150px) 100vw, 150px\" \/><\/a> \u010casovni stroj<\/strong><\/p>\n<p>Gibanje Zemlje z Luno okrog Sonca v resni\u010dnem \u010dasu z mnogimi podrobnostmi: od sekunde do minute, ure, dneva, mesece, leta. Obenem prikazuje lego Zemlje v letnem \u010dasovnem obdobju, ter mo\u017enost prikaza Luninega in Son\u010devega mrka. Sestavljeno je iz 3500 delov katerega \u0161e vedno dopolnjuje z novimi deli.<\/p>\n<p>&nbsp;<\/p>\n<p><strong><a href=\"https:\/\/www1.kkl.si\/wp-content\/uploads\/2021\/09\/planetarij_GEO_0430a.jpg\" data-lbwps-width=\"2000\" data-lbwps-height=\"994\" data-lbwps-srcsmall=\"https:\/\/www1.kkl.si\/wp-content\/uploads\/2021\/09\/planetarij_GEO_0430a-400x199.jpg\"><img loading=\"lazy\" decoding=\"async\" class=\"alignright wp-image-4965 size-medium\" src=\"https:\/\/www1.kkl.si\/wp-content\/uploads\/2021\/09\/planetarij_GEO_0430a-400x199.jpg\" alt=\"\" width=\"400\" height=\"199\" srcset=\"https:\/\/www1.kkl.si\/wp-content\/uploads\/2021\/09\/planetarij_GEO_0430a-400x199.jpg 400w, https:\/\/www1.kkl.si\/wp-content\/uploads\/2021\/09\/planetarij_GEO_0430a-1500x746.jpg 1500w, https:\/\/www1.kkl.si\/wp-content\/uploads\/2021\/09\/planetarij_GEO_0430a.jpg 2000w\" sizes=\"auto, (max-width: 400px) 100vw, 400px\" \/><\/a>Planetarij<\/strong><\/p>\n<p>Prikaz gibanja planetov okrog na\u0161ega Sonca v resni\u010dni velikosti s pospe\u0161enim gibanjem. Primer: Zemlja rabi 365 dni za obhod okrog Sonca, Pluton rabi 165 let. V pospe\u0161enem gibanju Pluton obkro\u017ei Sonce v pribli\u017eno 30 min.<\/p>\n<p>&nbsp;<\/p>\n<p><strong><a href=\"https:\/\/www1.kkl.si\/wp-content\/uploads\/2021\/09\/sonce_GEO_0418a.jpg\" data-lbwps-width=\"2000\" data-lbwps-height=\"1962\" data-lbwps-srcsmall=\"https:\/\/www1.kkl.si\/wp-content\/uploads\/2021\/09\/sonce_GEO_0418a-400x392.jpg\"><img loading=\"lazy\" decoding=\"async\" class=\"alignleft wp-image-4963 size-thumbnail\" src=\"https:\/\/www1.kkl.si\/wp-content\/uploads\/2021\/09\/sonce_GEO_0418a-150x150.jpg\" alt=\"\" width=\"150\" height=\"150\" \/><\/a>Sonce<\/strong><\/p>\n<p>Prikaz razmerja med Soncem in njenimi planeti vklju\u010dno z Zemljino luno. Razmerje med Soncem in maketo Sonca je 1:1.000.000.000 (ena proti eni milijardi). Medsebojna razmerja in velikosti so resni\u010dna.<\/p>\n<p>&nbsp;<\/p>\n<p><strong><a href=\"https:\/\/www1.kkl.si\/wp-content\/uploads\/2021\/09\/kolo_GEO_0882a.jpg\" data-lbwps-width=\"2000\" data-lbwps-height=\"1357\" data-lbwps-srcsmall=\"https:\/\/www1.kkl.si\/wp-content\/uploads\/2021\/09\/kolo_GEO_0882a-400x271.jpg\"><img loading=\"lazy\" decoding=\"async\" class=\"alignright wp-image-4967\" src=\"https:\/\/www1.kkl.si\/wp-content\/uploads\/2021\/09\/kolo_GEO_0882a-400x271.jpg\" alt=\"\" width=\"300\" height=\"204\" srcset=\"https:\/\/www1.kkl.si\/wp-content\/uploads\/2021\/09\/kolo_GEO_0882a-400x271.jpg 400w, https:\/\/www1.kkl.si\/wp-content\/uploads\/2021\/09\/kolo_GEO_0882a-1500x1018.jpg 1500w, https:\/\/www1.kkl.si\/wp-content\/uploads\/2021\/09\/kolo_GEO_0882a.jpg 2000w\" sizes=\"auto, (max-width: 300px) 100vw, 300px\" \/><\/a>Leseno kolo<\/strong><\/p>\n<p>Po izvirni zamisli lastnika je dizajn kolesa inovativen in edinstven, iz gabrovega in javorovega lesa, ter oreha (kolesa) z lesenimi zavorami, ro\u010dajem ter stopalkami. Na njem je delal 2\u20133 leta, kolo je vozno. Z njim je prevozil 500 km. Do sedaj ga je razstavljal v Ljubljani na gospodarskem razstavi\u0161\u010du ter v Lendavi na ve\u010d razli\u010dnih samostojnih razstavah.<\/p>\n<p><a href=\"https:\/\/www1.kkl.si\/wp-content\/uploads\/2021\/09\/Plakat_Pal_Franc_splet.jpg\" data-lbwps-width=\"1333\" data-lbwps-height=\"2000\" data-lbwps-srcsmall=\"https:\/\/www1.kkl.si\/wp-content\/uploads\/2021\/09\/Plakat_Pal_Franc_splet-267x400.jpg\"><img loading=\"lazy\" decoding=\"async\" class=\"alignnone wp-image-4977 size-large\" src=\"https:\/\/www1.kkl.si\/wp-content\/uploads\/2021\/09\/Plakat_Pal_Franc_splet-1000x1500.jpg\" alt=\"\" width=\"1000\" height=\"1500\" srcset=\"https:\/\/www1.kkl.si\/wp-content\/uploads\/2021\/09\/Plakat_Pal_Franc_splet-1000x1500.jpg 1000w, https:\/\/www1.kkl.si\/wp-content\/uploads\/2021\/09\/Plakat_Pal_Franc_splet-267x400.jpg 267w, https:\/\/www1.kkl.si\/wp-content\/uploads\/2021\/09\/Plakat_Pal_Franc_splet.jpg 1333w\" sizes=\"auto, (max-width: 1000px) 100vw, 1000px\" \/><\/a><\/p>\n<hr \/>\n<p>VSTOP NA DOGODEK JE POGOJEN S <a href=\"https:\/\/www1.kkl.si\/sl\/vstop-v-gledalisko-in-koncertno-dvorano-samo-ob-izpolnjevanju-pogojev-pct\/\">PCT<\/a>!<\/p>\n<p><img loading=\"lazy\" decoding=\"async\" class=\"alignnone size-medium wp-image-4740\" src=\"https:\/\/www1.kkl.si\/wp-content\/uploads\/2021\/09\/PCT_pogoji_napis_GKD_Lendava.svg\" alt=\"\" width=\"400\" height=\"400\" srcset=\"https:\/\/www1.kkl.si\/wp-content\/uploads\/\/2021\/09\/PCT_pogoji_napis_GKD_Lendava.svg 150w, https:\/\/www1.kkl.si\/wp-content\/uploads\/\/2021\/09\/PCT_pogoji_napis_GKD_Lendava.svg 400w, https:\/\/www1.kkl.si\/wp-content\/uploads\/\/2021\/09\/PCT_pogoji_napis_GKD_Lendava.svg 1500w, https:\/\/www1.kkl.si\/wp-content\/uploads\/\/2021\/09\/PCT_pogoji_napis_GKD_Lendava.svg 100w\" sizes=\"auto, (max-width: 400px) 100vw, 400px\" \/><\/p>\n","protected":false},"excerpt":{"rendered":"<p>Torek, 5. 10. 2021 | RAZSTAVA 18.00 Prizori\u0161\u010de: preddverje Gledali\u0161ke in koncertne dvorane Lendava Organizator: ZKD Lendava-KKSz Lendva ZVEZA KULTURNIH DRU\u0160TEV LENDAVA Vas vljudno vabi na PREDSTAVITEV LESENIH IZDELKOV MODELARJA FRANCA PALA, ki bo v torek, 5. oktobra 2021, s pri\u010detkom ob 18.00 uri v preddverju Gledali\u0161ke in koncertne dvorane v Lendavi. IZBOR LESENIH IZDELKOV [&hellip;]<\/p>\n","protected":false},"author":2,"featured_media":0,"parent":0,"menu_order":0,"comment_status":"closed","ping_status":"closed","template":"","meta":{"footnotes":""},"class_list":["post-4949","page","type-page","status-publish","hentry","post"],"_links":{"self":[{"href":"https:\/\/www1.kkl.si\/sl\/wp-json\/wp\/v2\/pages\/4949","targetHints":{"allow":["GET"]}}],"collection":[{"href":"https:\/\/www1.kkl.si\/sl\/wp-json\/wp\/v2\/pages"}],"about":[{"href":"https:\/\/www1.kkl.si\/sl\/wp-json\/wp\/v2\/types\/page"}],"author":[{"embeddable":true,"href":"https:\/\/www1.kkl.si\/sl\/wp-json\/wp\/v2\/users\/2"}],"replies":[{"embeddable":true,"href":"https:\/\/www1.kkl.si\/sl\/wp-json\/wp\/v2\/comments?post=4949"}],"version-history":[{"count":16,"href":"https:\/\/www1.kkl.si\/sl\/wp-json\/wp\/v2\/pages\/4949\/revisions"}],"predecessor-version":[{"id":4984,"href":"https:\/\/www1.kkl.si\/sl\/wp-json\/wp\/v2\/pages\/4949\/revisions\/4984"}],"wp:attachment":[{"href":"https:\/\/www1.kkl.si\/sl\/wp-json\/wp\/v2\/media?parent=4949"}],"curies":[{"name":"wp","href":"https:\/\/api.w.org\/{rel}","templated":true}]}}