{"id":495,"date":"2017-05-02T14:00:41","date_gmt":"2017-05-02T13:00:41","guid":{"rendered":"https:\/\/www1.kkl.si\/?page_id=495\/"},"modified":"2026-02-04T12:37:33","modified_gmt":"2026-02-04T11:37:33","slug":"o-spletni-strani","status":"publish","type":"page","link":"https:\/\/www1.kkl.si\/sl\/o-spletni-strani\/","title":{"rendered":"O spletni strani"},"content":{"rendered":"<p><strong>Lastnik spletnega mesta:<\/strong><br \/>\nKnji\u017enica \u2013 Kulturni center Lendava \u2013 Lendvai K\u00f6nyvt\u00e1r \u00e9s Kultur\u00e1lis K\u00f6zpont (KKC Lendava \u2013 Lendvai KKK)<\/p>\n<p><em>Spletna stran je izdelana v prostodostopnem urejevalniku spletnih vsebin &#8211; <a href=\"https:\/\/wordpress.org\/\">WordPress.org<\/a>.<\/em><\/p>\n<p><strong>Spremno besedilo:<br \/>\n<\/strong><a href=\"mailto:evaeva.nad@gmail.com\">Eva Na\u0111<\/a><strong><br \/>\n<\/strong><\/p>\n<p><strong>Urednica:<\/strong><br \/>\n<a href=\"sanja.bogdan.horvat@kkl.si\">Sanja Bogdan Horvat<\/a><\/p>\n<p><strong>Grafi\u010dna podoba in tehni\u010dni urednik:<\/strong><br \/>\n<a href=\"mailto:p.orban2015@gmail.com\"> Peter Orban<\/a><\/p>\n<p><strong>Tehni\u010dna podpora in strokovno svetovanje:<\/strong><br \/>\n<a href=\"mailto:dejan.vucko@kkl.si\">Dejan Vu\u010dko<\/a><\/p>\n<p><strong>Oblikovanje reklamnih sliderjev:<\/strong><br \/>\n<a href=\"mailto:p.orban2015@gmail.com\">Peter Orban<\/a>, Sebastijan \u010casar<\/p>\n<p><strong>Leto izdelave:<\/strong><br \/>\nApril 2017<\/p>\n<p><strong>Zadnja strukturna posodobitev:<\/strong><br \/>\nDecember 2023<\/p>\n<hr \/>\n<p>Fotografije in slike na spletni strani so objavljene z dovoljenjem avtorjev oz. z dovoljenjem organizatorjev. V kolikor \u017eelite objaviti slikovno gradivo v va\u0161em mediju ali na va\u0161i spletni strani, vas prosimo, da pred objavo kontaktirate avtorje oz. organizatorje in prosite za njihovo dovoljenje (v kolikor je to navedeno). <em>Hvala za razumevanje!<\/em><\/p>\n<hr \/>\n<p>Spletna stran je nastala s finan\u010dno pomo\u010djo fundacije Bethlen G\u00e1bor Alap iz Mad\u017earske.<\/p>\n<p><a href=\"http:\/\/www.szulofold.hu\/\"><img loading=\"lazy\" decoding=\"async\" class=\"alignnone wp-image-620 size-large\" src=\"https:\/\/www1.kkl.si\/wp-content\/uploads\/2017\/05\/kormany-tamogatas-1000x223.png\" alt=\"\" width=\"1000\" height=\"223\" srcset=\"https:\/\/www1.kkl.si\/wp-content\/uploads\/2017\/05\/kormany-tamogatas.png 1000w, https:\/\/www1.kkl.si\/wp-content\/uploads\/2017\/05\/kormany-tamogatas-400x89.png 400w\" sizes=\"auto, (max-width: 1000px) 100vw, 1000px\" \/><\/a><\/p>\n","protected":false},"excerpt":{"rendered":"<p>Lastnik spletnega mesta: Knji\u017enica \u2013 Kulturni center Lendava \u2013 Lendvai K\u00f6nyvt\u00e1r \u00e9s Kultur\u00e1lis K\u00f6zpont (KKC Lendava \u2013 Lendvai KKK) Spletna stran je izdelana v prostodostopnem urejevalniku spletnih vsebin &#8211; WordPress.org. Spremno besedilo: Eva Na\u0111 Urednica: Sanja Bogdan Horvat Grafi\u010dna podoba in tehni\u010dni urednik: Peter Orban Tehni\u010dna podpora in strokovno svetovanje: Dejan Vu\u010dko Oblikovanje reklamnih sliderjev: [&hellip;]<\/p>\n","protected":false},"author":2,"featured_media":0,"parent":0,"menu_order":0,"comment_status":"closed","ping_status":"closed","template":"","meta":{"footnotes":""},"class_list":["post-495","page","type-page","status-publish","hentry","post"],"_links":{"self":[{"href":"https:\/\/www1.kkl.si\/sl\/wp-json\/wp\/v2\/pages\/495","targetHints":{"allow":["GET"]}}],"collection":[{"href":"https:\/\/www1.kkl.si\/sl\/wp-json\/wp\/v2\/pages"}],"about":[{"href":"https:\/\/www1.kkl.si\/sl\/wp-json\/wp\/v2\/types\/page"}],"author":[{"embeddable":true,"href":"https:\/\/www1.kkl.si\/sl\/wp-json\/wp\/v2\/users\/2"}],"replies":[{"embeddable":true,"href":"https:\/\/www1.kkl.si\/sl\/wp-json\/wp\/v2\/comments?post=495"}],"version-history":[{"count":25,"href":"https:\/\/www1.kkl.si\/sl\/wp-json\/wp\/v2\/pages\/495\/revisions"}],"predecessor-version":[{"id":25848,"href":"https:\/\/www1.kkl.si\/sl\/wp-json\/wp\/v2\/pages\/495\/revisions\/25848"}],"wp:attachment":[{"href":"https:\/\/www1.kkl.si\/sl\/wp-json\/wp\/v2\/media?parent=495"}],"curies":[{"name":"wp","href":"https:\/\/api.w.org\/{rel}","templated":true}]}}