{"id":5088,"date":"2021-10-15T13:01:57","date_gmt":"2021-10-15T11:01:57","guid":{"rendered":"https:\/\/www1.kkl.si\/?page_id=5088"},"modified":"2021-10-15T15:21:54","modified_gmt":"2021-10-15T13:21:54","slug":"domovinski-dan-praznujmo-skupaj-jutra-so-najlepsa-zjutraj","status":"publish","type":"page","link":"https:\/\/www1.kkl.si\/sl\/domovinski-dan-praznujmo-skupaj-jutra-so-najlepsa-zjutraj\/","title":{"rendered":"DOMOVINSKI DAN \u2013 PRAZNUJMO SKUPAJ: \u00bbJutra so najlep\u0161a zjutraj\u00ab"},"content":{"rendered":"<div class=\"opis\"><strong><img loading=\"lazy\" decoding=\"async\" class=\"wp-image-1587 alignright\" title=\"Brezpla\u010dna prireditev\" src=\"https:\/\/www1.kkl.si\/wp-content\/uploads\/2020\/07\/spored_simb_brezplacna-1.svg\" sizes=\"auto, (max-width: 40px) 100vw, 40px\" srcset=\"https:\/\/www1.kkl.si\/wp-content\/uploads\/\/2020\/07\/spored_simb_brezplacna-1.svg 150w, https:\/\/www1.kkl.si\/wp-content\/uploads\/\/2020\/07\/spored_simb_brezplacna-1.svg 400w, https:\/\/www1.kkl.si\/wp-content\/uploads\/\/2020\/07\/spored_simb_brezplacna-1.svg 1500w, https:\/\/www1.kkl.si\/wp-content\/uploads\/\/2020\/07\/spored_simb_brezplacna-1.svg 100w\" alt=\"brezplacna\" width=\"40\" height=\"40\" \/><i class=\"fas fa-calendar\"><\/i> Nedelja, 17. 10. 2021 | <span class=\"zanr\">kulturna prireditev<\/span><br \/>\n<i class=\"fas fa-clock\"><\/i> 17.00<br \/>\n<\/strong><i class=\"fas fa-map-marker\"><\/i> Prizori\u0161\u010de: Gledali\u0161ka in koncertna dvorana Lendava<br \/>\n<i class=\"fas fa-chevron-circle-right\"><\/i> Organizator: <a href=\"https:\/\/www.lendava.si\/\">Ob\u010dina Lendava<\/a> v sodelovanju z <a href=\"https:\/\/moris.si\/\">Dru\u0161tvom MORiS Ko\u010devska Reka<\/a>, <a href=\"https:\/\/vso.si\/\">Zdru\u017eenjem za vrednote slovenske osamosvojitve<\/a> in <a href=\"http:\/\/www.skud-matidomovina.si\/\">SKUD \u2013 Mati domovina<\/a><\/div>\n<p><a href=\"https:\/\/www1.kkl.si\/wp-content\/uploads\/2021\/10\/osamostvojitev_enotni_v_zmagi.jpg\" data-lbwps-width=\"980\" data-lbwps-height=\"720\" data-lbwps-srcsmall=\"https:\/\/www1.kkl.si\/wp-content\/uploads\/2021\/10\/osamostvojitev_enotni_v_zmagi-400x294.jpg\"><img loading=\"lazy\" decoding=\"async\" class=\"alignright size-medium wp-image-5085\" src=\"https:\/\/www1.kkl.si\/wp-content\/uploads\/2021\/10\/osamostvojitev_enotni_v_zmagi-400x294.jpg\" alt=\"\" width=\"400\" height=\"294\" srcset=\"https:\/\/www1.kkl.si\/wp-content\/uploads\/2021\/10\/osamostvojitev_enotni_v_zmagi-400x294.jpg 400w, https:\/\/www1.kkl.si\/wp-content\/uploads\/2021\/10\/osamostvojitev_enotni_v_zmagi.jpg 980w\" sizes=\"auto, (max-width: 400px) 100vw, 400px\" \/><\/a>Ob\u010dina Lendava v sodelovanju z Dru\u0161tvom MORiS Ko\u010devska Reka, Zdru\u017eenjem za vrednote slovenske osamosvojitve in SKUD &#8211; Mati domovina vabi ob 30. obletnici slovenske dr\u017eavnosti in dnevu suverenosti na prireditev:<\/p>\n<p><strong>DOMOVINSKI DAN &#8211; PRAZNUJMO SKUPAJ<\/strong><br \/>\n<strong>\u00bbJutra so najlep\u0161a zjutraj\u00ab<\/strong><\/p>\n<p>v nedeljo, 17. oktobra 2021, ob 17. uri v Gledali\u0161ki in koncertni dvorani Lendava.<\/p>\n<p>Gosti pogovornega omizja:<br \/>\n<strong>Lojze Peterle<\/strong>, predsednik osamosvojitvene vlade;<br \/>\n<strong>Tone Krkovi\u010d<\/strong>, na\u010delnik MSNZ RS 1990 in poveljnik Brigade MORiS in<br \/>\n<strong>Alan Geder<\/strong>, generalmajor Slovenske vojske.<\/p>\n<p>Domovinski glasbeni program bo izvedel <strong>De Niro AS Orchestra<\/strong>.<\/p>\n<p><a href=\"https:\/\/www1.kkl.si\/wp-content\/uploads\/2021\/10\/deNiro_As_orkester.png\" data-lbwps-width=\"1107\" data-lbwps-height=\"1175\" data-lbwps-srcsmall=\"https:\/\/www1.kkl.si\/wp-content\/uploads\/2021\/10\/deNiro_As_orkester-377x400.png\"><img loading=\"lazy\" decoding=\"async\" class=\"alignnone size-medium wp-image-5089\" src=\"https:\/\/www1.kkl.si\/wp-content\/uploads\/2021\/10\/deNiro_As_orkester-377x400.png\" alt=\"\" width=\"377\" height=\"400\" srcset=\"https:\/\/www1.kkl.si\/wp-content\/uploads\/2021\/10\/deNiro_As_orkester-377x400.png 377w, https:\/\/www1.kkl.si\/wp-content\/uploads\/2021\/10\/deNiro_As_orkester.png 1107w\" sizes=\"auto, (max-width: 377px) 100vw, 377px\" \/><\/a><\/p>\n<p>Vljudno vabljeni!<\/p>\n<hr \/>\n<p><i class=\"fas fa-link\"><\/i> <a href=\"https:\/\/www.lendava.si\/objava\/561174\">https:\/\/www.lendava.si\/objava\/561174<\/a><\/p>\n<hr \/>\n<p>VSTOP NA DOGODEK JE POGOJEN S <a href=\"https:\/\/www1.kkl.si\/sl\/vstop-v-gledalisko-in-koncertno-dvorano-samo-ob-izpolnjevanju-pogojev-pct\/\">PCT<\/a>!<\/p>\n<p><img loading=\"lazy\" decoding=\"async\" class=\"alignnone size-medium wp-image-4740\" src=\"https:\/\/www1.kkl.si\/wp-content\/uploads\/2021\/09\/PCT_pogoji_napis_GKD_Lendava.svg\" alt=\"\" width=\"400\" height=\"400\" srcset=\"https:\/\/www1.kkl.si\/wp-content\/uploads\/\/2021\/09\/PCT_pogoji_napis_GKD_Lendava.svg 150w, https:\/\/www1.kkl.si\/wp-content\/uploads\/\/2021\/09\/PCT_pogoji_napis_GKD_Lendava.svg 400w, https:\/\/www1.kkl.si\/wp-content\/uploads\/\/2021\/09\/PCT_pogoji_napis_GKD_Lendava.svg 1500w, https:\/\/www1.kkl.si\/wp-content\/uploads\/\/2021\/09\/PCT_pogoji_napis_GKD_Lendava.svg 100w\" sizes=\"auto, (max-width: 400px) 100vw, 400px\" \/><\/p>\n","protected":false},"excerpt":{"rendered":"<p>Nedelja, 17. 10. 2021 | kulturna prireditev 17.00 Prizori\u0161\u010de: Gledali\u0161ka in koncertna dvorana Lendava Organizator: Ob\u010dina Lendava v sodelovanju z Dru\u0161tvom MORiS Ko\u010devska Reka, Zdru\u017eenjem za vrednote slovenske osamosvojitve in SKUD \u2013 Mati domovina Ob\u010dina Lendava v sodelovanju z Dru\u0161tvom MORiS Ko\u010devska Reka, Zdru\u017eenjem za vrednote slovenske osamosvojitve in SKUD &#8211; Mati domovina vabi ob [&hellip;]<\/p>\n","protected":false},"author":2,"featured_media":5085,"parent":0,"menu_order":0,"comment_status":"closed","ping_status":"closed","template":"","meta":{"footnotes":""},"class_list":["post-5088","page","type-page","status-publish","has-post-thumbnail","hentry","post","post-with-thumbnail","post-with-thumbnail-icon"],"_links":{"self":[{"href":"https:\/\/www1.kkl.si\/sl\/wp-json\/wp\/v2\/pages\/5088","targetHints":{"allow":["GET"]}}],"collection":[{"href":"https:\/\/www1.kkl.si\/sl\/wp-json\/wp\/v2\/pages"}],"about":[{"href":"https:\/\/www1.kkl.si\/sl\/wp-json\/wp\/v2\/types\/page"}],"author":[{"embeddable":true,"href":"https:\/\/www1.kkl.si\/sl\/wp-json\/wp\/v2\/users\/2"}],"replies":[{"embeddable":true,"href":"https:\/\/www1.kkl.si\/sl\/wp-json\/wp\/v2\/comments?post=5088"}],"version-history":[{"count":4,"href":"https:\/\/www1.kkl.si\/sl\/wp-json\/wp\/v2\/pages\/5088\/revisions"}],"predecessor-version":[{"id":5104,"href":"https:\/\/www1.kkl.si\/sl\/wp-json\/wp\/v2\/pages\/5088\/revisions\/5104"}],"wp:featuredmedia":[{"embeddable":true,"href":"https:\/\/www1.kkl.si\/sl\/wp-json\/wp\/v2\/media\/5085"}],"wp:attachment":[{"href":"https:\/\/www1.kkl.si\/sl\/wp-json\/wp\/v2\/media?parent=5088"}],"curies":[{"name":"wp","href":"https:\/\/api.w.org\/{rel}","templated":true}]}}