{"id":5127,"date":"2021-10-21T09:13:43","date_gmt":"2021-10-21T07:13:43","guid":{"rendered":"https:\/\/www1.kkl.si\/?page_id=5127"},"modified":"2021-10-21T12:36:55","modified_gmt":"2021-10-21T10:36:55","slug":"tutu-2021-baletno-tekmovanje-1-dan","status":"publish","type":"page","link":"https:\/\/www1.kkl.si\/sl\/tutu-2021-baletno-tekmovanje-1-dan\/","title":{"rendered":"TUTU 2021, baletno tekmovanje, 1. dan"},"content":{"rendered":"<div><img loading=\"lazy\" decoding=\"async\" class=\"izrez alignnone wp-image-5128 size-full\" src=\"https:\/\/www1.kkl.si\/wp-content\/uploads\/2021\/10\/BANNER-TUTU.jpg\" alt=\"\" width=\"1200\" height=\"250\" srcset=\"https:\/\/www1.kkl.si\/wp-content\/uploads\/2021\/10\/BANNER-TUTU.jpg 1200w, https:\/\/www1.kkl.si\/wp-content\/uploads\/2021\/10\/BANNER-TUTU-400x83.jpg 400w\" sizes=\"auto, (max-width: 1200px) 100vw, 1200px\" \/><\/div>\n<div class=\"opis\"><strong><img loading=\"lazy\" decoding=\"async\" class=\"wp-image-1591 alignright\" title=\"Pla\u010dljiva prireditev\" src=\"https:\/\/www1.kkl.si\/wp-content\/uploads\/2020\/07\/spored_simb_placljiva-1.svg\" sizes=\"auto, (max-width: 40px) 100vw, 40px\" srcset=\"https:\/\/www1.kkl.si\/wp-content\/uploads\/\/2020\/07\/spored_simb_placljiva-1.svg 150w, https:\/\/www1.kkl.si\/wp-content\/uploads\/\/2020\/07\/spored_simb_placljiva-1.svg 400w, https:\/\/www1.kkl.si\/wp-content\/uploads\/\/2020\/07\/spored_simb_placljiva-1.svg 1500w, https:\/\/www1.kkl.si\/wp-content\/uploads\/\/2020\/07\/spored_simb_placljiva-1.svg 100w\" alt=\"placljiva\" width=\"40\" height=\"40\" \/><i class=\"fas fa-calendar\"><\/i> Sobota, 23. 10. 2021 | <span class=\"zanr\">baletno tekmovanje<\/span><br \/>\n<i class=\"fas fa-clock\"><\/i> celodnevni program, od 8.15 naprej<\/strong> <br \/>\n<i class=\"fas fa-ticket-alt\"><\/i> Cena vstopnice (ogled tekmovanja ob 16.00): <strong>3 \u20ac<\/strong> <br \/>\n<i class=\"fas fa-map-marker\"><\/i> Prizori\u0161\u010de: Gledali\u0161ka in koncertna dvorana Lendava<br \/>\n<i class=\"fas fa-chevron-circle-right\"><\/i> Organizator: <a href=\"https:\/\/www.dbus.si\/\">Dru\u0161tvo baletnih umetnikov Slovenije<\/a><\/div>\n<p><span style=\"font-size: 28px;\">\u010casovnica TUTU 2021: sobota, 23. oktober 2021<\/span><\/p>\n<table style=\"border-collapse: collapse; width: 100%; height: 120px;\">\n<tbody>\n<tr style=\"height: 48px;\">\n<td style=\"width: 7.7922%; height: 48px;\"><strong>8.15\u20139.15<\/strong><\/td>\n<td style=\"width: 92.2078%; height: 48px;\">prijave tekmovalcev v preddverju Gledali\u0161ke in koncertne dvorane Lendava <br \/>\n\u00a0<em>(za tekmovalke in tekmovalce, ki bodo zaradi kasnej\u0161ih vaj na prizori\u0161\u010de tekmovanja prispeli kasneje, bo na vratih Gledali\u0161ke in koncertne dvorane Lendava objavljena telefonska \u0161tevilka, na katero bodo lahko ob svojem prihodu poklicali odgovorno osebo, in sicer na vsako polno uro)<\/em>.<\/p>\n<\/td>\n<\/tr>\n<tr style=\"height: 24px;\">\n<td style=\"width: 7.7922%; height: 24px;\"><strong>9.30\u201311.00<\/strong><\/td>\n<td style=\"width: 92.2078%; height: 24px;\">baletni trening s \u010dlanico\/\u010dlanom strokovne \u017eirije <br \/>\n<em>(obvezne so predhodne prijave na spletni strani TUTU)<\/p>\n<p><\/em><\/td>\n<\/tr>\n<tr style=\"height: 24px;\">\n<td style=\"width: 7.7922%; height: 24px;\"><strong>11.15\u201314.40<\/strong><\/td>\n<td style=\"width: 92.2078%; height: 24px;\">vaje tekmovalk in tekmovalcev na odru po spodnjem razporedu <br \/>\n<em>(kategorije: I. BELA, II. RUMENA, III. ROZA, IV. ORAN\u017dNA in V. RDE\u010cA)<\/p>\n<p><\/em><\/td>\n<\/tr>\n<tr style=\"height: 24px;\">\n<td style=\"width: 7.7922%; height: 24px;\"><strong>16.00<\/strong><\/td>\n<td style=\"width: 92.2078%; height: 24px;\">TEKMOVANJE ZA KATEGORIJE I. BELA, II. RUMENA, III. ROZA, IV. ORAN\u017dNA in V. RDE\u010cA.<\/td>\n<\/tr>\n<\/tbody>\n<\/table>\n<p><i class=\"fas fa-ticket-alt\"><\/i> <strong>Mo\u017enost ogleda tekmovanja ob 16. uri, cena vstopnice je 3 \u20ac.<\/strong><\/p>\n<p>&nbsp;<\/p>\n<p><span style=\"font-size: 28px;\">\u010casovnica TUTU 2021: nedelja, 24. oktober 2021<\/span><\/p>\n<table style=\"width: 100%;\">\n<tbody>\n<tr>\n<td style=\"width: 7.37899%;\"><strong>8.15\u20139.15<\/strong><\/td>\n<td style=\"width: 92.1488%;\">prijave tekmovalcev v preddverju Gledali\u0161ke in koncertne dvorane Lendava <br \/>\n\u00a0<em>(za tekmovalke in tekmovalce, ki bodo zaradi kasnej\u0161ih vaj na prizori\u0161\u010de tekmovanja prispeli kasneje, bo na vratih Gledali\u0161ke in koncertne dvorane Lendava objavljena telefonska \u0161tevilka, na katero bodo lahko ob svojem prihodu poklicali odgovorno osebo, in sicer na vsako polno uro)<\/em>.<\/p>\n<\/td>\n<\/tr>\n<tr>\n<td style=\"width: 7.37899%;\"><strong>9.30\u201311.00<\/strong><\/td>\n<td style=\"width: 92.1488%;\">baletni trening s \u010dlanico\/\u010dlanom strokovne \u017eirije <br \/>\n<em>(obvezne so predhodne prijave na spletni strani TUTU)<\/p>\n<p><\/em><\/td>\n<\/tr>\n<tr>\n<td style=\"width: 7.37899%;\"><strong>11.15\u201314.10<\/strong><\/td>\n<td style=\"width: 92.1488%;\">vaje tekmovalk in tekmovalcev na odru po spodnjem razporedu <em><br \/>\n(kategorije: V. RDE\u010cA, VIII. VIJOLI\u010cNA, IX. MODRA, XIII. KOREOGRAFIJA in XIV. KOREOGRAFIJA)<\/p>\n<p><\/em><\/td>\n<\/tr>\n<tr>\n<td style=\"width: 7.37899%;\"><strong>15.00<\/strong><\/td>\n<td style=\"width: 92.1488%;\">TTEKMOVANJE ZA KATEGORIJE V. RDE\u010cA, VIII. VIJOLI\u010cNA, IX. MODRA, XIII. KOREOGRAFIJA in XIV. KOREOGRAFIJA<\/p>\n<\/td>\n<\/tr>\n<tr>\n<td style=\"width: 7.37899%;\"><strong>18.00<br \/>\n<\/strong><\/td>\n<td style=\"width: 92.1488%;\">SVE\u010cANI KONCERT S PODELITVIJO NAGRAD<\/td>\n<\/tr>\n<\/tbody>\n<\/table>\n<p><i class=\"fas fa-ticket-alt\"><\/i> <strong>Mo\u017enost ogleda tekmovanja ob 15. uri (cena vstopnice je 3 \u20ac) in sve\u010danega koncerta ob 18. uri (cena vstopnice je 5 \u20ac).<\/strong><\/p>\n<hr \/>\n<p><i class=\"fas fa-link\"><\/i> <a href=\"https:\/\/www.tutubaletnotekmovanje.si\/casovnica-tutu-2021\/\">https:\/\/www.tutubaletnotekmovanje.si\/casovnica-tutu-2021\/<\/a><\/p>\n<hr \/>\n<p><span style=\"color: #981824; font-size: 28px;\"><i class=\"fas fa-exclamation-triangle\"><\/i><\/span> VSTOP NA DOGODEK JE POGOJEN S <a href=\"https:\/\/www1.kkl.si\/sl\/vstop-v-gledalisko-in-koncertno-dvorano-samo-ob-izpolnjevanju-pogojev-pct\/\">PCT<\/a>!<\/p>\n","protected":false},"excerpt":{"rendered":"<p>Sobota, 23. 10. 2021 | baletno tekmovanje celodnevni program, od 8.15 naprej Cena vstopnice (ogled tekmovanja ob 16.00): 3 \u20ac Prizori\u0161\u010de: Gledali\u0161ka in koncertna dvorana Lendava Organizator: Dru\u0161tvo baletnih umetnikov Slovenije \u010casovnica TUTU 2021: sobota, 23. oktober 2021 8.15\u20139.15 prijave tekmovalcev v preddverju Gledali\u0161ke in koncertne dvorane Lendava \u00a0(za tekmovalke in tekmovalce, ki bodo zaradi [&hellip;]<\/p>\n","protected":false},"author":2,"featured_media":5128,"parent":0,"menu_order":0,"comment_status":"closed","ping_status":"closed","template":"","meta":{"footnotes":""},"class_list":["post-5127","page","type-page","status-publish","has-post-thumbnail","hentry","post","post-with-thumbnail","post-with-thumbnail-icon"],"_links":{"self":[{"href":"https:\/\/www1.kkl.si\/sl\/wp-json\/wp\/v2\/pages\/5127","targetHints":{"allow":["GET"]}}],"collection":[{"href":"https:\/\/www1.kkl.si\/sl\/wp-json\/wp\/v2\/pages"}],"about":[{"href":"https:\/\/www1.kkl.si\/sl\/wp-json\/wp\/v2\/types\/page"}],"author":[{"embeddable":true,"href":"https:\/\/www1.kkl.si\/sl\/wp-json\/wp\/v2\/users\/2"}],"replies":[{"embeddable":true,"href":"https:\/\/www1.kkl.si\/sl\/wp-json\/wp\/v2\/comments?post=5127"}],"version-history":[{"count":22,"href":"https:\/\/www1.kkl.si\/sl\/wp-json\/wp\/v2\/pages\/5127\/revisions"}],"predecessor-version":[{"id":5159,"href":"https:\/\/www1.kkl.si\/sl\/wp-json\/wp\/v2\/pages\/5127\/revisions\/5159"}],"wp:featuredmedia":[{"embeddable":true,"href":"https:\/\/www1.kkl.si\/sl\/wp-json\/wp\/v2\/media\/5128"}],"wp:attachment":[{"href":"https:\/\/www1.kkl.si\/sl\/wp-json\/wp\/v2\/media?parent=5127"}],"curies":[{"name":"wp","href":"https:\/\/api.w.org\/{rel}","templated":true}]}}