{"id":5161,"date":"2021-10-21T10:23:20","date_gmt":"2021-10-21T08:23:20","guid":{"rendered":"https:\/\/www1.kkl.si\/?page_id=5161"},"modified":"2021-10-21T18:22:05","modified_gmt":"2021-10-21T16:22:05","slug":"simpozij-ob-150-letnici-ustanovitve-prvega-bralnega-kroga-v-lendavi","status":"publish","type":"page","link":"https:\/\/www1.kkl.si\/sl\/simpozij-ob-150-letnici-ustanovitve-prvega-bralnega-kroga-v-lendavi\/","title":{"rendered":"Simpozij ob 150-letnici ustanovitve prvega bralnega kroga v Lendavi"},"content":{"rendered":"<div><img loading=\"lazy\" decoding=\"async\" class=\"izrez alignnone wp-image-5163\" src=\"https:\/\/www1.kkl.si\/wp-content\/uploads\/2021\/10\/2021_10_25-Bralni_krog-Olvasokor-slider_sl-1500x400.jpg\" alt=\"\" width=\"1200\" height=\"320\" srcset=\"https:\/\/www1.kkl.si\/wp-content\/uploads\/2021\/10\/2021_10_25-Bralni_krog-Olvasokor-slider_sl.jpg 1500w, https:\/\/www1.kkl.si\/wp-content\/uploads\/2021\/10\/2021_10_25-Bralni_krog-Olvasokor-slider_sl-400x107.jpg 400w\" sizes=\"auto, (max-width: 1200px) 100vw, 1200px\" \/><\/div>\n<div class=\"opis\"><strong><img loading=\"lazy\" decoding=\"async\" class=\"wp-image-1587 alignright\" title=\"Brezpla\u010dna prireditev\" src=\"https:\/\/www1.kkl.si\/wp-content\/uploads\/2020\/07\/spored_simb_brezplacna-1.svg\" alt=\"brezplacna\" width=\"40\" height=\"40\" srcset=\"https:\/\/www1.kkl.si\/wp-content\/uploads\/\/2020\/07\/spored_simb_brezplacna-1.svg 150w, https:\/\/www1.kkl.si\/wp-content\/uploads\/\/2020\/07\/spored_simb_brezplacna-1.svg 400w, https:\/\/www1.kkl.si\/wp-content\/uploads\/\/2020\/07\/spored_simb_brezplacna-1.svg 1500w, https:\/\/www1.kkl.si\/wp-content\/uploads\/\/2020\/07\/spored_simb_brezplacna-1.svg 100w\" sizes=\"auto, (max-width: 40px) 100vw, 40px\" \/><\/strong><strong><i class=\"fas fa-calendar\"><\/i> Ponedeljek, 25. 10. 2021 | <span class=\"zanr\">simpozij<\/span><br \/>\n<i class=\"fas fa-clock\"><\/i> 10.00<\/strong> <br \/>\n<i class=\"fas fa-map-marker\"><\/i> Prizori\u0161\u010de: Gledali\u0161ka in koncertna dvorana Lendava in avla<br \/>\n<i class=\"fas fa-chevron-circle-right\"><\/i> Organizator: <a href=\"https:\/\/www.kkl.si\/\">Knji\u017enica \u2013 Kulturni center Lendava \u2013 Lendvai K\u00f6nyvt\u00e1r \u00e9s Kultur\u00e1lis K\u00f6zpont<\/a><\/div>\n<p><a href=\"https:\/\/www1.kkl.si\/wp-content\/uploads\/2021\/10\/2021_10_25-Bralni_krog-Olvasokor-B.jpg\" data-lbwps-width=\"1500\" data-lbwps-height=\"2120\" data-lbwps-srcsmall=\"https:\/\/www1.kkl.si\/wp-content\/uploads\/2021\/10\/2021_10_25-Bralni_krog-Olvasokor-B-283x400.jpg\"><img loading=\"lazy\" decoding=\"async\" class=\"alignright size-medium wp-image-5124\" src=\"https:\/\/www1.kkl.si\/wp-content\/uploads\/2021\/10\/2021_10_25-Bralni_krog-Olvasokor-B-283x400.jpg\" alt=\"\" width=\"283\" height=\"400\" srcset=\"https:\/\/www1.kkl.si\/wp-content\/uploads\/2021\/10\/2021_10_25-Bralni_krog-Olvasokor-B-283x400.jpg 283w, https:\/\/www1.kkl.si\/wp-content\/uploads\/2021\/10\/2021_10_25-Bralni_krog-Olvasokor-B-1061x1500.jpg 1061w, https:\/\/www1.kkl.si\/wp-content\/uploads\/2021\/10\/2021_10_25-Bralni_krog-Olvasokor-B.jpg 1500w\" sizes=\"auto, (max-width: 283px) 100vw, 283px\" \/><\/a>Knji\u017enica \u2013 Kulturni center Lendava<\/p>\n<p>vas vabi na<br \/>\n<strong><br \/>\nsimpozij ob 150-letnici ustanovitve prvega bralnega kroga v Lendavi,<\/strong><\/p>\n<p>ki bo 25. 10. 2021 v Gledali\u0161ki in koncertni dvorani Lendava z za\u010detkom ob 10. uri.<\/p>\n<p>Ob 13. uri bo v avli Gledali\u0161ke in koncertne<br \/>\ndvorane Lendava odprtje razstave na temo posveta.<\/p>\n\n\t\t<style type=\"text\/css\">\n\t\t\t#gallery-1 {\n\t\t\t\tmargin: auto;\n\t\t\t}\n\t\t\t#gallery-1 .gallery-item {\n\t\t\t\tfloat: left;\n\t\t\t\tmargin-top: 10px;\n\t\t\t\ttext-align: center;\n\t\t\t\twidth: 33%;\n\t\t\t}\n\t\t\t#gallery-1 img {\n\t\t\t\tborder: 2px solid #cfcfcf;\n\t\t\t}\n\t\t\t#gallery-1 .gallery-caption {\n\t\t\t\tmargin-left: 0;\n\t\t\t}\n\t\t\t\/* see gallery_shortcode() in wp-includes\/media.php *\/\n\t\t<\/style>\n\t\t<div id='gallery-1' class='gallery galleryid-5161 gallery-columns-3 gallery-size-thumbnail'><dl class='gallery-item'>\n\t\t\t<dt class='gallery-icon portrait'>\n\t\t\t\t<a href='https:\/\/www1.kkl.si\/wp-content\/uploads\/2021\/10\/2021_10_25-Bralni_krog-Olvasokor-B.jpg'><img loading=\"lazy\" decoding=\"async\" width=\"150\" height=\"150\" src=\"https:\/\/www1.kkl.si\/wp-content\/uploads\/2021\/10\/2021_10_25-Bralni_krog-Olvasokor-B-150x150.jpg\" class=\"attachment-thumbnail size-thumbnail\" alt=\"\" \/><\/a>\n\t\t\t<\/dt><\/dl><dl class='gallery-item'>\n\t\t\t<dt class='gallery-icon portrait'>\n\t\t\t\t<a href='https:\/\/www1.kkl.si\/wp-content\/uploads\/2021\/10\/2021_10_25-Bralni_krog-Olvasokor-A.jpg'><img loading=\"lazy\" decoding=\"async\" width=\"150\" height=\"150\" src=\"https:\/\/www1.kkl.si\/wp-content\/uploads\/2021\/10\/2021_10_25-Bralni_krog-Olvasokor-A-150x150.jpg\" class=\"attachment-thumbnail size-thumbnail\" alt=\"\" \/><\/a>\n\t\t\t<\/dt><\/dl><dl class='gallery-item'>\n\t\t\t<dt class='gallery-icon landscape'>\n\t\t\t\t<a href='https:\/\/www1.kkl.si\/wp-content\/uploads\/2021\/10\/2021_10_25-Bralni_krog-Olvasokor-C.jpg'><img loading=\"lazy\" decoding=\"async\" width=\"150\" height=\"150\" src=\"https:\/\/www1.kkl.si\/wp-content\/uploads\/2021\/10\/2021_10_25-Bralni_krog-Olvasokor-C-150x150.jpg\" class=\"attachment-thumbnail size-thumbnail\" alt=\"\" \/><\/a>\n\t\t\t<\/dt><\/dl><br style=\"clear: both\" \/>\n\t\t<\/div>\n\n<hr \/>\n<p><i class=\"fas fa-link\"><\/i> <a href=\"https:\/\/www.kl-kl.si\/simpozij-ob-150-letnici-ustanovitve-prvega-bralnega-kroga-v-lendavi\/\">https:\/\/www.kl-kl.si\/simpozij-ob-150-letnici-ustanovitve-prvega-bralnega-kroga-v-lendavi\/<\/a><\/p>\n<hr \/>\n<p><span style=\"color: #ff0000; font-size: 28px;\"><i class=\"fas fa-exclamation-triangle\"><\/i><\/span> VSTOP NA DOGODEK JE POGOJEN S <a href=\"https:\/\/www1.kkl.si\/sl\/vstop-v-gledalisko-in-koncertno-dvorano-samo-ob-izpolnjevanju-pogojev-pct\/\">PCT<\/a>!<\/p>\n","protected":false},"excerpt":{"rendered":"<p>Ponedeljek, 25. 10. 2021 | simpozij 10.00 Prizori\u0161\u010de: Gledali\u0161ka in koncertna dvorana Lendava in avla Organizator: Knji\u017enica \u2013 Kulturni center Lendava \u2013 Lendvai K\u00f6nyvt\u00e1r \u00e9s Kultur\u00e1lis K\u00f6zpont Knji\u017enica \u2013 Kulturni center Lendava vas vabi na simpozij ob 150-letnici ustanovitve prvega bralnega kroga v Lendavi, ki bo 25. 10. 2021 v Gledali\u0161ki in koncertni dvorani Lendava [&hellip;]<\/p>\n","protected":false},"author":2,"featured_media":0,"parent":0,"menu_order":0,"comment_status":"closed","ping_status":"closed","template":"","meta":{"footnotes":""},"class_list":["post-5161","page","type-page","status-publish","hentry","post"],"_links":{"self":[{"href":"https:\/\/www1.kkl.si\/sl\/wp-json\/wp\/v2\/pages\/5161","targetHints":{"allow":["GET"]}}],"collection":[{"href":"https:\/\/www1.kkl.si\/sl\/wp-json\/wp\/v2\/pages"}],"about":[{"href":"https:\/\/www1.kkl.si\/sl\/wp-json\/wp\/v2\/types\/page"}],"author":[{"embeddable":true,"href":"https:\/\/www1.kkl.si\/sl\/wp-json\/wp\/v2\/users\/2"}],"replies":[{"embeddable":true,"href":"https:\/\/www1.kkl.si\/sl\/wp-json\/wp\/v2\/comments?post=5161"}],"version-history":[{"count":4,"href":"https:\/\/www1.kkl.si\/sl\/wp-json\/wp\/v2\/pages\/5161\/revisions"}],"predecessor-version":[{"id":5238,"href":"https:\/\/www1.kkl.si\/sl\/wp-json\/wp\/v2\/pages\/5161\/revisions\/5238"}],"wp:attachment":[{"href":"https:\/\/www1.kkl.si\/sl\/wp-json\/wp\/v2\/media?parent=5161"}],"curies":[{"name":"wp","href":"https:\/\/api.w.org\/{rel}","templated":true}]}}