{"id":5283,"date":"2021-10-25T11:56:49","date_gmt":"2021-10-25T09:56:49","guid":{"rendered":"https:\/\/www1.kkl.si\/?page_id=5283"},"modified":"2021-10-25T13:59:53","modified_gmt":"2021-10-25T11:59:53","slug":"hettorony-fesztival-2021-festival-sedmih-stolpov","status":"publish","type":"page","link":"https:\/\/www1.kkl.si\/sl\/hettorony-fesztival-2021-festival-sedmih-stolpov\/","title":{"rendered":"H\u00e9ttorony Fesztiv\u00e1l 2021 (Festival sedmih stolpov)"},"content":{"rendered":"<div><img loading=\"lazy\" decoding=\"async\" class=\"izrez alignnone wp-image-5285 size-full\" src=\"https:\/\/www1.kkl.si\/wp-content\/uploads\/2021\/10\/hettorony_2021_glava.jpg\" alt=\"\" width=\"1200\" height=\"513\" srcset=\"https:\/\/www1.kkl.si\/wp-content\/uploads\/2021\/10\/hettorony_2021_glava.jpg 1200w, https:\/\/www1.kkl.si\/wp-content\/uploads\/2021\/10\/hettorony_2021_glava-400x171.jpg 400w\" sizes=\"auto, (max-width: 1200px) 100vw, 1200px\" \/><\/div>\n<div class=\"opis\"><strong><img loading=\"lazy\" decoding=\"async\" class=\"wp-image-1587 alignright\" title=\"Brezpla\u010dna prireditev\" src=\"https:\/\/www1.kkl.si\/wp-content\/uploads\/2020\/07\/spored_simb_brezplacna-1.svg\" sizes=\"auto, (max-width: 40px) 100vw, 40px\" srcset=\"https:\/\/www1.kkl.si\/wp-content\/uploads\/\/2020\/07\/spored_simb_brezplacna-1.svg 150w, https:\/\/www1.kkl.si\/wp-content\/uploads\/\/2020\/07\/spored_simb_brezplacna-1.svg 400w, https:\/\/www1.kkl.si\/wp-content\/uploads\/\/2020\/07\/spored_simb_brezplacna-1.svg 1500w, https:\/\/www1.kkl.si\/wp-content\/uploads\/\/2020\/07\/spored_simb_brezplacna-1.svg 100w\" alt=\"brezplacna\" width=\"40\" height=\"40\" \/><img loading=\"lazy\" decoding=\"async\" class=\"wp-image-1591 alignright\" title=\"Pla\u010dljiva prireditev\" src=\"https:\/\/www1.kkl.si\/wp-content\/uploads\/2020\/07\/spored_simb_placljiva-1.svg\" sizes=\"auto, (max-width: 40px) 100vw, 40px\" srcset=\"https:\/\/www1.kkl.si\/wp-content\/uploads\/\/2020\/07\/spored_simb_placljiva-1.svg 150w, https:\/\/www1.kkl.si\/wp-content\/uploads\/\/2020\/07\/spored_simb_placljiva-1.svg 400w, https:\/\/www1.kkl.si\/wp-content\/uploads\/\/2020\/07\/spored_simb_placljiva-1.svg 1500w, https:\/\/www1.kkl.si\/wp-content\/uploads\/\/2020\/07\/spored_simb_placljiva-1.svg 100w\" alt=\"placljiva\" width=\"40\" height=\"40\" \/><i class=\"fas fa-calendar\"><\/i> Sobota, 6. november 2021 | <span class=\"zanr\">razstava in koncert<\/span><br \/>\n<i class=\"fas fa-clock\"><\/i> 18.30<br \/>\n<\/strong><i class=\"fas fa-ticket-alt\"><\/i> Cena vstopnice za koncert: <strong>5 \u20ac<\/strong><br \/>\n<i class=\"fas fa-map-marker\"><\/i> Prizori\u0161\u010de: Gledali\u0161ka in koncertna dvorana Lendava<br \/>\n<i class=\"fas fa-chevron-circle-right\"><\/i> Organizator: <a href=\"http:\/\/www.fono.hu\/\">Fon\u00f3 Budai Zeneh\u00e1z<\/a><\/div>\n<p><a href=\"https:\/\/www1.kkl.si\/wp-content\/uploads\/2021\/10\/hettorony_2021_Lendva_web.jpg\" data-lbwps-width=\"1768\" data-lbwps-height=\"2500\" data-lbwps-srcsmall=\"https:\/\/www1.kkl.si\/wp-content\/uploads\/2021\/10\/hettorony_2021_Lendva_web-283x400.jpg\"><img loading=\"lazy\" decoding=\"async\" class=\"slika alignright wp-image-5301 size-medium\" src=\"https:\/\/www1.kkl.si\/wp-content\/uploads\/2021\/10\/hettorony_2021_Lendva_web-283x400.jpg\" alt=\"\" width=\"283\" height=\"400\" srcset=\"https:\/\/www1.kkl.si\/wp-content\/uploads\/2021\/10\/hettorony_2021_Lendva_web-283x400.jpg 283w, https:\/\/www1.kkl.si\/wp-content\/uploads\/2021\/10\/hettorony_2021_Lendva_web-1061x1500.jpg 1061w, https:\/\/www1.kkl.si\/wp-content\/uploads\/2021\/10\/hettorony_2021_Lendva_web.jpg 1768w\" sizes=\"auto, (max-width: 283px) 100vw, 283px\" \/><\/a>Vljudno vabljeni na tradicionalni Festival sedmih stolpov, ki poteka po razli\u010dnih krajih Karpatskega bazena.<\/p>\n<p>Leto\u0161nji program:<\/p>\n<p><strong>18.30<\/strong> Otvoritev potujo\u010de razstave Makovecz <em>(brezpla\u010den ogled)<\/em><br \/>\n<strong>19.00<\/strong> Koncert skupine <strong>Huun Huur Tu<\/strong> <em>(vstopnina je 5 \u20ac)<\/em><\/p>\n<p><span style=\"font-size: 28px;\">FESTIVALSKI POZDRAV<\/span><\/p>\n<p>Od smrti Imreja Makovecza je minilo \u017ee deset let, a spomin nanj, njegova karizma in duhovna zapu\u0161\u010dina \u0161e vedno delujejo v nas. Zato letos novembra v njegovo \u010dast organiziramo mednarodni Festival sedmih stolpov. Ta je \u017ee deseti, ki smo ga pripravljali skoraj eno leto. Pri na\u010drtovanju niza dogodkov smo se \u0161e naprej osredoto\u010dali na to, da bi na pode\u017eelju in med Mad\u017eari v sosednjih dr\u017eavah predstavili najbolj\u0161e ljudske in svetovne glasbe iz domovine in tujine ter ozave\u0161\u010dali o nelo\u010dljivem odnosu med glasbo in arhitekturo ter na\u0161imi duhovnimi koreninami. Poleg koncertov, ki bodo ve\u010dinoma potekali v mojstrovih stavbah, bodo tudi letos na sporedu arhitekturne razstave in strokovne razprave, v okviru katerih bodo potekale sodobne ustvarjalne delavnice, katerih izhodi\u0161\u010de je ljudska kultura Karpatskega bazena.<\/p>\n<p>Simbolika legende o sedmih stolpih se je ve\u010dkrat pojavila v mad\u017earski kulturni zgodovini. Za nas so zakladi kme\u010dke kulture, kolektivnega spomina in ustvarjalnosti Karpatskega bazena ter duhovna zapu\u0161\u010dina velikih prednikov zakladi, ki jih hrani Sedem stolpov med stolpi na Dunaju, v Kassi, Munk\u00e1csu, Bra\u0161ovu, Novem Sadu, Zagrebu in Mariboru. Leto\u0161nji otvoritveni koncert bo potekal v Lendavi v Sloveniji. Nato bo festival s hitrostjo zvoka potekal med ve\u010detni\u010dnimi kraji Kakasd, Bak v G\u00f6cseji, Sz\u00e1zhalombatta, Mak\u00f3, S\u00e1rospatak in Kolozsv\u00e1r v Transilvaniji.<\/p>\n<p>20. novembra bomo, tako kot vsako leto, polo\u017eili venec na spominsko plo\u0161\u010do Imreja Makovecza na naslovu Vill\u00e1nyi \u00fat 8 v Budimpe\u0161ti. Na ta dan se je rodil. Zve\u010der bo v Budimpe\u0161ti potekal zaklju\u010dni gala koncert. Pred in po velikem dnevu se bo Festival sedmih stolpov preselil v Dubaj, v mad\u017earski paviljon na svetovni razstavi. Verjetno ni naklju\u010dje, da je to veli\u010dastno stavbo zasnoval L\u0151rinc Csernyus, eden od Makoveczovih \u0161tudentov in urednik arhitekturnih programov festivala.<\/p>\n<p>\u010cakajo vas izjemni koncerti in kulturni dogodki! Prek spleta bomo posku\u0161ali za nekaj minut v \u017eivo povezati prizori\u0161\u010da in tako okrepiti na\u0161o solidarnost.<\/p>\n<p>Upamo, da vam bomo letos lahko ponudili posebno do\u017eivetje v teh fascinantnih prostorih. Veselimo se, da vas bomo lahko pozdravili na dogodku!<\/p>\n<p>Ferenc Kiss<br \/>\numetni\u0161ki vodja<\/p>\n<hr \/>\n<p>POVEZAVA<\/p>\n<p><i class=\"fas fa-link\"><\/i> <a href=\"https:\/\/www.hettoronyfesztival.hu\/\">www.hettoronyfesztival.hu<\/a><\/p>\n<hr \/>\n<p>O GLASBENI SKUPINI<\/p>\n<p><span style=\"font-size: 28px;\"><strong>Huun Huur Tu<\/strong><\/span><\/p>\n<p><a href=\"https:\/\/www1.kkl.si\/wp-content\/uploads\/2021\/10\/huun_huur_tu.jpg\" data-lbwps-width=\"560\" data-lbwps-height=\"332\" data-lbwps-srcsmall=\"https:\/\/www1.kkl.si\/wp-content\/uploads\/2021\/10\/huun_huur_tu-400x237.jpg\"><img loading=\"lazy\" decoding=\"async\" class=\"alignright size-medium wp-image-5295\" src=\"https:\/\/www1.kkl.si\/wp-content\/uploads\/2021\/10\/huun_huur_tu-400x237.jpg\" alt=\"\" width=\"400\" height=\"237\" srcset=\"https:\/\/www1.kkl.si\/wp-content\/uploads\/2021\/10\/huun_huur_tu-400x237.jpg 400w, https:\/\/www1.kkl.si\/wp-content\/uploads\/2021\/10\/huun_huur_tu.jpg 560w\" sizes=\"auto, (max-width: 400px) 100vw, 400px\" \/><\/a>Huun-Huur-Tu je glasbena skupina iz Tuve, ruske zvezne republike na mongolsko-ruski meji. Njihova glasba vklju\u010duje grleno petje, pri katerem pevci pojejo tako noto kot njene podtonske tone in tako hkrati ustvarijo dve ali tri note. Podton lahko zveni kot flavta, pi\u0161\u010dal ali ptica, vendar je izklju\u010dno plod \u010dlove\u0161kega glasu.<\/p>\n<p>Skupina uporablja predvsem doma\u010da tuvanska glasbila, kot so igil, khomus (tuvanska \u010deljustna harfa), doshpuluur in d\u00fcngg\u00fcr (\u0161amanski boben). V zadnjih letih pa je skupina za\u010dela selektivno vklju\u010devati tudi zahodna glasbila, kot je kitara. \u010ceprav je glasba skupine Huun-Huur-Tu v osnovi avtohtona tuvanska ljudska glasba, eksperimentirajo tudi z vklju\u010devanjem zahodnih instrumentov in elektronske glasbe.<\/p>\n<p>Vir besedila: <a href=\"https:\/\/en.wikipedia.org\/wiki\/Huun-Huur-Tu\">https:\/\/en.wikipedia.org\/wiki\/Huun-Huur-Tu<\/a><\/p>\n<p><strong>Uradna spletna stran:<\/strong><\/p>\n<p><i class=\"fas fa-link\"><\/i> <a href=\"https:\/\/huunhuurtu.wordpress.com\/\">https:\/\/huunhuurtu.wordpress.com\/<\/a><\/p>\n<p><iframe loading=\"lazy\" src=\"\/\/www.youtube.com\/embed\/-bDntRWfL70\" width=\"1200\" height=\"673\" allowfullscreen=\"allowfullscreen\"><\/iframe><\/p>\n<p><iframe loading=\"lazy\" src=\"\/\/www.youtube.com\/embed\/HWZt52d9k4w\" width=\"1200\" height=\"673\" allowfullscreen=\"allowfullscreen\"><\/iframe><\/p>\n<p><iframe loading=\"lazy\" src=\"\/\/www.youtube.com\/embed\/srmJA1H4BIo\" width=\"1200\" height=\"673\" allowfullscreen=\"allowfullscreen\"><\/iframe><\/p>\n<hr \/>\n<p><span style=\"font-size: 28px; color: #ff0000;\"><i class=\"fas fa-exclamation-triangle\"><\/i><\/span> VSTOP NA DOGODEK JE POGOJEN S <a href=\"https:\/\/www1.kkl.si\/sl\/vstop-v-gledalisko-in-koncertno-dvorano-samo-ob-izpolnjevanju-pogojev-pct\/\">PCT<\/a>!<\/p>\n","protected":false},"excerpt":{"rendered":"<p>Sobota, 6. november 2021 | razstava in koncert 18.30 Cena vstopnice za koncert: 5 \u20ac Prizori\u0161\u010de: Gledali\u0161ka in koncertna dvorana Lendava Organizator: Fon\u00f3 Budai Zeneh\u00e1z Vljudno vabljeni na tradicionalni Festival sedmih stolpov, ki poteka po razli\u010dnih krajih Karpatskega bazena. Leto\u0161nji program: 18.30 Otvoritev potujo\u010de razstave Makovecz (brezpla\u010den ogled) 19.00 Koncert skupine Huun Huur Tu (vstopnina [&hellip;]<\/p>\n","protected":false},"author":2,"featured_media":5285,"parent":0,"menu_order":0,"comment_status":"closed","ping_status":"closed","template":"","meta":{"footnotes":""},"class_list":["post-5283","page","type-page","status-publish","has-post-thumbnail","hentry","post","post-with-thumbnail","post-with-thumbnail-icon"],"_links":{"self":[{"href":"https:\/\/www1.kkl.si\/sl\/wp-json\/wp\/v2\/pages\/5283","targetHints":{"allow":["GET"]}}],"collection":[{"href":"https:\/\/www1.kkl.si\/sl\/wp-json\/wp\/v2\/pages"}],"about":[{"href":"https:\/\/www1.kkl.si\/sl\/wp-json\/wp\/v2\/types\/page"}],"author":[{"embeddable":true,"href":"https:\/\/www1.kkl.si\/sl\/wp-json\/wp\/v2\/users\/2"}],"replies":[{"embeddable":true,"href":"https:\/\/www1.kkl.si\/sl\/wp-json\/wp\/v2\/comments?post=5283"}],"version-history":[{"count":15,"href":"https:\/\/www1.kkl.si\/sl\/wp-json\/wp\/v2\/pages\/5283\/revisions"}],"predecessor-version":[{"id":5332,"href":"https:\/\/www1.kkl.si\/sl\/wp-json\/wp\/v2\/pages\/5283\/revisions\/5332"}],"wp:featuredmedia":[{"embeddable":true,"href":"https:\/\/www1.kkl.si\/sl\/wp-json\/wp\/v2\/media\/5285"}],"wp:attachment":[{"href":"https:\/\/www1.kkl.si\/sl\/wp-json\/wp\/v2\/media?parent=5283"}],"curies":[{"name":"wp","href":"https:\/\/api.w.org\/{rel}","templated":true}]}}