{"id":5519,"date":"2021-11-25T13:52:27","date_gmt":"2021-11-25T12:52:27","guid":{"rendered":"https:\/\/www1.kkl.si\/?page_id=5519"},"modified":"2021-11-25T13:56:11","modified_gmt":"2021-11-25T12:56:11","slug":"miha-kacafura-vsakomur-je-dolocen-cas-smrti","status":"publish","type":"page","link":"https:\/\/www1.kkl.si\/sl\/miha-kacafura-vsakomur-je-dolocen-cas-smrti\/","title":{"rendered":"Miha Kacafura: VSAKOMUR JE DOLO\u010cEN \u010cAS SMRTI"},"content":{"rendered":"<div class=\"opis\"><strong><img loading=\"lazy\" decoding=\"async\" class=\"wp-image-1587 alignright\" title=\"Brezpla\u010dna prireditev\" src=\"https:\/\/www1.kkl.si\/wp-content\/uploads\/2020\/07\/spored_simb_brezplacna-1.svg\" sizes=\"auto, (max-width: 40px) 100vw, 40px\" srcset=\"https:\/\/www1.kkl.si\/wp-content\/uploads\/\/2020\/07\/spored_simb_brezplacna-1.svg 150w, https:\/\/www1.kkl.si\/wp-content\/uploads\/\/2020\/07\/spored_simb_brezplacna-1.svg 400w, https:\/\/www1.kkl.si\/wp-content\/uploads\/\/2020\/07\/spored_simb_brezplacna-1.svg 1500w, https:\/\/www1.kkl.si\/wp-content\/uploads\/\/2020\/07\/spored_simb_brezplacna-1.svg 100w\" alt=\"brezplacna\" width=\"40\" height=\"40\" \/><i class=\"fas fa-calendar\"><\/i> Petek, 26. november 2021 | <span class=\"zanr\">fotografska razstava<\/span><br \/>\n<i class=\"fas fa-clock\"><\/i> 18.00<\/strong><br \/>\n<i class=\"fas fa-map-marker\"><\/i> Prizori\u0161\u010de: Gledali\u0161ka in koncertna dvorana Lendava<br \/>\n<i class=\"fas fa-chevron-circle-right\"><\/i> Organizator: <a href=\"https:\/\/www.kkl.si\/\">Knji\u017enica \u2013 Kulturni center Lendava \u2013 Lendvai K\u00f6nyvt\u00e1r \u00e9s Kultur\u00e1lis K\u00f6zpont<\/a><\/div>\n<header class=\"entry-header\">\n<div class=\"entry-meta\">\u00a0<\/div>\n<\/header>\n<div class=\"entry-content\">\n<p><img loading=\"lazy\" decoding=\"async\" class=\"size-large wp-image-5504 alignnone aligncenter\" src=\"https:\/\/www1.kkl.si\/wp-content\/uploads\/2021\/11\/miha_kacafura_cas_smrti-638x342.jpg\" sizes=\"auto, (max-width: 638px) 100vw, 638px\" srcset=\"https:\/\/www1.kkl.si\/wp-content\/uploads\/2021\/11\/miha_kacafura_cas_smrti.jpg 638w, https:\/\/www1.kkl.si\/wp-content\/uploads\/2021\/11\/miha_kacafura_cas_smrti-400x214.jpg 400w\" alt=\"\" width=\"638\" height=\"342\" \/><\/p>\n<p style=\"text-align: center;\">Knji\u017enica \u2013 Kulturni center Lendava<\/p>\n<p style=\"text-align: center;\">vas vljudno vabi na otvoritev fotografske razstave<\/p>\n<p style=\"text-align: center;\">Miha Kacafura:<\/p>\n<p style=\"text-align: center;\">VSAKOMUR JE DOLO\u010cEN \u010cAS SMRTI<\/p>\n<p style=\"text-align: center;\">ki bo <strong>v petek, 26. novembra, ob 18. uri<\/strong><br \/>\nv preddverju Gledali\u0161ke in koncertne dvorane Lendava.<\/p>\n<p style=\"text-align: center;\">Avtor v fotografijah preigrava vpra\u0161anja trajnosti, umrljivosti oziroma \u010dlove\u0161kega odnosa <br \/>\ndo sebe in okolja ter zavedanja \u017eivljenjske kratkotrajnosti.<\/p>\n<p style=\"text-align: center;\">S fotografskim pristopom posnema likovno umetnostno temo vanitas.<\/p>\n<p style=\"text-align: center;\"><em>Veselimo se Va\u0161ega obiska!<\/em><\/p>\n<p><a href=\"https:\/\/www1.kkl.si\/wp-content\/uploads\/2021\/11\/pokrovitelji_razstava_202-11-26.jpg\" data-lbwps-width=\"1500\" data-lbwps-height=\"300\" data-lbwps-handler=\"1\"><img loading=\"lazy\" decoding=\"async\" class=\"alignnone size-full wp-image-5506\" src=\"https:\/\/www1.kkl.si\/wp-content\/uploads\/2021\/11\/pokrovitelji_razstava_202-11-26.jpg\" sizes=\"auto, (max-width: 1500px) 100vw, 1500px\" srcset=\"https:\/\/www1.kkl.si\/wp-content\/uploads\/2021\/11\/pokrovitelji_razstava_202-11-26.jpg 1500w, https:\/\/www1.kkl.si\/wp-content\/uploads\/2021\/11\/pokrovitelji_razstava_202-11-26-400x80.jpg 400w\" alt=\"\" width=\"1500\" height=\"300\" \/><\/a><\/p>\n<\/div>\n<hr \/>\n<p><span style=\"font-size: 28px; color: #ff0000;\"><i class=\"fas fa-exclamation-triangle\"><\/i><\/span> VSTOP NA DOGODEK JE POGOJEN S <a href=\"https:\/\/www1.kkl.si\/sl\/vstop-v-gledalisko-in-koncertno-dvorano-samo-ob-izpolnjevanju-pogojev-pct\/\">PCT<\/a>!<\/p>\n","protected":false},"excerpt":{"rendered":"<p>Petek, 26. november 2021 | fotografska razstava 18.00 Prizori\u0161\u010de: Gledali\u0161ka in koncertna dvorana Lendava Organizator: Knji\u017enica \u2013 Kulturni center Lendava \u2013 Lendvai K\u00f6nyvt\u00e1r \u00e9s Kultur\u00e1lis K\u00f6zpont \u00a0 Knji\u017enica \u2013 Kulturni center Lendava vas vljudno vabi na otvoritev fotografske razstave Miha Kacafura: VSAKOMUR JE DOLO\u010cEN \u010cAS SMRTI ki bo v petek, 26. novembra, ob 18. uri [&hellip;]<\/p>\n","protected":false},"author":2,"featured_media":5504,"parent":0,"menu_order":0,"comment_status":"closed","ping_status":"closed","template":"","meta":{"footnotes":""},"class_list":["post-5519","page","type-page","status-publish","has-post-thumbnail","hentry","post","post-with-thumbnail","post-with-thumbnail-icon"],"_links":{"self":[{"href":"https:\/\/www1.kkl.si\/sl\/wp-json\/wp\/v2\/pages\/5519","targetHints":{"allow":["GET"]}}],"collection":[{"href":"https:\/\/www1.kkl.si\/sl\/wp-json\/wp\/v2\/pages"}],"about":[{"href":"https:\/\/www1.kkl.si\/sl\/wp-json\/wp\/v2\/types\/page"}],"author":[{"embeddable":true,"href":"https:\/\/www1.kkl.si\/sl\/wp-json\/wp\/v2\/users\/2"}],"replies":[{"embeddable":true,"href":"https:\/\/www1.kkl.si\/sl\/wp-json\/wp\/v2\/comments?post=5519"}],"version-history":[{"count":2,"href":"https:\/\/www1.kkl.si\/sl\/wp-json\/wp\/v2\/pages\/5519\/revisions"}],"predecessor-version":[{"id":5526,"href":"https:\/\/www1.kkl.si\/sl\/wp-json\/wp\/v2\/pages\/5519\/revisions\/5526"}],"wp:featuredmedia":[{"embeddable":true,"href":"https:\/\/www1.kkl.si\/sl\/wp-json\/wp\/v2\/media\/5504"}],"wp:attachment":[{"href":"https:\/\/www1.kkl.si\/sl\/wp-json\/wp\/v2\/media?parent=5519"}],"curies":[{"name":"wp","href":"https:\/\/api.w.org\/{rel}","templated":true}]}}