{"id":5569,"date":"2021-11-28T09:49:19","date_gmt":"2021-11-28T08:49:19","guid":{"rendered":"https:\/\/www1.kkl.si\/?page_id=5569"},"modified":"2021-12-01T08:48:07","modified_gmt":"2021-12-01T07:48:07","slug":"dbus-romeo-in-julija","status":"publish","type":"page","link":"https:\/\/www1.kkl.si\/sl\/dbus-romeo-in-julija\/","title":{"rendered":"DBUS: Romeo in Julija (ODPADE!)"},"content":{"rendered":"<div><img loading=\"lazy\" decoding=\"async\" class=\"izrez alignnone wp-image-5571 size-full\" src=\"https:\/\/www1.kkl.si\/wp-content\/uploads\/2021\/11\/romeo_julija_balet_glava.jpg\" alt=\"\" width=\"1200\" height=\"300\" srcset=\"https:\/\/www1.kkl.si\/wp-content\/uploads\/2021\/11\/romeo_julija_balet_glava.jpg 1200w, https:\/\/www1.kkl.si\/wp-content\/uploads\/2021\/11\/romeo_julija_balet_glava-400x100.jpg 400w\" sizes=\"auto, (max-width: 1200px) 100vw, 1200px\" \/><\/div>\n<div class=\"opis\"><strong><img loading=\"lazy\" decoding=\"async\" class=\"wp-image-1587 alignright\" title=\"Brezpla\u010dna prireditev\" src=\"https:\/\/www1.kkl.si\/wp-content\/uploads\/2020\/07\/spored_simb_brezplacna-1.svg\" sizes=\"auto, (max-width: 40px) 100vw, 40px\" srcset=\"https:\/\/www1.kkl.si\/wp-content\/uploads\/\/2020\/07\/spored_simb_brezplacna-1.svg 150w, https:\/\/www1.kkl.si\/wp-content\/uploads\/\/2020\/07\/spored_simb_brezplacna-1.svg 400w, https:\/\/www1.kkl.si\/wp-content\/uploads\/\/2020\/07\/spored_simb_brezplacna-1.svg 1500w, https:\/\/www1.kkl.si\/wp-content\/uploads\/\/2020\/07\/spored_simb_brezplacna-1.svg 100w\" alt=\"brezplacna\" width=\"40\" height=\"40\" \/><i class=\"fas fa-calendar\"><\/i> Sobota, 4. december 2021 | <span class=\"zanr\">baletna predstava<\/span> <span class=\"odpade\">ODPADE!<\/span><br \/>\n<i class=\"fas fa-clock\"><\/i> 19.00<\/strong><\/p>\n<p><span style=\"color: #ff0000;\"><strong> OBVESTILO: Cenjeni obiskovalci, \u017eal vas obve\u0161\u010damo, da zaradi bolezni v zasedbi Dru\u0161tva baletnih umetnikov Slovenije sobotni balet Romeo in Julija odpade. O nadomestnem terminu izvedbe vas bomo obvestili.<\/strong><\/span><\/p>\n<p><i class=\"fas fa-ticket-alt\"><\/i> <strong>Brezpla\u010dne vstopnice<\/strong> se lahko prevzamejo na blagajni Gledali\u0161ke in koncertne dvorane Lendava. Na voljo je omejeno \u0161tevilo sede\u017eev, zato vas pozivamo, da si va\u0161o vstopnico zagotovite pravo\u010dasno.<br \/>\n<i class=\"fas fa-map-marker\"><\/i> Prizori\u0161\u010de: Gledali\u0161ka in koncertna dvorana Lendava<br \/>\n<i class=\"fas fa-chevron-circle-right\"><\/i> Organizator: <a href=\"https:\/\/www.kkl.si\/\">Knji\u017enica \u2013 Kulturni center Lendava \u2013 Lendvai K\u00f6nyvt\u00e1r \u00e9s Kultur\u00e1lis K\u00f6zpont<\/a><\/p>\n<\/div>\n<p><a href=\"https:\/\/www1.kkl.si\/wp-content\/uploads\/2021\/11\/plakat_B2_praznicni_december_2021_SLO_1500px.jpg\" data-lbwps-width=\"1078\" data-lbwps-height=\"1500\" data-lbwps-srcsmall=\"https:\/\/www1.kkl.si\/wp-content\/uploads\/2021\/11\/plakat_B2_praznicni_december_2021_SLO_1500px-287x400.jpg\"><img loading=\"lazy\" decoding=\"async\" class=\"size-medium wp-image-5540 alignright\" src=\"https:\/\/www1.kkl.si\/wp-content\/uploads\/2021\/11\/plakat_B2_praznicni_december_2021_SLO_1500px-287x400.jpg\" alt=\"\" width=\"287\" height=\"400\" srcset=\"https:\/\/www1.kkl.si\/wp-content\/uploads\/2021\/11\/plakat_B2_praznicni_december_2021_SLO_1500px-287x400.jpg 287w, https:\/\/www1.kkl.si\/wp-content\/uploads\/2021\/11\/plakat_B2_praznicni_december_2021_SLO_1500px.jpg 1078w\" sizes=\"auto, (max-width: 287px) 100vw, 287px\" \/><\/a>PRAZNI\u010cNI DECEMBER V GLEDALI\u0160\u010cU 2021<br \/>\nDBUS &#8211; Dru\u0161tvo baletnih umetnikov Slovenije predstavlja:<br \/>\n<span style=\"font-size: 24px;\"><strong>Romeo in Julija<\/strong><\/span><\/p>\n<p><em>Celove\u010derni balet v dveh dejanjih<\/em><\/p>\n<p>Najslavnej\u0161a ljubezenska zgodba vseh \u010dasov. Romeo in Julija, junaka Shakespearove tragedije, dajeta ime ljubezni sami. Mar ni res, da se skoraj vsak mo\u0161ki, ki do\u017eivi opojnost tistega sladkega \u010dustva, imenovanega ljubezen, vsaj za trenutek prepozna kot Romeo? Ali pa ga s tem latinsko zvene\u010dim imenom ozna\u010dijo drugi. Ni Julija tista podoba, v kateri bi se hotela najti vsaka \u017eenska, ko za\u010duti, da bo svoje \u017eivljenje na\u0161la v drugem?<\/p>\n<p>Vendar pa se Shakespearova vizija ne izpolni samo v milini. To je zgodba o ljubezni in o mr\u017enji, o prevzetosti in tudi o nestrpnosti, vzvi\u0161enosti in tudi ozkosti duha, zgodba poezije in nasilja. Zgodba o svetu sovra\u0161tva, v katerem se ljubezen izpolni v smrti. Tragedija iz renesan\u010dnega sveta, ki govori za vse \u010dase in o vseh \u010dasih, tudi na\u0161em.<\/p>\n<p>Glasba: <strong>Sergej Prokofiev<\/strong><br \/>\nKoreografija in scenografija: <strong>Toma\u017e Rode<\/strong><br \/>\nLu\u010d: <strong>Igor Mede<\/strong><br \/>\nIn\u0161picient: <strong>Matja\u017e Marin<\/strong><\/p>\n<p>\n<a href=\"https:\/\/www1.kkl.si\/wp-content\/uploads\/2021\/11\/Romeo-in-Julija-28.jpg\" data-lbwps-width=\"1000\" data-lbwps-height=\"667\" data-lbwps-srcsmall=\"https:\/\/www1.kkl.si\/wp-content\/uploads\/2021\/11\/Romeo-in-Julija-28-400x267.jpg\"><img loading=\"lazy\" decoding=\"async\" class=\"alignright wp-image-5575 size-medium\" src=\"https:\/\/www1.kkl.si\/wp-content\/uploads\/2021\/11\/Romeo-in-Julija-28-400x267.jpg\" alt=\"\" width=\"400\" height=\"267\" srcset=\"https:\/\/www1.kkl.si\/wp-content\/uploads\/2021\/11\/Romeo-in-Julija-28-400x267.jpg 400w, https:\/\/www1.kkl.si\/wp-content\/uploads\/2021\/11\/Romeo-in-Julija-28.jpg 1000w\" sizes=\"auto, (max-width: 400px) 100vw, 400px\" \/><\/a>Zasedba: <br \/>\nLord Capulet <strong>SINI\u0160A BUKINAC<\/strong><br \/>\nLady Capulet <strong>NINA NO\u010c<\/strong><br \/>\nJulija, njuna h\u010di <strong>ANTONETA TURK<\/strong><br \/>\nJulijina dojilja <strong>EMILIE GALLERANI TASSINARI<\/strong><br \/>\nTybald, Julijin bratranec <strong>PETAR \u0110OR\u010cEVSKI<\/strong><br \/>\nParis, Julijin zaro\u010denec <strong>ALEKS THEO \u0160I\u0160ERNIK<\/strong><br \/>\nLord Monteg <strong>NEJC NO\u010c<\/strong><br \/>\nRomeo, njegov sin <strong>FILIP JURI\u010c<\/strong><br \/>\nMercutio, Romeov prijatelj <strong>TOMA\u017d GOLUB<\/strong><br \/>\nBenvolio, njun prijatelj <strong>JAN TRNINI\u010c<\/strong><br \/>\nPater Lorenzo <strong>B\u00c1LINT RAUSCHER<\/strong><br \/>\nEscalus <strong>B\u00c1LINT RAUSCHER<\/strong><\/p>\n<hr \/>\n<p>POVEZAVA<\/p>\n<p><i class=\"fas fa-link\"><\/i> <a href=\"https:\/\/www.dbus.si\/dogodki\/romeo-in-julija-2\/\">https:\/\/www.dbus.si\/dogodki\/romeo-in-julija-2\/<\/a><\/p>\n<hr \/>\n<p><span style=\"font-size: 28px; color: #ff0000;\"><i class=\"fas fa-exclamation-triangle\"><\/i><\/span> VSTOP NA DOGODEK JE POGOJEN S <a href=\"https:\/\/www1.kkl.si\/sl\/vstop-v-gledalisko-in-koncertno-dvorano-samo-ob-izpolnjevanju-pogojev-pct\/\">PCT<\/a>!<\/p>\n","protected":false},"excerpt":{"rendered":"<p>Sobota, 4. december 2021 | baletna predstava ODPADE! 19.00 OBVESTILO: Cenjeni obiskovalci, \u017eal vas obve\u0161\u010damo, da zaradi bolezni v zasedbi Dru\u0161tva baletnih umetnikov Slovenije sobotni balet Romeo in Julija odpade. O nadomestnem terminu izvedbe vas bomo obvestili. Brezpla\u010dne vstopnice se lahko prevzamejo na blagajni Gledali\u0161ke in koncertne dvorane Lendava. Na voljo je omejeno \u0161tevilo sede\u017eev, [&hellip;]<\/p>\n","protected":false},"author":2,"featured_media":0,"parent":0,"menu_order":0,"comment_status":"closed","ping_status":"closed","template":"","meta":{"footnotes":""},"class_list":["post-5569","page","type-page","status-publish","hentry","post"],"_links":{"self":[{"href":"https:\/\/www1.kkl.si\/sl\/wp-json\/wp\/v2\/pages\/5569","targetHints":{"allow":["GET"]}}],"collection":[{"href":"https:\/\/www1.kkl.si\/sl\/wp-json\/wp\/v2\/pages"}],"about":[{"href":"https:\/\/www1.kkl.si\/sl\/wp-json\/wp\/v2\/types\/page"}],"author":[{"embeddable":true,"href":"https:\/\/www1.kkl.si\/sl\/wp-json\/wp\/v2\/users\/2"}],"replies":[{"embeddable":true,"href":"https:\/\/www1.kkl.si\/sl\/wp-json\/wp\/v2\/comments?post=5569"}],"version-history":[{"count":12,"href":"https:\/\/www1.kkl.si\/sl\/wp-json\/wp\/v2\/pages\/5569\/revisions"}],"predecessor-version":[{"id":5622,"href":"https:\/\/www1.kkl.si\/sl\/wp-json\/wp\/v2\/pages\/5569\/revisions\/5622"}],"wp:attachment":[{"href":"https:\/\/www1.kkl.si\/sl\/wp-json\/wp\/v2\/media?parent=5569"}],"curies":[{"name":"wp","href":"https:\/\/api.w.org\/{rel}","templated":true}]}}