{"id":5653,"date":"2021-12-03T12:00:46","date_gmt":"2021-12-03T11:00:46","guid":{"rendered":"https:\/\/www1.kkl.si\/?page_id=5653"},"modified":"2021-12-09T21:28:17","modified_gmt":"2021-12-09T20:28:17","slug":"spas-teater-mala-terasa","status":"publish","type":"page","link":"https:\/\/www1.kkl.si\/sl\/spas-teater-mala-terasa\/","title":{"rendered":"\u0160pas Teater: Mala terasa"},"content":{"rendered":"<div><img loading=\"lazy\" decoding=\"async\" class=\"izrez alignnone wp-image-5667 size-full\" src=\"https:\/\/www1.kkl.si\/wp-content\/uploads\/2021\/12\/mala_terasa_glava.jpg\" alt=\"\" width=\"1200\" height=\"300\" srcset=\"https:\/\/www1.kkl.si\/wp-content\/uploads\/2021\/12\/mala_terasa_glava.jpg 1200w, https:\/\/www1.kkl.si\/wp-content\/uploads\/2021\/12\/mala_terasa_glava-400x100.jpg 400w\" sizes=\"auto, (max-width: 1200px) 100vw, 1200px\" \/><\/div>\n<div class=\"opis\"><strong><img loading=\"lazy\" decoding=\"async\" class=\"wp-image-1587 alignright\" title=\"Brezpla\u010dna prireditev\" src=\"https:\/\/www1.kkl.si\/wp-content\/uploads\/2020\/07\/spored_simb_brezplacna-1.svg\" sizes=\"auto, (max-width: 40px) 100vw, 40px\" srcset=\"https:\/\/www1.kkl.si\/wp-content\/uploads\/\/2020\/07\/spored_simb_brezplacna-1.svg 150w, https:\/\/www1.kkl.si\/wp-content\/uploads\/\/2020\/07\/spored_simb_brezplacna-1.svg 400w, https:\/\/www1.kkl.si\/wp-content\/uploads\/\/2020\/07\/spored_simb_brezplacna-1.svg 1500w, https:\/\/www1.kkl.si\/wp-content\/uploads\/\/2020\/07\/spored_simb_brezplacna-1.svg 100w\" alt=\"brezplacna\" width=\"40\" height=\"40\" \/><i class=\"fas fa-calendar\"><\/i> Sobota, 11. december 2021 | <span class=\"zanr\">koncertna komedija<\/span><br \/>\n<i class=\"fas fa-clock\"><\/i> 19.00<\/strong> <br \/>\n<i class=\"fas fa-ticket-alt\"><\/i>\u00a0<strong>Brezpla\u010dne vstopnice<\/strong> se lahko prevzamejo na blagajni Gledali\u0161ke in koncertne dvorane Lendava. Na voljo je omejeno \u0161tevilo sede\u017eev, zato vas pozivamo, da si va\u0161o vstopnico zagotovite pravo\u010dasno.<br \/>\n<i class=\"fas fa-map-marker\"><\/i> Prizori\u0161\u010de: Gledali\u0161ka in koncertna dvorana Lendava<br \/>\n<i class=\"fas fa-chevron-circle-right\"><\/i> Organizator: <a href=\"https:\/\/www.kkl.si\/\">Knji\u017enica \u2013 Kulturni center Lendava \u2013 Lendvai K\u00f6nyvt\u00e1r \u00e9s Kultur\u00e1lis K\u00f6zpont<\/a><\/div>\n<p><a href=\"https:\/\/www1.kkl.si\/wp-content\/uploads\/2021\/12\/plakat_B2_praznicni_decemberV2_2021_DVOJ_1500px.jpg\" data-lbwps-width=\"1078\" data-lbwps-height=\"1500\" data-lbwps-srcsmall=\"https:\/\/www1.kkl.si\/wp-content\/uploads\/2021\/12\/plakat_B2_praznicni_decemberV2_2021_DVOJ_1500px-287x400.jpg\"><img loading=\"lazy\" decoding=\"async\" class=\"size-medium wp-image-5672 alignright\" src=\"https:\/\/www1.kkl.si\/wp-content\/uploads\/2021\/12\/plakat_B2_praznicni_decemberV2_2021_DVOJ_1500px-287x400.jpg\" alt=\"\" width=\"287\" height=\"400\" srcset=\"https:\/\/www1.kkl.si\/wp-content\/uploads\/2021\/12\/plakat_B2_praznicni_decemberV2_2021_DVOJ_1500px-287x400.jpg 287w, https:\/\/www1.kkl.si\/wp-content\/uploads\/2021\/12\/plakat_B2_praznicni_decemberV2_2021_DVOJ_1500px.jpg 1078w\" sizes=\"auto, (max-width: 287px) 100vw, 287px\" \/><\/a>PRAZNI\u010cNI DECEMBER V GLEDALI\u0160\u010cU 2021<\/p>\n<p>\u0160pas Teater predstavlja:<br \/>\n<span style=\"font-size: 24px;\"><strong>Mala terasa<\/strong><\/span><\/p>\n<p>Koncertna komedija<br \/>\n<em>\u00bbzabava in smeh, glasba in ples\u00ab<\/em><\/p>\n<p>Besedilo: <strong>Kamenko Kesar<\/strong><br \/>\nRe\u017eija: <strong>Ja\u0161a Jamnik<\/strong><br \/>\nBand: <strong>Eva Boto, Tomi Puri\u0107, Janez Skaza, Ale\u0161 Ogrin<\/strong><br \/>\nKostumografija in scenografija: <strong>\u017diga Flajnik<\/strong><\/p>\n<p>VSEBINA<\/p>\n<p>Zakaj ne bi pre\u017eiveli prijetnega ve\u010dera ob komediji in odli\u010dnemu koncertu, ob tem pa ob prijetni glasbi nekaj malega prigriznili, spili kozar\u010dek penine, limonado, gin tonik, ali kaj po va\u0161i \u017eelji? Privo\u0161\u010dite si dva dogodka v enem \u2013 kratko komedijo in \u0161e koncert odli\u010dne Eve Boto s Tomi Puri\u0107 bandom. \u010ce vas bo prijelo, pa lahko tudi zaple\u0161ete! Naj se &#8216;greva malo ven&#8217; spremeni v najbolj\u0161i mo\u017een ve\u010der. <\/p>\n<p>Tak\u0161nih ve\u010derov je premalo! Na \u017eeljo ob\u010dinstva so na odru za\u017eivele humorne knji\u017ene uspe\u0161nice dolgoletnega pisca nedeljskih humornih blogov, Kamenka Kesarja, ki je Slovence navdu\u0161il s knjigami Mene ne bo noben jebo, \u017dena ima vedno prav in \u010ce bi mo\u0161ki vedeli. Za njegove knjige velja, da se berejo glasno &#8211; bralce namre\u010d spravljajo v salve smeha, zato bo predstava nedvomno poskrbela za zvrhan ko\u0161 dobre volje.<\/p>\n<p><a href=\"https:\/\/www1.kkl.si\/wp-content\/uploads\/2021\/12\/spas_mala_terasa.jpg\" data-lbwps-width=\"1136\" data-lbwps-height=\"686\" data-lbwps-srcsmall=\"https:\/\/www1.kkl.si\/wp-content\/uploads\/2021\/12\/spas_mala_terasa-400x242.jpg\"><img loading=\"lazy\" decoding=\"async\" class=\"slika alignright wp-image-5656 size-medium\" src=\"https:\/\/www1.kkl.si\/wp-content\/uploads\/2021\/12\/spas_mala_terasa-400x242.jpg\" alt=\"\" width=\"400\" height=\"242\" srcset=\"https:\/\/www1.kkl.si\/wp-content\/uploads\/2021\/12\/spas_mala_terasa-400x242.jpg 400w, https:\/\/www1.kkl.si\/wp-content\/uploads\/2021\/12\/spas_mala_terasa.jpg 1136w\" sizes=\"auto, (max-width: 400px) 100vw, 400px\" \/><\/a>Igralca, izjemna Gorka Berden in Ja\u0161a Jamnik, sta sko\u010dila v \u010devljev zaljubljenih zakoncev in nas s svojo prepri\u010dljivo igro ter neprekosljivo sme\u0161nimi dialogi, osnovanimi na Kesarjevih knji\u017enih uspe\u0161nicah in resni\u010dnih peripetijah, popeljeta v sicer najbolj vsakdanje, a tudi najbolj zamol\u010dane situacije med mo\u0161kimi in \u017eenskami. Pozor, tokrat skozi o\u010di mo\u0161kega!<\/p>\n<p>Predstava navdu\u0161uje z zakonskimi in \u017ege\u010dkljivimi zapleti, ki smo jih vsi do\u017eiveli, a si o njih ne drznemo glasno govoriti. Gorka in Ja\u0161a sta ob prebranem scenariju v en glas vzkliknila: &#8220;Vrhunskooooo!&#8221; In prav tak\u0161na tudi predstava je. Z njunim talentom \u0161e dodatno nepozabna.<\/p>\n<p>Na koncu predstave boste prepri\u010dani, da ne gre druga\u010de, kot da ima \u017eena vedno prav. Da bosta sprostitev in vzdu\u0161je res popolna, bo z glasbenimi vlo\u017eki poskrbel Tomi Puri\u010d band z Evo Boto. Obeta sem vam \u010dudovit, dva v enem, ve\u010der!<br \/>\nUstvarjalci predstave<\/p>\n\n\t\t<style type=\"text\/css\">\n\t\t\t#gallery-1 {\n\t\t\t\tmargin: auto;\n\t\t\t}\n\t\t\t#gallery-1 .gallery-item {\n\t\t\t\tfloat: left;\n\t\t\t\tmargin-top: 10px;\n\t\t\t\ttext-align: center;\n\t\t\t\twidth: 33%;\n\t\t\t}\n\t\t\t#gallery-1 img {\n\t\t\t\tborder: 2px solid #cfcfcf;\n\t\t\t}\n\t\t\t#gallery-1 .gallery-caption {\n\t\t\t\tmargin-left: 0;\n\t\t\t}\n\t\t\t\/* see gallery_shortcode() in wp-includes\/media.php *\/\n\t\t<\/style>\n\t\t<div id='gallery-1' class='gallery galleryid-5653 gallery-columns-3 gallery-size-thumbnail'><dl class='gallery-item'>\n\t\t\t<dt class='gallery-icon landscape'>\n\t\t\t\t<a href='https:\/\/www1.kkl.si\/wp-content\/uploads\/2021\/12\/jamnik.jpg'><img loading=\"lazy\" decoding=\"async\" width=\"150\" height=\"150\" src=\"https:\/\/www1.kkl.si\/wp-content\/uploads\/2021\/12\/jamnik-150x150.jpg\" class=\"attachment-thumbnail size-thumbnail\" alt=\"\" aria-describedby=\"gallery-1-5659\" srcset=\"https:\/\/www1.kkl.si\/wp-content\/uploads\/2021\/12\/jamnik-150x150.jpg 150w, https:\/\/www1.kkl.si\/wp-content\/uploads\/2021\/12\/jamnik.jpg 400w\" sizes=\"auto, (max-width: 150px) 100vw, 150px\" \/><\/a>\n\t\t\t<\/dt>\n\t\t\t\t<dd class='wp-caption-text gallery-caption' id='gallery-1-5659'>\n\t\t\t\tJa\u0161a Jamnik\n\t\t\t\t<\/dd><\/dl><dl class='gallery-item'>\n\t\t\t<dt class='gallery-icon landscape'>\n\t\t\t\t<a href='https:\/\/www1.kkl.si\/wp-content\/uploads\/2021\/12\/boto.jpg'><img loading=\"lazy\" decoding=\"async\" width=\"150\" height=\"150\" src=\"https:\/\/www1.kkl.si\/wp-content\/uploads\/2021\/12\/boto-150x150.jpg\" class=\"attachment-thumbnail size-thumbnail\" alt=\"\" aria-describedby=\"gallery-1-5663\" srcset=\"https:\/\/www1.kkl.si\/wp-content\/uploads\/2021\/12\/boto-150x150.jpg 150w, https:\/\/www1.kkl.si\/wp-content\/uploads\/2021\/12\/boto.jpg 400w\" sizes=\"auto, (max-width: 150px) 100vw, 150px\" \/><\/a>\n\t\t\t<\/dt>\n\t\t\t\t<dd class='wp-caption-text gallery-caption' id='gallery-1-5663'>\n\t\t\t\tEva Boto\n\t\t\t\t<\/dd><\/dl><dl class='gallery-item'>\n\t\t\t<dt class='gallery-icon landscape'>\n\t\t\t\t<a href='https:\/\/www1.kkl.si\/wp-content\/uploads\/2021\/12\/berden.jpg'><img loading=\"lazy\" decoding=\"async\" width=\"150\" height=\"150\" src=\"https:\/\/www1.kkl.si\/wp-content\/uploads\/2021\/12\/berden-150x150.jpg\" class=\"attachment-thumbnail size-thumbnail\" alt=\"\" aria-describedby=\"gallery-1-5661\" srcset=\"https:\/\/www1.kkl.si\/wp-content\/uploads\/2021\/12\/berden-150x150.jpg 150w, https:\/\/www1.kkl.si\/wp-content\/uploads\/2021\/12\/berden.jpg 400w\" sizes=\"auto, (max-width: 150px) 100vw, 150px\" \/><\/a>\n\t\t\t<\/dt>\n\t\t\t\t<dd class='wp-caption-text gallery-caption' id='gallery-1-5661'>\n\t\t\t\tGorka Berden\n\t\t\t\t<\/dd><\/dl><br style=\"clear: both\" \/>\n\t\t<\/div>\n\n<p><em>Dogodek traja 2 uri in 15 minut in se pri\u010dne pribli\u017eno 30 minut po uri, ki je zapisana na vstopnici.<\/em><\/p>\n<hr \/>\n<p>POVEZAVA<\/p>\n<p><i class=\"fas fa-link\"><\/i> <a href=\"https:\/\/www.spasteater.si\/predstave\/mala-terasa\">https:\/\/www.spasteater.si\/predstave\/mala-terasa<\/a><\/p>\n<hr \/>\n<p><span style=\"font-size: 28px; color: #ff0000;\"><i class=\"fas fa-exclamation-triangle\"><\/i><\/span> VSTOP NA DOGODEK JE POGOJEN S <a href=\"https:\/\/www1.kkl.si\/sl\/vstop-v-gledalisko-in-koncertno-dvorano-samo-ob-izpolnjevanju-pogojev-pct\/\">PCT<\/a>!<\/p>\n","protected":false},"excerpt":{"rendered":"<p>Sobota, 11. december 2021 | koncertna komedija 19.00 \u00a0Brezpla\u010dne vstopnice se lahko prevzamejo na blagajni Gledali\u0161ke in koncertne dvorane Lendava. Na voljo je omejeno \u0161tevilo sede\u017eev, zato vas pozivamo, da si va\u0161o vstopnico zagotovite pravo\u010dasno. Prizori\u0161\u010de: Gledali\u0161ka in koncertna dvorana Lendava Organizator: Knji\u017enica \u2013 Kulturni center Lendava \u2013 Lendvai K\u00f6nyvt\u00e1r \u00e9s Kultur\u00e1lis K\u00f6zpont PRAZNI\u010cNI DECEMBER [&hellip;]<\/p>\n","protected":false},"author":2,"featured_media":5656,"parent":0,"menu_order":0,"comment_status":"closed","ping_status":"closed","template":"","meta":{"footnotes":""},"class_list":["post-5653","page","type-page","status-publish","has-post-thumbnail","hentry","post","post-with-thumbnail","post-with-thumbnail-icon"],"_links":{"self":[{"href":"https:\/\/www1.kkl.si\/sl\/wp-json\/wp\/v2\/pages\/5653","targetHints":{"allow":["GET"]}}],"collection":[{"href":"https:\/\/www1.kkl.si\/sl\/wp-json\/wp\/v2\/pages"}],"about":[{"href":"https:\/\/www1.kkl.si\/sl\/wp-json\/wp\/v2\/types\/page"}],"author":[{"embeddable":true,"href":"https:\/\/www1.kkl.si\/sl\/wp-json\/wp\/v2\/users\/2"}],"replies":[{"embeddable":true,"href":"https:\/\/www1.kkl.si\/sl\/wp-json\/wp\/v2\/comments?post=5653"}],"version-history":[{"count":19,"href":"https:\/\/www1.kkl.si\/sl\/wp-json\/wp\/v2\/pages\/5653\/revisions"}],"predecessor-version":[{"id":5787,"href":"https:\/\/www1.kkl.si\/sl\/wp-json\/wp\/v2\/pages\/5653\/revisions\/5787"}],"wp:featuredmedia":[{"embeddable":true,"href":"https:\/\/www1.kkl.si\/sl\/wp-json\/wp\/v2\/media\/5656"}],"wp:attachment":[{"href":"https:\/\/www1.kkl.si\/sl\/wp-json\/wp\/v2\/media?parent=5653"}],"curies":[{"name":"wp","href":"https:\/\/api.w.org\/{rel}","templated":true}]}}