{"id":5722,"date":"2021-12-09T20:53:06","date_gmt":"2021-12-09T19:53:06","guid":{"rendered":"https:\/\/www1.kkl.si\/?page_id=5722"},"modified":"2021-12-13T09:32:38","modified_gmt":"2021-12-13T08:32:38","slug":"spas-teater-avdicija","status":"publish","type":"page","link":"https:\/\/www1.kkl.si\/sl\/spas-teater-avdicija\/","title":{"rendered":"\u0160pas Teater: Avdicija"},"content":{"rendered":"<div><img loading=\"lazy\" decoding=\"async\" class=\"izrez alignnone wp-image-5727 size-large\" src=\"https:\/\/www1.kkl.si\/wp-content\/uploads\/2021\/12\/Avdicija_glava-1200x300.jpg\" alt=\"\" width=\"1200\" height=\"300\" srcset=\"https:\/\/www1.kkl.si\/wp-content\/uploads\/2021\/12\/Avdicija_glava.jpg 1200w, https:\/\/www1.kkl.si\/wp-content\/uploads\/2021\/12\/Avdicija_glava-400x100.jpg 400w\" sizes=\"auto, (max-width: 1200px) 100vw, 1200px\" \/><\/div>\n<div class=\"opis\"><strong><img loading=\"lazy\" decoding=\"async\" class=\"wp-image-1587 alignright\" title=\"Brezpla\u010dna prireditev\" src=\"https:\/\/www1.kkl.si\/wp-content\/uploads\/2020\/07\/spored_simb_brezplacna-1.svg\" sizes=\"auto, (max-width: 40px) 100vw, 40px\" srcset=\"https:\/\/www1.kkl.si\/wp-content\/uploads\/\/2020\/07\/spored_simb_brezplacna-1.svg 150w, https:\/\/www1.kkl.si\/wp-content\/uploads\/\/2020\/07\/spored_simb_brezplacna-1.svg 400w, https:\/\/www1.kkl.si\/wp-content\/uploads\/\/2020\/07\/spored_simb_brezplacna-1.svg 1500w, https:\/\/www1.kkl.si\/wp-content\/uploads\/\/2020\/07\/spored_simb_brezplacna-1.svg 100w\" alt=\"brezplacna\" width=\"40\" height=\"40\" \/><i class=\"fas fa-calendar\"><\/i> Sobota, 18. december 2021 | <span class=\"zanr\">komedija<\/span><br \/>\n<i class=\"fas fa-clock\"><\/i> 19.00<\/strong> <br \/>\n<i class=\"fas fa-ticket-alt\"><\/i> <strong>Brezpla\u010dne vstopnice<\/strong> se lahko prevzamejo na blagajni Gledali\u0161ke in koncertne dvorane Lendava. Na voljo je omejeno \u0161tevilo sede\u017eev, zato vas pozivamo, da si va\u0161o vstopnico zagotovite pravo\u010dasno.<br \/>\n<i class=\"fas fa-map-marker\"><\/i> Prizori\u0161\u010de: Gledali\u0161ka in koncertna dvorana Lendava<br \/>\n<i class=\"fas fa-chevron-circle-right\"><\/i> Organizator: <a href=\"https:\/\/www.kkl.si\/\">Knji\u017enica \u2013 Kulturni center Lendava \u2013 Lendvai K\u00f6nyvt\u00e1r \u00e9s Kultur\u00e1lis K\u00f6zpont<\/a><\/div>\n<p><a href=\"https:\/\/www1.kkl.si\/wp-content\/uploads\/2021\/12\/plakat_B2_praznicni_decemberV2_2021_DVOJ_1500px.jpg\" data-lbwps-width=\"1078\" data-lbwps-height=\"1500\" data-lbwps-srcsmall=\"https:\/\/www1.kkl.si\/wp-content\/uploads\/2021\/12\/plakat_B2_praznicni_decemberV2_2021_DVOJ_1500px-287x400.jpg\"><img loading=\"lazy\" decoding=\"async\" class=\"size-medium wp-image-5672 alignright\" src=\"https:\/\/www1.kkl.si\/wp-content\/uploads\/2021\/12\/plakat_B2_praznicni_decemberV2_2021_DVOJ_1500px-287x400.jpg\" alt=\"\" width=\"287\" height=\"400\" srcset=\"https:\/\/www1.kkl.si\/wp-content\/uploads\/2021\/12\/plakat_B2_praznicni_decemberV2_2021_DVOJ_1500px-287x400.jpg 287w, https:\/\/www1.kkl.si\/wp-content\/uploads\/2021\/12\/plakat_B2_praznicni_decemberV2_2021_DVOJ_1500px.jpg 1078w\" sizes=\"auto, (max-width: 287px) 100vw, 287px\" \/><\/a>PRAZNI\u010cNI DECEMBER V GLEDALI\u0160\u010cU 2021<\/p>\n<p>\u0160pas Teater predstavlja:<br \/>\n<strong><span style=\"font-size: 24px;\">Avdicija<\/span><\/strong><\/p>\n<p><em>Ultra sme\u0161na komedija! Pod besedilo in re\u017eijo je podpisan eden najbolj za\u017eelenih ustvarjalcev zadnjega desetletja v Sloveniji &#8211; JURIJ ZRNEC!<\/em><\/p>\n<p><strong>Vsebina:<\/strong><\/p>\n<p>Stroga komisija bo na igralsko Akademijo sprejela samo najve\u010dje talente.<br \/>\nNadobudni \u0161tudentje, sami virtuozi improvizacije, med katerimi so tudi talentirano netalentirani, se ji bodo predstavili v najbolj\u0161i lu\u010di. Zapletali in odpletali se bodo pred igralskimi izzivi. Razgalili se bodo do vseh svojih napak in pomanjkljivosti. Nimajo kaj, gredo na vse ali ni\u010d. Stojijo tik pred veliko prilo\u017enostjo, ki jim bo odprla vrata igralskega poklica in zvezdni\u0161ke kariere! \u010cesa vsega ne bodo naredili, da bi jim uspelo! Izna\u0161li bodo \u0161e tisto, kar v gledali\u0161\u010du sploh ne obstaja. Njihovi nastopi na AVDICIJI so komi\u010dni, zabavni, pa tudi tragi\u010dni, iskreni, pompozno minimalisti\u010dni, predvsem pa vsi zelo iznajdljivi in do konca sme\u0161ni! \u00a0<\/p>\n<p><strong>Kandidati:<\/strong><\/p>\n<p><strong>FRANCI JEREB:<\/strong> evropska zvezda filmov, specializiran za klasi\u010dni \u017eanr; <strong>TON\u010cEK KLINAR:<\/strong> profesionalni sin\u010dek, stalno po bolnicah; <strong>BOGO BABI\u0106:<\/strong> prisr\u010den ljubitelj \u017eivali, vegeterjanec in ezoterik;\u00a0 <strong>EVGENIJ \u010cERNE:<\/strong> navihani pogrebnik, razvija svoj stand up; <strong>VASILIJ KUNC<\/strong> <strong>ONJEGIN:<\/strong> emotivni upodabljalec sanj, umetnik; <strong>\u017dAK JORIS:<\/strong> ultimativni prvak s tekmovanj, varnostni ekspert;\u00a0 <strong>JURE KROV:<\/strong> preprost, naiven kme\u010dki sanja\u010d;\u00a0<strong>SLAVC<\/strong>: obrtnik in lastnik firme \u017eganjekuha in varstvo otrok s.p.; <strong>\u010cRT \u0160U\u0160TER\u0160I\u010c<\/strong>: prodajnik, ki se po\u010duti nerazumljivega in si \u017eeli na akademijo; <strong>ZVONKO TROBEC GODEC:<\/strong> one mand band ansambel z va\u0161e terase; <strong>SRE\u010cKO:<\/strong> hiperaktivni navdu\u0161enec, ki si zelo \u017eeli postati igralec in <strong>AVGU\u0160TIN KORL<\/strong>: Gospod v zrelih letih, ki pravi: nikoli ni prepozno<\/p>\n<p><a href=\"https:\/\/www1.kkl.si\/wp-content\/uploads\/2021\/12\/Avdicija_3.jpg\" data-lbwps-width=\"1080\" data-lbwps-height=\"1080\" data-lbwps-srcsmall=\"https:\/\/www1.kkl.si\/wp-content\/uploads\/2021\/12\/Avdicija_3-400x400.jpg\"><img loading=\"lazy\" decoding=\"async\" class=\"alignright wp-image-5725 size-medium\" src=\"https:\/\/www1.kkl.si\/wp-content\/uploads\/2021\/12\/Avdicija_3-400x400.jpg\" alt=\"\" width=\"400\" height=\"400\" srcset=\"https:\/\/www1.kkl.si\/wp-content\/uploads\/2021\/12\/Avdicija_3-400x400.jpg 400w, https:\/\/www1.kkl.si\/wp-content\/uploads\/2021\/12\/Avdicija_3-150x150.jpg 150w, https:\/\/www1.kkl.si\/wp-content\/uploads\/2021\/12\/Avdicija_3.jpg 1080w\" sizes=\"auto, (max-width: 400px) 100vw, 400px\" \/><\/a><\/p>\n<p><strong>PROFESOR:<\/strong><br \/>\nJurij Zrnec \/ Dario Varga \/ Alojz Svete<\/p>\n<p><strong>IGRALCI EKIPA 1:<\/strong><br \/>\nDejan Krupi\u0107 (lik Jure )<br \/>\nAleksandar Rajakovi\u0107 (lik \u010crt in Zvonko)<br \/>\nMario \u0106ulibrk (lik Evgenij)<br \/>\nJernej Kogov\u0161ek (lik \u017dak)<\/p>\n<p><strong>IGRALCI EKIPA 2:<\/strong><br \/>\nMiha Brajnik (lika Franci in Ton\u010dek)<br \/>\nDamir Leventi\u0107 (lika Slavc in gospa)<br \/>\nNik \u0160krlec (lika Sre\u010dko in Korl)<br \/>\nMario \u0106ulibrk (lik Bogo)<br \/>\nJernej Kogov\u0161ek (lik Vasilij)<\/p>\n<p><strong>Ustvarjalci predstave<\/strong><\/p>\n<p>Besedilo: <strong>Jurij Zrnec in igralci<\/strong><br \/>\nRe\u017eija: <strong>Jurij Zrnec<\/strong><br \/>\nGlasbena oprema: <strong>Nejc \u0160kofic<\/strong><br \/>\n\u0160ivanje kostumov: <strong>Botique Resnik, Dom\u017eale<\/strong><\/p>\n<p>Fotografije: Jure Makovec<\/p>\n<p>Opozorilo: V predstavi igra pet igralcev in en profesor!<\/p>\n<p><em>Traja: 1 uro 40 min in nima odmora<\/em><\/p>\n<p>OGLEJTE SI SPODNJI PRAZNI\u010cNI VIDEO:<\/p>\n<p><iframe loading=\"lazy\" src=\"\/\/www.youtube.com\/embed\/RyAyPmf0ZLk\" width=\"1200\" height=\"673\" allowfullscreen=\"allowfullscreen\"><\/iframe><\/p>\n<p>PRI NAS, V GLEDALI\u0160KI IN KONCERTNI DVORANI LENDAVA, JE VSTOP SICER BREZPLA\u010cEN! \ud83d\ude09<\/p>\n<hr \/>\n<p>FOTOGALERIJA<\/p>\n\n\t\t<style type=\"text\/css\">\n\t\t\t#gallery-1 {\n\t\t\t\tmargin: auto;\n\t\t\t}\n\t\t\t#gallery-1 .gallery-item {\n\t\t\t\tfloat: left;\n\t\t\t\tmargin-top: 10px;\n\t\t\t\ttext-align: center;\n\t\t\t\twidth: 16%;\n\t\t\t}\n\t\t\t#gallery-1 img {\n\t\t\t\tborder: 2px solid #cfcfcf;\n\t\t\t}\n\t\t\t#gallery-1 .gallery-caption {\n\t\t\t\tmargin-left: 0;\n\t\t\t}\n\t\t\t\/* see gallery_shortcode() in wp-includes\/media.php *\/\n\t\t<\/style>\n\t\t<div id='gallery-1' class='gallery galleryid-5722 gallery-columns-6 gallery-size-thumbnail'><dl class='gallery-item'>\n\t\t\t<dt class='gallery-icon landscape'>\n\t\t\t\t<a href='https:\/\/www1.kkl.si\/wp-content\/uploads\/2021\/12\/Avdicija_2_.jpg'><img loading=\"lazy\" decoding=\"async\" width=\"150\" height=\"150\" src=\"https:\/\/www1.kkl.si\/wp-content\/uploads\/2021\/12\/Avdicija_2_-150x150.jpg\" class=\"attachment-thumbnail size-thumbnail\" alt=\"\" srcset=\"https:\/\/www1.kkl.si\/wp-content\/uploads\/2021\/12\/Avdicija_2_-150x150.jpg 150w, https:\/\/www1.kkl.si\/wp-content\/uploads\/2021\/12\/Avdicija_2_-400x400.jpg 400w, https:\/\/www1.kkl.si\/wp-content\/uploads\/2021\/12\/Avdicija_2_.jpg 1080w\" sizes=\"auto, (max-width: 150px) 100vw, 150px\" \/><\/a>\n\t\t\t<\/dt><\/dl><dl class='gallery-item'>\n\t\t\t<dt class='gallery-icon landscape'>\n\t\t\t\t<a href='https:\/\/www1.kkl.si\/wp-content\/uploads\/2021\/12\/aleksandar_rajakovic_crt_sustersic.jpg'><img loading=\"lazy\" decoding=\"async\" width=\"150\" height=\"150\" src=\"https:\/\/www1.kkl.si\/wp-content\/uploads\/2021\/12\/aleksandar_rajakovic_crt_sustersic-150x150.jpg\" class=\"attachment-thumbnail size-thumbnail\" alt=\"\" \/><\/a>\n\t\t\t<\/dt><\/dl><dl class='gallery-item'>\n\t\t\t<dt class='gallery-icon landscape'>\n\t\t\t\t<a href='https:\/\/www1.kkl.si\/wp-content\/uploads\/2021\/12\/aleksandar_rajakovic_zvonko_trobec_gobec.jpg'><img loading=\"lazy\" decoding=\"async\" width=\"150\" height=\"150\" src=\"https:\/\/www1.kkl.si\/wp-content\/uploads\/2021\/12\/aleksandar_rajakovic_zvonko_trobec_gobec-150x150.jpg\" class=\"attachment-thumbnail size-thumbnail\" alt=\"\" \/><\/a>\n\t\t\t<\/dt><\/dl><dl class='gallery-item'>\n\t\t\t<dt class='gallery-icon landscape'>\n\t\t\t\t<a href='https:\/\/www1.kkl.si\/wp-content\/uploads\/2021\/12\/alojz_svete_profesor.jpg'><img loading=\"lazy\" decoding=\"async\" width=\"150\" height=\"150\" src=\"https:\/\/www1.kkl.si\/wp-content\/uploads\/2021\/12\/alojz_svete_profesor-150x150.jpg\" class=\"attachment-thumbnail size-thumbnail\" alt=\"\" \/><\/a>\n\t\t\t<\/dt><\/dl><dl class='gallery-item'>\n\t\t\t<dt class='gallery-icon landscape'>\n\t\t\t\t<a href='https:\/\/www1.kkl.si\/wp-content\/uploads\/2021\/12\/damir_leventic_miha_brajnik_gospa_in_toncek_klinar.jpg'><img loading=\"lazy\" decoding=\"async\" width=\"150\" height=\"150\" src=\"https:\/\/www1.kkl.si\/wp-content\/uploads\/2021\/12\/damir_leventic_miha_brajnik_gospa_in_toncek_klinar-150x150.jpg\" class=\"attachment-thumbnail size-thumbnail\" alt=\"\" \/><\/a>\n\t\t\t<\/dt><\/dl><dl class='gallery-item'>\n\t\t\t<dt class='gallery-icon landscape'>\n\t\t\t\t<a href='https:\/\/www1.kkl.si\/wp-content\/uploads\/2021\/12\/damir_leventic_slavc.jpg'><img loading=\"lazy\" decoding=\"async\" width=\"150\" height=\"150\" src=\"https:\/\/www1.kkl.si\/wp-content\/uploads\/2021\/12\/damir_leventic_slavc-150x150.jpg\" class=\"attachment-thumbnail size-thumbnail\" alt=\"\" \/><\/a>\n\t\t\t<\/dt><\/dl><br style=\"clear: both\" \/><dl class='gallery-item'>\n\t\t\t<dt class='gallery-icon landscape'>\n\t\t\t\t<a href='https:\/\/www1.kkl.si\/wp-content\/uploads\/2021\/12\/dario_varga_profesor.jpg'><img loading=\"lazy\" decoding=\"async\" width=\"150\" height=\"150\" src=\"https:\/\/www1.kkl.si\/wp-content\/uploads\/2021\/12\/dario_varga_profesor-150x150.jpg\" class=\"attachment-thumbnail size-thumbnail\" alt=\"\" \/><\/a>\n\t\t\t<\/dt><\/dl><dl class='gallery-item'>\n\t\t\t<dt class='gallery-icon landscape'>\n\t\t\t\t<a href='https:\/\/www1.kkl.si\/wp-content\/uploads\/2021\/12\/dejan_krupic_jure_krov.jpg'><img loading=\"lazy\" decoding=\"async\" width=\"150\" height=\"150\" src=\"https:\/\/www1.kkl.si\/wp-content\/uploads\/2021\/12\/dejan_krupic_jure_krov-150x150.jpg\" class=\"attachment-thumbnail size-thumbnail\" alt=\"\" \/><\/a>\n\t\t\t<\/dt><\/dl><dl class='gallery-item'>\n\t\t\t<dt class='gallery-icon landscape'>\n\t\t\t\t<a href='https:\/\/www1.kkl.si\/wp-content\/uploads\/2021\/12\/jernej_kogovsek_vasilij_kunc_onjegin.jpg'><img loading=\"lazy\" decoding=\"async\" width=\"150\" height=\"150\" src=\"https:\/\/www1.kkl.si\/wp-content\/uploads\/2021\/12\/jernej_kogovsek_vasilij_kunc_onjegin-150x150.jpg\" class=\"attachment-thumbnail size-thumbnail\" alt=\"\" \/><\/a>\n\t\t\t<\/dt><\/dl><dl class='gallery-item'>\n\t\t\t<dt class='gallery-icon landscape'>\n\t\t\t\t<a href='https:\/\/www1.kkl.si\/wp-content\/uploads\/2021\/12\/mario_culibrk_bogo_babic.jpg'><img loading=\"lazy\" decoding=\"async\" width=\"150\" height=\"150\" src=\"https:\/\/www1.kkl.si\/wp-content\/uploads\/2021\/12\/mario_culibrk_bogo_babic-150x150.jpg\" class=\"attachment-thumbnail size-thumbnail\" alt=\"\" \/><\/a>\n\t\t\t<\/dt><\/dl><dl class='gallery-item'>\n\t\t\t<dt class='gallery-icon landscape'>\n\t\t\t\t<a href='https:\/\/www1.kkl.si\/wp-content\/uploads\/2021\/12\/mario_culibrk_evgenij_cerne.jpg'><img loading=\"lazy\" decoding=\"async\" width=\"150\" height=\"150\" src=\"https:\/\/www1.kkl.si\/wp-content\/uploads\/2021\/12\/mario_culibrk_evgenij_cerne-150x150.jpg\" class=\"attachment-thumbnail size-thumbnail\" alt=\"\" \/><\/a>\n\t\t\t<\/dt><\/dl><dl class='gallery-item'>\n\t\t\t<dt class='gallery-icon landscape'>\n\t\t\t\t<a href='https:\/\/www1.kkl.si\/wp-content\/uploads\/2021\/12\/miha_brajnik_franci_jereb.jpg'><img loading=\"lazy\" decoding=\"async\" width=\"150\" height=\"150\" src=\"https:\/\/www1.kkl.si\/wp-content\/uploads\/2021\/12\/miha_brajnik_franci_jereb-150x150.jpg\" class=\"attachment-thumbnail size-thumbnail\" alt=\"\" \/><\/a>\n\t\t\t<\/dt><\/dl><br style=\"clear: both\" \/><dl class='gallery-item'>\n\t\t\t<dt class='gallery-icon landscape'>\n\t\t\t\t<a href='https:\/\/www1.kkl.si\/wp-content\/uploads\/2021\/12\/nik_skrlec_augustin_korel.jpg'><img loading=\"lazy\" decoding=\"async\" width=\"150\" height=\"150\" src=\"https:\/\/www1.kkl.si\/wp-content\/uploads\/2021\/12\/nik_skrlec_augustin_korel-150x150.jpg\" class=\"attachment-thumbnail size-thumbnail\" alt=\"\" \/><\/a>\n\t\t\t<\/dt><\/dl><dl class='gallery-item'>\n\t\t\t<dt class='gallery-icon landscape'>\n\t\t\t\t<a href='https:\/\/www1.kkl.si\/wp-content\/uploads\/2021\/12\/nik_skrlec_srecko.jpg'><img loading=\"lazy\" decoding=\"async\" width=\"150\" height=\"150\" src=\"https:\/\/www1.kkl.si\/wp-content\/uploads\/2021\/12\/nik_skrlec_srecko-150x150.jpg\" class=\"attachment-thumbnail size-thumbnail\" alt=\"\" \/><\/a>\n\t\t\t<\/dt><\/dl>\n\t\t\t<br style='clear: both' \/>\n\t\t<\/div>\n\n<hr \/>\n<p>POVEZAVA<\/p>\n<p><i class=\"fas fa-link\"><\/i> <a href=\"https:\/\/www.spasteater.si\/predstave\/avdicija\">https:\/\/www.spasteater.si\/predstave\/avdicija<\/a><\/p>\n<hr \/>\n<p><span style=\"font-size: 28px; color: #ff0000;\"><i class=\"fas fa-exclamation-triangle\"><\/i><\/span> VSTOP NA DOGODEK JE POGOJEN S <a href=\"https:\/\/www1.kkl.si\/sl\/vstop-v-gledalisko-in-koncertno-dvorano-samo-ob-izpolnjevanju-pogojev-pct\/\">PCT<\/a>!<\/p>\n","protected":false},"excerpt":{"rendered":"<p>Sobota, 18. december 2021 | komedija 19.00 Brezpla\u010dne vstopnice se lahko prevzamejo na blagajni Gledali\u0161ke in koncertne dvorane Lendava. Na voljo je omejeno \u0161tevilo sede\u017eev, zato vas pozivamo, da si va\u0161o vstopnico zagotovite pravo\u010dasno. Prizori\u0161\u010de: Gledali\u0161ka in koncertna dvorana Lendava Organizator: Knji\u017enica \u2013 Kulturni center Lendava \u2013 Lendvai K\u00f6nyvt\u00e1r \u00e9s Kultur\u00e1lis K\u00f6zpont PRAZNI\u010cNI DECEMBER V [&hellip;]<\/p>\n","protected":false},"author":2,"featured_media":5725,"parent":0,"menu_order":0,"comment_status":"closed","ping_status":"closed","template":"","meta":{"footnotes":""},"class_list":["post-5722","page","type-page","status-publish","has-post-thumbnail","hentry","post","post-with-thumbnail","post-with-thumbnail-icon"],"_links":{"self":[{"href":"https:\/\/www1.kkl.si\/sl\/wp-json\/wp\/v2\/pages\/5722","targetHints":{"allow":["GET"]}}],"collection":[{"href":"https:\/\/www1.kkl.si\/sl\/wp-json\/wp\/v2\/pages"}],"about":[{"href":"https:\/\/www1.kkl.si\/sl\/wp-json\/wp\/v2\/types\/page"}],"author":[{"embeddable":true,"href":"https:\/\/www1.kkl.si\/sl\/wp-json\/wp\/v2\/users\/2"}],"replies":[{"embeddable":true,"href":"https:\/\/www1.kkl.si\/sl\/wp-json\/wp\/v2\/comments?post=5722"}],"version-history":[{"count":7,"href":"https:\/\/www1.kkl.si\/sl\/wp-json\/wp\/v2\/pages\/5722\/revisions"}],"predecessor-version":[{"id":5921,"href":"https:\/\/www1.kkl.si\/sl\/wp-json\/wp\/v2\/pages\/5722\/revisions\/5921"}],"wp:featuredmedia":[{"embeddable":true,"href":"https:\/\/www1.kkl.si\/sl\/wp-json\/wp\/v2\/media\/5725"}],"wp:attachment":[{"href":"https:\/\/www1.kkl.si\/sl\/wp-json\/wp\/v2\/media?parent=5722"}],"curies":[{"name":"wp","href":"https:\/\/api.w.org\/{rel}","templated":true}]}}