{"id":5850,"date":"2021-12-12T10:44:46","date_gmt":"2021-12-12T09:44:46","guid":{"rendered":"https:\/\/www1.kkl.si\/?page_id=5850"},"modified":"2021-12-13T09:34:36","modified_gmt":"2021-12-13T08:34:36","slug":"predstavitev-23-stevilke-revije-lindua","status":"publish","type":"page","link":"https:\/\/www1.kkl.si\/sl\/predstavitev-23-stevilke-revije-lindua\/","title":{"rendered":"Predstavitev 23. \u0161tevilke revije LINDUA"},"content":{"rendered":"<div><img loading=\"lazy\" decoding=\"async\" class=\"izrez alignnone wp-image-5855\" src=\"https:\/\/www1.kkl.si\/wp-content\/uploads\/2021\/12\/2021-12-16_Predstavitev_Lindue-23-slider_sl-1500x400.jpg\" alt=\"\" width=\"1200\" height=\"320\" srcset=\"https:\/\/www1.kkl.si\/wp-content\/uploads\/2021\/12\/2021-12-16_Predstavitev_Lindue-23-slider_sl.jpg 1500w, https:\/\/www1.kkl.si\/wp-content\/uploads\/2021\/12\/2021-12-16_Predstavitev_Lindue-23-slider_sl-400x107.jpg 400w\" sizes=\"auto, (max-width: 1200px) 100vw, 1200px\" \/><\/div>\n<div class=\"opis\"><strong><img loading=\"lazy\" decoding=\"async\" class=\"wp-image-1587 alignright\" title=\"Brezpla\u010dna prireditev\" src=\"https:\/\/www1.kkl.si\/wp-content\/uploads\/2020\/07\/spored_simb_brezplacna-1.svg\" sizes=\"auto, (max-width: 40px) 100vw, 40px\" srcset=\"https:\/\/www1.kkl.si\/wp-content\/uploads\/\/2020\/07\/spored_simb_brezplacna-1.svg 150w, https:\/\/www1.kkl.si\/wp-content\/uploads\/\/2020\/07\/spored_simb_brezplacna-1.svg 400w, https:\/\/www1.kkl.si\/wp-content\/uploads\/\/2020\/07\/spored_simb_brezplacna-1.svg 1500w, https:\/\/www1.kkl.si\/wp-content\/uploads\/\/2020\/07\/spored_simb_brezplacna-1.svg 100w\" alt=\"brezplacna\" width=\"40\" height=\"40\" \/><i class=\"fas fa-calendar\"><\/i> \u010cetrtek, 16. december 2021 | <span class=\"zanr\">prireditev, literarni ve\u010der<\/span><br \/>\n<i class=\"fas fa-clock\"><\/i> 18.00<\/strong><br \/>\n<i class=\"fas fa-map-marker\"><\/i> Prizori\u0161\u010de: Sinagoga Lendava<br \/>\n<i class=\"fas fa-chevron-circle-right\"><\/i> Organizator: <a href=\"https:\/\/www.kkl.si\/\">Knji\u017enica \u2013 Kulturni center Lendava \u2013 Lendvai K\u00f6nyvt\u00e1r \u00e9s Kultur\u00e1lis K\u00f6zpont<\/a><\/div>\n<p><a href=\"https:\/\/www1.kkl.si\/wp-content\/uploads\/2021\/12\/2021_12_16-Predstavitev_Lindue-23-B.jpg\" data-lbwps-width=\"1400\" data-lbwps-height=\"1979\" data-lbwps-srcsmall=\"https:\/\/www1.kkl.si\/wp-content\/uploads\/2021\/12\/2021_12_16-Predstavitev_Lindue-23-B-283x400.jpg\"><img loading=\"lazy\" decoding=\"async\" class=\"size-medium wp-image-5860 alignright\" src=\"https:\/\/www1.kkl.si\/wp-content\/uploads\/2021\/12\/2021_12_16-Predstavitev_Lindue-23-B-283x400.jpg\" alt=\"\" width=\"283\" height=\"400\" srcset=\"https:\/\/www1.kkl.si\/wp-content\/uploads\/2021\/12\/2021_12_16-Predstavitev_Lindue-23-B-283x400.jpg 283w, https:\/\/www1.kkl.si\/wp-content\/uploads\/2021\/12\/2021_12_16-Predstavitev_Lindue-23-B-1061x1500.jpg 1061w, https:\/\/www1.kkl.si\/wp-content\/uploads\/2021\/12\/2021_12_16-Predstavitev_Lindue-23-B.jpg 1400w\" sizes=\"auto, (max-width: 283px) 100vw, 283px\" \/><\/a> Knji\u017enica \u2013 Kulturni center Lendava \u2013\u00a0Lendvai K\u00f6nyvt\u00e1r \u00e9s Kultur\u00e1lis K\u00f6zpont<\/p>\n<p>vas vljudno vabi na<\/p>\n<h3>predstavitev 23. \u0161tevilke revije<br \/>\nLINDUA,<\/h3>\n<p>ki bo v \u010detrtek, 16. decembra 2021,<br \/>\nob 18. uri v Sinagogi Lendava.<\/p>\n\n\t\t<style type=\"text\/css\">\n\t\t\t#gallery-1 {\n\t\t\t\tmargin: auto;\n\t\t\t}\n\t\t\t#gallery-1 .gallery-item {\n\t\t\t\tfloat: left;\n\t\t\t\tmargin-top: 10px;\n\t\t\t\ttext-align: center;\n\t\t\t\twidth: 33%;\n\t\t\t}\n\t\t\t#gallery-1 img {\n\t\t\t\tborder: 2px solid #cfcfcf;\n\t\t\t}\n\t\t\t#gallery-1 .gallery-caption {\n\t\t\t\tmargin-left: 0;\n\t\t\t}\n\t\t\t\/* see gallery_shortcode() in wp-includes\/media.php *\/\n\t\t<\/style>\n\t\t<div id='gallery-1' class='gallery galleryid-5850 gallery-columns-3 gallery-size-thumbnail'><dl class='gallery-item'>\n\t\t\t<dt class='gallery-icon portrait'>\n\t\t\t\t<a href='https:\/\/www1.kkl.si\/wp-content\/uploads\/2021\/12\/2021_12_16-Predstavitev_Lindue-23-A.jpg'><img loading=\"lazy\" decoding=\"async\" width=\"150\" height=\"150\" src=\"https:\/\/www1.kkl.si\/wp-content\/uploads\/2021\/12\/2021_12_16-Predstavitev_Lindue-23-A-150x150.jpg\" class=\"attachment-thumbnail size-thumbnail\" alt=\"\" \/><\/a>\n\t\t\t<\/dt><\/dl><dl class='gallery-item'>\n\t\t\t<dt class='gallery-icon portrait'>\n\t\t\t\t<a href='https:\/\/www1.kkl.si\/wp-content\/uploads\/2021\/12\/2021_12_16-Predstavitev_Lindue-23-B.jpg'><img loading=\"lazy\" decoding=\"async\" width=\"150\" height=\"150\" src=\"https:\/\/www1.kkl.si\/wp-content\/uploads\/2021\/12\/2021_12_16-Predstavitev_Lindue-23-B-150x150.jpg\" class=\"attachment-thumbnail size-thumbnail\" alt=\"\" \/><\/a>\n\t\t\t<\/dt><\/dl><dl class='gallery-item'>\n\t\t\t<dt class='gallery-icon landscape'>\n\t\t\t\t<a href='https:\/\/www1.kkl.si\/wp-content\/uploads\/2021\/12\/2021_12_16-Predstavitev_Lindue-23-C.jpg'><img loading=\"lazy\" decoding=\"async\" width=\"150\" height=\"150\" src=\"https:\/\/www1.kkl.si\/wp-content\/uploads\/2021\/12\/2021_12_16-Predstavitev_Lindue-23-C-150x150.jpg\" class=\"attachment-thumbnail size-thumbnail\" alt=\"\" \/><\/a>\n\t\t\t<\/dt><\/dl><br style=\"clear: both\" \/>\n\t\t<\/div>\n\n<hr \/>\n<p>POVEZAVA<\/p>\n<p><i class=\"fas fa-link\"><\/i> <a href=\"https:\/\/www.kl-kl.si\/predstavitev-23-stevilke-revije-lindua\/\">https:\/\/www.kl-kl.si\/predstavitev-23-stevilke-revije-lindua\/<\/a><\/p>\n<hr \/>\n<p><span style=\"font-size: 28px; color: #ff0000;\"><i class=\"fas fa-exclamation-triangle\"><\/i><\/span> VSTOP NA DOGODEK JE POGOJEN S <a href=\"https:\/\/www1.kkl.si\/sl\/vstop-v-gledalisko-in-koncertno-dvorano-samo-ob-izpolnjevanju-pogojev-pct\/\">PCT<\/a>!<\/p>\n","protected":false},"excerpt":{"rendered":"<p>\u010cetrtek, 16. december 2021 | prireditev, literarni ve\u010der 18.00 Prizori\u0161\u010de: Sinagoga Lendava Organizator: Knji\u017enica \u2013 Kulturni center Lendava \u2013 Lendvai K\u00f6nyvt\u00e1r \u00e9s Kultur\u00e1lis K\u00f6zpont Knji\u017enica \u2013 Kulturni center Lendava \u2013\u00a0Lendvai K\u00f6nyvt\u00e1r \u00e9s Kultur\u00e1lis K\u00f6zpont vas vljudno vabi na predstavitev 23. \u0161tevilke revije LINDUA, ki bo v \u010detrtek, 16. decembra 2021, ob 18. uri v Sinagogi [&hellip;]<\/p>\n","protected":false},"author":2,"featured_media":5858,"parent":0,"menu_order":0,"comment_status":"closed","ping_status":"closed","template":"","meta":{"footnotes":""},"class_list":["post-5850","page","type-page","status-publish","has-post-thumbnail","hentry","post","post-with-thumbnail","post-with-thumbnail-icon"],"_links":{"self":[{"href":"https:\/\/www1.kkl.si\/sl\/wp-json\/wp\/v2\/pages\/5850","targetHints":{"allow":["GET"]}}],"collection":[{"href":"https:\/\/www1.kkl.si\/sl\/wp-json\/wp\/v2\/pages"}],"about":[{"href":"https:\/\/www1.kkl.si\/sl\/wp-json\/wp\/v2\/types\/page"}],"author":[{"embeddable":true,"href":"https:\/\/www1.kkl.si\/sl\/wp-json\/wp\/v2\/users\/2"}],"replies":[{"embeddable":true,"href":"https:\/\/www1.kkl.si\/sl\/wp-json\/wp\/v2\/comments?post=5850"}],"version-history":[{"count":8,"href":"https:\/\/www1.kkl.si\/sl\/wp-json\/wp\/v2\/pages\/5850\/revisions"}],"predecessor-version":[{"id":5924,"href":"https:\/\/www1.kkl.si\/sl\/wp-json\/wp\/v2\/pages\/5850\/revisions\/5924"}],"wp:featuredmedia":[{"embeddable":true,"href":"https:\/\/www1.kkl.si\/sl\/wp-json\/wp\/v2\/media\/5858"}],"wp:attachment":[{"href":"https:\/\/www1.kkl.si\/sl\/wp-json\/wp\/v2\/media?parent=5850"}],"curies":[{"name":"wp","href":"https:\/\/api.w.org\/{rel}","templated":true}]}}