{"id":5897,"date":"2021-12-12T11:45:43","date_gmt":"2021-12-12T10:45:43","guid":{"rendered":"https:\/\/www1.kkl.si\/?page_id=5897"},"modified":"2021-12-28T12:27:25","modified_gmt":"2021-12-28T11:27:25","slug":"bozicno-novoletni-koncert-simfonicnega-orkestra-sng-maribor","status":"publish","type":"page","link":"https:\/\/www1.kkl.si\/sl\/bozicno-novoletni-koncert-simfonicnega-orkestra-sng-maribor\/","title":{"rendered":"Bo\u017ei\u010dno-novoletni koncert Simfoni\u010dnega orkestra SNG Maribor"},"content":{"rendered":"<div><img loading=\"lazy\" decoding=\"async\" class=\"izrez alignnone wp-image-5898 size-full\" src=\"https:\/\/www1.kkl.si\/wp-content\/uploads\/2021\/12\/SNG-Bozicni_simfoniki-webbanner_h.jpg\" alt=\"\" width=\"1200\" height=\"330\" srcset=\"https:\/\/www1.kkl.si\/wp-content\/uploads\/2021\/12\/SNG-Bozicni_simfoniki-webbanner_h.jpg 1200w, https:\/\/www1.kkl.si\/wp-content\/uploads\/2021\/12\/SNG-Bozicni_simfoniki-webbanner_h-400x110.jpg 400w\" sizes=\"auto, (max-width: 1200px) 100vw, 1200px\" \/><\/div>\n<div class=\"opis\"><strong><img loading=\"lazy\" decoding=\"async\" class=\"wp-image-1587 alignright\" title=\"Brezpla\u010dna prireditev\" src=\"https:\/\/www1.kkl.si\/wp-content\/uploads\/2020\/07\/spored_simb_brezplacna-1.svg\" sizes=\"auto, (max-width: 40px) 100vw, 40px\" srcset=\"https:\/\/www1.kkl.si\/wp-content\/uploads\/\/2020\/07\/spored_simb_brezplacna-1.svg 150w, https:\/\/www1.kkl.si\/wp-content\/uploads\/\/2020\/07\/spored_simb_brezplacna-1.svg 400w, https:\/\/www1.kkl.si\/wp-content\/uploads\/\/2020\/07\/spored_simb_brezplacna-1.svg 1500w, https:\/\/www1.kkl.si\/wp-content\/uploads\/\/2020\/07\/spored_simb_brezplacna-1.svg 100w\" alt=\"brezplacna\" width=\"40\" height=\"40\" \/><i class=\"fas fa-calendar\"><\/i> Ponedeljek, 27. december 2021 | <span class=\"zanr\">koncert<\/span><br \/>\n<i class=\"fas fa-clock\"><\/i> 19.00<\/strong> <br \/>\n<i class=\"fas fa-ticket-alt\"><\/i> <strong><span class=\"odpade\">VSTOPNICE SO PO\u0160LE!<\/span><\/strong> Spo\u0161tovani obiskovalci, obve\u0161\u010damo vas, da so brezpla\u010dne vstopnice za Bo\u017ei\u010dno\u2013novoletni koncert Simfoni\u010dnega orkestra SNG Maribor po\u0161le. Hvala za va\u0161e razumevanje.<br \/>\n<i class=\"fas fa-map-marker\"><\/i> Prizori\u0161\u010de: Gledali\u0161ka in koncertna dvorana Lendava<br \/>\n<i class=\"fas fa-chevron-circle-right\"><\/i> Organizator: <a href=\"https:\/\/www.kkl.si\/\">Knji\u017enica \u2013 Kulturni center Lendava \u2013 Lendvai K\u00f6nyvt\u00e1r \u00e9s Kultur\u00e1lis K\u00f6zpont<\/a><\/div>\n<p><a href=\"https:\/\/www1.kkl.si\/wp-content\/uploads\/2021\/12\/plakat_B2_praznicni_decemberV2_2021_DVOJ_1500px.jpg\" data-lbwps-width=\"1078\" data-lbwps-height=\"1500\" data-lbwps-srcsmall=\"https:\/\/www1.kkl.si\/wp-content\/uploads\/2021\/12\/plakat_B2_praznicni_decemberV2_2021_DVOJ_1500px-287x400.jpg\"><img loading=\"lazy\" decoding=\"async\" class=\"size-medium wp-image-5672 alignright\" src=\"https:\/\/www1.kkl.si\/wp-content\/uploads\/2021\/12\/plakat_B2_praznicni_decemberV2_2021_DVOJ_1500px-287x400.jpg\" alt=\"\" width=\"287\" height=\"400\" srcset=\"https:\/\/www1.kkl.si\/wp-content\/uploads\/2021\/12\/plakat_B2_praznicni_decemberV2_2021_DVOJ_1500px-287x400.jpg 287w, https:\/\/www1.kkl.si\/wp-content\/uploads\/2021\/12\/plakat_B2_praznicni_decemberV2_2021_DVOJ_1500px.jpg 1078w\" sizes=\"auto, (max-width: 287px) 100vw, 287px\" \/><\/a>PRAZNI\u010cNI DECEMBER V GLEDALI\u0160\u010cU 2021<\/p>\n<p><strong><span style=\"font-size: 28px;\">Bo\u017ei\u010dno-novoletni koncert<\/span><\/strong><\/p>\n<p><strong>Simfoni\u010dni orkester SNG Maribor<\/strong><br \/>\nDirigent <strong>Simon Kre\u010di\u010d<\/strong><br \/>\nSolistke in solist <strong>Sabina Cvilak<\/strong>, sopran, <strong>Rebeka Lokar<\/strong>, sopran, <strong>Andreja Zakonj\u0161ek Krt<\/strong>, sopran, <strong>Martin Su\u0161nik<\/strong>, tenor, <strong>Oksana Pe\u010deny<\/strong>, violina<\/p>\n<p>Najlep\u0161e arije in odlomki iz opernih in operetnih mojstrovin Richarda Straussa, L\u00e9a Delibesa, Franza Leh\u00e1rja in Roberta Stolza ter koncertnih in orkestralnih del Petra Ilji\u010da \u010cajkovskega, Johanna Straussa ml., Manuela de Falle, Jacquesa Offenbacha idr.<\/p>\n<p><span style=\"font-size: 24px;\"><strong>Program<\/strong><\/span><\/p>\n<ul>\n<li>Richard Strauss:\u00a0<em>Val\u010dki<\/em>\u00a0iz\u00a0prvega\u00a0dejanja\u00a0opere\u00a0Der Rosenkavalier<\/li>\n<li>Georges Bizet: <em>La fleur que tu m&#8217;avais jet\u00e9e<\/em>, arija Dona Jos\u00e9ja iz drugega dejanja opere Carmen, <br \/>\nsolist Martin\u00a0Su\u0161nik<\/li>\n<li>L\u00e9o Delibes:\u00a0<em>Viens, Mallika, les lianes en fleurs<\/em>, cvetli\u010dni\u00a0duet\u00a0iz\u00a0prvega dejanja opere\u00a0Lakm\u00e9,\u00a0<br \/>\nsolistki Rebeka Lokar, Andreja\u00a0Zakonj\u0161ek\u00a0Krt<\/li>\n<li>Johann Strauss ml.: <em>Ro\u017ee z juga<\/em> (Rosen aus dem S\u00fcden), op. 388<\/li>\n<li>Richard Strauss:<em> Beim Schlafengehen<\/em> iz cikla \u0160tiri poslednje pesmi, solistka Sabina Cvilak<\/li>\n<li>Peter Ilji\u010d\u00a0\u010cajkovski:\u00a0<em>Cvetli\u010dni\u00a0val\u010dek iz drugega dejanja<\/em> baleta Hresta\u010d<\/li>\n<li>Richard Strauss:\u00a0<em>Marie Theres&#8217;! Hab&#8217; mir&#8217;s gelobt<\/em>, zaklju\u010dni tercet\u00a0iz\u00a0tretjega\u00a0dejanja\u00a0opere\u00a0Der Rosenkavalier, solistke Sabina Cvilak,\u00a0Rebeka\u00a0Lokar, Andreja\u00a0Zakonj\u0161ek\u00a0Krt<\/li>\n<\/ul>\n<p>* * * * *<\/p>\n<ul>\n<li>Robert\u00a0Stolz:\u00a0<em>Spiel&#8217; auf\u00a0deiner\u00a0Geige<\/em>, arija Jadje iz prvega dejanja operete Venera v svili, solistka Sabina Cvilak<\/li>\n<li>Vittorio Monti:\u00a0<em>\u010carda\u0161, za violino in orkester<\/em>,\u00a0solistka Oksana Pe\u010deny Dolenc<\/li>\n<li>Luigi Arditi:\u00a0<em>Il\u00a0bacio<\/em> (Poljub), solistka Andreja Zakonj\u0161ek Krt<\/li>\n<li>Franz Leh\u00e1r: <em>Meine Lippen, sie k\u00fcssen so hei\u00df<\/em>, arija Giuditte iz \u010detrtega prizora operete Giuditta, solistka Rebeka Lokar<\/li>\n<li>Agust\u00edn Lara: <em>Granada<\/em>, solist Martin Su\u0161nik<\/li>\n<li>Manuel de Falla: <em>\u0160panski ples za violino in orkester<\/em> iz drugega dejanja opere Kratko \u017eivljenje,solistka Oksana Pe\u010deny Dolenc<\/li>\n<li>Ruperto Chap\u00ed: <em>Al pensar en el due\u00f1o de mis amores<\/em>, iz drugega dejanja komi\u010dne zarzuele Zabedejevi h\u010deri, solistka Sabina Cvilak<\/li>\n<li>Jacques\u00a0Offenbach: <em>Uvertura k opereti Orfej v podzemlju<\/em><\/li>\n<\/ul>\n<p><img loading=\"lazy\" decoding=\"async\" class=\"alignnone size-full wp-image-5909\" src=\"https:\/\/www1.kkl.si\/wp-content\/uploads\/2021\/12\/Simfonicni-orkester-SNG-Maribor-1.jpg\" alt=\"\" width=\"1200\" height=\"405\" srcset=\"https:\/\/www1.kkl.si\/wp-content\/uploads\/2021\/12\/Simfonicni-orkester-SNG-Maribor-1.jpg 1200w, https:\/\/www1.kkl.si\/wp-content\/uploads\/2021\/12\/Simfonicni-orkester-SNG-Maribor-1-400x135.jpg 400w\" sizes=\"auto, (max-width: 1200px) 100vw, 1200px\" \/><\/p>\n<p>Nezadr\u017eno pribli\u017eevanje veselega decembra in prazni\u010dnega vzdu\u0161ja, ki je tudi letos nekoliko druga\u010dno zaradi omejenega javnega \u017eivljenja, je lahko lepa prilo\u017enost za skupno dru\u017eenje ob navdihujo\u010di glasbi. Z \u017eeljo, da bi v karseda dobrem razpolo\u017eenju in ob primerni glasbeni popotnici zakorakali v novo leto 2022, smo za vas pripravili vznemirljiv glasbeni ve\u010der v znamenju ro\u017e in cvetja, ki je stkan iz \u0161tevilnih ble\u0161\u010de\u010dih utrinkov in strastnih ritmov iz svetovne glasbene zakladnice. Prvi del koncerta je tako namenjen predvsem glasbenim mojstrovinam, ki so tako ali druga\u010de simbolno povezane s cvetjem, v drugem delu glasbenega dogodka pa se bomo v urnem koraku sprehodili od najznamenitej\u0161ih dunajskih operet, mad\u017earskega \u010darda\u0161a pa vse do vro\u010dekrvnih ritmov iz \u0160panije in Latinske Amerike. \u00a0\u00a0\u00a0\u00a0\u00a0<\/p>\n<hr \/>\n<p>POVEZAVA<\/p>\n<p><i class=\"fas fa-link\"><\/i><a href=\"https:\/\/www.sng-mb.si\/repertoar-simfonicni-orkester\/bozicno-novoletni-koncert-simfonicnega-orkestra-\/\"> https:\/\/www.sng-mb.si\/repertoar-simfonicni-orkester\/bozicno-novoletni-koncert-simfonicnega-orkestra-\/<\/a><\/p>\n<hr \/>\n<p>V MEDIJIH<\/p>\n<ul>\n<li><a href=\"https:\/\/www.rtvslo.si\/kultura\/glasba\/bozicno-novoletni-koncert-simfonicnega-orkestra-sng-ja-maribor\/606574\">RTVSLO: Bo\u017ei\u010dno-novoletni koncert Simfoni\u010dnega orkestra SNG-ja Maribor<\/a> (27. 12. 2021)<\/li>\n<li><a href=\"http:\/\/lendavainfo.com\/video-foto-bozicno-novoletni-koncert-simfonicnega-orkestra-sng-maribor\/\">Lendavainfo: VIDEO, FOTO: Bo\u017ei\u010dno-novoletni koncert Simfoni\u010dnega orkestra SNG Maribor<\/a> (28. 12. 2021)<\/li>\n<li><a href=\"https:\/\/www.lendava-online.net\/dogodki\/bozicno-novoletni-koncert-simfonicnega-orkestra-sng-maribor\/\">LENDAVA online: Bo\u017ei\u010dno-novoletni koncert Simfoni\u010dnega orkestra SNG Maribor<\/a> (27. 12. 2021)<\/li>\n<\/ul>\n<hr \/>\n<p><span style=\"font-size: 28px; color: #ff0000;\"><i class=\"fas fa-exclamation-triangle\"><\/i><\/span> VSTOP NA DOGODEK JE POGOJEN S <a href=\"https:\/\/www1.kkl.si\/sl\/vstop-v-gledalisko-in-koncertno-dvorano-samo-ob-izpolnjevanju-pogojev-pct\/\">PCT<\/a>!<\/p>\n","protected":false},"excerpt":{"rendered":"<p>Ponedeljek, 27. december 2021 | koncert 19.00 VSTOPNICE SO PO\u0160LE! Spo\u0161tovani obiskovalci, obve\u0161\u010damo vas, da so brezpla\u010dne vstopnice za Bo\u017ei\u010dno\u2013novoletni koncert Simfoni\u010dnega orkestra SNG Maribor po\u0161le. Hvala za va\u0161e razumevanje. Prizori\u0161\u010de: Gledali\u0161ka in koncertna dvorana Lendava Organizator: Knji\u017enica \u2013 Kulturni center Lendava \u2013 Lendvai K\u00f6nyvt\u00e1r \u00e9s Kultur\u00e1lis K\u00f6zpont PRAZNI\u010cNI DECEMBER V GLEDALI\u0160\u010cU 2021 Bo\u017ei\u010dno-novoletni koncert [&hellip;]<\/p>\n","protected":false},"author":2,"featured_media":5909,"parent":0,"menu_order":0,"comment_status":"closed","ping_status":"closed","template":"","meta":{"footnotes":""},"class_list":["post-5897","page","type-page","status-publish","has-post-thumbnail","hentry","post","post-with-thumbnail","post-with-thumbnail-icon"],"_links":{"self":[{"href":"https:\/\/www1.kkl.si\/sl\/wp-json\/wp\/v2\/pages\/5897","targetHints":{"allow":["GET"]}}],"collection":[{"href":"https:\/\/www1.kkl.si\/sl\/wp-json\/wp\/v2\/pages"}],"about":[{"href":"https:\/\/www1.kkl.si\/sl\/wp-json\/wp\/v2\/types\/page"}],"author":[{"embeddable":true,"href":"https:\/\/www1.kkl.si\/sl\/wp-json\/wp\/v2\/users\/2"}],"replies":[{"embeddable":true,"href":"https:\/\/www1.kkl.si\/sl\/wp-json\/wp\/v2\/comments?post=5897"}],"version-history":[{"count":14,"href":"https:\/\/www1.kkl.si\/sl\/wp-json\/wp\/v2\/pages\/5897\/revisions"}],"predecessor-version":[{"id":6228,"href":"https:\/\/www1.kkl.si\/sl\/wp-json\/wp\/v2\/pages\/5897\/revisions\/6228"}],"wp:featuredmedia":[{"embeddable":true,"href":"https:\/\/www1.kkl.si\/sl\/wp-json\/wp\/v2\/media\/5909"}],"wp:attachment":[{"href":"https:\/\/www1.kkl.si\/sl\/wp-json\/wp\/v2\/media?parent=5897"}],"curies":[{"name":"wp","href":"https:\/\/api.w.org\/{rel}","templated":true}]}}