{"id":5974,"date":"2021-12-16T09:30:12","date_gmt":"2021-12-16T08:30:12","guid":{"rendered":"https:\/\/www1.kkl.si\/?page_id=5974"},"modified":"2021-12-16T09:35:17","modified_gmt":"2021-12-16T08:35:17","slug":"kpz-vita-lendava-bozicni-koncert-2021","status":"publish","type":"page","link":"https:\/\/www1.kkl.si\/sl\/kpz-vita-lendava-bozicni-koncert-2021\/","title":{"rendered":"KPZ Vita Lendava: Bo\u017ei\u010dni koncert 2021"},"content":{"rendered":"<div class=\"opis\"><strong><img loading=\"lazy\" decoding=\"async\" class=\"wp-image-1587 alignright\" title=\"Brezpla\u010dna prireditev\" src=\"https:\/\/www1.kkl.si\/wp-content\/uploads\/2020\/07\/spored_simb_brezplacna-1.svg\" sizes=\"auto, (max-width: 40px) 100vw, 40px\" srcset=\"https:\/\/www1.kkl.si\/wp-content\/uploads\/\/2020\/07\/spored_simb_brezplacna-1.svg 150w, https:\/\/www1.kkl.si\/wp-content\/uploads\/\/2020\/07\/spored_simb_brezplacna-1.svg 400w, https:\/\/www1.kkl.si\/wp-content\/uploads\/\/2020\/07\/spored_simb_brezplacna-1.svg 1500w, https:\/\/www1.kkl.si\/wp-content\/uploads\/\/2020\/07\/spored_simb_brezplacna-1.svg 100w\" alt=\"brezplacna\" width=\"40\" height=\"40\" \/><i class=\"fas fa-calendar\"><\/i> Torek, 21. december 2021 | <span class=\"zanr\">koncert<\/span><br \/>\n<i class=\"fas fa-clock\"><\/i> 18.00<\/strong><br \/>\n<i class=\"fas fa-map-marker\"><\/i> Prizori\u0161\u010de: Gledali\u0161ka in koncertna dvorana Lendava<br \/>\n<i class=\"fas fa-chevron-circle-right\"><\/i> Organizator: <a href=\"https:\/\/sites.google.com\/site\/kpzvitalendava\/\">Komorni pevski zbor VITA, Lendava<\/a><\/div>\n<p>KPZ Vita za vas ponovno pripravlja<br \/>\nBo\u017ei\u010dni koncert,<br \/>\nki bo 21. decembra 2021 ob 18. uri v Gledali\u0161ki in koncertni dvorani Lendava.<\/p>\n<p><em>Vljudno vabljeni!<\/em><\/p>\n<p><a href=\"https:\/\/www1.kkl.si\/wp-content\/uploads\/2021\/12\/kpz_vita_bozicni_koncert_2021.jpg\" data-lbwps-width=\"1240\" data-lbwps-height=\"1748\" data-lbwps-srcsmall=\"https:\/\/www1.kkl.si\/wp-content\/uploads\/2021\/12\/kpz_vita_bozicni_koncert_2021-284x400.jpg\"><img loading=\"lazy\" decoding=\"async\" class=\"slika alignnone wp-image-5941 size-large\" src=\"https:\/\/www1.kkl.si\/wp-content\/uploads\/2021\/12\/kpz_vita_bozicni_koncert_2021-1064x1500.jpg\" alt=\"\" width=\"1064\" height=\"1500\" srcset=\"https:\/\/www1.kkl.si\/wp-content\/uploads\/2021\/12\/kpz_vita_bozicni_koncert_2021-1064x1500.jpg 1064w, https:\/\/www1.kkl.si\/wp-content\/uploads\/2021\/12\/kpz_vita_bozicni_koncert_2021-284x400.jpg 284w, https:\/\/www1.kkl.si\/wp-content\/uploads\/2021\/12\/kpz_vita_bozicni_koncert_2021.jpg 1240w\" sizes=\"auto, (max-width: 1064px) 100vw, 1064px\" \/><\/a><\/p>\n<hr \/>\n<p>POVEZAVA<\/p>\n<p><i class=\"fas fa-link\"><\/i> <a href=\"https:\/\/sites.google.com\/site\/kpzvitalendava\/\">https:\/\/sites.google.com\/site\/kpzvitalendava\/<\/a><\/p>\n<hr \/>\n<p><span style=\"font-size: 28px; color: #ff0000;\"><i class=\"fas fa-exclamation-triangle\"><\/i><\/span> VSTOP NA DOGODEK JE POGOJEN S <a href=\"https:\/\/www1.kkl.si\/sl\/vstop-v-gledalisko-in-koncertno-dvorano-samo-ob-izpolnjevanju-pogojev-pct\/\">PCT<\/a>!<\/p>\n","protected":false},"excerpt":{"rendered":"<p>Torek, 21. december 2021 | koncert 18.00 Prizori\u0161\u010de: Gledali\u0161ka in koncertna dvorana Lendava Organizator: Komorni pevski zbor VITA, Lendava KPZ Vita za vas ponovno pripravlja Bo\u017ei\u010dni koncert, ki bo 21. decembra 2021 ob 18. uri v Gledali\u0161ki in koncertni dvorani Lendava. Vljudno vabljeni! POVEZAVA https:\/\/sites.google.com\/site\/kpzvitalendava\/ VSTOP NA DOGODEK JE POGOJEN S PCT!<\/p>\n","protected":false},"author":2,"featured_media":5941,"parent":0,"menu_order":0,"comment_status":"closed","ping_status":"closed","template":"","meta":{"footnotes":""},"class_list":["post-5974","page","type-page","status-publish","has-post-thumbnail","hentry","post","post-with-thumbnail","post-with-thumbnail-icon"],"_links":{"self":[{"href":"https:\/\/www1.kkl.si\/sl\/wp-json\/wp\/v2\/pages\/5974","targetHints":{"allow":["GET"]}}],"collection":[{"href":"https:\/\/www1.kkl.si\/sl\/wp-json\/wp\/v2\/pages"}],"about":[{"href":"https:\/\/www1.kkl.si\/sl\/wp-json\/wp\/v2\/types\/page"}],"author":[{"embeddable":true,"href":"https:\/\/www1.kkl.si\/sl\/wp-json\/wp\/v2\/users\/2"}],"replies":[{"embeddable":true,"href":"https:\/\/www1.kkl.si\/sl\/wp-json\/wp\/v2\/comments?post=5974"}],"version-history":[{"count":3,"href":"https:\/\/www1.kkl.si\/sl\/wp-json\/wp\/v2\/pages\/5974\/revisions"}],"predecessor-version":[{"id":5977,"href":"https:\/\/www1.kkl.si\/sl\/wp-json\/wp\/v2\/pages\/5974\/revisions\/5977"}],"wp:featuredmedia":[{"embeddable":true,"href":"https:\/\/www1.kkl.si\/sl\/wp-json\/wp\/v2\/media\/5941"}],"wp:attachment":[{"href":"https:\/\/www1.kkl.si\/sl\/wp-json\/wp\/v2\/media?parent=5974"}],"curies":[{"name":"wp","href":"https:\/\/api.w.org\/{rel}","templated":true}]}}