{"id":6136,"date":"2021-12-21T10:25:17","date_gmt":"2021-12-21T09:25:17","guid":{"rendered":"https:\/\/www1.kkl.si\/?page_id=6136"},"modified":"2021-12-21T10:48:55","modified_gmt":"2021-12-21T09:48:55","slug":"gremo-se-gledalisce-zakljucna-produkcija-otroskih-ustvarjalnih-delavnic","status":"publish","type":"page","link":"https:\/\/www1.kkl.si\/sl\/gremo-se-gledalisce-zakljucna-produkcija-otroskih-ustvarjalnih-delavnic\/","title":{"rendered":"GREMO SE GLEDALI\u0160\u010cE: Zaklju\u010dna produkcija otro\u0161kih ustvarjalnih delavnic"},"content":{"rendered":"<div class=\"opis\"><strong><img loading=\"lazy\" decoding=\"async\" class=\"wp-image-1587 alignright\" title=\"Brezpla\u010dna prireditev\" src=\"https:\/\/www1.kkl.si\/wp-content\/uploads\/2020\/07\/spored_simb_brezplacna-1.svg\" sizes=\"auto, (max-width: 40px) 100vw, 40px\" srcset=\"https:\/\/www1.kkl.si\/wp-content\/uploads\/\/2020\/07\/spored_simb_brezplacna-1.svg 150w, https:\/\/www1.kkl.si\/wp-content\/uploads\/\/2020\/07\/spored_simb_brezplacna-1.svg 400w, https:\/\/www1.kkl.si\/wp-content\/uploads\/\/2020\/07\/spored_simb_brezplacna-1.svg 1500w, https:\/\/www1.kkl.si\/wp-content\/uploads\/\/2020\/07\/spored_simb_brezplacna-1.svg 100w\" alt=\"brezplacna\" width=\"40\" height=\"40\" \/><i class=\"fas fa-calendar\"><\/i> \u010cetrtek, 23. december 2021 | <span class=\"zanr\">prireditev<\/span><br \/>\n<i class=\"fas fa-clock\"><\/i> 18.00<\/strong><br \/>\n<i class=\"fas fa-map-marker\"><\/i> Prizori\u0161\u010de: Gledali\u0161ka in koncertna dvorana Lendava<br \/>\n<i class=\"fas fa-chevron-circle-right\"><\/i> Organizator: <a href=\"https:\/\/www.kkl.si\/\">Knji\u017enica \u2013 Kulturni center Lendava \u2013 Lendvai K\u00f6nyvt\u00e1r \u00e9s Kultur\u00e1lis K\u00f6zpont<\/a><\/div>\n<p><a href=\"https:\/\/www1.kkl.si\/wp-content\/uploads\/2021\/12\/plakat_B2_gremo_se_gledalisce_zakljucna_2021_A.jpg\" data-lbwps-width=\"2143\" data-lbwps-height=\"3000\" data-lbwps-srcsmall=\"https:\/\/www1.kkl.si\/wp-content\/uploads\/2021\/12\/plakat_B2_gremo_se_gledalisce_zakljucna_2021_A.jpg\"><img loading=\"lazy\" decoding=\"async\" class=\"alignright wp-image-6137 size-medium\" src=\"https:\/\/www1.kkl.si\/wp-content\/uploads\/2021\/12\/plakat_B2_gremo_se_gledalisce_zakljucna_2021_A-scaled-286x400.jpg\" alt=\"\" width=\"286\" height=\"400\" srcset=\"https:\/\/www1.kkl.si\/wp-content\/uploads\/2021\/12\/plakat_B2_gremo_se_gledalisce_zakljucna_2021_A-scaled-286x400.jpg 286w, https:\/\/www1.kkl.si\/wp-content\/uploads\/2021\/12\/plakat_B2_gremo_se_gledalisce_zakljucna_2021_A-scaled-1072x1500.jpg 1072w, https:\/\/www1.kkl.si\/wp-content\/uploads\/2021\/12\/plakat_B2_gremo_se_gledalisce_zakljucna_2021_A-scaled.jpg 1829w\" sizes=\"auto, (max-width: 286px) 100vw, 286px\" \/><\/a>VABILO<\/p>\n<p>Vljudno vabljeni na<\/p>\n<p><strong>GREMO SE GLEDALI\u0160\u010cE<\/strong><br \/>\n<strong>zaklju\u010dna produkcija otro\u0161kih ustvarjalnih delavnic<\/strong><\/p>\n<p>ki bo 23. decembra 2021 ob 18. uri<br \/>\nv Gledali\u0161ki in koncertni dvorani Lendava<\/p>\n<p>MENTORICI: Petra Kava\u0161 in Eva Na\u0111<\/p>\n<p>NASTOPAJO: Benjamin Horvat, Asja Leva\u010di\u010d, Patricija No\u010d Oleti\u0107, Tina Plevel, Tomi Plevel, Ivan Stan\u010din, Ema Vu\u010dko<\/p>\n<p>Podprite s svojo prisotnostjo na\u0161e mlade gledali\u0161ke virtuoze! \ud83c\udfad<\/p>\n<hr \/>\n<p><i class=\"fas fa-exclamation-triangle\"><\/i> VSTOP NA DOGODEK JE POGOJEN S <a href=\"https:\/\/www1.kkl.si\/sl\/vstop-v-gledalisko-in-koncertno-dvorano-samo-ob-izpolnjevanju-pogojev-pct\/\">PCT<\/a>!<\/p>\n","protected":false},"excerpt":{"rendered":"<p>\u010cetrtek, 23. december 2021 | prireditev 18.00 Prizori\u0161\u010de: Gledali\u0161ka in koncertna dvorana Lendava Organizator: Knji\u017enica \u2013 Kulturni center Lendava \u2013 Lendvai K\u00f6nyvt\u00e1r \u00e9s Kultur\u00e1lis K\u00f6zpont VABILO Vljudno vabljeni na GREMO SE GLEDALI\u0160\u010cE zaklju\u010dna produkcija otro\u0161kih ustvarjalnih delavnic ki bo 23. decembra 2021 ob 18. uri v Gledali\u0161ki in koncertni dvorani Lendava MENTORICI: Petra Kava\u0161 in [&hellip;]<\/p>\n","protected":false},"author":2,"featured_media":6137,"parent":0,"menu_order":0,"comment_status":"closed","ping_status":"closed","template":"","meta":{"footnotes":""},"class_list":["post-6136","page","type-page","status-publish","has-post-thumbnail","hentry","post","post-with-thumbnail","post-with-thumbnail-icon"],"_links":{"self":[{"href":"https:\/\/www1.kkl.si\/sl\/wp-json\/wp\/v2\/pages\/6136","targetHints":{"allow":["GET"]}}],"collection":[{"href":"https:\/\/www1.kkl.si\/sl\/wp-json\/wp\/v2\/pages"}],"about":[{"href":"https:\/\/www1.kkl.si\/sl\/wp-json\/wp\/v2\/types\/page"}],"author":[{"embeddable":true,"href":"https:\/\/www1.kkl.si\/sl\/wp-json\/wp\/v2\/users\/2"}],"replies":[{"embeddable":true,"href":"https:\/\/www1.kkl.si\/sl\/wp-json\/wp\/v2\/comments?post=6136"}],"version-history":[{"count":3,"href":"https:\/\/www1.kkl.si\/sl\/wp-json\/wp\/v2\/pages\/6136\/revisions"}],"predecessor-version":[{"id":6158,"href":"https:\/\/www1.kkl.si\/sl\/wp-json\/wp\/v2\/pages\/6136\/revisions\/6158"}],"wp:featuredmedia":[{"embeddable":true,"href":"https:\/\/www1.kkl.si\/sl\/wp-json\/wp\/v2\/media\/6137"}],"wp:attachment":[{"href":"https:\/\/www1.kkl.si\/sl\/wp-json\/wp\/v2\/media?parent=6136"}],"curies":[{"name":"wp","href":"https:\/\/api.w.org\/{rel}","templated":true}]}}