{"id":6392,"date":"2022-01-28T14:10:57","date_gmt":"2022-01-28T13:10:57","guid":{"rendered":"https:\/\/www1.kkl.si\/?page_id=6392"},"modified":"2022-12-15T16:37:23","modified_gmt":"2022-12-15T15:37:23","slug":"spored-2022-02","status":"publish","type":"page","link":"https:\/\/www1.kkl.si\/sl\/spored-2022-02\/","title":{"rendered":"SPORED: februar 2022"},"content":{"rendered":"<p><strong>Leto 2022:<\/strong> <a href=\"https:\/\/www1.kkl.si\/sl\/spored-2022-01\/\">januar<\/a> | <a href=\"https:\/\/www1.kkl.si\/sl\/spored-2022-02\/\">februar<\/a> | <a href=\"https:\/\/www1.kkl.si\/sl\/spored-2022-03\/\">marec<\/a> | <a href=\"https:\/\/www1.kkl.si\/sl\/spored-2022-04\/\">april<\/a> | <a href=\"https:\/\/www1.kkl.si\/sl\/spored-2022-05\/\">maj<\/a> | <a href=\"https:\/\/www1.kkl.si\/sl\/spored-2022-06\/\">junij<\/a> | <a href=\"https:\/\/www1.kkl.si\/sl\/spored-2022-07\/\">julij<\/a> | <a href=\"https:\/\/www1.kkl.si\/sl\/spored-2022-08\/\">avgust<\/a> | <a href=\"https:\/\/www1.kkl.si\/sl\/spored-2022-09\/\">september<\/a> | <a href=\"https:\/\/www1.kkl.si\/sl\/spored-2022-10\/\">oktober<\/a> | <a href=\"https:\/\/www1.kkl.si\/sl\/spored-2022-11\/\">november<\/a> | <a href=\"https:\/\/www1.kkl.si\/sl\/spored-2022-12\/\">december<\/a> | <a href=\"https:\/\/www1.kkl.si\/sl\/arhiv-sporeda\/\">ARHIV<\/a><\/p>\n<table id=\"spored-legenda\" cellspacing=\"0\" cellpadding=\"5\">\n<tbody>\n<tr>\n<td><strong>LEGENDA<br \/>\nSIMBOLOV<\/strong><\/td>\n<td style=\"vertical-align: middle;\"><img loading=\"lazy\" decoding=\"async\" title=\"Slovenski abonma\" src=\"https:\/\/www1.kkl.si\/wp-content\/uploads\/2020\/07\/spored_simb_abonma_si-1.svg\" alt=\"abonma_si\" width=\"30\" height=\"30\" \/><\/td>\n<td>Slovenski<br \/>\nabonma<\/td>\n<td style=\"vertical-align: middle;\"><img loading=\"lazy\" decoding=\"async\" title=\"Mad\u017earski abonma\" src=\"https:\/\/www1.kkl.si\/wp-content\/uploads\/2020\/07\/spored_simb_abonma_hu-1.svg\" alt=\"abonma_hu\" width=\"30\" height=\"30\" \/><\/td>\n<td>Mad\u017earski<br \/>\nabonma<\/td>\n<td style=\"vertical-align: middle;\"><img loading=\"lazy\" decoding=\"async\" title=\"Zaklju\u010dena prireditev\" src=\"https:\/\/www1.kkl.si\/wp-content\/uploads\/2020\/07\/spored_simb_zakljucena-1.svg\" alt=\"zakljucena\" width=\"30\" height=\"30\" \/><\/td>\n<td>Zaklju\u010dena<br \/>\nprireditev<\/td>\n<td style=\"vertical-align: middle;\"><img loading=\"lazy\" decoding=\"async\" title=\"Brezpla\u010dna prireditev\" src=\"https:\/\/www1.kkl.si\/wp-content\/uploads\/2020\/07\/spored_simb_brezplacna-1.svg\" alt=\"brezplacna\" width=\"30\" height=\"30\" \/><\/td>\n<td>Brezpla\u010dna<br \/>\nprireditev<\/td>\n<td style=\"vertical-align: middle;\"><img loading=\"lazy\" decoding=\"async\" title=\"Pla\u010dljiva prireditev\" src=\"https:\/\/www1.kkl.si\/wp-content\/uploads\/2020\/07\/spored_simb_placljiva-1.svg\" alt=\"placljiva\" width=\"30\" height=\"30\" \/><\/td>\n<td>Pla\u010dljiva<br \/>\nprireditev<\/td>\n<td style=\"vertical-align: middle;\"><img loading=\"lazy\" decoding=\"async\" title=\"Novost, sprememba\" src=\"https:\/\/www1.kkl.si\/wp-content\/uploads\/2020\/07\/spored_simb_novost-1.svg\" alt=\"novost\" width=\"30\" height=\"30\" \/><\/td>\n<td>Novost,<br \/>\nsprememba<\/td>\n<\/tr>\n<\/tbody>\n<\/table>\n<table style=\"border-collapse: collapse; width: 100%;\">\n<tbody>\n<tr>\n<td style=\"width: 10%;\">\n<h6>4.<\/h6>\n<p><strong><img loading=\"lazy\" decoding=\"async\" class=\"wp-image-1587 alignnone\" title=\"Brezpla\u010dna prireditev\" src=\"https:\/\/www1.kkl.si\/wp-content\/uploads\/2020\/07\/spored_simb_brezplacna-1.svg\" alt=\"brezplacna\" width=\"40\" height=\"40\" srcset=\"https:\/\/www1.kkl.si\/wp-content\/uploads\/\/2020\/07\/spored_simb_brezplacna-1.svg 150w, https:\/\/www1.kkl.si\/wp-content\/uploads\/\/2020\/07\/spored_simb_brezplacna-1.svg 400w, https:\/\/www1.kkl.si\/wp-content\/uploads\/\/2020\/07\/spored_simb_brezplacna-1.svg 1500w, https:\/\/www1.kkl.si\/wp-content\/uploads\/\/2020\/07\/spored_simb_brezplacna-1.svg 100w\" sizes=\"auto, (max-width: 40px) 100vw, 40px\" \/><\/strong><\/p>\n<\/td>\n<td style=\"width: 90%;\">\n<p><strong> <a href=\"https:\/\/www1.kkl.si\/wp-content\/uploads\/2022\/01\/vabilo_SLO_kult_praznik_2022-1_izrez.png\" data-lbwps-width=\"1771\" data-lbwps-height=\"1771\" data-lbwps-srcsmall=\"https:\/\/www1.kkl.si\/wp-content\/uploads\/2022\/01\/vabilo_SLO_kult_praznik_2022-1_izrez-400x400.png\"><img loading=\"lazy\" decoding=\"async\" class=\"slika alignright wp-image-6403 size-thumbnail\" src=\"https:\/\/www1.kkl.si\/wp-content\/uploads\/2022\/01\/vabilo_SLO_kult_praznik_2022-1_izrez-150x150.png\" alt=\"\" width=\"150\" height=\"150\" srcset=\"https:\/\/www1.kkl.si\/wp-content\/uploads\/2022\/01\/vabilo_SLO_kult_praznik_2022-1_izrez-150x150.png 150w, https:\/\/www1.kkl.si\/wp-content\/uploads\/2022\/01\/vabilo_SLO_kult_praznik_2022-1_izrez-400x400.png 400w, https:\/\/www1.kkl.si\/wp-content\/uploads\/2022\/01\/vabilo_SLO_kult_praznik_2022-1_izrez-1500x1500.png 1500w, https:\/\/www1.kkl.si\/wp-content\/uploads\/2022\/01\/vabilo_SLO_kult_praznik_2022-1_izrez.png 1771w\" sizes=\"auto, (max-width: 150px) 100vw, 150px\" \/><\/a><i class=\"fas fa-calendar\"><\/i> Petek, 4. februar 2022 | <span class=\"zanr\">kulturna prireditev<\/span><br \/>\n<i class=\"fas fa-clock\"><\/i> 17.30<\/strong><\/p>\n<p><a href=\"https:\/\/www1.kkl.si\/sl\/slovenski-kulturni-praznik-2022\/\"><strong><span style=\"font-size: 28px;\">Slovenski kulturni praznik 2022<\/span><\/strong><\/a><\/p>\n<p><em>Podelitev priznanj za dose\u017eke na podro\u010dju kulture in odprtje 8. mednarodne fotografske razstave Pannonia Reflections<\/p>\n<p><\/em><strong>Nastopata:<\/strong> Komorni pevski zbor Vita in Gabrski mantra\u0161i <\/p>\n<p><i class=\"fas fa-map-marker\"><\/i> Prizori\u0161\u010de: Gledali\u0161ka in koncertna dvorana Lendava<br \/>\n<i class=\"fas fa-chevron-circle-right\"><\/i> Organizator: <a href=\"https:\/\/www.lendava.si\/\">Ob\u010dina Lendava \u2013 Lendva K\u00f6zs\u00e9g<\/a><br \/>\n<i class=\"fas fa-chevron-circle-right\"><\/i> Soorganizatorji: <a href=\"https:\/\/www.kkl.si\/\">Knji\u017enica \u2013 Kulturni center Lendava \u2013 Lendvai K\u00f6nyvt\u00e1r \u00e9s Kultur\u00e1lis K\u00f6zpont<\/a>, <a href=\"https:\/\/www.gml.si\/\">Galerija-Muzej Lendava \u2013 Gal\u00e9ria-M\u00fazeum Lendva<\/a>, <a href=\"http:\/\/www.pannonia.si\/\">Fotografsko dru\u0161tvo Pannonia \u2013 F\u00e9nyk\u00e9p\u00e9szeti Egyes\u00fclet<\/a><\/p>\n<\/td>\n<\/tr>\n<tr>\n<td style=\"width: 10%;\">\n<h6>12.<\/h6>\n<p><strong><img loading=\"lazy\" decoding=\"async\" class=\"wp-image-1591 alignnone\" title=\"Pla\u010dljiva prireditev\" src=\"https:\/\/www1.kkl.si\/wp-content\/uploads\/2020\/07\/spored_simb_placljiva-1.svg\" alt=\"placljiva\" width=\"40\" height=\"40\" srcset=\"https:\/\/www1.kkl.si\/wp-content\/uploads\/\/2020\/07\/spored_simb_placljiva-1.svg 150w, https:\/\/www1.kkl.si\/wp-content\/uploads\/\/2020\/07\/spored_simb_placljiva-1.svg 400w, https:\/\/www1.kkl.si\/wp-content\/uploads\/\/2020\/07\/spored_simb_placljiva-1.svg 1500w, https:\/\/www1.kkl.si\/wp-content\/uploads\/\/2020\/07\/spored_simb_placljiva-1.svg 100w\" sizes=\"auto, (max-width: 40px) 100vw, 40px\" \/><\/strong><\/p>\n<\/td>\n<td style=\"width: 90%;\">\n<p><strong> <a href=\"https:\/\/www1.kkl.si\/wp-content\/uploads\/2022\/02\/vsakemuSvoje_plakat.jpg\" data-lbwps-width=\"2500\" data-lbwps-height=\"1773\" data-lbwps-srcsmall=\"https:\/\/www1.kkl.si\/wp-content\/uploads\/2022\/02\/vsakemuSvoje_plakat-400x284.jpg\"><img loading=\"lazy\" decoding=\"async\" class=\"slika alignright wp-image-6509\" src=\"https:\/\/www1.kkl.si\/wp-content\/uploads\/2022\/02\/vsakemuSvoje_plakat-400x284.jpg\" alt=\"\" width=\"150\" height=\"106\" srcset=\"https:\/\/www1.kkl.si\/wp-content\/uploads\/2022\/02\/vsakemuSvoje_plakat-400x284.jpg 400w, https:\/\/www1.kkl.si\/wp-content\/uploads\/2022\/02\/vsakemuSvoje_plakat-1500x1064.jpg 1500w\" sizes=\"auto, (max-width: 150px) 100vw, 150px\" \/><\/a><i class=\"fas fa-calendar\"><\/i> Sobota, 12. februar 2022 | <span class=\"zanr\">komedija<\/span> <span class=\"premiera\">PREMIERA<\/span> <span class=\"odpade\">Vstopnice so po\u0161le!<\/span><br \/>\n<i class=\"fas fa-clock\"><\/i> 18.00<\/strong><\/p>\n<p>DU Lendava, Gledali\u0161ka skupina Kofetarji | Peter Rezman:<br \/>\n<a href=\"https:\/\/www1.kkl.si\/sl\/du-lendava-gledaliska-skupina-kofetarji-vsakemu-svoje\/\"><strong><span style=\"font-size: 28px;\">Vsakemu svoje<\/span><\/strong><\/a><\/p>\n<p><strong>Re\u017eija:<\/strong> Miha \u0160tampah<\/p>\n<p><i class=\"fas fa-ticket-alt\"><\/i> Vstopnica: <strong>5 \u20ac<\/strong><br \/>\n<i class=\"fas fa-map-marker\"><\/i> Prizori\u0161\u010de: Gledali\u0161ka in koncertna dvorana Lendava<br \/>\n<i class=\"fas fa-chevron-circle-right\"><\/i> Organizator: <a href=\"http:\/\/www.posrcumlad.si\/lendava\/kontakt.html\">Dru\u0161tvo upokojencev Lendava\/Nyugd\u00edjasok Egyes\u00fclete Lendva<\/a><\/p>\n<p><img loading=\"lazy\" decoding=\"async\" class=\"alignleft size-thumbnail wp-image-1489\" src=\"https:\/\/www1.kkl.si\/wp-content\/uploads\/2020\/03\/obvestilo_200px-150x150.png\" alt=\"\" width=\"150\" height=\"150\" srcset=\"https:\/\/www1.kkl.si\/wp-content\/uploads\/2020\/03\/obvestilo_200px-150x150.png 150w, https:\/\/www1.kkl.si\/wp-content\/uploads\/2020\/03\/obvestilo_200px.png 200w\" sizes=\"auto, (max-width: 150px) 100vw, 150px\" \/>Spo\u0161tovani obiskovalci!<br \/>\nObve\u0161\u010damo vas, da so vstopnice za predstavo \u00bbVsakemu svoje\u00ab v izvedbi Gledali\u0161ke skupine Kofetarji <strong>za soboto, 12. 2. 2022, po\u0161le. <\/strong>Na voljo so \u0161e vstopnice za predstavo v nedeljo, 13. 2. 2022.<\/p>\n<p><em>Hvala za razumevanje!<\/em><\/p>\n<\/td>\n<\/tr>\n<tr>\n<td style=\"width: 10%;\">\n<h6>13.<\/h6>\n<p><strong><img loading=\"lazy\" decoding=\"async\" class=\"wp-image-1591 alignnone\" title=\"Pla\u010dljiva prireditev\" src=\"https:\/\/www1.kkl.si\/wp-content\/uploads\/2020\/07\/spored_simb_placljiva-1.svg\" alt=\"placljiva\" width=\"40\" height=\"40\" srcset=\"https:\/\/www1.kkl.si\/wp-content\/uploads\/\/2020\/07\/spored_simb_placljiva-1.svg 150w, https:\/\/www1.kkl.si\/wp-content\/uploads\/\/2020\/07\/spored_simb_placljiva-1.svg 400w, https:\/\/www1.kkl.si\/wp-content\/uploads\/\/2020\/07\/spored_simb_placljiva-1.svg 1500w, https:\/\/www1.kkl.si\/wp-content\/uploads\/\/2020\/07\/spored_simb_placljiva-1.svg 100w\" sizes=\"auto, (max-width: 40px) 100vw, 40px\" \/><\/strong><\/p>\n<\/td>\n<td style=\"width: 90%;\">\n<p><strong> <a href=\"https:\/\/www1.kkl.si\/wp-content\/uploads\/2022\/02\/vsakemuSvoje_plakat.jpg\" data-lbwps-width=\"2500\" data-lbwps-height=\"1773\" data-lbwps-srcsmall=\"https:\/\/www1.kkl.si\/wp-content\/uploads\/2022\/02\/vsakemuSvoje_plakat-400x284.jpg\"><img loading=\"lazy\" decoding=\"async\" class=\"slika alignright wp-image-6509\" src=\"https:\/\/www1.kkl.si\/wp-content\/uploads\/2022\/02\/vsakemuSvoje_plakat-400x284.jpg\" alt=\"\" width=\"150\" height=\"106\" srcset=\"https:\/\/www1.kkl.si\/wp-content\/uploads\/2022\/02\/vsakemuSvoje_plakat-400x284.jpg 400w, https:\/\/www1.kkl.si\/wp-content\/uploads\/2022\/02\/vsakemuSvoje_plakat-1500x1064.jpg 1500w\" sizes=\"auto, (max-width: 150px) 100vw, 150px\" \/><\/a><i class=\"fas fa-calendar\"><\/i> Nedelja, 13. februar 2022 | <span class=\"zanr\">komedija<\/span> <span class=\"premiera\">PONOVITEV<\/span><br \/>\n<i class=\"fas fa-clock\"><\/i> 18.00<\/strong><\/p>\n<p>DU Lendava, Gledali\u0161ka skupina Kofetarji | Peter Rezman:<br \/>\n<a href=\"https:\/\/www1.kkl.si\/sl\/du-lendava-gledaliska-skupina-kofetarji-vsakemu-svoje\/\"><span style=\"font-size: 28px;\"><strong>Vsakemu svoje<\/strong><\/span><\/a><\/p>\n<p><strong>Re\u017eija:<\/strong> Miha \u0160tampah<\/p>\n<p><i class=\"fas fa-ticket-alt\"><\/i> Vstopnica: <strong>5 \u20ac<\/strong><br \/>\n<i class=\"fas fa-map-marker\"><\/i> Prizori\u0161\u010de: Gledali\u0161ka in koncertna dvorana Lendava<br \/>\n<i class=\"fas fa-chevron-circle-right\"><\/i> Organizator: <a href=\"http:\/\/www.posrcumlad.si\/lendava\/kontakt.html\">Dru\u0161tvo upokojencev Lendava\/Nyugd\u00edjasok Egyes\u00fclete Lendva<\/a><\/p>\n<\/td>\n<\/tr>\n<tr>\n<td style=\"width: 10%;\">\n<h6>15.<\/h6>\n<p><img loading=\"lazy\" decoding=\"async\" class=\"alignnone wp-image-1593\" title=\"Zaklju\u010dena prireditev\" src=\"https:\/\/www1.kkl.si\/wp-content\/uploads\/2020\/07\/spored_simb_zakljucena-1.svg\" alt=\"zakljucena\" width=\"40\" height=\"40\" srcset=\"https:\/\/www1.kkl.si\/wp-content\/uploads\/\/2020\/07\/spored_simb_zakljucena-1.svg 150w, https:\/\/www1.kkl.si\/wp-content\/uploads\/\/2020\/07\/spored_simb_zakljucena-1.svg 400w, https:\/\/www1.kkl.si\/wp-content\/uploads\/\/2020\/07\/spored_simb_zakljucena-1.svg 1500w, https:\/\/www1.kkl.si\/wp-content\/uploads\/\/2020\/07\/spored_simb_zakljucena-1.svg 100w\" sizes=\"auto, (max-width: 40px) 100vw, 40px\" \/><\/p>\n<\/td>\n<td style=\"width: 90%;\">\n<p><strong> <a href=\"https:\/\/www1.kkl.si\/wp-content\/uploads\/2022\/02\/PLAKAT_BALTEK.png\" data-lbwps-width=\"2501\" data-lbwps-height=\"3543\" data-lbwps-srcsmall=\"https:\/\/www1.kkl.si\/wp-content\/uploads\/2022\/02\/PLAKAT_BALTEK-282x400.png\"><img loading=\"lazy\" decoding=\"async\" class=\"slika alignright wp-image-6501\" src=\"https:\/\/www1.kkl.si\/wp-content\/uploads\/2022\/02\/PLAKAT_BALTEK-282x400.png\" alt=\"\" width=\"150\" height=\"212\" srcset=\"https:\/\/www1.kkl.si\/wp-content\/uploads\/2022\/02\/PLAKAT_BALTEK-282x400.png 282w, https:\/\/www1.kkl.si\/wp-content\/uploads\/2022\/02\/PLAKAT_BALTEK-1059x1500.png 1059w\" sizes=\"auto, (max-width: 150px) 100vw, 150px\" \/><\/a><i class=\"fas fa-calendar\"><\/i> Torek, 15. februar 2022 | <span class=\"zanr\">baletno tekmovanje<\/span><br \/>\n<i class=\"fas fa-clock\"><\/i> od 8.15 do predvidoma 20.30<\/strong><\/p>\n<p><a href=\"https:\/\/www1.kkl.si\/sl\/15-baltek-tekmovanje-mladih-slovenskih-baletnih-plesalcev-2022\/\"><span style=\"font-size: 28px;\"><strong>15. BALTEK \u2013 Tekmovanje mladih slovenskih baletnih plesalcev, I. krog<\/strong><\/span><\/a><\/p>\n<p><i class=\"fas fa-map-marker\"><\/i> Prizori\u0161\u010de: Gledali\u0161ka in koncertna dvorana Lendava<br \/>\n<i class=\"fas fa-chevron-circle-right\"><\/i> Organizator: <a href=\"https:\/\/www.zsgs.si\/\">ZSG\u0160 &#8211; Zveza slovenskih glasbenih \u0161ol<\/a><\/p>\n<\/td>\n<\/tr>\n<tr>\n<td style=\"width: 10%;\">\n<h6>16.<\/h6>\n<p><img loading=\"lazy\" decoding=\"async\" class=\"alignnone wp-image-1593\" title=\"Zaklju\u010dena prireditev\" src=\"https:\/\/www1.kkl.si\/wp-content\/uploads\/2020\/07\/spored_simb_zakljucena-1.svg\" alt=\"zakljucena\" width=\"40\" height=\"40\" srcset=\"https:\/\/www1.kkl.si\/wp-content\/uploads\/\/2020\/07\/spored_simb_zakljucena-1.svg 150w, https:\/\/www1.kkl.si\/wp-content\/uploads\/\/2020\/07\/spored_simb_zakljucena-1.svg 400w, https:\/\/www1.kkl.si\/wp-content\/uploads\/\/2020\/07\/spored_simb_zakljucena-1.svg 1500w, https:\/\/www1.kkl.si\/wp-content\/uploads\/\/2020\/07\/spored_simb_zakljucena-1.svg 100w\" sizes=\"auto, (max-width: 40px) 100vw, 40px\" \/><\/p>\n<\/td>\n<td style=\"width: 90%;\">\n<p><strong> <a href=\"https:\/\/www1.kkl.si\/wp-content\/uploads\/2022\/02\/PLAKAT_BALTEK.png\" data-lbwps-width=\"2501\" data-lbwps-height=\"3543\" data-lbwps-srcsmall=\"https:\/\/www1.kkl.si\/wp-content\/uploads\/2022\/02\/PLAKAT_BALTEK-282x400.png\"><img loading=\"lazy\" decoding=\"async\" class=\"slika alignright wp-image-6501\" src=\"https:\/\/www1.kkl.si\/wp-content\/uploads\/2022\/02\/PLAKAT_BALTEK-282x400.png\" alt=\"\" width=\"150\" height=\"212\" srcset=\"https:\/\/www1.kkl.si\/wp-content\/uploads\/2022\/02\/PLAKAT_BALTEK-282x400.png 282w, https:\/\/www1.kkl.si\/wp-content\/uploads\/2022\/02\/PLAKAT_BALTEK-1059x1500.png 1059w\" sizes=\"auto, (max-width: 150px) 100vw, 150px\" \/><\/a><i class=\"fas fa-calendar\"><\/i> Sreda, 16. februar 2022 | <span class=\"zanr\">baletno tekmovanje<\/span><br \/>\n<i class=\"fas fa-clock\"><\/i> od 9.00 do predvidvoma 20.30<\/strong><\/p>\n<p><a href=\"https:\/\/www1.kkl.si\/sl\/15-baltek-tekmovanje-mladih-slovenskih-baletnih-plesalcev-2022\/\"><strong><span style=\"font-size: 28px;\">15. BALTEK \u2013 Tekmovanje mladih slovenskih baletnih plesalcev, II. krog<\/span><\/strong><\/a><\/p>\n<p><i class=\"fas fa-map-marker\"><\/i> Prizori\u0161\u010de: Gledali\u0161ka in koncertna dvorana Lendava<br \/>\n<i class=\"fas fa-chevron-circle-right\"><\/i> Organizator: <a href=\"https:\/\/www.zsgs.si\/\">ZSG\u0160 &#8211; Zveza slovenskih glasbenih \u0161ol<\/a><\/p>\n<\/td>\n<\/tr>\n<tr>\n<td style=\"width: 10%;\">\n<h6>17.<\/h6>\n<p><img loading=\"lazy\" decoding=\"async\" class=\"alignnone wp-image-1593\" title=\"Zaklju\u010dena prireditev\" src=\"https:\/\/www1.kkl.si\/wp-content\/uploads\/2020\/07\/spored_simb_zakljucena-1.svg\" alt=\"zakljucena\" width=\"40\" height=\"40\" srcset=\"https:\/\/www1.kkl.si\/wp-content\/uploads\/\/2020\/07\/spored_simb_zakljucena-1.svg 150w, https:\/\/www1.kkl.si\/wp-content\/uploads\/\/2020\/07\/spored_simb_zakljucena-1.svg 400w, https:\/\/www1.kkl.si\/wp-content\/uploads\/\/2020\/07\/spored_simb_zakljucena-1.svg 1500w, https:\/\/www1.kkl.si\/wp-content\/uploads\/\/2020\/07\/spored_simb_zakljucena-1.svg 100w\" sizes=\"auto, (max-width: 40px) 100vw, 40px\" \/><\/p>\n<\/td>\n<td style=\"width: 90%;\">\n<p><strong> <a href=\"https:\/\/www1.kkl.si\/wp-content\/uploads\/2022\/02\/PLAKAT_BALTEK.png\" data-lbwps-width=\"2501\" data-lbwps-height=\"3543\" data-lbwps-srcsmall=\"https:\/\/www1.kkl.si\/wp-content\/uploads\/2022\/02\/PLAKAT_BALTEK-282x400.png\"><img loading=\"lazy\" decoding=\"async\" class=\"slika alignright wp-image-6501\" src=\"https:\/\/www1.kkl.si\/wp-content\/uploads\/2022\/02\/PLAKAT_BALTEK-282x400.png\" alt=\"\" width=\"150\" height=\"212\" srcset=\"https:\/\/www1.kkl.si\/wp-content\/uploads\/2022\/02\/PLAKAT_BALTEK-282x400.png 282w, https:\/\/www1.kkl.si\/wp-content\/uploads\/2022\/02\/PLAKAT_BALTEK-1059x1500.png 1059w\" sizes=\"auto, (max-width: 150px) 100vw, 150px\" \/><\/a><i class=\"fas fa-calendar\"><\/i> \u010cetrtek, 17. februar 2022 | <span class=\"zanr\">baletno tekmovanje<\/span><br \/>\n<i class=\"fas fa-clock\"><\/i> ob 10.00 naprej, slavnostni koncert ob 16.00<\/strong><\/p>\n<p><a href=\"https:\/\/www1.kkl.si\/sl\/15-baltek-tekmovanje-mladih-slovenskih-baletnih-plesalcev-2022\/\"><span style=\"font-size: 28px;\"><strong>15. BALTEK \u2013 Tekmovanje mladih slovenskih baletnih plesalcev<\/strong><\/span><\/a><\/p>\n<p>Ob <strong>16.00 SLAVNOSTNI KONCERT<\/strong> ter sve\u010dana podelitev plaket, priznanj in nagrad nastopajo\u010dim na koncertu\u00a0<\/p>\n<p><i class=\"fas fa-map-marker\"><\/i> Prizori\u0161\u010de: Gledali\u0161ka in koncertna dvorana Lendava<br \/>\n<i class=\"fas fa-chevron-circle-right\"><\/i> Organizator: <a href=\"https:\/\/www.zsgs.si\/\">ZSG\u0160 &#8211; Zveza slovenskih glasbenih \u0161ol<\/a> in <a href=\"http:\/\/Glasbena \u0161ola Lendava\/Zeneiskola Lendva\">Glasbena \u0161ola Lendava\/Zeneiskola Lendva<\/a><\/p>\n<\/td>\n<\/tr>\n<tr>\n<td style=\"width: 10%;\">\n<h6>18.<\/h6>\n<p><strong><img loading=\"lazy\" decoding=\"async\" class=\"wp-image-1587 alignnone\" title=\"Brezpla\u010dna prireditev\" src=\"https:\/\/www1.kkl.si\/wp-content\/uploads\/2020\/07\/spored_simb_brezplacna-1.svg\" alt=\"brezplacna\" width=\"40\" height=\"40\" srcset=\"https:\/\/www1.kkl.si\/wp-content\/uploads\/\/2020\/07\/spored_simb_brezplacna-1.svg 150w, https:\/\/www1.kkl.si\/wp-content\/uploads\/\/2020\/07\/spored_simb_brezplacna-1.svg 400w, https:\/\/www1.kkl.si\/wp-content\/uploads\/\/2020\/07\/spored_simb_brezplacna-1.svg 1500w, https:\/\/www1.kkl.si\/wp-content\/uploads\/\/2020\/07\/spored_simb_brezplacna-1.svg 100w\" sizes=\"auto, (max-width: 40px) 100vw, 40px\" \/><\/strong><\/p>\n<\/td>\n<td style=\"width: 90%;\">\n<p><strong> <a href=\"https:\/\/www1.kkl.si\/wp-content\/uploads\/2022\/02\/plakat_B2_Sara_Koves_recital_2022_DVOJ_A.jpg\" data-lbwps-width=\"1786\" data-lbwps-height=\"2500\" data-lbwps-srcsmall=\"https:\/\/www1.kkl.si\/wp-content\/uploads\/2022\/02\/plakat_B2_Sara_Koves_recital_2022_DVOJ_A-286x400.jpg\"><img loading=\"lazy\" decoding=\"async\" class=\"slika alignright wp-image-6632\" src=\"https:\/\/www1.kkl.si\/wp-content\/uploads\/2022\/02\/plakat_B2_Sara_Koves_recital_2022_DVOJ_A-286x400.jpg\" alt=\"\" width=\"150\" height=\"210\" srcset=\"https:\/\/www1.kkl.si\/wp-content\/uploads\/2022\/02\/plakat_B2_Sara_Koves_recital_2022_DVOJ_A-286x400.jpg 286w, https:\/\/www1.kkl.si\/wp-content\/uploads\/2022\/02\/plakat_B2_Sara_Koves_recital_2022_DVOJ_A-1072x1500.jpg 1072w, https:\/\/www1.kkl.si\/wp-content\/uploads\/2022\/02\/plakat_B2_Sara_Koves_recital_2022_DVOJ_A.jpg 1786w\" sizes=\"auto, (max-width: 150px) 100vw, 150px\" \/><\/a><i class=\"fas fa-calendar\"><\/i> Petek, 18. februar 2022 | <span class=\"zanr\">koncert<\/span><br \/>\n<i class=\"fas fa-clock\"><\/i> 18.00<\/strong><\/p>\n<p><a href=\"https:\/\/www1.kkl.si\/sl\/sara-koves-klavirski-recital-nekdanje-ucenke-gs-lendava\/\"><strong><span style=\"font-size: 28px;\">Sara K\u00f6ve\u0161 \u2013 klavirski recital nekdanje u\u010denke G\u0160 Lendava<\/span><\/strong><\/a><\/p>\n<p><i class=\"fas fa-map-marker\"><\/i> Prizori\u0161\u010de: Sinagoga Lendava<br \/>\n<i class=\"fas fa-chevron-circle-right\"><\/i> Organizator: <a href=\"http:\/\/www.gs-lendava.si\/\">Glasbena \u0161ola Lendava\/Zeneiskola Lendva<\/a><\/p>\n<\/td>\n<\/tr>\n<tr>\n<td style=\"width: 10%;\">\n<h6>22.<\/h6>\n<p><strong><img loading=\"lazy\" decoding=\"async\" class=\"wp-image-1591 alignnone\" title=\"Pla\u010dljiva prireditev\" src=\"https:\/\/www1.kkl.si\/wp-content\/uploads\/2020\/07\/spored_simb_placljiva-1.svg\" alt=\"placljiva\" width=\"40\" height=\"40\" srcset=\"https:\/\/www1.kkl.si\/wp-content\/uploads\/\/2020\/07\/spored_simb_placljiva-1.svg 150w, https:\/\/www1.kkl.si\/wp-content\/uploads\/\/2020\/07\/spored_simb_placljiva-1.svg 400w, https:\/\/www1.kkl.si\/wp-content\/uploads\/\/2020\/07\/spored_simb_placljiva-1.svg 1500w, https:\/\/www1.kkl.si\/wp-content\/uploads\/\/2020\/07\/spored_simb_placljiva-1.svg 100w\" sizes=\"auto, (max-width: 40px) 100vw, 40px\" \/><\/strong><\/p>\n<\/td>\n<td style=\"width: 90%;\">\n<p><strong> <a href=\"https:\/\/www1.kkl.si\/wp-content\/uploads\/2022\/02\/plakat_Utilany_szobat_keres_web.jpg\" data-lbwps-width=\"1413\" data-lbwps-height=\"2000\" data-lbwps-srcsmall=\"https:\/\/www1.kkl.si\/wp-content\/uploads\/2022\/02\/plakat_Utilany_szobat_keres_web-283x400.jpg\"><img loading=\"lazy\" decoding=\"async\" class=\"slika alignright wp-image-6497\" src=\"https:\/\/www1.kkl.si\/wp-content\/uploads\/2022\/02\/plakat_Utilany_szobat_keres_web-283x400.jpg\" alt=\"\" width=\"150\" height=\"212\" srcset=\"https:\/\/www1.kkl.si\/wp-content\/uploads\/2022\/02\/plakat_Utilany_szobat_keres_web-283x400.jpg 283w, https:\/\/www1.kkl.si\/wp-content\/uploads\/2022\/02\/plakat_Utilany_szobat_keres_web-1060x1500.jpg 1060w, https:\/\/www1.kkl.si\/wp-content\/uploads\/2022\/02\/plakat_Utilany_szobat_keres_web.jpg 1413w\" sizes=\"auto, (max-width: 150px) 100vw, 150px\" \/><\/a><i class=\"fas fa-calendar\"><\/i> Torek, 22. februar 2022 | <span class=\"zanr\">komedija<\/span><br \/>\n<i class=\"fas fa-clock\"><\/i> 19.00<\/strong><\/p>\n<p>Turay Ida Sz\u00ednh\u00e1z, Mad\u017earska | Rejt\u0151 Jen\u0151:<\/p>\n<p><a href=\"https:\/\/www1.kkl.si\/sl\/rejto-jeno-urilany-szobat-keres\/\"><span style=\"font-size: 28px;\"><strong>\u00daril\u00e1ny szob\u00e1t keres<\/strong><\/span><\/a><\/p>\n<p><i class=\"fas fa-ticket-alt\"><\/i> Vstopnice: <strong>15 \u20ac<\/strong> odrasli | <strong>12 \u20ac<\/strong> dijaki in \u0161tudentje | Vstopnice lahko kupite v Gledali\u0161ki in koncertni dvorani Lendava.<br \/>\n<i class=\"fas fa-map-marker\"><\/i> Prizori\u0161\u010de: Gledali\u0161ka in koncertna dvorana Lendava<br \/>\n<i class=\"fas fa-chevron-circle-right\"><\/i> Organizator: <a href=\"https:\/\/www.mnmi-zkmn.si\/\">MNMI-ZKMN<\/a><\/p>\n<\/td>\n<\/tr>\n<\/tbody>\n<\/table>\n<p style=\"text-align: center;\"><span style=\"font-size: 12px;\">Organizatorji si pridr\u017eujejo pravico do spremembe programa.<\/span><\/p>\n","protected":false},"excerpt":{"rendered":"<p>Leto 2022: januar | februar | marec | april | maj | junij | julij | avgust | september | oktober | november | december | ARHIV LEGENDA SIMBOLOV Slovenski abonma Mad\u017earski abonma Zaklju\u010dena prireditev Brezpla\u010dna prireditev Pla\u010dljiva prireditev Novost, sprememba 4. Petek, 4. februar 2022 | kulturna prireditev 17.30 Slovenski kulturni praznik 2022 Podelitev [&hellip;]<\/p>\n","protected":false},"author":2,"featured_media":0,"parent":0,"menu_order":0,"comment_status":"closed","ping_status":"closed","template":"","meta":{"footnotes":""},"class_list":["post-6392","page","type-page","status-publish","hentry","post"],"_links":{"self":[{"href":"https:\/\/www1.kkl.si\/sl\/wp-json\/wp\/v2\/pages\/6392","targetHints":{"allow":["GET"]}}],"collection":[{"href":"https:\/\/www1.kkl.si\/sl\/wp-json\/wp\/v2\/pages"}],"about":[{"href":"https:\/\/www1.kkl.si\/sl\/wp-json\/wp\/v2\/types\/page"}],"author":[{"embeddable":true,"href":"https:\/\/www1.kkl.si\/sl\/wp-json\/wp\/v2\/users\/2"}],"replies":[{"embeddable":true,"href":"https:\/\/www1.kkl.si\/sl\/wp-json\/wp\/v2\/comments?post=6392"}],"version-history":[{"count":57,"href":"https:\/\/www1.kkl.si\/sl\/wp-json\/wp\/v2\/pages\/6392\/revisions"}],"predecessor-version":[{"id":10824,"href":"https:\/\/www1.kkl.si\/sl\/wp-json\/wp\/v2\/pages\/6392\/revisions\/10824"}],"wp:attachment":[{"href":"https:\/\/www1.kkl.si\/sl\/wp-json\/wp\/v2\/media?parent=6392"}],"curies":[{"name":"wp","href":"https:\/\/api.w.org\/{rel}","templated":true}]}}