{"id":6408,"date":"2022-01-28T14:28:49","date_gmt":"2022-01-28T13:28:49","guid":{"rendered":"https:\/\/www1.kkl.si\/?page_id=6408"},"modified":"2022-01-28T17:22:00","modified_gmt":"2022-01-28T16:22:00","slug":"slovenski-kulturni-praznik-2022","status":"publish","type":"page","link":"https:\/\/www1.kkl.si\/sl\/slovenski-kulturni-praznik-2022\/","title":{"rendered":"Slovenski kulturni praznik 2022"},"content":{"rendered":"<div><img loading=\"lazy\" decoding=\"async\" class=\"izrez alignnone wp-image-6457 size-large\" src=\"https:\/\/www1.kkl.si\/wp-content\/uploads\/2022\/01\/skp2022_glava-1200x200.jpg\" alt=\"\" width=\"1200\" height=\"200\" srcset=\"https:\/\/www1.kkl.si\/wp-content\/uploads\/2022\/01\/skp2022_glava.jpg 1200w, https:\/\/www1.kkl.si\/wp-content\/uploads\/2022\/01\/skp2022_glava-400x67.jpg 400w\" sizes=\"auto, (max-width: 1200px) 100vw, 1200px\" \/><\/div>\n<div class=\"opis\"><strong><img loading=\"lazy\" decoding=\"async\" class=\"wp-image-1587 alignright\" title=\"Brezpla\u010dna prireditev\" src=\"https:\/\/www1.kkl.si\/wp-content\/uploads\/\/2020\/07\/spored_simb_brezplacna-1.svg\" sizes=\"auto, (max-width: 40px) 100vw, 40px\" srcset=\"https:\/\/www1.kkl.si\/wp-content\/uploads\/\/2020\/07\/spored_simb_brezplacna-1.svg 150w, https:\/\/www1.kkl.si\/wp-content\/uploads\/\/2020\/07\/spored_simb_brezplacna-1.svg 400w, https:\/\/www1.kkl.si\/wp-content\/uploads\/\/2020\/07\/spored_simb_brezplacna-1.svg 1500w, https:\/\/www1.kkl.si\/wp-content\/uploads\/\/2020\/07\/spored_simb_brezplacna-1.svg 100w\" alt=\"brezplacna\" width=\"40\" height=\"40\" \/><i class=\"fas fa-calendar\"><\/i> petek, 4. februar 2022 | <span class=\"zanr\">kulturna prireditev<\/span><br \/>\n<i class=\"fas fa-clock\"><\/i> 17.30<\/strong> <br \/>\n<i class=\"fas fa-map-marker\"><\/i> Prizori\u0161\u010de: Gledali\u0161ka in koncertna dvorana Lendava<br \/>\n<i class=\"fas fa-chevron-circle-right\"><\/i> Organizator: <a href=\"https:\/\/www.lendava.si\/\">Ob\u010dina Lendava \u2013 Lendva K\u00f6zs\u00e9g<\/a><br \/>\n<i class=\"fas fa-chevron-circle-right\"><\/i> Soorganizatorji: <a href=\"https:\/\/www.kkl.si\/\">Knji\u017enica \u2013 Kulturni center Lendava \u2013 Lendvai K\u00f6nyvt\u00e1r \u00e9s Kultur\u00e1lis K\u00f6zpont<\/a><a href=\"https:\/\/www.mnmi-zkmn.si\/\">, <\/a><a href=\"https:\/\/www.gml.si\/\">Galerija-Muzej Lendava \u2013 Gal\u00e9ria-M\u00fazeum Lendva<\/a><a href=\"https:\/\/www.mnmi-zkmn.si\/\">, <\/a><a href=\"http:\/\/www.pannonia.si\/\">Fotografsko dru\u0161tvo Pannonia \u2013 F\u00e9nyk\u00e9p\u00e9szeti Egyes\u00fclet<\/a><\/div>\n<p>V po\u010dastitev <strong>slovenskega kulturnega praznika<\/strong> vas prisr\u010dno vabimo na sve\u010danost, <br \/>\nki bo v <strong>petek, 4. februarja 2022<\/strong>, ob <strong>17.30<\/strong> v gledali\u0161ki in koncertni dvorani v Lendavi.<\/p>\n<p>Ob tej prilo\u017enosti bodo podeljena tudi \u017eupanova priznanja za dose\u017eke na podro\u010dju kulture.<\/p>\n<p>V kulturnem programu bodo ob zvokih <em>Komornega pevskega zbora Vita<\/em> in <em>Gabrskih mantra\u0161ev<\/em> <br \/>\npredstavljena nagrajena dela iz <em>8. fotografske razstave Pannonia Reflections<\/em>.<\/p>\n<hr \/>\n<p>POVEZAVE<\/p>\n<p><i class=\"fas fa-link\"><\/i> <a href=\"https:\/\/www.lendava.si\/objava\/591363\">https:\/\/www.lendava.si\/objava\/591363<\/a><br \/>\n<i class=\"fas fa-link\"><\/i> <a href=\"https:\/\/www.gml.si\/\">https:\/\/www.gml.si\/<\/a><br \/>\n<i class=\"fas fa-link\"><\/i> <a href=\"https:\/\/www.gml.si\/8-mednarodna-fotografska-razstava-pannonia-reflections-2021\/\">https:\/\/www.gml.si\/8-mednarodna-fotografska-razstava-pannonia-reflections-2021\/<\/a><br \/>\n<i class=\"fas fa-link\"><\/i> <a href=\"http:\/\/www.pannonia.si\/\">http:\/\/www.pannonia.si\/<\/a><br \/>\n<i class=\"fab fa-facebook-square\"><\/i>\u00a0<a href=\"https:\/\/www.facebook.com\/Pannonia-Reflections-513164785525376\/\">https:\/\/www.facebook.com\/Pannonia-Reflections-513164785525376\/<\/a><\/p>\n<hr \/>\n<p>GRAFIKA VABILA<\/p>\n<p><a href=\"https:\/\/www1.kkl.si\/wp-content\/uploads\/2022\/01\/vabilo_SLO_kult_praznik_2022-1.png\" data-lbwps-width=\"3543\" data-lbwps-height=\"1771\" data-lbwps-srcsmall=\"https:\/\/www1.kkl.si\/wp-content\/uploads\/2022\/01\/vabilo_SLO_kult_praznik_2022-1-400x200.png\"><img loading=\"lazy\" decoding=\"async\" class=\"alignnone size-large wp-image-6409\" src=\"https:\/\/www1.kkl.si\/wp-content\/uploads\/2022\/01\/vabilo_SLO_kult_praznik_2022-1-1500x750.png\" alt=\"\" width=\"1500\" height=\"750\" srcset=\"https:\/\/www1.kkl.si\/wp-content\/uploads\/2022\/01\/vabilo_SLO_kult_praznik_2022-1-1500x750.png 1500w, https:\/\/www1.kkl.si\/wp-content\/uploads\/2022\/01\/vabilo_SLO_kult_praznik_2022-1-400x200.png 400w\" sizes=\"auto, (max-width: 1500px) 100vw, 1500px\" \/><\/a><\/p>\n<hr \/>\n<p><span style=\"font-size: 28px; color: #ff0000;\"><i class=\"fas fa-exclamation-triangle\"><\/i><\/span> VSTOP NA DOGODKE JE POGOJEN S <a href=\"https:\/\/www1.kkl.si\/sl\/vstop-v-gledalisko-in-koncertno-dvorano-samo-ob-izpolnjevanju-pogojev-pct\/\">PCT<\/a>!<\/p>\n","protected":false},"excerpt":{"rendered":"<p>petek, 4. februar 2022 | kulturna prireditev 17.30 Prizori\u0161\u010de: Gledali\u0161ka in koncertna dvorana Lendava Organizator: Ob\u010dina Lendava \u2013 Lendva K\u00f6zs\u00e9g Soorganizatorji: Knji\u017enica \u2013 Kulturni center Lendava \u2013 Lendvai K\u00f6nyvt\u00e1r \u00e9s Kultur\u00e1lis K\u00f6zpont, Galerija-Muzej Lendava \u2013 Gal\u00e9ria-M\u00fazeum Lendva, Fotografsko dru\u0161tvo Pannonia \u2013 F\u00e9nyk\u00e9p\u00e9szeti Egyes\u00fclet V po\u010dastitev slovenskega kulturnega praznika vas prisr\u010dno vabimo na sve\u010danost, ki bo [&hellip;]<\/p>\n","protected":false},"author":2,"featured_media":0,"parent":0,"menu_order":0,"comment_status":"closed","ping_status":"closed","template":"","meta":{"footnotes":""},"class_list":["post-6408","page","type-page","status-publish","hentry","post"],"_links":{"self":[{"href":"https:\/\/www1.kkl.si\/sl\/wp-json\/wp\/v2\/pages\/6408","targetHints":{"allow":["GET"]}}],"collection":[{"href":"https:\/\/www1.kkl.si\/sl\/wp-json\/wp\/v2\/pages"}],"about":[{"href":"https:\/\/www1.kkl.si\/sl\/wp-json\/wp\/v2\/types\/page"}],"author":[{"embeddable":true,"href":"https:\/\/www1.kkl.si\/sl\/wp-json\/wp\/v2\/users\/2"}],"replies":[{"embeddable":true,"href":"https:\/\/www1.kkl.si\/sl\/wp-json\/wp\/v2\/comments?post=6408"}],"version-history":[{"count":15,"href":"https:\/\/www1.kkl.si\/sl\/wp-json\/wp\/v2\/pages\/6408\/revisions"}],"predecessor-version":[{"id":6468,"href":"https:\/\/www1.kkl.si\/sl\/wp-json\/wp\/v2\/pages\/6408\/revisions\/6468"}],"wp:attachment":[{"href":"https:\/\/www1.kkl.si\/sl\/wp-json\/wp\/v2\/media?parent=6408"}],"curies":[{"name":"wp","href":"https:\/\/api.w.org\/{rel}","templated":true}]}}