{"id":6517,"date":"2022-02-05T19:46:57","date_gmt":"2022-02-05T18:46:57","guid":{"rendered":"https:\/\/www1.kkl.si\/?page_id=6517"},"modified":"2022-02-11T14:55:31","modified_gmt":"2022-02-11T13:55:31","slug":"du-lendava-gledaliska-skupina-kofetarji-vsakemu-svoje","status":"publish","type":"page","link":"https:\/\/www1.kkl.si\/sl\/du-lendava-gledaliska-skupina-kofetarji-vsakemu-svoje\/","title":{"rendered":"DU Lendava, Gledali\u0161ka skupina Kofetarji: Vsakemu svoje"},"content":{"rendered":"<div><img loading=\"lazy\" decoding=\"async\" class=\"izrez alignnone wp-image-6518 size-full\" src=\"https:\/\/www1.kkl.si\/wp-content\/uploads\/2022\/02\/vsakemu_svoje_glava.jpg\" alt=\"\" width=\"1200\" height=\"200\" srcset=\"https:\/\/www1.kkl.si\/wp-content\/uploads\/2022\/02\/vsakemu_svoje_glava.jpg 1200w, https:\/\/www1.kkl.si\/wp-content\/uploads\/2022\/02\/vsakemu_svoje_glava-400x67.jpg 400w\" sizes=\"auto, (max-width: 1200px) 100vw, 1200px\" \/><\/div>\n<div class=\"opis\"><strong><strong><strong><img loading=\"lazy\" decoding=\"async\" class=\"wp-image-1591 alignright\" title=\"Pla\u010dljiva prireditev\" src=\"https:\/\/www1.kkl.si\/wp-content\/uploads\/2020\/07\/spored_simb_placljiva-1.svg\" alt=\"placljiva\" width=\"40\" height=\"40\" srcset=\"https:\/\/www1.kkl.si\/wp-content\/uploads\/\/2020\/07\/spored_simb_placljiva-1.svg 150w, https:\/\/www1.kkl.si\/wp-content\/uploads\/\/2020\/07\/spored_simb_placljiva-1.svg 400w, https:\/\/www1.kkl.si\/wp-content\/uploads\/\/2020\/07\/spored_simb_placljiva-1.svg 1500w, https:\/\/www1.kkl.si\/wp-content\/uploads\/\/2020\/07\/spored_simb_placljiva-1.svg 100w\" sizes=\"auto, (max-width: 40px) 100vw, 40px\" \/><i class=\"fas fa-calendar\"><\/i> Sobota, 12. februar 2022 | <span class=\"zanr\">komedija<\/span> <span class=\"premiera\">PREMIERA<\/span> <span class=\"odpade\">Vstopnice so po\u0161le!<\/span><br \/>\n<\/strong><\/strong><\/strong><strong><strong><strong> <i class=\"fas fa-calendar\"><\/i> Nedelja, 13. februar 2022 | <span class=\"zanr\">komedija<\/span> <span class=\"premiera\">PONOVITEV<\/span><br \/>\n<i class=\"fas fa-clock\"><\/i> 18.00<br \/>\n<\/strong><i class=\"fas fa-ticket-alt\"><\/i> Vstopnica: <strong>5<\/strong> \u20ac <br \/>\n<i class=\"fas fa-map-marker\"><\/i> Prizori\u0161\u010de: Gledali\u0161ka in koncertna dvorana Lendava<br \/>\n<i class=\"fas fa-chevron-circle-right\"><\/i> Organizator: <a href=\"http:\/\/www.posrcumlad.si\/lendava\/kontakt.html\">Dru\u0161tvo upokojencev Lendava\/Nyugd\u00edjasok Egyes\u00fclete Lendva<\/a><\/strong><\/strong><\/div>\n<p><a href=\"https:\/\/www1.kkl.si\/wp-content\/uploads\/2022\/02\/vsakemuSvoje_plakat.jpg\" data-lbwps-width=\"2500\" data-lbwps-height=\"1773\" data-lbwps-srcsmall=\"https:\/\/www1.kkl.si\/wp-content\/uploads\/2022\/02\/vsakemuSvoje_plakat-400x284.jpg\"><img loading=\"lazy\" decoding=\"async\" class=\"alignright wp-image-6509\" src=\"https:\/\/www1.kkl.si\/wp-content\/uploads\/2022\/02\/vsakemuSvoje_plakat-1500x1064.jpg\" alt=\"\" width=\"700\" height=\"496\" srcset=\"https:\/\/www1.kkl.si\/wp-content\/uploads\/2022\/02\/vsakemuSvoje_plakat-1500x1064.jpg 1500w, https:\/\/www1.kkl.si\/wp-content\/uploads\/2022\/02\/vsakemuSvoje_plakat-400x284.jpg 400w\" sizes=\"auto, (max-width: 700px) 100vw, 700px\" \/><\/a>DU Lendava, Gledali\u0161ka skupina Kofetarji Lendava predstavlja avtorsko komedijo <strong>Petra Rozmana<\/strong>:<\/p>\n<p><strong>En na\u0161 lahek komad<\/strong><br \/>\n<strong>ali<\/strong><br \/>\n<strong>VSAKEMU SVOJE<\/strong><\/p>\n<p>Osebe:<br \/>\nZOFKA, vdova 63 let,<br \/>\nEMIL, Zofkin sin, 40 let,<br \/>\nVANDA, Emilova \u017eena 35 let,<br \/>\nTOMI, sin Vande in Emila 7 let,<br \/>\nERNA, Zofkina sestra, 55 let,<br \/>\nVOJAN, Ernin partner, 53 let,<br \/>\nNE\u017dA, Ernina h\u010di, 22 let,<br \/>\nLOJZE, vdovec, 60 let.<\/p>\n<p><em>Zgodba se dogaja v Zofkinem stanovanju.<\/em><\/p>\n<p>Vsakemu svoje je lahkotna komedija, ki je nekak\u0161no ogledalo dana\u0161njega \u010dasa. Govori o ljubezni med starej\u0161im parom, ki si za\u017eeli malce bli\u017eine. Izka\u017ee se, da je mo\u0161ki \u017eenitovanjski slepar.<\/p>\n<p><strong>Re\u017eija:<\/strong> Miha \u0160tampah<\/p>\n<hr \/>\n<p><span style=\"font-size: 28px; color: #ff0000;\"><i class=\"fas fa-exclamation-triangle\"><\/i><\/span> VSTOP NA DOGODKE JE POGOJEN S <a href=\"https:\/\/www1.kkl.si\/sl\/vstop-v-gledalisko-in-koncertno-dvorano-samo-ob-izpolnjevanju-pogojev-pct\/\">PCT<\/a>!<\/p>\n","protected":false},"excerpt":{"rendered":"<p>Sobota, 12. februar 2022 | komedija PREMIERA Vstopnice so po\u0161le! Nedelja, 13. februar 2022 | komedija PONOVITEV 18.00 Vstopnica: 5 \u20ac Prizori\u0161\u010de: Gledali\u0161ka in koncertna dvorana Lendava Organizator: Dru\u0161tvo upokojencev Lendava\/Nyugd\u00edjasok Egyes\u00fclete Lendva DU Lendava, Gledali\u0161ka skupina Kofetarji Lendava predstavlja avtorsko komedijo Petra Rozmana: En na\u0161 lahek komad ali VSAKEMU SVOJE Osebe: ZOFKA, vdova 63 [&hellip;]<\/p>\n","protected":false},"author":2,"featured_media":0,"parent":0,"menu_order":0,"comment_status":"closed","ping_status":"closed","template":"","meta":{"footnotes":""},"class_list":["post-6517","page","type-page","status-publish","hentry","post"],"_links":{"self":[{"href":"https:\/\/www1.kkl.si\/sl\/wp-json\/wp\/v2\/pages\/6517","targetHints":{"allow":["GET"]}}],"collection":[{"href":"https:\/\/www1.kkl.si\/sl\/wp-json\/wp\/v2\/pages"}],"about":[{"href":"https:\/\/www1.kkl.si\/sl\/wp-json\/wp\/v2\/types\/page"}],"author":[{"embeddable":true,"href":"https:\/\/www1.kkl.si\/sl\/wp-json\/wp\/v2\/users\/2"}],"replies":[{"embeddable":true,"href":"https:\/\/www1.kkl.si\/sl\/wp-json\/wp\/v2\/comments?post=6517"}],"version-history":[{"count":10,"href":"https:\/\/www1.kkl.si\/sl\/wp-json\/wp\/v2\/pages\/6517\/revisions"}],"predecessor-version":[{"id":6591,"href":"https:\/\/www1.kkl.si\/sl\/wp-json\/wp\/v2\/pages\/6517\/revisions\/6591"}],"wp:attachment":[{"href":"https:\/\/www1.kkl.si\/sl\/wp-json\/wp\/v2\/media?parent=6517"}],"curies":[{"name":"wp","href":"https:\/\/api.w.org\/{rel}","templated":true}]}}